{"id":109748,"date":"2024-09-24T13:38:24","date_gmt":"2024-09-24T17:38:24","guid":{"rendered":"https:\/\/shop.rvcare.ca\/?page_id=109748"},"modified":"2025-07-24T11:51:12","modified_gmt":"2025-07-24T15:51:12","slug":"garantie-confort-30-nuitees","status":"publish","type":"page","link":"https:\/\/shop.rvcare.ca\/fr\/garantie-confort-30-nuitees\/","title":{"rendered":"Garantie confort 30 nuit\u00e9es"},"content":{"rendered":"\t\t<div data-elementor-type=\"wp-page\" data-elementor-id=\"109748\" class=\"elementor elementor-109748 elementor-108896\" data-elementor-post-type=\"page\">\n\t\t\t\t<div class=\"elementor-element elementor-element-2b4b633 e-flex e-con-boxed e-con e-parent\" data-id=\"2b4b633\" data-element_type=\"container\" data-settings=\"{&quot;jet_parallax_layout_list&quot;:[],&quot;background_background&quot;:&quot;classic&quot;}\">\n\t\t\t\t\t<div class=\"e-con-inner\">\n\t\t<div class=\"elementor-element elementor-element-d683abb elementor-hidden-mobile e-con-full e-flex e-con e-child\" data-id=\"d683abb\" data-element_type=\"container\" data-settings=\"{&quot;jet_parallax_layout_list&quot;:[]}\">\n\t\t\t\t<\/div>\n\t\t<div class=\"elementor-element elementor-element-dd6ed04 e-con-full e-flex e-con e-child\" data-id=\"dd6ed04\" data-element_type=\"container\" data-settings=\"{&quot;background_background&quot;:&quot;classic&quot;,&quot;jet_parallax_layout_list&quot;:[]}\">\n\t\t\t\t<div class=\"elementor-element elementor-element-9c63252 elementor-widget elementor-widget-image\" data-id=\"9c63252\" data-element_type=\"widget\" data-widget_type=\"image.default\">\n\t\t\t\t<div class=\"elementor-widget-container\">\n\t\t\t\t\t\t\t\t\t\t\t\t\t<img fetchpriority=\"high\" decoding=\"async\" width=\"1492\" height=\"469\" src=\"https:\/\/shop.rvcare.ca\/wp-content\/uploads\/RVTC-blanc-sans-2.png\" class=\"attachment-full size-full wp-image-108402\" alt=\"\" srcset=\"https:\/\/shop.rvcare.ca\/wp-content\/uploads\/RVTC-blanc-sans-2.png 1492w, https:\/\/shop.rvcare.ca\/wp-content\/uploads\/RVTC-blanc-sans-2-300x94.png 300w, https:\/\/shop.rvcare.ca\/wp-content\/uploads\/RVTC-blanc-sans-2-1024x322.png 1024w, https:\/\/shop.rvcare.ca\/wp-content\/uploads\/RVTC-blanc-sans-2-768x241.png 768w\" sizes=\"(max-width: 1492px) 100vw, 1492px\" \/>\t\t\t\t\t\t\t\t\t\t\t\t\t<\/div>\n\t\t\t\t<\/div>\n\t\t\t\t<div class=\"elementor-element elementor-element-8511ff8 elementor-widget elementor-widget-heading\" data-id=\"8511ff8\" data-element_type=\"widget\" data-widget_type=\"heading.default\">\n\t\t\t\t<div class=\"elementor-widget-container\">\n\t\t\t<h2 class=\"elementor-heading-title elementor-size-default\">Garantie confort 30 nuit\u00e9es<\/h2>\t\t<\/div>\n\t\t\t\t<\/div>\n\t\t\t\t<div class=\"elementor-element elementor-element-b0b9175 elementor-hidden-mobile jedv-enabled--yes elementor-widget elementor-widget-spacer\" data-id=\"b0b9175\" data-element_type=\"widget\" data-widget_type=\"spacer.default\">\n\t\t\t\t<div class=\"elementor-widget-container\">\n\t\t\t\t\t<div class=\"elementor-spacer\">\n\t\t\t<div class=\"elementor-spacer-inner\"><\/div>\n\t\t<\/div>\n\t\t\t\t<\/div>\n\t\t\t\t<\/div>\n\t\t\t\t<div class=\"elementor-element elementor-element-bbfeb31 elementor-widget elementor-widget-text-editor\" data-id=\"bbfeb31\" data-element_type=\"widget\" data-widget_type=\"text-editor.default\">\n\t\t\t\t<div class=\"elementor-widget-container\">\n\t\t\t\t\t\t\tChez RV Care, nous offrons la tranquillit\u00e9 d&rsquo;esprit avec notre garantie confort 30 nuit\u00e9es. Si, dans les 30 nuits suivant l&rsquo;achat, vous ne ressentez pas le niveau de confort souhait\u00e9, vous pouvez \u00e9changer votre matelas contre un autre mod\u00e8le ou demander un remboursement.\n\t\t\t\t\t\t<\/div>\n\t\t\t\t<\/div>\n\t\t\t\t<div class=\"elementor-element elementor-element-b0eac77 elementor-widget elementor-widget-heading\" data-id=\"b0eac77\" data-element_type=\"widget\" data-widget_type=\"heading.default\">\n\t\t\t\t<div class=\"elementor-widget-container\">\n\t\t\t<h2 class=\"elementor-heading-title elementor-size-default\">Profitez d'un meilleur sommeil<\/h2>\t\t<\/div>\n\t\t\t\t<\/div>\n\t\t\t\t<div class=\"elementor-element elementor-element-e115bdd elementor-widget elementor-widget-heading\" data-id=\"e115bdd\" data-element_type=\"widget\" data-widget_type=\"heading.default\">\n\t\t\t\t<div class=\"elementor-widget-container\">\n\t\t\t<h2 class=\"elementor-heading-title elementor-size-default\">Dans votre VR!<\/h2>\t\t<\/div>\n\t\t\t\t<\/div>\n\t\t\t\t<div class=\"elementor-element elementor-element-7e18565 elementor-hidden-mobile jedv-enabled--yes elementor-widget elementor-widget-spacer\" data-id=\"7e18565\" data-element_type=\"widget\" data-widget_type=\"spacer.default\">\n\t\t\t\t<div class=\"elementor-widget-container\">\n\t\t\t\t\t<div class=\"elementor-spacer\">\n\t\t\t<div class=\"elementor-spacer-inner\"><\/div>\n\t\t<\/div>\n\t\t\t\t<\/div>\n\t\t\t\t<\/div>\n\t\t\t\t<\/div>\n\t\t\t\t\t<\/div>\n\t\t\t\t<\/div>\n\t\t<div class=\"elementor-element elementor-element-d0eeac3 e-flex e-con-boxed e-con e-parent\" data-id=\"d0eeac3\" data-element_type=\"container\" data-settings=\"{&quot;jet_parallax_layout_list&quot;:[],&quot;background_background&quot;:&quot;classic&quot;,&quot;shape_divider_bottom&quot;:&quot;arrow&quot;,&quot;shape_divider_bottom_negative&quot;:&quot;yes&quot;}\">\n\t\t\t\t\t<div class=\"e-con-inner\">\n\t\t\t\t<div class=\"elementor-shape elementor-shape-bottom\" data-negative=\"true\">\n\t\t\t<svg xmlns=\"http:\/\/www.w3.org\/2000\/svg\" viewBox=\"0 0 700 10\" preserveAspectRatio=\"none\">\n\t<path class=\"elementor-shape-fill\" d=\"M360 0L350 9.9 340 0 0 0 0 10 700 10 700 0\"\/>\n<\/svg>\t\t<\/div>\n\t\t\t\t<div class=\"elementor-element elementor-element-ad77e39 elementor-widget elementor-widget-heading\" data-id=\"ad77e39\" data-element_type=\"widget\" data-widget_type=\"heading.default\">\n\t\t\t\t<div class=\"elementor-widget-container\">\n\t\t\t<h3 class=\"elementor-heading-title elementor-size-default\">Nous comprenons. Que ce soit pour votre chambre \u00e0 coucher \u00e0 la maison ou pour votre VR, l'achat d'un nouveau matelas est une grande d\u00e9cision. Passer une bonne nuit de sommeil est un \u00e9l\u00e9ment essentiel d'un mode de vie sain, d'autant plus que vous souhaitez profiter pleinement de vos aventures en camping !<br><br>Cependant, il y a g\u00e9n\u00e9ralement une p\u00e9riode d'adaptation avec un nouveau matelas, qui peut varier d'une personne \u00e0 l'autre.\n\n<\/h3>\t\t<\/div>\n\t\t\t\t<\/div>\n\t\t\t\t\t<\/div>\n\t\t\t\t<\/div>\n\t\t\t\t<section class=\"elementor-section elementor-top-section elementor-element elementor-element-ad119d2 elementor-section-boxed elementor-section-height-default elementor-section-height-default\" data-id=\"ad119d2\" data-element_type=\"section\" data-settings=\"{&quot;jet_parallax_layout_list&quot;:[]}\">\n\t\t\t\t\t\t<div class=\"elementor-container elementor-column-gap-default\">\n\t\t\t\t\t<div class=\"elementor-column elementor-col-100 elementor-top-column elementor-element elementor-element-1cf5f44\" data-id=\"1cf5f44\" data-element_type=\"column\">\n\t\t\t<div class=\"elementor-widget-wrap elementor-element-populated\">\n\t\t\t\t\t\t<section class=\"elementor-section elementor-inner-section elementor-element elementor-element-0897bd7 elementor-section-boxed elementor-section-height-default elementor-section-height-default\" data-id=\"0897bd7\" data-element_type=\"section\" data-settings=\"{&quot;jet_parallax_layout_list&quot;:[]}\">\n\t\t\t\t\t\t<div class=\"elementor-container elementor-column-gap-default\">\n\t\t\t\t\t<div class=\"elementor-column elementor-col-50 elementor-inner-column elementor-element elementor-element-789030d elementor-hidden-mobile\" data-id=\"789030d\" data-element_type=\"column\">\n\t\t\t<div class=\"elementor-widget-wrap\">\n\t\t\t\t\t\t\t<\/div>\n\t\t<\/div>\n\t\t\t\t<div class=\"elementor-column elementor-col-50 elementor-inner-column elementor-element elementor-element-e720a12\" data-id=\"e720a12\" data-element_type=\"column\" data-settings=\"{&quot;background_background&quot;:&quot;classic&quot;}\">\n\t\t\t<div class=\"elementor-widget-wrap elementor-element-populated\">\n\t\t\t\t\t\t<div class=\"elementor-element elementor-element-e7b768f elementor-widget elementor-widget-spacer\" data-id=\"e7b768f\" data-element_type=\"widget\" data-widget_type=\"spacer.default\">\n\t\t\t\t<div class=\"elementor-widget-container\">\n\t\t\t\t\t<div class=\"elementor-spacer\">\n\t\t\t<div class=\"elementor-spacer-inner\"><\/div>\n\t\t<\/div>\n\t\t\t\t<\/div>\n\t\t\t\t<\/div>\n\t\t\t\t\t<\/div>\n\t\t<\/div>\n\t\t\t\t\t<\/div>\n\t\t<\/section>\n\t\t\t\t\t<\/div>\n\t\t<\/div>\n\t\t\t\t\t<\/div>\n\t\t<\/section>\n\t\t\t\t<section class=\"elementor-section elementor-top-section elementor-element elementor-element-fba5c1e elementor-section-boxed elementor-section-height-default elementor-section-height-default\" data-id=\"fba5c1e\" data-element_type=\"section\" data-settings=\"{&quot;jet_parallax_layout_list&quot;:[],&quot;background_background&quot;:&quot;classic&quot;}\">\n\t\t\t\t\t\t<div class=\"elementor-container elementor-column-gap-default\">\n\t\t\t\t\t<div class=\"elementor-column elementor-col-100 elementor-top-column elementor-element elementor-element-e6ad06c\" data-id=\"e6ad06c\" data-element_type=\"column\">\n\t\t\t<div class=\"elementor-widget-wrap elementor-element-populated\">\n\t\t\t\t\t\t<section class=\"elementor-section elementor-inner-section elementor-element elementor-element-9f74424 elementor-section-boxed elementor-section-height-default elementor-section-height-default\" data-id=\"9f74424\" data-element_type=\"section\" data-settings=\"{&quot;jet_parallax_layout_list&quot;:[]}\">\n\t\t\t\t\t\t<div class=\"elementor-container elementor-column-gap-default\">\n\t\t\t\t\t<div class=\"elementor-column elementor-col-50 elementor-inner-column elementor-element elementor-element-eefb1b2\" data-id=\"eefb1b2\" data-element_type=\"column\" data-settings=\"{&quot;animation&quot;:&quot;none&quot;}\">\n\t\t\t<div class=\"elementor-widget-wrap elementor-element-populated\">\n\t\t\t\t\t\t<div class=\"elementor-element elementor-element-ceb7817 elementor-widget-divider--separator-type-pattern elementor-widget-divider--view-line elementor-widget elementor-widget-divider\" data-id=\"ceb7817\" data-element_type=\"widget\" data-widget_type=\"divider.default\">\n\t\t\t\t<div class=\"elementor-widget-container\">\n\t\t\t\t\t<div class=\"elementor-divider\" style=\"--divider-pattern-url: url(&quot;data:image\/svg+xml,%3Csvg xmlns=&#039;http:\/\/www.w3.org\/2000\/svg&#039; preserveAspectRatio=&#039;none&#039; overflow=&#039;visible&#039; height=&#039;100%&#039; viewBox=&#039;0 0 20 16&#039; fill=&#039;none&#039; stroke=&#039;black&#039; stroke-width=&#039;1&#039; stroke-linecap=&#039;square&#039; stroke-miterlimit=&#039;10&#039;%3E%3Cg transform=&#039;translate(-12.000000, 0)&#039;%3E%3Cpath d=&#039;M28,0L10,18&#039;\/%3E%3Cpath d=&#039;M18,0L0,18&#039;\/%3E%3Cpath d=&#039;M48,0L30,18&#039;\/%3E%3Cpath d=&#039;M38,0L20,18&#039;\/%3E%3C\/g%3E%3C\/svg%3E&quot;);\">\n\t\t\t<span class=\"elementor-divider-separator\">\n\t\t\t\t\t\t<\/span>\n\t\t<\/div>\n\t\t\t\t<\/div>\n\t\t\t\t<\/div>\n\t\t\t\t<div class=\"elementor-element elementor-element-6dcbe89 elementor-widget elementor-widget-heading\" data-id=\"6dcbe89\" data-element_type=\"widget\" data-settings=\"{&quot;_animation&quot;:&quot;none&quot;}\" data-widget_type=\"heading.default\">\n\t\t\t\t<div class=\"elementor-widget-container\">\n\t\t\t<h2 class=\"elementor-heading-title elementor-size-default\">Garantie prolong\u00e9e contre les taches sur le nouveau matelas\n<\/h2>\t\t<\/div>\n\t\t\t\t<\/div>\n\t\t\t\t<div class=\"elementor-element elementor-element-17ee176 elementor-widget elementor-widget-text-editor\" data-id=\"17ee176\" data-element_type=\"widget\" data-widget_type=\"text-editor.default\">\n\t\t\t\t<div class=\"elementor-widget-container\">\n\t\t\t\t\t\t\tProt\u00e9gez votre nouveau matelas et cr\u00e9ez un espace de sommeil sain avec un prot\u00e8ge-matelas Le choix du campeur. Vous b\u00e9n\u00e9ficierez \u00e9galement de ces pr\u00e9cieux avantages suppl\u00e9mentaires avec votre achat :\t\t\t\t\t\t<\/div>\n\t\t\t\t<\/div>\n\t\t\t\t<div class=\"elementor-element elementor-element-23d174b elementor-icon-list--layout-traditional elementor-list-item-link-full_width elementor-widget elementor-widget-icon-list\" data-id=\"23d174b\" data-element_type=\"widget\" data-widget_type=\"icon-list.default\">\n\t\t\t\t<div class=\"elementor-widget-container\">\n\t\t\t\t\t<ul class=\"elementor-icon-list-items\">\n\t\t\t\t\t\t\t<li class=\"elementor-icon-list-item\">\n\t\t\t\t\t\t\t\t\t\t\t<span class=\"elementor-icon-list-icon\">\n\t\t\t\t\t\t\t<svg aria-hidden=\"true\" class=\"e-font-icon-svg e-fas-angle-right\" viewBox=\"0 0 256 512\" xmlns=\"http:\/\/www.w3.org\/2000\/svg\"><path d=\"M224.3 273l-136 136c-9.4 9.4-24.6 9.4-33.9 0l-22.6-22.6c-9.4-9.4-9.4-24.6 0-33.9l96.4-96.4-96.4-96.4c-9.4-9.4-9.4-24.6 0-33.9L54.3 103c9.4-9.4 24.6-9.4 33.9 0l136 136c9.5 9.4 9.5 24.6.1 34z\"><\/path><\/svg>\t\t\t\t\t\t<\/span>\n\t\t\t\t\t\t\t\t\t\t<span class=\"elementor-icon-list-text\">Garantie de 5 ans contre les taches accidentelles telles que celles caus\u00e9es par des aliments, des boissons, de la graisse ou des fluides corporels.<\/span>\n\t\t\t\t\t\t\t\t\t<\/li>\n\t\t\t\t\t\t\t\t<li class=\"elementor-icon-list-item\">\n\t\t\t\t\t\t\t\t\t\t\t<span class=\"elementor-icon-list-icon\">\n\t\t\t\t\t\t\t<svg aria-hidden=\"true\" class=\"e-font-icon-svg e-fas-angle-right\" viewBox=\"0 0 256 512\" xmlns=\"http:\/\/www.w3.org\/2000\/svg\"><path d=\"M224.3 273l-136 136c-9.4 9.4-24.6 9.4-33.9 0l-22.6-22.6c-9.4-9.4-9.4-24.6 0-33.9l96.4-96.4-96.4-96.4c-9.4-9.4-9.4-24.6 0-33.9L54.3 103c9.4-9.4 24.6-9.4 33.9 0l136 136c9.5 9.4 9.5 24.6.1 34z\"><\/path><\/svg>\t\t\t\t\t\t<\/span>\n\t\t\t\t\t\t\t\t\t\t<span class=\"elementor-icon-list-text\">Garantie de nettoyage ou de remplacement de 5 ans de la part du fabricant si le prot\u00e8ge-matelas ne prot\u00e8ge pas contre la formation d'une tache.<\/span>\n\t\t\t\t\t\t\t\t\t<\/li>\n\t\t\t\t\t\t<\/ul>\n\t\t\t\t<\/div>\n\t\t\t\t<\/div>\n\t\t\t\t<div class=\"elementor-element elementor-element-96847d4 elementor-widget elementor-widget-heading\" data-id=\"96847d4\" data-element_type=\"widget\" data-settings=\"{&quot;_animation&quot;:&quot;none&quot;}\" data-widget_type=\"heading.default\">\n\t\t\t\t<div class=\"elementor-widget-container\">\n\t\t\t<h3 class=\"elementor-heading-title elementor-size-default\">Comment faire une r\u00e9clamation:\n<\/h3>\t\t<\/div>\n\t\t\t\t<\/div>\n\t\t\t\t<div class=\"elementor-element elementor-element-8024706 elementor-widget elementor-widget-text-editor\" data-id=\"8024706\" data-element_type=\"widget\" data-widget_type=\"text-editor.default\">\n\t\t\t\t<div class=\"elementor-widget-container\">\n\t\t\t\t\t\t\tLa garantie du prot\u00e8ge-matelas Le choix du campeur s&rsquo;applique si le prot\u00e8ge-matelas ne parvient pas \u00e0 prot\u00e9ger votre nouveau matelas Le choix du campeur au cours des 60 premiers mois d&rsquo;utilisation contre une t\u00e2che r\u00e9sultant d&rsquo;une utilisation quotidienne, telle que celle provenant d&rsquo;aliments, de boissons, de graisse ou de fluides corporels.<br><br>\nSi vous devez faire une r\u00e9clamation au titre de cette garantie, veuillez contacter Bay Street Manufacturing au<a href=\"tel:+1-905-851-1050\"> 1-905-851-1050<\/a> ou sans frais au <a href=\"tel:+1-800-624-2436\">1-800-624-2436<\/a>. Vous devez avoir votre re\u00e7u d&rsquo;achat original en votre possession et vous devez signaler le dommage dans les cinq (5) jours suivant l&rsquo;apparition de la t\u00e2che. Vous pouvez \u00e9galement transmettre une demande de garantie \u00e0 : <a href=\"mailto:shoprvcare@rvcare.ca\">shoprvcare@rvcare.ca<\/a>.<br><br>\nVeuillez noter que Bay Street Manufacturing peut demander que le prot\u00e8ge-matelas d\u00e9fectueux soit retourn\u00e9 aux frais de l&rsquo;acheteur pour inspection et test de fuites. En fonction des r\u00e9sultats de l&rsquo;inspection, Bay Street Manufacturing peut d\u00e9cider de r\u00e9parer ou de remplacer le prot\u00e8ge-matelas d\u00e9fectueux. Si Bay Street Manufacturing d\u00e9cide de remplacer le prot\u00e8ge-matelas, un nouveau sera exp\u00e9di\u00e9 \u00e0 l&rsquo;acheteur sans frais.\t\t\t\t\t\t<\/div>\n\t\t\t\t<\/div>\n\t\t\t\t\t<\/div>\n\t\t<\/div>\n\t\t\t\t<div class=\"elementor-column elementor-col-50 elementor-inner-column elementor-element elementor-element-01cdb82\" data-id=\"01cdb82\" data-element_type=\"column\" data-settings=\"{&quot;background_background&quot;:&quot;classic&quot;}\">\n\t\t\t<div class=\"elementor-widget-wrap elementor-element-populated\">\n\t\t\t\t\t\t<div class=\"elementor-element elementor-element-fb9acef elementor-widget elementor-widget-heading\" data-id=\"fb9acef\" data-element_type=\"widget\" data-settings=\"{&quot;_animation&quot;:&quot;none&quot;}\" data-widget_type=\"heading.default\">\n\t\t\t\t<div class=\"elementor-widget-container\">\n\t\t\t<h2 class=\"elementor-heading-title elementor-size-default\">Garantie confort 30 nuit\u00e9es<\/h2>\t\t<\/div>\n\t\t\t\t<\/div>\n\t\t\t\t<div class=\"elementor-element elementor-element-03f459f elementor-widget elementor-widget-heading\" data-id=\"03f459f\" data-element_type=\"widget\" data-settings=\"{&quot;_animation&quot;:&quot;none&quot;}\" data-widget_type=\"heading.default\">\n\t\t\t\t<div class=\"elementor-widget-container\">\n\t\t\t<h2 class=\"elementor-heading-title elementor-size-default\">Conditions et modalit\u00e9s<\/h2>\t\t<\/div>\n\t\t\t\t<\/div>\n\t\t\t\t<div class=\"elementor-element elementor-element-8d0c558 elementor-widget elementor-widget-text-editor\" data-id=\"8d0c558\" data-element_type=\"widget\" data-widget_type=\"text-editor.default\">\n\t\t\t\t<div class=\"elementor-widget-container\">\n\t\t\t\t\t\t\t<div><span id=\"m_8081609328113893755docs-internal-guid-68e891f1-7fff-647c-2232-188a31cd2f94\"><strong>Mise \u00e0 jour importante concernant l&rsquo;achat de matelas :<\/strong> Notre garantie confort de 30 jours s&rsquo;applique <strong>uniquement<\/strong> aux matelas achet\u00e9s <strong>en magasin<\/strong> chez un concessionnaire RV Care. Veuillez noter que tous les matelas achet\u00e9s <strong>en ligne<\/strong> sur <a href=\"http:\/\/shop.rvcare.ca\/\" target=\"_blank\" rel=\"noopener\" data-saferedirecturl=\"https:\/\/www.google.com\/url?q=http:\/\/shop.rvcare.ca&amp;source=gmail&amp;ust=1753456499099000&amp;usg=AOvVaw3wFDjoYSxSOlmm2usIdFbO\">shop.rvcare.ca<\/a> sont consid\u00e9r\u00e9s comme des <span style=\"text-decoration: underline;\">ventes finales<\/span> et <span style=\"text-decoration: underline;\">ne sont pas admissibles<\/span> \u00e0 la garantie confort ni aux \u00e9changes.<\/span><\/div>\t\t\t\t\t\t<\/div>\n\t\t\t\t<\/div>\n\t\t\t\t<div class=\"elementor-element elementor-element-c662787 elementor-widget elementor-widget-text-editor\" data-id=\"c662787\" data-element_type=\"widget\" data-widget_type=\"text-editor.default\">\n\t\t\t\t<div class=\"elementor-widget-container\">\n\t\t\t\t\t\t\tPour \u00eatre admissible \u00e0 la garantie confort 30 nuit\u00e9es, vous devez acheter un prot\u00e8ge-matelas Le choix du campeur en m\u00eame temps que votre matelas Le choix du campeur et l&rsquo;utiliser chaque nuit pendant la p\u00e9riode d&rsquo;essai de 30 nuits. La p\u00e9riode d&rsquo;essai de 30 nuits commence \u00e0 partir du jour o\u00f9 votre matelas est livr\u00e9 ou r\u00e9cup\u00e9r\u00e9 chez votre concessionnaire RV Care. Si \u00e0 tout moment pendant cette p\u00e9riode, vous n&rsquo;\u00eates pas satisfait du confort, vous pourrez demander un \u00e9change pour un autre mod\u00e8le de matelas OU un remboursement complet du matelas aupr\u00e8s du m\u00eame concessionnaire RV Care. D\u00e9sol\u00e9, nous ne pouvons pas rembourser le co\u00fbt du prot\u00e8ge-matelas.\n\t\t\t\t\t\t<\/div>\n\t\t\t\t<\/div>\n\t\t\t\t<div class=\"elementor-element elementor-element-fc64907 elementor-widget elementor-widget-text-editor\" data-id=\"fc64907\" data-element_type=\"widget\" data-widget_type=\"text-editor.default\">\n\t\t\t\t<div class=\"elementor-widget-container\">\n\t\t\t\t\t\t\tLa proc\u00e9dure de remplacement ou de remboursement est la suivante :\n\t\t\t\t\t\t<\/div>\n\t\t\t\t<\/div>\n\t\t\t\t<div class=\"elementor-element elementor-element-f209eb9 elementor-icon-list--layout-traditional elementor-list-item-link-full_width elementor-widget elementor-widget-icon-list\" data-id=\"f209eb9\" data-element_type=\"widget\" data-widget_type=\"icon-list.default\">\n\t\t\t\t<div class=\"elementor-widget-container\">\n\t\t\t\t\t<ul class=\"elementor-icon-list-items\">\n\t\t\t\t\t\t\t<li class=\"elementor-icon-list-item\">\n\t\t\t\t\t\t\t\t\t\t\t<span class=\"elementor-icon-list-icon\">\n\t\t\t\t\t\t\t<svg aria-hidden=\"true\" class=\"e-font-icon-svg e-fas-angle-right\" viewBox=\"0 0 256 512\" xmlns=\"http:\/\/www.w3.org\/2000\/svg\"><path d=\"M224.3 273l-136 136c-9.4 9.4-24.6 9.4-33.9 0l-22.6-22.6c-9.4-9.4-9.4-24.6 0-33.9l96.4-96.4-96.4-96.4c-9.4-9.4-9.4-24.6 0-33.9L54.3 103c9.4-9.4 24.6-9.4 33.9 0l136 136c9.5 9.4 9.5 24.6.1 34z\"><\/path><\/svg>\t\t\t\t\t\t<\/span>\n\t\t\t\t\t\t\t\t\t\t<span class=\"elementor-icon-list-text\">Contactez le concessionnaire RV Care o\u00f9 le matelas a \u00e9t\u00e9 achet\u00e9.<\/span>\n\t\t\t\t\t\t\t\t\t<\/li>\n\t\t\t\t\t\t\t\t<li class=\"elementor-icon-list-item\">\n\t\t\t\t\t\t\t\t\t\t\t<span class=\"elementor-icon-list-icon\">\n\t\t\t\t\t\t\t<svg aria-hidden=\"true\" class=\"e-font-icon-svg e-fas-angle-right\" viewBox=\"0 0 256 512\" xmlns=\"http:\/\/www.w3.org\/2000\/svg\"><path d=\"M224.3 273l-136 136c-9.4 9.4-24.6 9.4-33.9 0l-22.6-22.6c-9.4-9.4-9.4-24.6 0-33.9l96.4-96.4-96.4-96.4c-9.4-9.4-9.4-24.6 0-33.9L54.3 103c9.4-9.4 24.6-9.4 33.9 0l136 136c9.5 9.4 9.5 24.6.1 34z\"><\/path><\/svg>\t\t\t\t\t\t<\/span>\n\t\t\t\t\t\t\t\t\t\t<span class=\"elementor-icon-list-text\">Ayez votre re\u00e7u \u00e0 port\u00e9e de main pour validation.<\/span>\n\t\t\t\t\t\t\t\t\t<\/li>\n\t\t\t\t\t\t\t\t<li class=\"elementor-icon-list-item\">\n\t\t\t\t\t\t\t\t\t\t\t<span class=\"elementor-icon-list-icon\">\n\t\t\t\t\t\t\t<svg aria-hidden=\"true\" class=\"e-font-icon-svg e-fas-angle-right\" viewBox=\"0 0 256 512\" xmlns=\"http:\/\/www.w3.org\/2000\/svg\"><path d=\"M224.3 273l-136 136c-9.4 9.4-24.6 9.4-33.9 0l-22.6-22.6c-9.4-9.4-9.4-24.6 0-33.9l96.4-96.4-96.4-96.4c-9.4-9.4-9.4-24.6 0-33.9L54.3 103c9.4-9.4 24.6-9.4 33.9 0l136 136c9.5 9.4 9.5 24.6.1 34z\"><\/path><\/svg>\t\t\t\t\t\t<\/span>\n\t\t\t\t\t\t\t\t\t\t<span class=\"elementor-icon-list-text\">Indiquez au concessionnaire si vous souhaitez \u00e9changer le matelas ou \u00eatre rembours\u00e9.<\/span>\n\t\t\t\t\t\t\t\t\t<\/li>\n\t\t\t\t\t\t\t\t<li class=\"elementor-icon-list-item\">\n\t\t\t\t\t\t\t\t\t\t\t<span class=\"elementor-icon-list-icon\">\n\t\t\t\t\t\t\t<svg aria-hidden=\"true\" class=\"e-font-icon-svg e-fas-angle-right\" viewBox=\"0 0 256 512\" xmlns=\"http:\/\/www.w3.org\/2000\/svg\"><path d=\"M224.3 273l-136 136c-9.4 9.4-24.6 9.4-33.9 0l-22.6-22.6c-9.4-9.4-9.4-24.6 0-33.9l96.4-96.4-96.4-96.4c-9.4-9.4-9.4-24.6 0-33.9L54.3 103c9.4-9.4 24.6-9.4 33.9 0l136 136c9.5 9.4 9.5 24.6.1 34z\"><\/path><\/svg>\t\t\t\t\t\t<\/span>\n\t\t\t\t\t\t\t\t\t\t<span class=\"elementor-icon-list-text\">Prenez un rendez-vous pour d\u00e9poser le matelas.<\/span>\n\t\t\t\t\t\t\t\t\t<\/li>\n\t\t\t\t\t\t<\/ul>\n\t\t\t\t<\/div>\n\t\t\t\t<\/div>\n\t\t\t\t<div class=\"elementor-element elementor-element-29bcf64 elementor-widget elementor-widget-text-editor\" data-id=\"29bcf64\" data-element_type=\"widget\" data-widget_type=\"text-editor.default\">\n\t\t\t\t<div class=\"elementor-widget-container\">\n\t\t\t\t\t\t\tIl est de la responsabilit\u00e9 de l&rsquo;acheteur de retourner le matelas au concessionnaire RV Care o\u00f9 il a \u00e9t\u00e9 achet\u00e9 et de s&rsquo;assurer qu&rsquo;il n&rsquo;a pas \u00e9t\u00e9 endommag\u00e9 ou tach\u00e9 pendant le transport, sinon l&rsquo;\u00e9change et\/ou le remboursement pourrait \u00eatre refus\u00e9 par le concessionnaire. La demande d&rsquo;\u00e9change ou de remboursement doit \u00eatre faite dans les 30 jours suivant la date d&rsquo;achat, comme indiqu\u00e9 sur la facture. Aucune exception.\t\t\t\t\t\t<\/div>\n\t\t\t\t<\/div>\n\t\t\t\t<div class=\"elementor-element elementor-element-574af91 elementor-widget elementor-widget-text-editor\" data-id=\"574af91\" data-element_type=\"widget\" data-widget_type=\"text-editor.default\">\n\t\t\t\t<div class=\"elementor-widget-container\">\n\t\t\t\t\t\t\t<p><strong>Veuillez noter : Nous exigeons que vous achetiez et utilisez un prot\u00e8ge-matelas Le choix du campeur pour prot\u00e9ger l&rsquo;int\u00e9grit\u00e9 de la garantie de 10 ans du fabricant du matelas.<\/strong><\/p>\t\t\t\t\t\t<\/div>\n\t\t\t\t<\/div>\n\t\t\t\t\t<\/div>\n\t\t<\/div>\n\t\t\t\t\t<\/div>\n\t\t<\/section>\n\t\t\t\t\t<\/div>\n\t\t<\/div>\n\t\t\t\t\t<\/div>\n\t\t<\/section>\n\t\t\t\t<\/div>\n\t\t","protected":false},"excerpt":{"rendered":"<p>Garantie confort 30 nuit\u00e9es Chez RV Care, nous offrons la tranquillit\u00e9 d&rsquo;esprit avec notre garantie confort 30 nuit\u00e9es. Si, dans les 30 nuits suivant l&rsquo;achat, vous ne ressentez pas le niveau de confort souhait\u00e9, vous pouvez \u00e9changer votre matelas contre un autre mod\u00e8le ou demander un remboursement. Profitez d&rsquo;un meilleur sommeil Dans votre VR! Nous [&hellip;]<\/p>\n","protected":false},"author":990166,"featured_media":0,"parent":0,"menu_order":0,"comment_status":"closed","ping_status":"closed","template":"","meta":{"_glsr_average":0,"_glsr_ranking":0,"_glsr_reviews":0,"footnotes":""},"class_list":["post-109748","page","type-page","status-publish","hentry"],"_links":{"self":[{"href":"https:\/\/shop.rvcare.ca\/fr\/wp-json\/wp\/v2\/pages\/109748","targetHints":{"allow":["GET"]}}],"collection":[{"href":"https:\/\/shop.rvcare.ca\/fr\/wp-json\/wp\/v2\/pages"}],"about":[{"href":"https:\/\/shop.rvcare.ca\/fr\/wp-json\/wp\/v2\/types\/page"}],"author":[{"embeddable":true,"href":"https:\/\/shop.rvcare.ca\/fr\/wp-json\/wp\/v2\/users\/990166"}],"replies":[{"embeddable":true,"href":"https:\/\/shop.rvcare.ca\/fr\/wp-json\/wp\/v2\/comments?post=109748"}],"version-history":[{"count":0,"href":"https:\/\/shop.rvcare.ca\/fr\/wp-json\/wp\/v2\/pages\/109748\/revisions"}],"wp:attachment":[{"href":"https:\/\/shop.rvcare.ca\/fr\/wp-json\/wp\/v2\/media?parent=109748"}],"curies":[{"name":"wp","href":"https:\/\/api.w.org\/{rel}","templated":true}]}}