{"id":20735,"date":"2021-06-30T17:43:52","date_gmt":"2021-06-30T21:43:52","guid":{"rendered":"https:\/\/rvcare.ca\/privacy-policy\/"},"modified":"2024-04-10T11:38:16","modified_gmt":"2024-04-10T15:38:16","slug":"politique-confidentialite","status":"publish","type":"page","link":"https:\/\/shop.rvcare.ca\/fr\/politique-confidentialite\/","title":{"rendered":"Politique de confidentialit\u00e9"},"content":{"rendered":"\t\t<div data-elementor-type=\"wp-page\" data-elementor-id=\"20735\" class=\"elementor elementor-20735 elementor-4720\" data-elementor-post-type=\"page\">\n\t\t\t\t\t\t<section class=\"elementor-section elementor-top-section elementor-element elementor-element-cf48d44 elementor-section-height-min-height elementor-section-boxed elementor-section-height-default elementor-section-items-middle\" data-id=\"cf48d44\" data-element_type=\"section\" data-settings=\"{&quot;jet_parallax_layout_list&quot;:[],&quot;background_background&quot;:&quot;classic&quot;}\">\n\t\t\t\t\t\t<div class=\"elementor-container elementor-column-gap-default\">\n\t\t\t\t\t<div class=\"elementor-column elementor-col-100 elementor-top-column elementor-element elementor-element-4764ce7\" data-id=\"4764ce7\" data-element_type=\"column\" data-settings=\"{&quot;background_background&quot;:&quot;classic&quot;}\">\n\t\t\t<div class=\"elementor-widget-wrap elementor-element-populated\">\n\t\t\t\t\t\t<div class=\"elementor-element elementor-element-58df83a elementor-widget elementor-widget-text-editor\" data-id=\"58df83a\" data-element_type=\"widget\" data-widget_type=\"text-editor.default\">\n\t\t\t\t<div class=\"elementor-widget-container\">\n\t\t\t\t\t\t\t<p>RV CARE<\/p>\n\t\t\t\t\t\t<\/div>\n\t\t\t\t<\/div>\n\t\t\t\t<div class=\"elementor-element elementor-element-759188d elementor-widget elementor-widget-heading\" data-id=\"759188d\" data-element_type=\"widget\" data-widget_type=\"heading.default\">\n\t\t\t\t<div class=\"elementor-widget-container\">\n\t\t\t<h1 class=\"elementor-heading-title elementor-size-default\">POLITIQUE DE <span style=\"color: #fada48\">CONFIDENTIALIT\u00c9<\/span><\/h1>\t\t<\/div>\n\t\t\t\t<\/div>\n\t\t\t\t\t<\/div>\n\t\t<\/div>\n\t\t\t\t\t<\/div>\n\t\t<\/section>\n\t\t\t\t<section class=\"elementor-section elementor-top-section elementor-element elementor-element-5eed9ceb elementor-section-boxed elementor-section-height-default elementor-section-height-default\" data-id=\"5eed9ceb\" data-element_type=\"section\" data-settings=\"{&quot;jet_parallax_layout_list&quot;:[]}\">\n\t\t\t\t\t\t<div class=\"elementor-container elementor-column-gap-default\">\n\t\t\t\t\t<div class=\"elementor-column elementor-col-100 elementor-top-column elementor-element elementor-element-1a1ebfbf\" data-id=\"1a1ebfbf\" data-element_type=\"column\">\n\t\t\t<div class=\"elementor-widget-wrap elementor-element-populated\">\n\t\t\t\t\t\t<div class=\"elementor-element elementor-element-25fce1e2 elementor-widget elementor-widget-text-editor\" data-id=\"25fce1e2\" data-element_type=\"widget\" data-widget_type=\"text-editor.default\">\n\t\t\t\t<div class=\"elementor-widget-container\">\n\t\t\t\t\t\t\t<p>Merci de visiter notre site. Cette politique de confidentialit\u00e9 explique comment nous utilisons les informations personnelles collect\u00e9es sur ce site. Veuillez lire cette politique de confidentialit\u00e9 avant d&rsquo;utiliser le site ou de soumettre des informations personnelles. En utilisant le site, vous acceptez les pratiques d\u00e9crites dans cette politique de confidentialit\u00e9. Ces pratiques peuvent \u00eatre modifi\u00e9es, mais tout changement sera affich\u00e9 et les changements ne s&rsquo;appliqueront qu&rsquo;aux activit\u00e9s et informations sur une base future et non r\u00e9troactive. Nous vous encourageons \u00e0 consulter la politique de confidentialit\u00e9 chaque fois que vous visitez le site pour vous assurer que vous comprenez comment les informations personnelles que vous fournissez seront utilis\u00e9es.<\/p>\n<p><strong>Remarque :<\/strong>les pratiques de confidentialit\u00e9 \u00e9nonc\u00e9es dans cette politique de confidentialit\u00e9 s&rsquo;appliquent uniquement \u00e0 ce site Web. Si vous cr\u00e9ez un lien vers d&rsquo;autres sites Web, veuillez consulter les politiques de confidentialit\u00e9 publi\u00e9es sur ces sites.<\/p>\n\t\t\t\t\t\t<\/div>\n\t\t\t\t<\/div>\n\t\t\t\t<div class=\"elementor-element elementor-element-e04730c elementor-widget elementor-widget-heading\" data-id=\"e04730c\" data-element_type=\"widget\" data-widget_type=\"heading.default\">\n\t\t\t\t<div class=\"elementor-widget-container\">\n\t\t\t<h2 class=\"elementor-heading-title elementor-size-default\">Collecte d'informations<\/h2>\t\t<\/div>\n\t\t\t\t<\/div>\n\t\t\t\t<div class=\"elementor-element elementor-element-417ab21 elementor-widget elementor-widget-text-editor\" data-id=\"417ab21\" data-element_type=\"widget\" data-widget_type=\"text-editor.default\">\n\t\t\t\t<div class=\"elementor-widget-container\">\n\t\t\t\t\t\t\t<p>Nous recueillons des informations personnellement identifiables, telles que des noms et des adresses e-mail lorsqu&rsquo;elles sont volontairement soumises par nos visiteurs. Les informations que vous fournissez sont utilis\u00e9es \u00e0 des fins d&rsquo;information par RV Care et pour r\u00e9pondre \u00e0 votre demande sp\u00e9cifique telle que l&rsquo;inscription en tant que client RV Care. Ces informations ne sont pas utilis\u00e9es pour des communications futures, telles qu&rsquo;une liste de diffusion, sauf si vous nous autorisez \u00e0 les utiliser de cette mani\u00e8re.<\/p>\n\t\t\t\t\t\t<\/div>\n\t\t\t\t<\/div>\n\t\t\t\t<div class=\"elementor-element elementor-element-dffe80f elementor-widget elementor-widget-heading\" data-id=\"dffe80f\" data-element_type=\"widget\" data-widget_type=\"heading.default\">\n\t\t\t\t<div class=\"elementor-widget-container\">\n\t\t\t<h2 class=\"elementor-heading-title elementor-size-default\">Cookies\/Technologie de suivi<\/h2>\t\t<\/div>\n\t\t\t\t<\/div>\n\t\t\t\t<div class=\"elementor-element elementor-element-56a91ee elementor-widget elementor-widget-text-editor\" data-id=\"56a91ee\" data-element_type=\"widget\" data-widget_type=\"text-editor.default\">\n\t\t\t\t<div class=\"elementor-widget-container\">\n\t\t\t\t\t\t\t<p>Lorsque vous visitez l&rsquo;un de nos sites Web ou utilisez l&rsquo;une de nos applications, nous pouvons utiliser certains outils automatis\u00e9s pour vous offrir une exp\u00e9rience de navigation plus personnalis\u00e9e, mieux comprendre vos besoins, vous fournir le contenu le plus pertinent pour vous et surveiller les tendances concernant l&rsquo;utilisation de notre site et de nos applications.<\/p>\n<p><br>En g\u00e9n\u00e9ral, vous pouvez visiter l&rsquo;un de nos sites web sans nous dire qui vous \u00eates et sans nous communiquer d&rsquo;informations personnelles. Toutefois, par le biais de fichiers journaux et d&rsquo;autres technologies, nous recueillons les adresses IP (protocole Internet) de tous les visiteurs de nos sites web et d&rsquo;autres informations connexes telles que les demandes de pages, le type de navigateur, le syst\u00e8me d&rsquo;exploitation et le temps moyen pass\u00e9 sur nos sites web. Nous recueillons des informations similaires concernant l&rsquo;utilisation de nos applications. Nous utilisons ces informations pour nous aider \u00e0 comprendre l&rsquo;activit\u00e9 des utilisateurs sur nos sites web, pour vous fournir un contenu adapt\u00e9 \u00e0 votre r\u00e9gion, et pour surveiller et am\u00e9liorer nos sites web.   <\/p>\n<p><br>Cookies : Nos sites web utilisent une technologie appel\u00e9e \u00ab\u00a0cookies\u00a0\u00bb. Un cookie est un petit fichier texte stock\u00e9 sur votre appareil qui identifie votre navigateur\/appareil\/adresse IP &#8211; mais pas vous en tant qu&rsquo;individu &#8211; \u00e0 nos ordinateurs chaque fois que vous visitez l&rsquo;un de nos sites web. Vous trouverez de plus amples informations sur les cookies \u00e0 l&rsquo;adresse <a href=\"http:\/\/www.en.wikipedia.org\/wiki\/HTTP_cookie\">www.en.wikipedia.org\/wiki\/HTTP_cookie.<\/a>  <br>Nous utilisons des cookies sur les pages de nos sites Web o\u00f9 vous \u00eates invit\u00e9 \u00e0 vous connecter ou qui sont personnalisables. Si vous vous \u00eates inscrit sur nos sites web, ces cookies (1) peuvent nous permettre de savoir qui vous \u00eates, (2) peuvent \u00eatre n\u00e9cessaires pour acc\u00e9der aux informations de votre compte (stock\u00e9es sur nos ordinateurs) afin de vous fournir des services personnalis\u00e9s, et (3) nous fourniront, ainsi qu&rsquo;\u00e0 nos prestataires de services, des informations que nous utiliserons pour personnaliser nos sites web en fonction de vos pr\u00e9f\u00e9rences et int\u00e9r\u00eats. Vous pouvez configurer votre navigateur Web pour qu&rsquo;il vous avertisse lorsque vous recevez un cookie ou pour qu&rsquo;il n&rsquo;accepte pas certains cookies (ces contr\u00f4les se trouvent g\u00e9n\u00e9ralement dans les param\u00e8tres de confidentialit\u00e9 de votre navigateur). Il n&rsquo;est pas n\u00e9cessaire d&rsquo;activer les cookies pour visiter nos sites web ; toutefois, si vous d\u00e9cidez de ne pas accepter les cookies lorsque vous visitez l&rsquo;un de nos sites web, il se peut que vous ne puissiez pas profiter de toutes les fonctionnalit\u00e9s de ce site.   <\/p>\n<p><br>Balises de tra\u00e7age et balises Web : Nos sites Web peuvent \u00e9galement utiliser une technologie appel\u00e9e \u00ab\u00a0balises de tra\u00e7age\u00a0\u00bb ou \u00ab\u00a0<a href=\"https:\/\/en.wikipedia.org\/wiki\/Web_beacon\">pixels invisibles<\/a>\u00ab\u00a0. Un pixel invisible est une petite image graphique transparente qui nous permet d&rsquo;enregistrer des actions simples de l&rsquo;utilisateur li\u00e9es \u00e0 nos sites web et aux communications \u00e9lectroniques re\u00e7ues de notre part, afin de nous aider \u00e0 d\u00e9terminer l&rsquo;utilisation et l&rsquo;efficacit\u00e9 de notre site et de nos communications. Ces \u00ab\u00a0images\u00a0\u00bb sont automatiquement charg\u00e9es sur votre navigateur\/appareil lorsque vous visitez le site web ou ouvrez un message \u00e9lectronique au format html provenant de nous, ce qui nous permet de savoir si une certaine page a \u00e9t\u00e9 visit\u00e9e ou si un message \u00e9lectronique a \u00e9t\u00e9 ouvert. Cette technologie nous permet de comprendre quelles pages vous visitez sur nos sites web. Ces balises de tra\u00e7age sont utilis\u00e9es pour nous aider \u00e0 optimiser et \u00e0 adapter nos sites web pour vous et les futurs visiteurs.  <\/p>\n<p><br>Analytique : Nous pouvons faire appel \u00e0 un tiers, tel que Google Analytics, pour nous aider \u00e0 recueillir et \u00e0 analyser des informations sur les zones visit\u00e9es sur les sites Web (telles que les pages les plus lues, le temps pass\u00e9, les termes de recherche et autres donn\u00e9es d&rsquo;engagement) afin d&rsquo;\u00e9valuer et d&rsquo;am\u00e9liorer l&rsquo;exp\u00e9rience utilisateur et la commodit\u00e9 des sites Web. Pour plus d&rsquo;informations ou pour d\u00e9sactiver cette fonctionnalit\u00e9, consultez les rubriques \u00ab\u00a0<a href=\"https:\/\/policies.google.com\/technologies\/partner-sites\">Comment Google utilise les donn\u00e9es lorsque vous utilisez les sites ou les applications de nos partenaires<\/a>\u00a0\u00bb et \u00ab\u00a0<a href=\"https:\/\/support.google.com\/analytics\/answer\/6004245\">Google Analytics et la confidentialit\u00e9<\/a>\u00ab\u00a0. <\/p>\t\t\t\t\t\t<\/div>\n\t\t\t\t<\/div>\n\t\t\t\t<div class=\"elementor-element elementor-element-5ecebfc elementor-widget elementor-widget-heading\" data-id=\"5ecebfc\" data-element_type=\"widget\" data-widget_type=\"heading.default\">\n\t\t\t\t<div class=\"elementor-widget-container\">\n\t\t\t<h2 class=\"elementor-heading-title elementor-size-default\">Diffusion des informations<\/h2>\t\t<\/div>\n\t\t\t\t<\/div>\n\t\t\t\t<div class=\"elementor-element elementor-element-21ed9f0 elementor-widget elementor-widget-text-editor\" data-id=\"21ed9f0\" data-element_type=\"widget\" data-widget_type=\"text-editor.default\">\n\t\t\t\t<div class=\"elementor-widget-container\">\n\t\t\t\t\t\t\tNous pouvons partager des informations avec des agences gouvernementales ou d&rsquo;autres soci\u00e9t\u00e9s qui nous aident \u00e0 pr\u00e9venir ou \u00e0 enqu\u00eater sur la fraude. Nous pouvons le faire lorsque : (1) cela est autoris\u00e9 ou requis par la loi ; ou, (2) essayer de se prot\u00e9ger ou d&#8217;emp\u00eacher une fraude r\u00e9elle ou potentielle ou des transactions non autoris\u00e9es ; ou (3) enqu\u00eater sur une fraude qui a d\u00e9j\u00e0 eu lieu. Les informations ne sont pas fournies \u00e0 ces soci\u00e9t\u00e9s \u00e0 des fins de marketing.\n\t\t\t\t\t\t<\/div>\n\t\t\t\t<\/div>\n\t\t\t\t<div class=\"elementor-element elementor-element-ac7964d elementor-widget elementor-widget-heading\" data-id=\"ac7964d\" data-element_type=\"widget\" data-widget_type=\"heading.default\">\n\t\t\t\t<div class=\"elementor-widget-container\">\n\t\t\t<h2 class=\"elementor-heading-title elementor-size-default\">Engagement envers la s\u00e9curit\u00e9 des donn\u00e9es<\/h2>\t\t<\/div>\n\t\t\t\t<\/div>\n\t\t\t\t<div class=\"elementor-element elementor-element-202e880 elementor-widget elementor-widget-text-editor\" data-id=\"202e880\" data-element_type=\"widget\" data-widget_type=\"text-editor.default\">\n\t\t\t\t<div class=\"elementor-widget-container\">\n\t\t\t\t\t\t\t<p>Vos informations personnellement identifiables sont conserv\u00e9es en toute s\u00e9curit\u00e9. Seuls les employ\u00e9s, agents et sous-traitants autoris\u00e9s (qui ont accept\u00e9 de garder les informations s\u00e9curis\u00e9es et confidentielles) ont acc\u00e8s \u00e0 ces informations. Tous les e-mails et newsletters de ce site vous permettent de vous d\u00e9sabonner des envois ult\u00e9rieurs.<\/p>\n\t\t\t\t\t\t<\/div>\n\t\t\t\t<\/div>\n\t\t\t\t<div class=\"elementor-element elementor-element-faf8afc elementor-widget elementor-widget-heading\" data-id=\"faf8afc\" data-element_type=\"widget\" data-widget_type=\"heading.default\">\n\t\t\t\t<div class=\"elementor-widget-container\">\n\t\t\t<h2 class=\"elementor-heading-title elementor-size-default\">Coordonn\u00e9es de confidentialit\u00e9<\/h2>\t\t<\/div>\n\t\t\t\t<\/div>\n\t\t\t\t<div class=\"elementor-element elementor-element-3cb2669 elementor-widget elementor-widget-text-editor\" data-id=\"3cb2669\" data-element_type=\"widget\" data-widget_type=\"text-editor.default\">\n\t\t\t\t<div class=\"elementor-widget-container\">\n\t\t\t\t\t\t\t<p>Si vous avez des questions, des pr\u00e9occupations ou des commentaires concernant notre politique de confidentialit\u00e9, <a href=\"http:\/\/rvare.ca\/contact-us\">veuillez nous contacter<\/a><br \/>Nous nous r\u00e9servons le droit d&rsquo;apporter des modifications \u00e0 cette politique. Tous les changements sur cette police seront post\u00e9s.<\/p>\n\t\t\t\t\t\t<\/div>\n\t\t\t\t<\/div>\n\t\t\t\t\t<\/div>\n\t\t<\/div>\n\t\t\t\t\t<\/div>\n\t\t<\/section>\n\t\t\t\t<\/div>\n\t\t","protected":false},"excerpt":{"rendered":"<p>RV CARE POLITIQUE DE CONFIDENTIALIT\u00c9 Merci de visiter notre site. Cette politique de confidentialit\u00e9 explique comment nous utilisons les informations personnelles collect\u00e9es sur ce site. Veuillez lire cette politique de confidentialit\u00e9 avant d&rsquo;utiliser le site ou de soumettre des informations personnelles. En utilisant le site, vous acceptez les pratiques d\u00e9crites dans cette politique de confidentialit\u00e9. [&hellip;]<\/p>\n","protected":false},"author":990360,"featured_media":0,"parent":0,"menu_order":0,"comment_status":"closed","ping_status":"closed","template":"","meta":{"_glsr_average":0,"_glsr_ranking":0,"_glsr_reviews":0,"footnotes":""},"class_list":["post-20735","page","type-page","status-publish","hentry"],"_links":{"self":[{"href":"https:\/\/shop.rvcare.ca\/fr\/wp-json\/wp\/v2\/pages\/20735","targetHints":{"allow":["GET"]}}],"collection":[{"href":"https:\/\/shop.rvcare.ca\/fr\/wp-json\/wp\/v2\/pages"}],"about":[{"href":"https:\/\/shop.rvcare.ca\/fr\/wp-json\/wp\/v2\/types\/page"}],"author":[{"embeddable":true,"href":"https:\/\/shop.rvcare.ca\/fr\/wp-json\/wp\/v2\/users\/990360"}],"replies":[{"embeddable":true,"href":"https:\/\/shop.rvcare.ca\/fr\/wp-json\/wp\/v2\/comments?post=20735"}],"version-history":[{"count":0,"href":"https:\/\/shop.rvcare.ca\/fr\/wp-json\/wp\/v2\/pages\/20735\/revisions"}],"wp:attachment":[{"href":"https:\/\/shop.rvcare.ca\/fr\/wp-json\/wp\/v2\/media?parent=20735"}],"curies":[{"name":"wp","href":"https:\/\/api.w.org\/{rel}","templated":true}]}}