{"id":28667,"date":"2022-05-16T15:21:57","date_gmt":"2022-05-16T19:21:57","guid":{"rendered":"https:\/\/rvcare.ca\/enregistrement-client\/"},"modified":"2025-06-17T09:18:50","modified_gmt":"2025-06-17T13:18:50","slug":"creer-un-compte","status":"publish","type":"page","link":"https:\/\/shop.rvcare.ca\/fr\/creer-un-compte\/","title":{"rendered":"Cr\u00e9er un compte"},"content":{"rendered":"\t\t<div data-elementor-type=\"wp-page\" data-elementor-id=\"28667\" class=\"elementor elementor-28667 elementor-20374\" data-elementor-post-type=\"page\">\n\t\t\t\t<div class=\"elementor-element elementor-element-2972cae e-flex e-con-boxed e-con e-parent\" data-id=\"2972cae\" data-element_type=\"container\" data-settings=\"{&quot;background_background&quot;:&quot;classic&quot;,&quot;jet_parallax_layout_list&quot;:[]}\">\n\t\t\t\t\t<div class=\"e-con-inner\">\n\t\t<div class=\"elementor-element elementor-element-edf6cf3 e-con-full e-flex e-con e-child\" data-id=\"edf6cf3\" data-element_type=\"container\" data-settings=\"{&quot;jet_parallax_layout_list&quot;:[]}\">\n\t\t\t\t<div class=\"elementor-element elementor-element-a27842c elementor-widget elementor-widget-heading\" data-id=\"a27842c\" data-element_type=\"widget\" data-widget_type=\"heading.default\">\n\t\t\t\t<div class=\"elementor-widget-container\">\n\t\t\t<h1 class=\"elementor-heading-title elementor-size-default\">Cr\u00e9er un compte <br><span style=\"color:#F6D952\">RV CARE<\/span><\/h1>\t\t<\/div>\n\t\t\t\t<\/div>\n\t\t\t\t<div class=\"elementor-element elementor-element-5622863 elementor-widget elementor-widget-jet-form-builder-form\" data-id=\"5622863\" data-element_type=\"widget\" data-widget_type=\"jet-form-builder-form.default\">\n\t\t\t\t<div class=\"elementor-widget-container\">\n\t\t\t<link rel='stylesheet' id='wp-block-library-css' href='https:\/\/shop.rvcare.ca\/wp-includes\/css\/dist\/block-library\/style.min.css?ver=6.7.2' media='all' \/>\n<style id=\"jet-form-builder-137649-inline-css\"><\/style><form  class=\"jet-form-builder layout-column submit-type-reload\" action=\"https:\/\/shop.rvcare.ca\/fr\/wp-json\/wp\/v2\/pages\/28667\/?jet_form_builder_submit=submit&amp;method=reload\" method=\"POST\" data-form-id=\"137649\" data-layout=\"column\" enctype=\"multipart\/form-data\" novalidate=\"null\">\r\n<input type=\"hidden\" name=\"_jfb_current_render_states[]\" value=\"DEFAULT.STATE\" data-jfb-sync \/><input type=\"hidden\" class=\"jet-form-builder__field hidden-field\" name=\"_jet_engine_booking_form_id\" data-field-name=\"_jet_engine_booking_form_id\" value=\"137649\">\n<input type=\"hidden\" class=\"jet-form-builder__field hidden-field\" name=\"_jet_engine_refer\" data-field-name=\"_jet_engine_refer\" value=\"https:\/\/shop.rvcare.ca\/fr\/wp-json\/wp\/v2\/pages\/28667\/\">\n<input type=\"hidden\" class=\"jet-form-builder__field hidden-field\" name=\"__queried_post_id\" data-field-name=\"__queried_post_id\" value=\"28667\">\n<input type=\"hidden\" class=\"jet-form-builder__field hidden-field\" name=\"user_login\" data-field-name=\"user_login\" data-jfb-sync=\"null\" value=\"znkLz6spAx\"><input type=\"hidden\" class=\"jet-form-builder__field hidden-field\" name=\"user_url\" data-field-name=\"user_url\" data-jfb-sync=\"null\" value=\"https:\/\/shop.rvcare.ca\/fr\/creer-un-compte\/\"><input type=\"hidden\" class=\"jet-form-builder__field hidden-field field-affiliate-number\" name=\"affiliate-number\" data-field-name=\"affiliate-number\" data-jfb-sync=\"null\"><script>\n\n    var fieldAffiliate = document.querySelector('.field-affiliate-number');\n\n    var cookieName = 'affwp_ref';\n\n    \/\/ R\u00e9cup\u00e9ration du numero dans l'URL\n    var url = window.location.href;\t\t\n    var regex = \/\/rvc\/(d+)\/?\/;\n    var match = url.match(regex);\n    var numeroAffiliate = null;\t\t\n    if(match !== null) {\n        numeroAffiliate = match[1];\n    }\n\n    \/\/ Function to get cookie by name\n    function getCookie(name) {\n        var cookies = document.cookie.split(';');\n        for (var i = 0; i < cookies.length; i++) {\n        var cookie = cookies[i].trim();\n        if (cookie.startsWith(name + '=')) {\n            return cookie.substring(name.length + 1);\n        }\n        }\n        return null;\n    }\n    \n    var currentCookieValue = getCookie(cookieName);\n\n    if (numeroAffiliate !== null ) {\n        fieldAffiliate.value = numeroAffiliate;\n    } else {\n        fieldAffiliate.value = currentCookieValue;\n    }\n\n<\/script><div class=\"wp-block-columns is-layout-flex wp-container-core-columns-is-layout-1 wp-block-columns-is-layout-flex\"><div class=\"wp-block-column is-layout-flow wp-block-column-is-layout-flow\"><div  class=\"jet-form-builder-row field-type-text-field\" >\n<div class=\"jet-form-builder__label\">\r\n<div class=\"jet-form-builder__label-text\">PR\u00c9NOM <span class=\"jet-form-builder__required\">*<\/span><\/div><\/div><div class=\"jet-form-builder__field-wrap\">\n\t\t\t\t<input required=\"required\" name=\"first_name\" id=\"first_name\" type=\"text\" data-field-name=\"first_name\" class=\"jet-form-builder__field text-field\" maxlength=\"50\" data-jfb-sync=\"null\">\n\t\t\t\t\t<\/div>\n<\/div><\/div>\n\n<div class=\"wp-block-column is-layout-flow wp-block-column-is-layout-flow\"><div  class=\"jet-form-builder-row field-type-text-field\" >\n<div class=\"jet-form-builder__label\">\r\n<div class=\"jet-form-builder__label-text\">NOM <span class=\"jet-form-builder__required\">*<\/span><\/div><\/div><div class=\"jet-form-builder__field-wrap\">\n\t\t\t\t<input required=\"required\" name=\"last_name\" id=\"last_name\" type=\"text\" data-field-name=\"last_name\" class=\"jet-form-builder__field text-field\" maxlength=\"50\" data-jfb-sync=\"null\">\n\t\t\t\t\t<\/div>\n<\/div><\/div><\/div><div class=\"wp-block-columns is-layout-flex wp-container-core-columns-is-layout-2 wp-block-columns-is-layout-flex\"><div class=\"wp-block-column is-layout-flow wp-block-column-is-layout-flow\"><div  class=\"jet-form-builder-row field-type-text-field\" >\n<div class=\"jet-form-builder__label\">\r\n<div class=\"jet-form-builder__label-text\">T\u00c9L\u00c9PHONE<\/div><\/div><div class=\"jet-form-builder__field-wrap\">\n\t\t\t\t<input name=\"telephone\" id=\"telephone\" type=\"tel\" data-field-name=\"telephone\" class=\"jet-form-builder__field text-field\" minlength=\"10\" maxlength=\"20\" data-jfb-sync=\"null\">\n\t\t\t\t\t<\/div>\n<\/div><\/div><\/div><div  class=\"jet-form-builder-row field-type-text-field\" >\n<div class=\"jet-form-builder__label\">\r\n<div class=\"jet-form-builder__label-text\">ADRESSE COURRIEL <span class=\"jet-form-builder__required\">*<\/span><\/div><\/div><div class=\"jet-form-builder__field-wrap\">\n\t\t\t\t<input required=\"required\" name=\"email\" id=\"email\" type=\"email\" data-field-name=\"email\" class=\"jet-form-builder__field text-field\" maxlength=\"254\" data-jfb-sync=\"null\">\n\t\t\t\t\t<\/div>\n<\/div><div  class=\"jet-form-builder-row field-type-checkbox-field\" >\n<div class=\"jet-form-builder__fields-group checkradio-wrap\" data-jfb-sync><div class=\"jet-form-builder__field-wrap checkboxes-wrap checkradio-wrap\"><label class=\"jet-form-builder__field-label for-checkbox\">\n<input type=\"checkbox\" name=\"remember_me\" value=\"1\" data-field-name=\"remember_me\"  class=\"jet-form-builder__field checkboxes-field checkradio-field\"><span>Se souvenir de moi<\/span><\/label><\/div><\/div>\n<\/div><div  class=\"jet-form-builder-row field-type-checkbox-field\" >\n<div class=\"jet-form-builder__fields-group checkradio-wrap\" data-jfb-sync><div class=\"jet-form-builder__field-wrap checkboxes-wrap checkradio-wrap\"><label class=\"jet-form-builder__field-label for-checkbox\">\n<input type=\"checkbox\" name=\"field_name\" value=\"privacy-policy-agreement\" data-field-name=\"field_name\"  class=\"jet-form-builder__field checkboxes-field checkradio-field\" required=\"required\"><span>J'accepte les conditions g\u00e9n\u00e9rales et la <a href=\"\/fr\/politique-confidentialite\/\" style=\"font-weight: 700;color:inherit\" target=\"_blank\">politique de confidentialit\u00e9<\/a>*<\/span><\/label><\/div><\/div>\n<\/div><div class=\"jet-form-builder-row captcha-token-container\" data-validation-type=\"inherit\">\n\t<input type=\"hidden\" class=\"captcha-token\" name=\"_captcha_token\" value=\"\" data-jfb-sync required=\"required\">\n<\/div><div  class=\"jet-form-builder-row field-type-submit-field\" >\n\t<div data-type=\"submit\" class=\"jet-form-builder__action-button-wrapper jet-form-builder__submit-wrap\">\n\t<button class=\"jet-form-builder__action-button jet-form-builder__submit submit-type-reload\" type=\"submit\">S'ENREGISTRER<\/button>\n\t<\/div>\n\t\n<\/div><p><\/p>\t<div class=\"jet-form-builder-messages-wrap\" data-form-id=\"137649\"><\/div>\n<\/form>\n\t\t<\/div>\n\t\t\t\t<\/div>\n\t\t\t\t<\/div>\n\t\t\t\t\t<\/div>\n\t\t\t\t<\/div>\n\t\t\t\t<\/div>\n\t\t","protected":false},"excerpt":{"rendered":"<p>Cr\u00e9er un compte RV CARE PR\u00c9NOM * NOM * T\u00c9L\u00c9PHONE ADRESSE COURRIEL * Se souvenir de moi J&rsquo;accepte les conditions g\u00e9n\u00e9rales et la politique de confidentialit\u00e9* S&rsquo;ENREGISTRER<\/p>\n","protected":false},"author":990166,"featured_media":0,"parent":0,"menu_order":0,"comment_status":"closed","ping_status":"closed","template":"","meta":{"_glsr_average":0,"_glsr_ranking":0,"_glsr_reviews":0,"footnotes":""},"class_list":["post-28667","page","type-page","status-publish","hentry"],"_links":{"self":[{"href":"https:\/\/shop.rvcare.ca\/fr\/wp-json\/wp\/v2\/pages\/28667","targetHints":{"allow":["GET"]}}],"collection":[{"href":"https:\/\/shop.rvcare.ca\/fr\/wp-json\/wp\/v2\/pages"}],"about":[{"href":"https:\/\/shop.rvcare.ca\/fr\/wp-json\/wp\/v2\/types\/page"}],"author":[{"embeddable":true,"href":"https:\/\/shop.rvcare.ca\/fr\/wp-json\/wp\/v2\/users\/990166"}],"replies":[{"embeddable":true,"href":"https:\/\/shop.rvcare.ca\/fr\/wp-json\/wp\/v2\/comments?post=28667"}],"version-history":[{"count":0,"href":"https:\/\/shop.rvcare.ca\/fr\/wp-json\/wp\/v2\/pages\/28667\/revisions"}],"wp:attachment":[{"href":"https:\/\/shop.rvcare.ca\/fr\/wp-json\/wp\/v2\/media?parent=28667"}],"curies":[{"name":"wp","href":"https:\/\/api.w.org\/{rel}","templated":true}]}}