{"id":6729,"date":"2021-07-26T19:12:35","date_gmt":"2021-07-26T23:12:35","guid":{"rendered":"https:\/\/rvcare.ca\/contactez-nous\/"},"modified":"2025-10-06T12:18:20","modified_gmt":"2025-10-06T16:18:20","slug":"contactez-nous","status":"publish","type":"page","link":"https:\/\/shop.rvcare.ca\/fr\/contactez-nous\/","title":{"rendered":"Contactez-nous"},"content":{"rendered":"\t\t<div data-elementor-type=\"wp-page\" data-elementor-id=\"6729\" class=\"elementor elementor-6729 elementor-5307\" data-elementor-post-type=\"page\">\n\t\t\t\t<div class=\"elementor-element elementor-element-e07b860 e-flex e-con-boxed e-con e-parent\" data-id=\"e07b860\" data-element_type=\"container\" data-settings=\"{&quot;jet_parallax_layout_list&quot;:[],&quot;background_background&quot;:&quot;classic&quot;}\">\n\t\t\t\t\t<div class=\"e-con-inner\">\n\t\t<div class=\"elementor-element elementor-element-008f42c e-con-full e-flex e-con e-child\" data-id=\"008f42c\" data-element_type=\"container\" data-settings=\"{&quot;background_background&quot;:&quot;classic&quot;,&quot;jet_parallax_layout_list&quot;:[]}\">\n\t\t\t\t<div class=\"elementor-element elementor-element-dde0767 elementor-widget elementor-widget-text-editor\" data-id=\"dde0767\" data-element_type=\"widget\" data-widget_type=\"text-editor.default\">\n\t\t\t\t<div class=\"elementor-widget-container\">\n\t\t\t\t\t\t\tRV CARE\t\t\t\t\t\t<\/div>\n\t\t\t\t<\/div>\n\t\t\t\t<div class=\"elementor-element elementor-element-b12084d elementor-widget elementor-widget-heading\" data-id=\"b12084d\" data-element_type=\"widget\" data-widget_type=\"heading.default\">\n\t\t\t\t<div class=\"elementor-widget-container\">\n\t\t\t<h1 class=\"elementor-heading-title elementor-size-default\">CONTACTEZ-NOUS<\/h1>\t\t<\/div>\n\t\t\t\t<\/div>\n\t\t\t\t<\/div>\n\t\t\t\t\t<\/div>\n\t\t\t\t<\/div>\n\t\t<div class=\"elementor-element elementor-element-4502600 e-flex e-con-boxed e-con e-parent\" data-id=\"4502600\" data-element_type=\"container\" data-settings=\"{&quot;jet_parallax_layout_list&quot;:[]}\">\n\t\t\t\t\t<div class=\"e-con-inner\">\n\t\t<div class=\"elementor-element elementor-element-11b1d6a e-con-full e-flex e-con e-child\" data-id=\"11b1d6a\" data-element_type=\"container\" data-settings=\"{&quot;jet_parallax_layout_list&quot;:[]}\">\n\t\t\t\t<div class=\"elementor-element elementor-element-e6c5cd6 elementor-widget elementor-widget-jet-form-builder-form\" data-id=\"e6c5cd6\" data-element_type=\"widget\" data-widget_type=\"jet-form-builder-form.default\">\n\t\t\t\t<div class=\"elementor-widget-container\">\n\t\t\t<link rel='stylesheet' id='wp-block-library-css' href='https:\/\/shop.rvcare.ca\/wp-includes\/css\/dist\/block-library\/style.min.css?ver=6.7.2' media='all' \/>\n<style id=\"jet-form-builder-35722-inline-css\"><\/style><form  class=\"jet-form-builder layout-column submit-type-ajax\" action=\"https:\/\/shop.rvcare.ca\/fr\/wp-json\/wp\/v2\/pages\/6729\/?jet_form_builder_submit=submit&amp;method=reload\" method=\"POST\" data-form-id=\"35722\" data-layout=\"column\" enctype=\"multipart\/form-data\" novalidate=\"null\">\r\n<input type=\"hidden\" name=\"_jfb_current_render_states[]\" value=\"DEFAULT.STATE\" data-jfb-sync \/><input type=\"hidden\" class=\"jet-form-builder__field hidden-field\" name=\"_jet_engine_booking_form_id\" data-field-name=\"_jet_engine_booking_form_id\" value=\"35722\">\n<input type=\"hidden\" class=\"jet-form-builder__field hidden-field\" name=\"_jet_engine_refer\" data-field-name=\"_jet_engine_refer\" value=\"https:\/\/shop.rvcare.ca\/fr\/wp-json\/wp\/v2\/pages\/6729\/\">\n<input type=\"hidden\" class=\"jet-form-builder__field hidden-field\" name=\"__queried_post_id\" data-field-name=\"__queried_post_id\" value=\"6729\">\n<input type=\"hidden\" class=\"jet-form-builder__field hidden-field\" name=\"form_id\" data-field-name=\"form_id\" data-jfb-sync=\"null\" value=\"rvc_page_contact_fr\"><p><\/p><div class=\"wp-block-columns is-layout-flex wp-container-core-columns-is-layout-1 wp-block-columns-is-layout-flex\"><div class=\"wp-block-column is-layout-flow wp-block-column-is-layout-flow\"><div  class=\"jet-form-builder-row field-type-text-field\" >\n<div class=\"jet-form-builder__label\">\r\n<div class=\"jet-form-builder__label-text\">Pr\u00e9nom <span class=\"jet-form-builder__required\">*<\/span><\/div><\/div><div class=\"jet-form-builder__field-wrap\">\n\t\t\t\t<input required=\"required\" name=\"field_firstname\" id=\"field_firstname\" type=\"text\" data-field-name=\"field_firstname\" class=\"jet-form-builder__field text-field\" maxlength=\"50\" data-jfb-sync=\"null\">\n\t\t\t\t\t<\/div>\n<\/div>\n\n<div  class=\"jet-form-builder-row field-type-text-field\" >\n<div class=\"jet-form-builder__label\">\r\n<div class=\"jet-form-builder__label-text\">Courriel <span class=\"jet-form-builder__required\">*<\/span><\/div><\/div><div class=\"jet-form-builder__field-wrap\">\n\t\t\t\t<input required=\"required\" name=\"field_mail\" id=\"field_mail\" type=\"email\" data-field-name=\"field_mail\" class=\"jet-form-builder__field text-field\" maxlength=\"62\" data-jfb-sync=\"null\">\n\t\t\t\t\t<\/div>\n<\/div><\/div>\n\n<div class=\"wp-block-column is-layout-flow wp-block-column-is-layout-flow\"><div  class=\"jet-form-builder-row field-type-text-field\" >\n<div class=\"jet-form-builder__label\">\r\n<div class=\"jet-form-builder__label-text\">Nom <span class=\"jet-form-builder__required\">*<\/span><\/div><\/div><div class=\"jet-form-builder__field-wrap\">\n\t\t\t\t<input required=\"required\" name=\"field_lastname\" id=\"field_lastname\" type=\"text\" data-field-name=\"field_lastname\" class=\"jet-form-builder__field text-field\" maxlength=\"50\" data-jfb-sync=\"null\">\n\t\t\t\t\t<\/div>\n<\/div>\n\n<div  class=\"jet-form-builder-row field-type-text-field\" >\n<div class=\"jet-form-builder__label\">\r\n<div class=\"jet-form-builder__label-text\">T\u00e9l\u00e9phone <span class=\"jet-form-builder__required\">*<\/span><\/div><\/div><div class=\"jet-form-builder__field-wrap\">\n\t\t\t\t<input required=\"required\" name=\"field_phone\" id=\"field_phone\" type=\"tel\" data-field-name=\"field_phone\" class=\"jet-form-builder__field text-field\" maxlength=\"13\" data-jfb-sync=\"null\">\n\t\t\t\t\t<\/div>\n<\/div><\/div><\/div><div  class=\"jet-form-builder-row field-type-text-field\" >\n<div class=\"jet-form-builder__label\">\r\n<div class=\"jet-form-builder__label-text\">Sujet <span class=\"jet-form-builder__required\">*<\/span><\/div><\/div><div class=\"jet-form-builder__field-wrap\">\n\t\t\t\t<input required=\"required\" name=\"field_subject\" id=\"field_subject\" type=\"text\" data-field-name=\"field_subject\" class=\"jet-form-builder__field text-field\" maxlength=\"50\" data-jfb-sync=\"null\">\n\t\t\t\t\t<\/div>\n<\/div><div  class=\"jet-form-builder-row field-type-textarea-field\" >\n<div class=\"jet-form-builder__label\">\r\n<div class=\"jet-form-builder__label-text\">Message <span class=\"jet-form-builder__required\">*<\/span><\/div><\/div><div class=\"jet-form-builder__field-wrap\">\n\t\t<textarea class=\"jet-form-builder__field textarea-field\" required=\"required\" name=\"field_message\" data-field-name=\"field_message\" id=\"field_message\" data-jfb-sync=\"null\"><\/textarea>\n\t<\/div><div class=\"jet-form-builder__desc\"><small>Max. 300 caract\u00e8res<\/small><\/div>\n<\/div><div class=\"jet-form-builder-row captcha-token-container\" data-validation-type=\"inherit\">\n\t<input type=\"hidden\" class=\"captcha-token\" name=\"_captcha_token\" value=\"\" data-jfb-sync required=\"required\">\n<\/div><div  class=\"jet-form-builder-row field-type-submit-field\" >\n\t<div data-type=\"submit\" class=\"jet-form-builder__action-button-wrapper jet-form-builder__submit-wrap\">\n\t<button class=\"jet-form-builder__action-button jet-form-builder__submit submit-type-ajax\" type=\"submit\">ENVOYER<\/button>\n\t<\/div>\n\t\n<\/div>\t<div class=\"jet-form-builder-messages-wrap\" data-form-id=\"35722\"><\/div>\n<\/form>\n\t\t<\/div>\n\t\t\t\t<\/div>\n\t\t\t\t<\/div>\n\t\t<div class=\"elementor-element elementor-element-f603b40 e-con-full e-flex e-con e-child\" data-id=\"f603b40\" data-element_type=\"container\" data-settings=\"{&quot;jet_parallax_layout_list&quot;:[]}\">\n\t\t\t\t<div class=\"elementor-element elementor-element-3706cc4 elementor-widget elementor-widget-text-editor\" data-id=\"3706cc4\" data-element_type=\"widget\" data-widget_type=\"text-editor.default\">\n\t\t\t\t<div class=\"elementor-widget-container\">\n\t\t\t\t\t\t\t<p><em>Pour les <strong>questions techniques<\/strong>, la compatibilit\u00e9 des pi\u00e8ces ou les services sp\u00e9cifiques aux v\u00e9hicules r\u00e9cr\u00e9atifs, veuillez contacter directement votre <strong><a href=\"https:\/\/rvcare.ca\/fr\/concessionnaires\/\" target=\"_blank\" rel=\"noopener\">revendeur local RV Care<\/a>.<\/strong><\/em><\/p><p><em><strong>Pour plus d&rsquo;informations concernant un achat en ligne, veuillez envoyer un courriel \u00e0 RV Care:<\/strong><\/em>\u00a0<a href=\"mailto:shoprvcare@rvcare.ca\"><em><strong>shoprvcare@rvcare.ca<\/strong><\/em><\/a><\/p><p><em>Pour toute <strong>r\u00e9paration urgente,<\/strong> ne contactez pas RV Care directement, mais suivez nos <strong><a href=\"https:\/\/rvcare.ca\/fr\/ressources-mode-de-vie\/amateurs-vr\/service-reparation\/\" target=\"_blank\" rel=\"noopener\">directives de service en 6 \u00e9tapes.<\/a><\/strong><\/em><\/p><p><em>Pour toute autre demande, il vous suffit de remplir notre formulaire de <strong>prise de contact <\/strong>.<\/em><\/p><p><em><strong> RV Care Network Ltd.<\/strong><\/em><br \/><em><strong>777 rue de la Commune Ouest, Suite 220,<br \/>Montreal, QC<br \/>H3C 1Y1<\/strong><\/em><\/p>\t\t\t\t\t\t<\/div>\n\t\t\t\t<\/div>\n\t\t\t\t<div class=\"elementor-element elementor-element-ba0158f elementor-icon-list--layout-traditional elementor-list-item-link-full_width elementor-widget elementor-widget-icon-list\" data-id=\"ba0158f\" data-element_type=\"widget\" data-widget_type=\"icon-list.default\">\n\t\t\t\t<div class=\"elementor-widget-container\">\n\t\t\t\t\t<ul class=\"elementor-icon-list-items\">\n\t\t\t\t\t\t\t<li class=\"elementor-icon-list-item\">\n\t\t\t\t\t\t\t\t\t\t\t<a href=\"\/fr\/politique-confidentialite\/\">\n\n\t\t\t\t\t\t\t\t\t\t\t\t<span class=\"elementor-icon-list-icon\">\n\t\t\t\t\t\t\t<svg aria-hidden=\"true\" class=\"e-font-icon-svg e-fas-chevron-right\" viewBox=\"0 0 320 512\" xmlns=\"http:\/\/www.w3.org\/2000\/svg\"><path d=\"M285.476 272.971L91.132 467.314c-9.373 9.373-24.569 9.373-33.941 0l-22.667-22.667c-9.357-9.357-9.375-24.522-.04-33.901L188.505 256 34.484 101.255c-9.335-9.379-9.317-24.544.04-33.901l22.667-22.667c9.373-9.373 24.569-9.373 33.941 0L285.475 239.03c9.373 9.372 9.373 24.568.001 33.941z\"><\/path><\/svg>\t\t\t\t\t\t<\/span>\n\t\t\t\t\t\t\t\t\t\t<span class=\"elementor-icon-list-text\">Politique de Confidentialit\u00e9<\/span>\n\t\t\t\t\t\t\t\t\t\t\t<\/a>\n\t\t\t\t\t\t\t\t\t<\/li>\n\t\t\t\t\t\t\t\t<li class=\"elementor-icon-list-item\">\n\t\t\t\t\t\t\t\t\t\t\t<a href=\"\/fr\/termes-conditions\/\">\n\n\t\t\t\t\t\t\t\t\t\t\t\t<span class=\"elementor-icon-list-icon\">\n\t\t\t\t\t\t\t<svg aria-hidden=\"true\" class=\"e-font-icon-svg e-fas-chevron-right\" viewBox=\"0 0 320 512\" xmlns=\"http:\/\/www.w3.org\/2000\/svg\"><path d=\"M285.476 272.971L91.132 467.314c-9.373 9.373-24.569 9.373-33.941 0l-22.667-22.667c-9.357-9.357-9.375-24.522-.04-33.901L188.505 256 34.484 101.255c-9.335-9.379-9.317-24.544.04-33.901l22.667-22.667c9.373-9.373 24.569-9.373 33.941 0L285.475 239.03c9.373 9.372 9.373 24.568.001 33.941z\"><\/path><\/svg>\t\t\t\t\t\t<\/span>\n\t\t\t\t\t\t\t\t\t\t<span class=\"elementor-icon-list-text\">Livraisons et Retours<\/span>\n\t\t\t\t\t\t\t\t\t\t\t<\/a>\n\t\t\t\t\t\t\t\t\t<\/li>\n\t\t\t\t\t\t<\/ul>\n\t\t\t\t<\/div>\n\t\t\t\t<\/div>\n\t\t\t\t<\/div>\n\t\t\t\t\t<\/div>\n\t\t\t\t<\/div>\n\t\t\t\t<\/div>\n\t\t","protected":false},"excerpt":{"rendered":"<p>RV CARE CONTACTEZ-NOUS Pr\u00e9nom * Courriel * Nom * T\u00e9l\u00e9phone * Sujet * Message * Max. 300 caract\u00e8res ENVOYER Pour les questions techniques, la compatibilit\u00e9 des pi\u00e8ces ou les services sp\u00e9cifiques aux v\u00e9hicules r\u00e9cr\u00e9atifs, veuillez contacter directement votre revendeur local RV Care. Pour plus d&rsquo;informations concernant un achat en ligne, veuillez envoyer un courriel \u00e0 [&hellip;]<\/p>\n","protected":false},"author":990360,"featured_media":0,"parent":0,"menu_order":0,"comment_status":"closed","ping_status":"closed","template":"","meta":{"_glsr_average":0,"_glsr_ranking":0,"_glsr_reviews":0,"footnotes":""},"class_list":["post-6729","page","type-page","status-publish","hentry"],"_links":{"self":[{"href":"https:\/\/shop.rvcare.ca\/fr\/wp-json\/wp\/v2\/pages\/6729","targetHints":{"allow":["GET"]}}],"collection":[{"href":"https:\/\/shop.rvcare.ca\/fr\/wp-json\/wp\/v2\/pages"}],"about":[{"href":"https:\/\/shop.rvcare.ca\/fr\/wp-json\/wp\/v2\/types\/page"}],"author":[{"embeddable":true,"href":"https:\/\/shop.rvcare.ca\/fr\/wp-json\/wp\/v2\/users\/990360"}],"replies":[{"embeddable":true,"href":"https:\/\/shop.rvcare.ca\/fr\/wp-json\/wp\/v2\/comments?post=6729"}],"version-history":[{"count":0,"href":"https:\/\/shop.rvcare.ca\/fr\/wp-json\/wp\/v2\/pages\/6729\/revisions"}],"wp:attachment":[{"href":"https:\/\/shop.rvcare.ca\/fr\/wp-json\/wp\/v2\/media?parent=6729"}],"curies":[{"name":"wp","href":"https:\/\/api.w.org\/{rel}","templated":true}]}}