{"id":88166,"date":"2024-04-02T11:17:46","date_gmt":"2024-04-02T15:17:46","guid":{"rendered":"https:\/\/shop.rvcare.ca\/extra-mile-rewards\/"},"modified":"2025-02-04T09:18:34","modified_gmt":"2025-02-04T14:18:34","slug":"extra-mile-recompenses","status":"publish","type":"page","link":"https:\/\/shop.rvcare.ca\/fr\/extra-mile-recompenses\/","title":{"rendered":"Extra Mile R\u00e9compenses"},"content":{"rendered":"\t\t<div data-elementor-type=\"wp-page\" data-elementor-id=\"88166\" class=\"elementor elementor-88166 elementor-85198\" data-elementor-post-type=\"page\">\n\t\t\t\t<div class=\"elementor-element elementor-element-b31041c e-flex e-con-boxed e-con e-parent\" data-id=\"b31041c\" data-element_type=\"container\" data-settings=\"{&quot;jet_parallax_layout_list&quot;:[],&quot;background_background&quot;:&quot;classic&quot;}\">\n\t\t\t\t\t<div class=\"e-con-inner\">\n\t\t<div class=\"elementor-element elementor-element-0ea727a e-con-full e-flex e-con e-child\" data-id=\"0ea727a\" data-element_type=\"container\" data-settings=\"{&quot;background_background&quot;:&quot;classic&quot;,&quot;jet_parallax_layout_list&quot;:[]}\">\n\t\t\t\t<div class=\"elementor-element elementor-element-9f6af24 elementor-widget elementor-widget-image\" data-id=\"9f6af24\" data-element_type=\"widget\" data-settings=\"{&quot;_animation&quot;:&quot;none&quot;}\" data-widget_type=\"image.default\">\n\t\t\t\t<div class=\"elementor-widget-container\">\n\t\t\t\t\t\t\t\t\t\t\t\t\t<img fetchpriority=\"high\" decoding=\"async\" width=\"1492\" height=\"575\" src=\"https:\/\/shop.rvcare.ca\/wp-content\/uploads\/rvtc-le-choix-du-campeur-noir-fr-1.png\" class=\"attachment-full size-full wp-image-88257\" alt=\"\" srcset=\"https:\/\/shop.rvcare.ca\/wp-content\/uploads\/rvtc-le-choix-du-campeur-noir-fr-1.png 1492w, https:\/\/shop.rvcare.ca\/wp-content\/uploads\/rvtc-le-choix-du-campeur-noir-fr-1-300x116.png 300w, https:\/\/shop.rvcare.ca\/wp-content\/uploads\/rvtc-le-choix-du-campeur-noir-fr-1-1024x395.png 1024w, https:\/\/shop.rvcare.ca\/wp-content\/uploads\/rvtc-le-choix-du-campeur-noir-fr-1-768x296.png 768w\" sizes=\"(max-width: 1492px) 100vw, 1492px\" \/>\t\t\t\t\t\t\t\t\t\t\t\t\t<\/div>\n\t\t\t\t<\/div>\n\t\t\t\t<div class=\"elementor-element elementor-element-f6b767e elementor-widget elementor-widget-heading\" data-id=\"f6b767e\" data-element_type=\"widget\" data-widget_type=\"heading.default\">\n\t\t\t\t<div class=\"elementor-widget-container\">\n\t\t\t<h3 class=\"elementor-heading-title elementor-size-default\">Chez RV Care, nous pla\u00e7ons la barre plus haut avec notre programme exclusif de r\u00e9compenses Extra Mile.<\/h3>\t\t<\/div>\n\t\t\t\t<\/div>\n\t\t\t\t<div class=\"elementor-element elementor-element-4579d6b elementor-hidden-desktop elementor-hidden-laptop elementor-hidden-tablet_extra elementor-hidden-tablet elementor-widget elementor-widget-image\" data-id=\"4579d6b\" data-element_type=\"widget\" data-settings=\"{&quot;_animation&quot;:&quot;none&quot;}\" data-widget_type=\"image.default\">\n\t\t\t\t<div class=\"elementor-widget-container\">\n\t\t\t\t\t\t\t\t\t\t\t\t\t<img decoding=\"async\" width=\"491\" height=\"268\" src=\"https:\/\/shop.rvcare.ca\/wp-content\/uploads\/extraMILE-logo-1.png\" class=\"attachment-full size-full wp-image-84485\" alt=\"\" srcset=\"https:\/\/shop.rvcare.ca\/wp-content\/uploads\/extraMILE-logo-1.png 491w, https:\/\/shop.rvcare.ca\/wp-content\/uploads\/extraMILE-logo-1-300x164.png 300w\" sizes=\"(max-width: 491px) 100vw, 491px\" \/>\t\t\t\t\t\t\t\t\t\t\t\t\t<\/div>\n\t\t\t\t<\/div>\n\t\t\t\t<div class=\"elementor-element elementor-element-ac8617e elementor-widget-divider--separator-type-pattern elementor-widget-divider--view-line elementor-widget elementor-widget-divider\" data-id=\"ac8617e\" data-element_type=\"widget\" data-widget_type=\"divider.default\">\n\t\t\t\t<div class=\"elementor-widget-container\">\n\t\t\t\t\t<div class=\"elementor-divider\" style=\"--divider-pattern-url: url(&quot;data:image\/svg+xml,%3Csvg xmlns=&#039;http:\/\/www.w3.org\/2000\/svg&#039; preserveAspectRatio=&#039;none&#039; overflow=&#039;visible&#039; height=&#039;100%&#039; viewBox=&#039;0 0 20 16&#039; fill=&#039;none&#039; stroke=&#039;black&#039; stroke-width=&#039;1&#039; stroke-linecap=&#039;square&#039; stroke-miterlimit=&#039;10&#039;%3E%3Cg transform=&#039;translate(-12.000000, 0)&#039;%3E%3Cpath d=&#039;M28,0L10,18&#039;\/%3E%3Cpath d=&#039;M18,0L0,18&#039;\/%3E%3Cpath d=&#039;M48,0L30,18&#039;\/%3E%3Cpath d=&#039;M38,0L20,18&#039;\/%3E%3C\/g%3E%3C\/svg%3E&quot;);\">\n\t\t\t<span class=\"elementor-divider-separator\">\n\t\t\t\t\t\t<\/span>\n\t\t<\/div>\n\t\t\t\t<\/div>\n\t\t\t\t<\/div>\n\t\t\t\t<div class=\"elementor-element elementor-element-0601984 elementor-widget elementor-widget-text-editor\" data-id=\"0601984\" data-element_type=\"widget\" data-widget_type=\"text-editor.default\">\n\t\t\t\t<div class=\"elementor-widget-container\">\n\t\t\t\t\t\t\t<p>Quand vous magasinez pour des pi\u00e8ces et accessoires de VR, le choix est vaste. Mais comment faire le tri parmi toutes les promesses, la vari\u00e9t\u00e9 de produits et de prix ? Bref, \u00e0 qui pouvez-vous faire confiance ?<\/p><p>Le choix du campeur est la marque de produits camping con\u00e7us pour et par les concessionnaires RV Care. Vous aurez ainsi droit \u00e0 des produits de VR de qualit\u00e9 sup\u00e9rieure \u00e0 des prix raisonnables. De plus, vous pourrez aussi tirer avantage du syst\u00e8me de R\u00e9compenses Extra Mile.<\/p><p>En fin de compte, acheter les produits Le choix du campeur, c\u2019est intelligent !<\/p>\t\t\t\t\t\t<\/div>\n\t\t\t\t<\/div>\n\t\t<div class=\"elementor-element elementor-element-200b67a e-flex e-con-boxed e-con e-child\" data-id=\"200b67a\" data-element_type=\"container\" data-settings=\"{&quot;jet_parallax_layout_list&quot;:[]}\">\n\t\t\t\t\t<div class=\"e-con-inner\">\n\t\t\t\t<div class=\"elementor-element elementor-element-1efc57e elementor-widget__width-initial elementor-widget-tablet_extra__width-inherit elementor-hidden-mobile elementor-invisible elementor-widget elementor-widget-image\" data-id=\"1efc57e\" data-element_type=\"widget\" data-settings=\"{&quot;_animation&quot;:&quot;zoomInUp&quot;}\" data-widget_type=\"image.default\">\n\t\t\t\t<div class=\"elementor-widget-container\">\n\t\t\t\t\t\t\t\t\t\t\t\t\t<img decoding=\"async\" width=\"800\" height=\"593\" src=\"https:\/\/shop.rvcare.ca\/wp-content\/uploads\/extramile-fr-1024x759.png\" class=\"attachment-large size-large wp-image-87819\" alt=\"\" srcset=\"https:\/\/shop.rvcare.ca\/wp-content\/uploads\/extramile-fr-1024x759.png 1024w, https:\/\/shop.rvcare.ca\/wp-content\/uploads\/extramile-fr-300x222.png 300w, https:\/\/shop.rvcare.ca\/wp-content\/uploads\/extramile-fr-768x569.png 768w, https:\/\/shop.rvcare.ca\/wp-content\/uploads\/extramile-fr-1536x1139.png 1536w, https:\/\/shop.rvcare.ca\/wp-content\/uploads\/extramile-fr-1500x1112.png 1500w, https:\/\/shop.rvcare.ca\/wp-content\/uploads\/extramile-fr.png 1942w\" sizes=\"(max-width: 800px) 100vw, 800px\" \/>\t\t\t\t\t\t\t\t\t\t\t\t\t<\/div>\n\t\t\t\t<\/div>\n\t\t\t\t<div class=\"elementor-element elementor-element-ffda07d elementor-widget-tablet_extra__width-initial elementor-widget elementor-widget-video\" data-id=\"ffda07d\" data-element_type=\"widget\" data-settings=\"{&quot;video_type&quot;:&quot;vimeo&quot;,&quot;start&quot;:0,&quot;autoplay&quot;:&quot;yes&quot;}\" data-widget_type=\"video.default\">\n\t\t\t\t<div class=\"elementor-widget-container\">\n\t\t\t\t\t<div class=\"elementor-wrapper elementor-open-inline\">\n\t\t\t<iframe class=\"elementor-video-iframe\" allowfullscreen allow=\"autoplay\" title=\"Lecteur vid\u00e9o vimeo\" src=\"https:\/\/player.vimeo.com\/video\/931182617?autoplay=1&amp;color&amp;autopause=0&amp;loop=0&amp;muted=0&amp;title=1&amp;portrait=1&amp;byline=1#t=\"><\/iframe>\t\t<\/div>\n\t\t\t\t<\/div>\n\t\t\t\t<\/div>\n\t\t\t\t\t<\/div>\n\t\t\t\t<\/div>\n\t\t\t\t<\/div>\n\t\t\t\t\t<\/div>\n\t\t\t\t<\/div>\n\t\t<div class=\"elementor-element elementor-element-bf48f35 e-flex e-con-boxed e-con e-parent\" data-id=\"bf48f35\" data-element_type=\"container\" data-settings=\"{&quot;jet_parallax_layout_list&quot;:[]}\">\n\t\t\t\t\t<div class=\"e-con-inner\">\n\t\t<div class=\"elementor-element elementor-element-0f479e0 e-con-full e-flex e-con e-child\" data-id=\"0f479e0\" data-element_type=\"container\" data-settings=\"{&quot;jet_parallax_layout_list&quot;:[]}\">\n\t\t\t\t<div class=\"elementor-element elementor-element-8b47e6f elementor-widget elementor-widget-text-editor\" data-id=\"8b47e6f\" data-element_type=\"widget\" data-widget_type=\"text-editor.default\">\n\t\t\t\t<div class=\"elementor-widget-container\">\n\t\t\t\t\t\t\t<h4 class=\"p1\"><strong>Un Message <\/strong>\n<strong>du PDG<\/strong><\/h4>\n<h4 class=\"p2\">Une marque, c\u2019est plus qu\u2019un logo. C\u2019est une histoire, un lien de confiance.<\/h4>\t\t\t\t\t\t<\/div>\n\t\t\t\t<\/div>\n\t\t\t\t<\/div>\n\t\t<div class=\"elementor-element elementor-element-78ea015 e-con-full e-flex e-con e-child\" data-id=\"78ea015\" data-element_type=\"container\" data-settings=\"{&quot;jet_parallax_layout_list&quot;:[]}\">\n\t\t\t\t<div class=\"elementor-element elementor-element-4ba93fd elementor-widget elementor-widget-text-editor\" data-id=\"4ba93fd\" data-element_type=\"widget\" data-widget_type=\"text-editor.default\">\n\t\t\t\t<div class=\"elementor-widget-container\">\n\t\t\t\t\t\t\t<p>Avec le programme Extra Mile, on veut vous donner plus qu\u2019un produit \u2014 on veut vous offrir une tranquillit\u00e9 d\u2019esprit. Quand vous magasinez vos articles de VR, c\u2019est normal de vous demander o\u00f9 trouver qualit\u00e9 et confiance.<\/p><p>La r\u00e9ponse ? Simple : faites vos achats avec Le choix du campeur, disponible chez plus de 80 concessionnaires RV Care au Canada. En choisissant nos produits, vous profitez automatiquement de nos R\u00e9compenses Extra Mile, et ce, sans frais suppl\u00e9mentaires.<\/p><p>En gros, vous obtenez la m\u00eame pi\u00e8ce de qualit\u00e9 que vous pourriez trouver ailleurs, au m\u00eame bon prix, mais avec un petit plus : des \u00e9conomies concr\u00e8tes sur d\u2019autres articles essentiels, comme des batteries et des matelas.<\/p><p>Avec Le choix du campeur, on veut faire une vraie diff\u00e9rence pour vous, pas juste remplir un rayon. On est l\u00e0 pour vous accompagner dans chacune de vos aventures.<\/p><p>Pr\u00eats pour la route ?<\/p>\t\t\t\t\t\t<\/div>\n\t\t\t\t<\/div>\n\t\t\t\t<\/div>\n\t\t<div class=\"elementor-element elementor-element-d0c565f e-con-full e-flex e-con e-child\" data-id=\"d0c565f\" data-element_type=\"container\" data-settings=\"{&quot;jet_parallax_layout_list&quot;:[]}\">\n\t\t\t\t<div class=\"elementor-element elementor-element-db8f476 elementor-widget elementor-widget-image\" data-id=\"db8f476\" data-element_type=\"widget\" data-widget_type=\"image.default\">\n\t\t\t\t<div class=\"elementor-widget-container\">\n\t\t\t\t\t\t\t\t\t\t\t\t\t<img loading=\"lazy\" decoding=\"async\" width=\"683\" height=\"745\" src=\"https:\/\/shop.rvcare.ca\/wp-content\/uploads\/derek.png\" class=\"attachment-large size-large wp-image-84202\" alt=\"\" srcset=\"https:\/\/shop.rvcare.ca\/wp-content\/uploads\/derek.png 683w, https:\/\/shop.rvcare.ca\/wp-content\/uploads\/derek-275x300.png 275w\" sizes=\"(max-width: 683px) 100vw, 683px\" \/>\t\t\t\t\t\t\t\t\t\t\t\t\t<\/div>\n\t\t\t\t<\/div>\n\t\t<div class=\"elementor-element elementor-element-7028c22 e-con-full e-flex e-con e-child\" data-id=\"7028c22\" data-element_type=\"container\" data-settings=\"{&quot;jet_parallax_layout_list&quot;:[]}\">\n\t\t\t\t<div class=\"elementor-element elementor-element-4cffc89 elementor-widget__width-initial elementor-widget elementor-widget-image\" data-id=\"4cffc89\" data-element_type=\"widget\" data-widget_type=\"image.default\">\n\t\t\t\t<div class=\"elementor-widget-container\">\n\t\t\t\t\t\t\t\t\t\t\t\t\t<img loading=\"lazy\" decoding=\"async\" width=\"268\" height=\"244\" src=\"https:\/\/shop.rvcare.ca\/wp-content\/uploads\/Capture-decran-le-2024-04-08-a-16.00.15.png\" class=\"attachment-full size-full wp-image-87295\" alt=\"\" \/>\t\t\t\t\t\t\t\t\t\t\t\t\t<\/div>\n\t\t\t\t<\/div>\n\t\t\t\t<div class=\"elementor-element elementor-element-364def6 elementor-widget elementor-widget-text-editor\" data-id=\"364def6\" data-element_type=\"widget\" data-widget_type=\"text-editor.default\">\n\t\t\t\t<div class=\"elementor-widget-container\">\n\t\t\t\t\t\t\t<p>Derek Paterson <br \/>PDG<br \/>RV Care Network Ltd.<\/p>\t\t\t\t\t\t<\/div>\n\t\t\t\t<\/div>\n\t\t\t\t<\/div>\n\t\t\t\t<\/div>\n\t\t\t\t\t<\/div>\n\t\t\t\t<\/div>\n\t\t<div class=\"elementor-element elementor-element-aaef483 e-flex e-con-boxed e-con e-parent\" data-id=\"aaef483\" data-element_type=\"container\" data-settings=\"{&quot;jet_parallax_layout_list&quot;:[],&quot;shape_divider_top&quot;:&quot;arrow&quot;}\">\n\t\t\t\t\t<div class=\"e-con-inner\">\n\t\t\t\t<div class=\"elementor-shape elementor-shape-top\" data-negative=\"false\">\n\t\t\t<svg xmlns=\"http:\/\/www.w3.org\/2000\/svg\" viewBox=\"0 0 700 10\" preserveAspectRatio=\"none\">\n\t<path class=\"elementor-shape-fill\" d=\"M350,10L340,0h20L350,10z\"\/>\n<\/svg>\t\t<\/div>\n\t\t\t\t<div class=\"elementor-element elementor-element-2058f87 elementor-widget__width-initial elementor-widget-mobile__width-initial elementor-view-default elementor-position-top elementor-mobile-position-top elementor-widget elementor-widget-icon-box\" data-id=\"2058f87\" data-element_type=\"widget\" data-widget_type=\"icon-box.default\">\n\t\t\t\t<div class=\"elementor-widget-container\">\n\t\t\t\t\t<div class=\"elementor-icon-box-wrapper\">\n\n\t\t\t\t\t\t<div class=\"elementor-icon-box-icon\">\n\t\t\t\t<span  class=\"elementor-icon elementor-animation-pulse\">\n\t\t\t\t<svg aria-hidden=\"true\" class=\"e-font-icon-svg e-fas-certificate\" viewBox=\"0 0 512 512\" xmlns=\"http:\/\/www.w3.org\/2000\/svg\"><path d=\"M458.622 255.92l45.985-45.005c13.708-12.977 7.316-36.039-10.664-40.339l-62.65-15.99 17.661-62.015c4.991-17.838-11.829-34.663-29.661-29.671l-61.994 17.667-15.984-62.671C337.085.197 313.765-6.276 300.99 7.228L256 53.57 211.011 7.229c-12.63-13.351-36.047-7.234-40.325 10.668l-15.984 62.671-61.995-17.667C74.87 57.907 58.056 74.738 63.046 92.572l17.661 62.015-62.65 15.99C.069 174.878-6.31 197.944 7.392 210.915l45.985 45.005-45.985 45.004c-13.708 12.977-7.316 36.039 10.664 40.339l62.65 15.99-17.661 62.015c-4.991 17.838 11.829 34.663 29.661 29.671l61.994-17.667 15.984 62.671c4.439 18.575 27.696 24.018 40.325 10.668L256 458.61l44.989 46.001c12.5 13.488 35.987 7.486 40.325-10.668l15.984-62.671 61.994 17.667c17.836 4.994 34.651-11.837 29.661-29.671l-17.661-62.015 62.65-15.99c17.987-4.302 24.366-27.367 10.664-40.339l-45.984-45.004z\"><\/path><\/svg>\t\t\t\t<\/span>\n\t\t\t<\/div>\n\t\t\t\n\t\t\t\t\t\t<div class=\"elementor-icon-box-content\">\n\n\t\t\t\t\t\t\t\t\t<h3 class=\"elementor-icon-box-title\">\n\t\t\t\t\t\t<span  >\n\t\t\t\t\t\t\t Garantie de 2 ANS\t\t\t\t\t\t<\/span>\n\t\t\t\t\t<\/h3>\n\t\t\t\t\n\t\t\t\t\t\t\t\t\t<p class=\"elementor-icon-box-description\">\n\t\t\t\t\t\tSur tous les produits RVTC*\t\t\t\t\t<\/p>\n\t\t\t\t\n\t\t\t<\/div>\n\t\t\t\n\t\t<\/div>\n\t\t\t\t<\/div>\n\t\t\t\t<\/div>\n\t\t\t\t<div class=\"elementor-element elementor-element-36af5d7 elementor-widget elementor-widget-spacer\" data-id=\"36af5d7\" data-element_type=\"widget\" data-widget_type=\"spacer.default\">\n\t\t\t\t<div class=\"elementor-widget-container\">\n\t\t\t\t\t<div class=\"elementor-spacer\">\n\t\t\t<div class=\"elementor-spacer-inner\"><\/div>\n\t\t<\/div>\n\t\t\t\t<\/div>\n\t\t\t\t<\/div>\n\t\t\t\t<div class=\"elementor-element elementor-element-6b03bea elementor-widget__width-initial elementor-widget-mobile__width-initial elementor-view-default elementor-position-top elementor-mobile-position-top elementor-widget elementor-widget-icon-box\" data-id=\"6b03bea\" data-element_type=\"widget\" data-widget_type=\"icon-box.default\">\n\t\t\t\t<div class=\"elementor-widget-container\">\n\t\t\t\t\t<div class=\"elementor-icon-box-wrapper\">\n\n\t\t\t\t\t\t<div class=\"elementor-icon-box-icon\">\n\t\t\t\t<span  class=\"elementor-icon elementor-animation-pulse\">\n\t\t\t\t<svg aria-hidden=\"true\" class=\"e-font-icon-svg e-fas-money-check-alt\" viewBox=\"0 0 640 512\" xmlns=\"http:\/\/www.w3.org\/2000\/svg\"><path d=\"M608 32H32C14.33 32 0 46.33 0 64v384c0 17.67 14.33 32 32 32h576c17.67 0 32-14.33 32-32V64c0-17.67-14.33-32-32-32zM176 327.88V344c0 4.42-3.58 8-8 8h-16c-4.42 0-8-3.58-8-8v-16.29c-11.29-.58-22.27-4.52-31.37-11.35-3.9-2.93-4.1-8.77-.57-12.14l11.75-11.21c2.77-2.64 6.89-2.76 10.13-.73 3.87 2.42 8.26 3.72 12.82 3.72h28.11c6.5 0 11.8-5.92 11.8-13.19 0-5.95-3.61-11.19-8.77-12.73l-45-13.5c-18.59-5.58-31.58-23.42-31.58-43.39 0-24.52 19.05-44.44 42.67-45.07V152c0-4.42 3.58-8 8-8h16c4.42 0 8 3.58 8 8v16.29c11.29.58 22.27 4.51 31.37 11.35 3.9 2.93 4.1 8.77.57 12.14l-11.75 11.21c-2.77 2.64-6.89 2.76-10.13.73-3.87-2.43-8.26-3.72-12.82-3.72h-28.11c-6.5 0-11.8 5.92-11.8 13.19 0 5.95 3.61 11.19 8.77 12.73l45 13.5c18.59 5.58 31.58 23.42 31.58 43.39 0 24.53-19.05 44.44-42.67 45.07zM416 312c0 4.42-3.58 8-8 8H296c-4.42 0-8-3.58-8-8v-16c0-4.42 3.58-8 8-8h112c4.42 0 8 3.58 8 8v16zm160 0c0 4.42-3.58 8-8 8h-80c-4.42 0-8-3.58-8-8v-16c0-4.42 3.58-8 8-8h80c4.42 0 8 3.58 8 8v16zm0-96c0 4.42-3.58 8-8 8H296c-4.42 0-8-3.58-8-8v-16c0-4.42 3.58-8 8-8h272c4.42 0 8 3.58 8 8v16z\"><\/path><\/svg>\t\t\t\t<\/span>\n\t\t\t<\/div>\n\t\t\t\n\t\t\t\t\t\t<div class=\"elementor-icon-box-content\">\n\n\t\t\t\t\t\t\t\t\t<h3 class=\"elementor-icon-box-title\">\n\t\t\t\t\t\t<span  >\n\t\t\t\t\t\t\tREMISE DE 20$\t\t\t\t\t\t<\/span>\n\t\t\t\t\t<\/h3>\n\t\t\t\t\n\t\t\t\t\t\t\t\t\t<p class=\"elementor-icon-box-description\">\n\t\t\t\t\t\tSur l'achat<br> d'une batterie RVTC\t\t\t\t\t<\/p>\n\t\t\t\t\n\t\t\t<\/div>\n\t\t\t\n\t\t<\/div>\n\t\t\t\t<\/div>\n\t\t\t\t<\/div>\n\t\t\t\t<div class=\"elementor-element elementor-element-73c1b8b elementor-widget elementor-widget-spacer\" data-id=\"73c1b8b\" data-element_type=\"widget\" data-widget_type=\"spacer.default\">\n\t\t\t\t<div class=\"elementor-widget-container\">\n\t\t\t\t\t<div class=\"elementor-spacer\">\n\t\t\t<div class=\"elementor-spacer-inner\"><\/div>\n\t\t<\/div>\n\t\t\t\t<\/div>\n\t\t\t\t<\/div>\n\t\t\t\t<div class=\"elementor-element elementor-element-bdceb31 elementor-widget__width-initial elementor-widget-mobile__width-initial elementor-view-default elementor-position-top elementor-mobile-position-top elementor-widget elementor-widget-icon-box\" data-id=\"bdceb31\" data-element_type=\"widget\" data-widget_type=\"icon-box.default\">\n\t\t\t\t<div class=\"elementor-widget-container\">\n\t\t\t\t\t<div class=\"elementor-icon-box-wrapper\">\n\n\t\t\t\t\t\t<div class=\"elementor-icon-box-icon\">\n\t\t\t\t<span  class=\"elementor-icon elementor-animation-pulse\">\n\t\t\t\t<svg aria-hidden=\"true\" class=\"e-font-icon-svg e-fas-money-check-alt\" viewBox=\"0 0 640 512\" xmlns=\"http:\/\/www.w3.org\/2000\/svg\"><path d=\"M608 32H32C14.33 32 0 46.33 0 64v384c0 17.67 14.33 32 32 32h576c17.67 0 32-14.33 32-32V64c0-17.67-14.33-32-32-32zM176 327.88V344c0 4.42-3.58 8-8 8h-16c-4.42 0-8-3.58-8-8v-16.29c-11.29-.58-22.27-4.52-31.37-11.35-3.9-2.93-4.1-8.77-.57-12.14l11.75-11.21c2.77-2.64 6.89-2.76 10.13-.73 3.87 2.42 8.26 3.72 12.82 3.72h28.11c6.5 0 11.8-5.92 11.8-13.19 0-5.95-3.61-11.19-8.77-12.73l-45-13.5c-18.59-5.58-31.58-23.42-31.58-43.39 0-24.52 19.05-44.44 42.67-45.07V152c0-4.42 3.58-8 8-8h16c4.42 0 8 3.58 8 8v16.29c11.29.58 22.27 4.51 31.37 11.35 3.9 2.93 4.1 8.77.57 12.14l-11.75 11.21c-2.77 2.64-6.89 2.76-10.13.73-3.87-2.43-8.26-3.72-12.82-3.72h-28.11c-6.5 0-11.8 5.92-11.8 13.19 0 5.95 3.61 11.19 8.77 12.73l45 13.5c18.59 5.58 31.58 23.42 31.58 43.39 0 24.53-19.05 44.44-42.67 45.07zM416 312c0 4.42-3.58 8-8 8H296c-4.42 0-8-3.58-8-8v-16c0-4.42 3.58-8 8-8h112c4.42 0 8 3.58 8 8v16zm160 0c0 4.42-3.58 8-8 8h-80c-4.42 0-8-3.58-8-8v-16c0-4.42 3.58-8 8-8h80c4.42 0 8 3.58 8 8v16zm0-96c0 4.42-3.58 8-8 8H296c-4.42 0-8-3.58-8-8v-16c0-4.42 3.58-8 8-8h272c4.42 0 8 3.58 8 8v16z\"><\/path><\/svg>\t\t\t\t<\/span>\n\t\t\t<\/div>\n\t\t\t\n\t\t\t\t\t\t<div class=\"elementor-icon-box-content\">\n\n\t\t\t\t\t\t\t\t\t<h3 class=\"elementor-icon-box-title\">\n\t\t\t\t\t\t<span  >\n\t\t\t\t\t\t\tREMISE DE 50$\t\t\t\t\t\t<\/span>\n\t\t\t\t\t<\/h3>\n\t\t\t\t\n\t\t\t\t\t\t\t\t\t<p class=\"elementor-icon-box-description\">\n\t\t\t\t\t\tSur l'achat <br>d'un matelas RVTC\t\t\t\t\t<\/p>\n\t\t\t\t\n\t\t\t<\/div>\n\t\t\t\n\t\t<\/div>\n\t\t\t\t<\/div>\n\t\t\t\t<\/div>\n\t\t\t\t<div class=\"elementor-element elementor-element-39f0a39 elementor-widget elementor-widget-spacer\" data-id=\"39f0a39\" data-element_type=\"widget\" data-widget_type=\"spacer.default\">\n\t\t\t\t<div class=\"elementor-widget-container\">\n\t\t\t\t\t<div class=\"elementor-spacer\">\n\t\t\t<div class=\"elementor-spacer-inner\"><\/div>\n\t\t<\/div>\n\t\t\t\t<\/div>\n\t\t\t\t<\/div>\n\t\t\t\t<div class=\"elementor-element elementor-element-e5ea0b6 elementor-widget__width-initial elementor-widget-mobile__width-initial elementor-view-default elementor-position-top elementor-mobile-position-top elementor-widget elementor-widget-icon-box\" data-id=\"e5ea0b6\" data-element_type=\"widget\" data-widget_type=\"icon-box.default\">\n\t\t\t\t<div class=\"elementor-widget-container\">\n\t\t\t\t\t<div class=\"elementor-icon-box-wrapper\">\n\n\t\t\t\t\t\t<div class=\"elementor-icon-box-icon\">\n\t\t\t\t<span  class=\"elementor-icon elementor-animation-pulse\">\n\t\t\t\t<svg aria-hidden=\"true\" class=\"e-font-icon-svg e-fas-percentage\" viewBox=\"0 0 384 512\" xmlns=\"http:\/\/www.w3.org\/2000\/svg\"><path d=\"M109.25 173.25c24.99-24.99 24.99-65.52 0-90.51-24.99-24.99-65.52-24.99-90.51 0-24.99 24.99-24.99 65.52 0 90.51 25 25 65.52 25 90.51 0zm256 165.49c-24.99-24.99-65.52-24.99-90.51 0-24.99 24.99-24.99 65.52 0 90.51 24.99 24.99 65.52 24.99 90.51 0 25-24.99 25-65.51 0-90.51zm-1.94-231.43l-22.62-22.62c-12.5-12.5-32.76-12.5-45.25 0L20.69 359.44c-12.5 12.5-12.5 32.76 0 45.25l22.62 22.62c12.5 12.5 32.76 12.5 45.25 0l274.75-274.75c12.5-12.49 12.5-32.75 0-45.25z\"><\/path><\/svg>\t\t\t\t<\/span>\n\t\t\t<\/div>\n\t\t\t\n\t\t\t\t\t\t<div class=\"elementor-icon-box-content\">\n\n\t\t\t\t\t\t\t\t\t<h3 class=\"elementor-icon-box-title\">\n\t\t\t\t\t\t<span  >\n\t\t\t\t\t\t\t10% DE RABAIS\t\t\t\t\t\t<\/span>\n\t\t\t\t\t<\/h3>\n\t\t\t\t\n\t\t\t\t\t\t\t\t\t<p class=\"elementor-icon-box-description\">\n\t\t\t\t\t\tSur tous les produits achet\u00e9s sur shop.rvcare.ca\t\t\t\t\t<\/p>\n\t\t\t\t\n\t\t\t<\/div>\n\t\t\t\n\t\t<\/div>\n\t\t\t\t<\/div>\n\t\t\t\t<\/div>\n\t\t\t\t\t<\/div>\n\t\t\t\t<\/div>\n\t\t<div class=\"elementor-element elementor-element-f1e7c7b e-flex e-con-boxed e-con e-parent\" data-id=\"f1e7c7b\" data-element_type=\"container\" data-settings=\"{&quot;background_background&quot;:&quot;classic&quot;,&quot;jet_parallax_layout_list&quot;:[]}\">\n\t\t\t\t\t<div class=\"e-con-inner\">\n\t\t\t\t\t<\/div>\n\t\t\t\t<\/div>\n\t\t\t\t<\/div>\n\t\t","protected":false},"excerpt":{"rendered":"<p>Chez RV Care, nous pla\u00e7ons la barre plus haut avec notre programme exclusif de r\u00e9compenses Extra Mile. Quand vous magasinez pour des pi\u00e8ces et accessoires de VR, le choix est vaste. Mais comment faire le tri parmi toutes les promesses, la vari\u00e9t\u00e9 de produits et de prix ? Bref, \u00e0 qui pouvez-vous faire confiance ? [&hellip;]<\/p>\n","protected":false},"author":990166,"featured_media":0,"parent":0,"menu_order":0,"comment_status":"closed","ping_status":"closed","template":"","meta":{"_glsr_average":0,"_glsr_ranking":0,"_glsr_reviews":0,"footnotes":""},"class_list":["post-88166","page","type-page","status-publish","hentry"],"_links":{"self":[{"href":"https:\/\/shop.rvcare.ca\/fr\/wp-json\/wp\/v2\/pages\/88166","targetHints":{"allow":["GET"]}}],"collection":[{"href":"https:\/\/shop.rvcare.ca\/fr\/wp-json\/wp\/v2\/pages"}],"about":[{"href":"https:\/\/shop.rvcare.ca\/fr\/wp-json\/wp\/v2\/types\/page"}],"author":[{"embeddable":true,"href":"https:\/\/shop.rvcare.ca\/fr\/wp-json\/wp\/v2\/users\/990166"}],"replies":[{"embeddable":true,"href":"https:\/\/shop.rvcare.ca\/fr\/wp-json\/wp\/v2\/comments?post=88166"}],"version-history":[{"count":0,"href":"https:\/\/shop.rvcare.ca\/fr\/wp-json\/wp\/v2\/pages\/88166\/revisions"}],"wp:attachment":[{"href":"https:\/\/shop.rvcare.ca\/fr\/wp-json\/wp\/v2\/media?parent=88166"}],"curies":[{"name":"wp","href":"https:\/\/api.w.org\/{rel}","templated":true}]}}