{"id":88168,"date":"2024-04-03T17:10:21","date_gmt":"2024-04-03T21:10:21","guid":{"rendered":"https:\/\/shop.rvcare.ca\/2-year-warranty\/"},"modified":"2024-04-10T14:08:02","modified_gmt":"2024-04-10T18:08:02","slug":"2-ans-garantie","status":"publish","type":"page","link":"https:\/\/shop.rvcare.ca\/fr\/2-ans-garantie\/","title":{"rendered":"2 ans Garantie"},"content":{"rendered":"\t\t<div data-elementor-type=\"wp-page\" data-elementor-id=\"88168\" class=\"elementor elementor-88168 elementor-85892\" data-elementor-post-type=\"page\">\n\t\t\t\t<div class=\"elementor-element elementor-element-e6e698f e-con-full e-flex e-con e-parent\" data-id=\"e6e698f\" data-element_type=\"container\" data-settings=\"{&quot;jet_parallax_layout_list&quot;:[],&quot;shape_divider_top&quot;:&quot;arrow&quot;}\">\n\t\t\t\t<div class=\"elementor-shape elementor-shape-top\" data-negative=\"false\">\n\t\t\t<svg xmlns=\"http:\/\/www.w3.org\/2000\/svg\" viewBox=\"0 0 700 10\" preserveAspectRatio=\"none\">\n\t<path class=\"elementor-shape-fill\" d=\"M350,10L340,0h20L350,10z\"\/>\n<\/svg>\t\t<\/div>\n\t\t<div class=\"elementor-element elementor-element-6e24aa8 e-flex e-con-boxed e-con e-child\" data-id=\"6e24aa8\" data-element_type=\"container\" data-settings=\"{&quot;jet_parallax_layout_list&quot;:[]}\">\n\t\t\t\t\t<div class=\"e-con-inner\">\n\t\t<div class=\"elementor-element elementor-element-33fdb77 e-con-full e-flex e-con e-child\" data-id=\"33fdb77\" data-element_type=\"container\" data-settings=\"{&quot;jet_parallax_layout_list&quot;:[]}\">\n\t\t\t\t<div class=\"elementor-element elementor-element-b6436fd elementor-widget elementor-widget-heading\" data-id=\"b6436fd\" data-element_type=\"widget\" data-widget_type=\"heading.default\">\n\t\t\t\t<div class=\"elementor-widget-container\">\n\t\t\t<h2 class=\"elementor-heading-title elementor-size-default\">Le choix du Campeur<br>en VR<\/h2>\t\t<\/div>\n\t\t\t\t<\/div>\n\t\t\t\t<div class=\"elementor-element elementor-element-ff9f3ef elementor-invisible elementor-widget elementor-widget-image\" data-id=\"ff9f3ef\" data-element_type=\"widget\" data-settings=\"{&quot;_animation&quot;:&quot;zoomInUp&quot;}\" data-widget_type=\"image.default\">\n\t\t\t\t<div class=\"elementor-widget-container\">\n\t\t\t\t\t\t\t\t\t\t\t\t\t<img fetchpriority=\"high\" decoding=\"async\" width=\"756\" height=\"401\" src=\"https:\/\/shop.rvcare.ca\/wp-content\/uploads\/extraMILE.png\" class=\"attachment-full size-full wp-image-85241\" alt=\"\" srcset=\"https:\/\/shop.rvcare.ca\/wp-content\/uploads\/extraMILE.png 756w, https:\/\/shop.rvcare.ca\/wp-content\/uploads\/extraMILE-300x159.png 300w\" sizes=\"(max-width: 756px) 100vw, 756px\" \/>\t\t\t\t\t\t\t\t\t\t\t\t\t<\/div>\n\t\t\t\t<\/div>\n\t\t\t\t<div class=\"elementor-element elementor-element-3caf96e elementor-widget elementor-widget-heading\" data-id=\"3caf96e\" data-element_type=\"widget\" data-widget_type=\"heading.default\">\n\t\t\t\t<div class=\"elementor-widget-container\">\n\t\t\t<h2 class=\"elementor-heading-title elementor-size-default\">Programme de r\u00e9compenses<\/h2>\t\t<\/div>\n\t\t\t\t<\/div>\n\t\t\t\t<\/div>\n\t\t\t\t\t<\/div>\n\t\t\t\t<\/div>\n\t\t\t\t<\/div>\n\t\t<div class=\"elementor-element elementor-element-462ac5e e-flex e-con-boxed e-con e-parent\" data-id=\"462ac5e\" data-element_type=\"container\" data-settings=\"{&quot;jet_parallax_layout_list&quot;:[]}\">\n\t\t\t\t\t<div class=\"e-con-inner\">\n\t\t<div class=\"elementor-element elementor-element-09ad838 e-flex e-con-boxed e-con e-child\" data-id=\"09ad838\" data-element_type=\"container\" data-settings=\"{&quot;jet_parallax_layout_list&quot;:[]}\">\n\t\t\t\t\t<div class=\"e-con-inner\">\n\t\t<div class=\"elementor-element elementor-element-d0dc133 e-con-full e-flex e-con e-child\" data-id=\"d0dc133\" data-element_type=\"container\" data-settings=\"{&quot;jet_parallax_layout_list&quot;:[]}\">\n\t\t\t\t<div class=\"elementor-element elementor-element-ecfe3c6 elementor-view-default elementor-position-top elementor-mobile-position-top elementor-widget elementor-widget-icon-box\" data-id=\"ecfe3c6\" data-element_type=\"widget\" data-widget_type=\"icon-box.default\">\n\t\t\t\t<div class=\"elementor-widget-container\">\n\t\t\t\t\t<div class=\"elementor-icon-box-wrapper\">\n\n\t\t\t\t\t\t<div class=\"elementor-icon-box-icon\">\n\t\t\t\t<span  class=\"elementor-icon elementor-animation-pulse\">\n\t\t\t\t<svg aria-hidden=\"true\" class=\"e-font-icon-svg e-fas-certificate\" viewBox=\"0 0 512 512\" xmlns=\"http:\/\/www.w3.org\/2000\/svg\"><path d=\"M458.622 255.92l45.985-45.005c13.708-12.977 7.316-36.039-10.664-40.339l-62.65-15.99 17.661-62.015c4.991-17.838-11.829-34.663-29.661-29.671l-61.994 17.667-15.984-62.671C337.085.197 313.765-6.276 300.99 7.228L256 53.57 211.011 7.229c-12.63-13.351-36.047-7.234-40.325 10.668l-15.984 62.671-61.995-17.667C74.87 57.907 58.056 74.738 63.046 92.572l17.661 62.015-62.65 15.99C.069 174.878-6.31 197.944 7.392 210.915l45.985 45.005-45.985 45.004c-13.708 12.977-7.316 36.039 10.664 40.339l62.65 15.99-17.661 62.015c-4.991 17.838 11.829 34.663 29.661 29.671l61.994-17.667 15.984 62.671c4.439 18.575 27.696 24.018 40.325 10.668L256 458.61l44.989 46.001c12.5 13.488 35.987 7.486 40.325-10.668l15.984-62.671 61.994 17.667c17.836 4.994 34.651-11.837 29.661-29.671l-17.661-62.015 62.65-15.99c17.987-4.302 24.366-27.367 10.664-40.339l-45.984-45.004z\"><\/path><\/svg>\t\t\t\t<\/span>\n\t\t\t<\/div>\n\t\t\t\n\t\t\t\t\t\t<div class=\"elementor-icon-box-content\">\n\n\t\t\t\t\t\t\t\t\t<h3 class=\"elementor-icon-box-title\">\n\t\t\t\t\t\t<span  >\n\t\t\t\t\t\t\tGARANTIE DE 2 ANS\t\t\t\t\t\t<\/span>\n\t\t\t\t\t<\/h3>\n\t\t\t\t\n\t\t\t\t\t\t\t\t\t<p class=\"elementor-icon-box-description\">\n\t\t\t\t\t\tSUR TOUS LES PRODUITS CHOIX DU CAMPEUR EN VR*\t\t\t\t\t<\/p>\n\t\t\t\t\n\t\t\t<\/div>\n\t\t\t\n\t\t<\/div>\n\t\t\t\t<\/div>\n\t\t\t\t<\/div>\n\t\t\t\t<\/div>\n\t\t<div class=\"elementor-element elementor-element-d6cf1bd e-con-full e-flex e-con e-child\" data-id=\"d6cf1bd\" data-element_type=\"container\" data-settings=\"{&quot;jet_parallax_layout_list&quot;:[]}\">\n\t\t\t\t<div class=\"elementor-element elementor-element-ce3d97e elementor-widget elementor-widget-text-editor\" data-id=\"ce3d97e\" data-element_type=\"widget\" data-widget_type=\"text-editor.default\">\n\t\t\t\t<div class=\"elementor-widget-container\">\n\t\t\t\t\t\t\t<p>Garantie de 2 ans &#8211; Tous les produits sont assortis d&rsquo;une garantie du fabricant. Le d\u00e9fi consiste \u00e0 g\u00e9rer les couvertures de garantie et les conditions de chaque produit, car ils pr\u00e9sentent des couvertures et des proc\u00e9dures diff\u00e9rentes. Le plan de garantie de 2 ans de Choix du Campeur en VR R\u00e9compenses Extra Mile simplifie cette certaine confusion. Deux ans apr\u00e8s la date d&rsquo;achat du produit Choix du Campeur en VR, si vous rencontrez une panne m\u00e9canique ou un probl\u00e8me li\u00e9 \u00e0 un d\u00e9faut du fabricant, vous vous rendez chez votre concessionnaire RV Care pour obtenir la r\u00e9solution de la garantie R\u00e9compenses Choix du Campeur en VR ou vous nous soumettez directement un formulaire de r\u00e9clamation en ligne (voir les proc\u00e9dures de r\u00e9clamation ci-dessous). (Voir les proc\u00e9dures de r\u00e9clamation ci-dessous). Votre facture de concessionnaire RV Care est votre preuve d&rsquo;achat du produit pour la validation de la garantie de r\u00e9compenses de deux ans. Nous vous recommandons de num\u00e9riser votre facture du concessionnaire RV Care et de la t\u00e9l\u00e9charger ici (voir num\u00e9riser votre facture ci-dessous) pour la conserver, car elle vous sera demand\u00e9e si vous avez un probl\u00e8me avec un produit Choix du Campeur en VR.<\/p><p><br \/>\u00c0 mesure que vous achetez d&rsquo;autres produits Choix du Campeur en VR, vous pouvez b\u00e9n\u00e9ficier de l&rsquo;ajout de notre garantie R\u00e9compenses Extra Mile de deux ans sur le(s) nouveau(x) produit(s). C&rsquo;est tr\u00e8s simple. Cliquez sur AJOUTER d&rsquo;autres produits Choix du Campeur en VR et suivez les instructions.<\/p>\t\t\t\t\t\t<\/div>\n\t\t\t\t<\/div>\n\t\t<div class=\"elementor-element elementor-element-54ac289 e-flex e-con-boxed e-con e-child\" data-id=\"54ac289\" data-element_type=\"container\" data-settings=\"{&quot;jet_parallax_layout_list&quot;:[]}\">\n\t\t\t\t\t<div class=\"e-con-inner\">\n\t\t\t\t<div class=\"elementor-element elementor-element-614279f elementor-widget elementor-widget-jet-button\" data-id=\"614279f\" data-element_type=\"widget\" data-widget_type=\"jet-button.default\">\n\t\t\t\t<div class=\"elementor-widget-container\">\n\t\t\t<div class=\"elementor-jet-button jet-elements\"><div class=\"jet-button__container\">\n\t<a class=\"jet-button__instance jet-button__instance--icon-left hover-effect-1\" href=\"https:\/\/shop.rvcare.ca\/fr\/claim-procedures\/\">\n\t\t<div class=\"jet-button__plane jet-button__plane-normal\"><\/div>\n\t\t<div class=\"jet-button__plane jet-button__plane-hover\"><\/div>\n\t\t<div class=\"jet-button__state jet-button__state-normal\">\n\t\t\t<span class=\"jet-button__label\">Proc\u00e9dures de r\u00e9clamation<\/span>\t\t<\/div>\n\t\t<div class=\"jet-button__state jet-button__state-hover\">\n\t\t\t<span class=\"jet-button__label\">Proc\u00e9dures de r\u00e9clamation<\/span>\t\t<\/div>\n\t<\/a>\n<\/div>\n<\/div>\t\t<\/div>\n\t\t\t\t<\/div>\n\t\t\t\t<div class=\"elementor-element elementor-element-fdf0879 elementor-widget elementor-widget-jet-button\" data-id=\"fdf0879\" data-element_type=\"widget\" data-widget_type=\"jet-button.default\">\n\t\t\t\t<div class=\"elementor-widget-container\">\n\t\t\t<div class=\"elementor-jet-button jet-elements\"><div class=\"jet-button__container\">\n\t<a class=\"jet-button__instance jet-button__instance--icon-left hover-effect-1\" href=\"https:\/\/shop.rvcare.ca\/fr\/claim-procedures#scan\">\n\t\t<div class=\"jet-button__plane jet-button__plane-normal\"><\/div>\n\t\t<div class=\"jet-button__plane jet-button__plane-hover\"><\/div>\n\t\t<div class=\"jet-button__state jet-button__state-normal\">\n\t\t\t<span class=\"jet-button__icon jet-elements-icon\"><svg aria-hidden=\"true\" class=\"e-font-icon-svg e-fas-file-upload\" viewBox=\"0 0 384 512\" xmlns=\"http:\/\/www.w3.org\/2000\/svg\"><path d=\"M224 136V0H24C10.7 0 0 10.7 0 24v464c0 13.3 10.7 24 24 24h336c13.3 0 24-10.7 24-24V160H248c-13.2 0-24-10.8-24-24zm65.18 216.01H224v80c0 8.84-7.16 16-16 16h-32c-8.84 0-16-7.16-16-16v-80H94.82c-14.28 0-21.41-17.29-11.27-27.36l96.42-95.7c6.65-6.61 17.39-6.61 24.04 0l96.42 95.7c10.15 10.07 3.03 27.36-11.25 27.36zM377 105L279.1 7c-4.5-4.5-10.6-7-17-7H256v128h128v-6.1c0-6.3-2.5-12.4-7-16.9z\"><\/path><\/svg><\/span><span class=\"jet-button__label\">Num\u00e9risez votre re\u00e7u<\/span>\t\t<\/div>\n\t\t<div class=\"jet-button__state jet-button__state-hover\">\n\t\t\t<span class=\"jet-button__label\">T\u00e9l\u00e9charger le re\u00e7u<\/span>\t\t<\/div>\n\t<\/a>\n<\/div>\n<\/div>\t\t<\/div>\n\t\t\t\t<\/div>\n\t\t\t\t\t<\/div>\n\t\t\t\t<\/div>\n\t\t\t\t<div class=\"elementor-element elementor-element-7627460 elementor-view-stacked elementor-position-left elementor-shape-circle elementor-mobile-position-top elementor-vertical-align-top elementor-widget elementor-widget-icon-box\" data-id=\"7627460\" data-element_type=\"widget\" data-widget_type=\"icon-box.default\">\n\t\t\t\t<div class=\"elementor-widget-container\">\n\t\t\t\t\t<div class=\"elementor-icon-box-wrapper\">\n\n\t\t\t\t\t\t<div class=\"elementor-icon-box-icon\">\n\t\t\t\t<a href=\"\/fr\/contactez-nous\/\" class=\"elementor-icon elementor-animation-\" tabindex=\"-1\">\n\t\t\t\t<svg aria-hidden=\"true\" class=\"e-font-icon-svg e-far-question-circle\" viewBox=\"0 0 512 512\" xmlns=\"http:\/\/www.w3.org\/2000\/svg\"><path d=\"M256 8C119.043 8 8 119.083 8 256c0 136.997 111.043 248 248 248s248-111.003 248-248C504 119.083 392.957 8 256 8zm0 448c-110.532 0-200-89.431-200-200 0-110.495 89.472-200 200-200 110.491 0 200 89.471 200 200 0 110.53-89.431 200-200 200zm107.244-255.2c0 67.052-72.421 68.084-72.421 92.863V300c0 6.627-5.373 12-12 12h-45.647c-6.627 0-12-5.373-12-12v-8.659c0-35.745 27.1-50.034 47.579-61.516 17.561-9.845 28.324-16.541 28.324-29.579 0-17.246-21.999-28.693-39.784-28.693-23.189 0-33.894 10.977-48.942 29.969-4.057 5.12-11.46 6.071-16.666 2.124l-27.824-21.098c-5.107-3.872-6.251-11.066-2.644-16.363C184.846 131.491 214.94 112 261.794 112c49.071 0 101.45 38.304 101.45 88.8zM298 368c0 23.159-18.841 42-42 42s-42-18.841-42-42 18.841-42 42-42 42 18.841 42 42z\"><\/path><\/svg>\t\t\t\t<\/a>\n\t\t\t<\/div>\n\t\t\t\n\t\t\t\t\t\t<div class=\"elementor-icon-box-content\">\n\n\t\t\t\t\t\t\t\t\t<p class=\"elementor-icon-box-title\">\n\t\t\t\t\t\t<a href=\"\/fr\/contactez-nous\/\" >\n\t\t\t\t\t\t\tVous avez des questions ou besoin d'aide ? Cliquez ici !\t\t\t\t\t\t<\/a>\n\t\t\t\t\t<\/p>\n\t\t\t\t\n\t\t\t\t\t\t\t\t\t<p class=\"elementor-icon-box-description\">\n\t\t\t\t\t\tEnvoyez-nous un message avec vos questions ou probl\u00e8mes, et notre \u00e9quipe vous r\u00e9pondra dans les 24 \u00e0 48 heures.\t\t\t\t\t<\/p>\n\t\t\t\t\n\t\t\t<\/div>\n\t\t\t\n\t\t<\/div>\n\t\t\t\t<\/div>\n\t\t\t\t<\/div>\n\t\t\t\t<\/div>\n\t\t\t\t\t<\/div>\n\t\t\t\t<\/div>\n\t\t\t\t\t<\/div>\n\t\t\t\t<\/div>\n\t\t<div class=\"elementor-element elementor-element-74f55cf e-con-full e-flex e-con e-parent\" data-id=\"74f55cf\" data-element_type=\"container\" data-settings=\"{&quot;jet_parallax_layout_list&quot;:[]}\">\n\t\t\t\t<div class=\"elementor-element elementor-element-3a1c952 elementor-widget elementor-widget-jet-button\" data-id=\"3a1c952\" data-element_type=\"widget\" data-widget_type=\"jet-button.default\">\n\t\t\t\t<div class=\"elementor-widget-container\">\n\t\t\t<div class=\"elementor-jet-button jet-elements\"><div class=\"jet-button__container\">\n\t<a class=\"jet-button__instance jet-button__instance--icon-left hover-effect-1\" href=\"https:\/\/shop.rvcare.ca\/fr\/extra-mile-recompenses-inscription\/\">\n\t\t<div class=\"jet-button__plane jet-button__plane-normal\"><\/div>\n\t\t<div class=\"jet-button__plane jet-button__plane-hover\"><\/div>\n\t\t<div class=\"jet-button__state jet-button__state-normal\">\n\t\t\t<span class=\"jet-button__icon jet-elements-icon\"><svg aria-hidden=\"true\" class=\"e-font-icon-svg e-fas-arrow-circle-left\" viewBox=\"0 0 512 512\" xmlns=\"http:\/\/www.w3.org\/2000\/svg\"><path d=\"M256 504C119 504 8 393 8 256S119 8 256 8s248 111 248 248-111 248-248 248zm28.9-143.6L209.4 288H392c13.3 0 24-10.7 24-24v-16c0-13.3-10.7-24-24-24H209.4l75.5-72.4c9.7-9.3 9.9-24.8.4-34.3l-11-10.9c-9.4-9.4-24.6-9.4-33.9 0L107.7 239c-9.4 9.4-9.4 24.6 0 33.9l132.7 132.7c9.4 9.4 24.6 9.4 33.9 0l11-10.9c9.5-9.5 9.3-25-.4-34.3z\"><\/path><\/svg><\/span><span class=\"jet-button__label\">Programme de R\u00e9compenses Extra Mile<\/span>\t\t<\/div>\n\t\t<div class=\"jet-button__state jet-button__state-hover\">\n\t\t\t<span class=\"jet-button__icon jet-elements-icon\"><svg aria-hidden=\"true\" class=\"e-font-icon-svg e-fas-arrow-circle-left\" viewBox=\"0 0 512 512\" xmlns=\"http:\/\/www.w3.org\/2000\/svg\"><path d=\"M256 504C119 504 8 393 8 256S119 8 256 8s248 111 248 248-111 248-248 248zm28.9-143.6L209.4 288H392c13.3 0 24-10.7 24-24v-16c0-13.3-10.7-24-24-24H209.4l75.5-72.4c9.7-9.3 9.9-24.8.4-34.3l-11-10.9c-9.4-9.4-24.6-9.4-33.9 0L107.7 239c-9.4 9.4-9.4 24.6 0 33.9l132.7 132.7c9.4 9.4 24.6 9.4 33.9 0l11-10.9c9.5-9.5 9.3-25-.4-34.3z\"><\/path><\/svg><\/span><span class=\"jet-button__label\">Programme de R\u00e9compenses Extra Mile<\/span>\t\t<\/div>\n\t<\/a>\n<\/div>\n<\/div>\t\t<\/div>\n\t\t\t\t<\/div>\n\t\t\t\t<\/div>\n\t\t<div class=\"elementor-element elementor-element-8851bf1 e-con-full e-flex e-con e-parent\" data-id=\"8851bf1\" data-element_type=\"container\" data-settings=\"{&quot;background_background&quot;:&quot;classic&quot;,&quot;jet_parallax_layout_list&quot;:[]}\">\n\t\t\t\t<\/div>\n\t\t\t\t<\/div>\n\t\t","protected":false},"excerpt":{"rendered":"<p>Le choix du Campeuren VR Programme de r\u00e9compenses GARANTIE DE 2 ANS SUR TOUS LES PRODUITS CHOIX DU CAMPEUR EN VR* Garantie de 2 ans &#8211; Tous les produits sont assortis d&rsquo;une garantie du fabricant. Le d\u00e9fi consiste \u00e0 g\u00e9rer les couvertures de garantie et les conditions de chaque produit, car ils pr\u00e9sentent des couvertures [&hellip;]<\/p>\n","protected":false},"author":990885,"featured_media":0,"parent":0,"menu_order":0,"comment_status":"closed","ping_status":"closed","template":"","meta":{"_glsr_average":0,"_glsr_ranking":0,"_glsr_reviews":0,"footnotes":""},"class_list":["post-88168","page","type-page","status-publish","hentry"],"_links":{"self":[{"href":"https:\/\/shop.rvcare.ca\/fr\/wp-json\/wp\/v2\/pages\/88168","targetHints":{"allow":["GET"]}}],"collection":[{"href":"https:\/\/shop.rvcare.ca\/fr\/wp-json\/wp\/v2\/pages"}],"about":[{"href":"https:\/\/shop.rvcare.ca\/fr\/wp-json\/wp\/v2\/types\/page"}],"author":[{"embeddable":true,"href":"https:\/\/shop.rvcare.ca\/fr\/wp-json\/wp\/v2\/users\/990885"}],"replies":[{"embeddable":true,"href":"https:\/\/shop.rvcare.ca\/fr\/wp-json\/wp\/v2\/comments?post=88168"}],"version-history":[{"count":0,"href":"https:\/\/shop.rvcare.ca\/fr\/wp-json\/wp\/v2\/pages\/88168\/revisions"}],"wp:attachment":[{"href":"https:\/\/shop.rvcare.ca\/fr\/wp-json\/wp\/v2\/media?parent=88168"}],"curies":[{"name":"wp","href":"https:\/\/api.w.org\/{rel}","templated":true}]}}