{"id":104647,"date":"2024-05-17T14:59:44","date_gmt":"2024-05-17T18:59:44","guid":{"rendered":"https:\/\/shop.rvcare.ca\/product\/adaptateur-electrique-valterra-thermoplastique-30a-m-15a-f\/"},"modified":"2026-04-10T11:44:24","modified_gmt":"2026-04-10T15:44:24","slug":"adaptateur-electrique-valterra-thermoplastique-30a-m-15a-f","status":"publish","type":"product","link":"https:\/\/shop.rvcare.ca\/fr\/produit\/adaptateur-electrique-valterra-thermoplastique-30a-m-15a-f\/","title":{"rendered":"Adaptateur \u00e9lectrique Valterra (thermoplastique) &#8211; (30A M &#8211; 15A F)"},"content":{"rendered":"<p>Cet adaptateur \u00e9lectrique Valterra est utilis\u00e9 pour connecter l&rsquo;entr\u00e9e d&rsquo;alimentation d&rsquo;un VR \u00e0 des sources d&rsquo;alimentation standard.<\/p>\n","protected":false},"excerpt":{"rendered":"<ul>\n<li>Norme NEMA 1 :&nbsp;TT-30P<\/li>\n<li>Norme NEMA 2 :&nbsp;5-15R<\/li>\n<li>Type d&rsquo;extr\u00e9mit\u00e9 1 :&nbsp;Lame droite<\/li>\n<li>Type d&rsquo;extr\u00e9mit\u00e9 2 :&nbsp;Prise \u00e9lectrique<\/li>\n<li>Capacit\u00e9 d&rsquo;extr\u00e9mit\u00e9 1 :&nbsp;30 amp\u00e8res<\/li>\n<li>Capacit\u00e9 d&rsquo;extr\u00e9mit\u00e9 2 :&nbsp;15 amp\u00e8res<\/li>\n<li>Couleur de la veste :&nbsp;Thermoplastique<\/li>\n<li>Adaptateur amovible avec anneau femelle<\/li>\n<li>C\u00e2ble robuste con\u00e7u pour une utilisation ext\u00e9rieure<\/li>\n<li>Fabriqu\u00e9 \u00e0 l&rsquo;aide de mat\u00e9riaux de la plus haute qualit\u00e9<\/li>\n<li>Con\u00e7u pour offrir des niveaux exceptionnels de durabilit\u00e9<\/li>\n<\/ul>\n","protected":false},"featured_media":94597,"comment_status":"closed","ping_status":"closed","template":"","meta":{"_glsr_average":0,"_glsr_ranking":0,"_glsr_reviews":0,"keywords_product":"","featured_product":"","product_importance":"","wds_primary_product_brand":0,"wds_primary_product_cat":0,"wds_primary_fb_product_set":0},"product_brand":[2059],"product_cat":[1863,1381,1043],"product_tag":[1462,1375],"class_list":{"0":"post-104647","1":"product","2":"type-product","3":"status-publish","4":"has-post-thumbnail","6":"product_brand-valterra","7":"product_cat-cables-adapters","8":"product_cat-electrical","9":"product_cat-powercords-adapters","10":"product_tag-ntp-fr","11":"product_tag-valterra-llc-fr","13":"first","14":"instock","15":"taxable","16":"shipping-taxable","17":"purchasable","18":"product-type-simple"},"bundled_by":["105273"],"bundle_stock_status":"instock","bundle_stock_quantity":412,"bundle_virtual":false,"bundle_layout":"","bundle_add_to_cart_form_location":"","bundle_editable_in_cart":false,"bundle_sold_individually_context":"","bundle_item_grouping":"","bundle_min_size":"","bundle_max_size":"","bundle_price":[],"bundled_items":[],"bundle_sell_ids":[],"_links":{"self":[{"href":"https:\/\/shop.rvcare.ca\/fr\/wp-json\/wp\/v2\/product\/104647","targetHints":{"allow":["GET"]}}],"collection":[{"href":"https:\/\/shop.rvcare.ca\/fr\/wp-json\/wp\/v2\/product"}],"about":[{"href":"https:\/\/shop.rvcare.ca\/fr\/wp-json\/wp\/v2\/types\/product"}],"replies":[{"embeddable":true,"href":"https:\/\/shop.rvcare.ca\/fr\/wp-json\/wp\/v2\/comments?post=104647"}],"version-history":[{"count":2,"href":"https:\/\/shop.rvcare.ca\/fr\/wp-json\/wp\/v2\/product\/104647\/revisions"}],"predecessor-version":[{"id":157573,"href":"https:\/\/shop.rvcare.ca\/fr\/wp-json\/wp\/v2\/product\/104647\/revisions\/157573"}],"wp:featuredmedia":[{"embeddable":true,"href":"https:\/\/shop.rvcare.ca\/fr\/wp-json\/wp\/v2\/media\/94597"}],"wp:attachment":[{"href":"https:\/\/shop.rvcare.ca\/fr\/wp-json\/wp\/v2\/media?parent=104647"}],"wp:term":[{"taxonomy":"product_brand","embeddable":true,"href":"https:\/\/shop.rvcare.ca\/fr\/wp-json\/wp\/v2\/product_brand?post=104647"},{"taxonomy":"product_cat","embeddable":true,"href":"https:\/\/shop.rvcare.ca\/fr\/wp-json\/wp\/v2\/product_cat?post=104647"},{"taxonomy":"product_tag","embeddable":true,"href":"https:\/\/shop.rvcare.ca\/fr\/wp-json\/wp\/v2\/product_tag?post=104647"}],"curies":[{"name":"wp","href":"https:\/\/api.w.org\/{rel}","templated":true}]}}