{"id":105631,"date":"2024-07-31T15:57:58","date_gmt":"2024-07-31T19:57:58","guid":{"rendered":"https:\/\/shop.rvcare.ca\/product\/thomas-payne-by-lippert-components-jacknife-sofa-68-grummond\/"},"modified":"2026-04-10T11:44:31","modified_gmt":"2026-04-10T15:44:31","slug":"thomas-payne-by-lippert-components-jacknife-sofa-68-grummond","status":"publish","type":"product","link":"https:\/\/shop.rvcare.ca\/fr\/produit\/thomas-payne-by-lippert-components-jacknife-sofa-68-grummond\/","title":{"rendered":""},"content":{"rendered":"<p>Votre premi\u00e8re loge pour l&rsquo;aventure est maintenant plus confortable que jamais. Parfait pour les caravanes \u00e0 sellette (5th wheels), les roulottes et les autocaravanes, le sofa Jackknife Thomas Payne par Lippert vous offre un espace salon \u00e9l\u00e9gant le jour et une surface de couchage suppl\u00e9mentaire la nuit. En un seul mouvement simple, ce sofa facile d&rsquo;entretien se transforme en lit et vice versa. Dot\u00e9 d&rsquo;un dossier central rabattable avec porte-gobelets, ce sofa de camping allie fonctionnalit\u00e9, confort et style pour vous permettre de voyager dans le luxe, peu importe o\u00f9 vos aventures vous m\u00e8nent.<\/p>\n<p>La collection de meubles Thomas Payne vous donne la libert\u00e9 de moderniser votre VR avec des options de couleurs et de tissus qui correspondent \u00e0 votre style. Choisissez parmi nos trois teintes \u00e9l\u00e9gantes de vinyle PolyHyde &#8211; toutes couvertes par notre garantie de 5 ans contre l&rsquo;hydrolyse, une premi\u00e8re dans l&rsquo;industrie. Pour les voyageurs avec des animaux de compagnie ou de jeunes enfants actifs, optez pour Norlina, notre option de tissu tiss\u00e9 durable. Tous nos meubles Thomas Payne sont l\u00e9gers et polyvalents, ce qui facilite leur installation \u00e0 l&rsquo;int\u00e9rieur de votre VR. De plus, nous proposons d\u00e9sormais le nettoyant pour tissu en vinyle Thomas Payne, une solution s\u00fbre et efficace pour garder vos meubles propres pendant vos s\u00e9jours de camping.<\/p>\n","protected":false},"excerpt":{"rendered":"<ul>\n<li>Type : Sofa Jackknife (Sofa-lit)<\/li>\n<li>Couleur : Grummond<\/li>\n<li>Nombre de places : 2<\/li>\n<li>Largeur hors-tout : 68 po, Profondeur hors-tout : 30 po, Hauteur hors-tout : 34 po<\/li>\n<li>Largeur d&rsquo;assise : 65 po, Profondeur d&rsquo;assise : 20 po, Hauteur d&rsquo;assise : 19 po<\/li>\n<li>Largeur de couchage : 65 po, Longueur de couchage : 42 po<\/li>\n<li>Int\u00e9rieur en mousse haute densit\u00e9 pour un confort accru<\/li>\n<li>Test\u00e9 pour plus de 100 000 cycles d&rsquo;abrasion et hydrofuge<\/li>\n<li>Le tissu PolyHyde est durable et n\u00e9cessite extr\u00eamement peu d&rsquo;entretien<\/li>\n<li>Con\u00e7u sp\u00e9cifiquement pour les VR : les meubles sont l\u00e9gers et de dimensions adapt\u00e9es pour une installation rapide et facile<\/li>\n<\/ul>\n","protected":false},"featured_media":101431,"comment_status":"closed","ping_status":"closed","template":"","meta":{"_glsr_average":0,"_glsr_ranking":0,"_glsr_reviews":0,"keywords_product":"thomas payne sofa, jackknife sofa, rv sofa bed, camper sofa, travel trailer furniture, sofa-lit, jacknife sofa","featured_product":"false","product_importance":"","wds_primary_product_brand":0,"wds_primary_product_cat":0,"wds_primary_fb_product_set":0},"product_brand":[2092],"product_cat":[1868,1473],"product_tag":[1427,1367,1311,1462],"class_list":{"0":"post-105631","1":"product","2":"type-product","3":"status-publish","4":"has-post-thumbnail","6":"product_brand-lippert-fr","7":"product_cat-interieur-rv","8":"product_cat-meubles","9":"product_tag-ramassage-en-magasin","10":"product_tag-instore-fr","11":"product_tag-lippert-fr","12":"product_tag-ntp-fr","14":"first","15":"instock","16":"taxable","17":"shipping-taxable","18":"purchasable","19":"product-type-simple"},"bundled_by":[],"bundle_stock_status":"instock","bundle_stock_quantity":17,"bundle_virtual":false,"bundle_layout":"","bundle_add_to_cart_form_location":"","bundle_editable_in_cart":false,"bundle_sold_individually_context":"","bundle_item_grouping":"","bundle_min_size":"","bundle_max_size":"","bundle_price":[],"bundled_items":[],"bundle_sell_ids":[],"_links":{"self":[{"href":"https:\/\/shop.rvcare.ca\/fr\/wp-json\/wp\/v2\/product\/105631","targetHints":{"allow":["GET"]}}],"collection":[{"href":"https:\/\/shop.rvcare.ca\/fr\/wp-json\/wp\/v2\/product"}],"about":[{"href":"https:\/\/shop.rvcare.ca\/fr\/wp-json\/wp\/v2\/types\/product"}],"replies":[{"embeddable":true,"href":"https:\/\/shop.rvcare.ca\/fr\/wp-json\/wp\/v2\/comments?post=105631"}],"version-history":[{"count":15,"href":"https:\/\/shop.rvcare.ca\/fr\/wp-json\/wp\/v2\/product\/105631\/revisions"}],"predecessor-version":[{"id":157575,"href":"https:\/\/shop.rvcare.ca\/fr\/wp-json\/wp\/v2\/product\/105631\/revisions\/157575"}],"wp:featuredmedia":[{"embeddable":true,"href":"https:\/\/shop.rvcare.ca\/fr\/wp-json\/wp\/v2\/media\/101431"}],"wp:attachment":[{"href":"https:\/\/shop.rvcare.ca\/fr\/wp-json\/wp\/v2\/media?parent=105631"}],"wp:term":[{"taxonomy":"product_brand","embeddable":true,"href":"https:\/\/shop.rvcare.ca\/fr\/wp-json\/wp\/v2\/product_brand?post=105631"},{"taxonomy":"product_cat","embeddable":true,"href":"https:\/\/shop.rvcare.ca\/fr\/wp-json\/wp\/v2\/product_cat?post=105631"},{"taxonomy":"product_tag","embeddable":true,"href":"https:\/\/shop.rvcare.ca\/fr\/wp-json\/wp\/v2\/product_tag?post=105631"}],"curies":[{"name":"wp","href":"https:\/\/api.w.org\/{rel}","templated":true}]}}