{"id":119673,"date":"2025-01-08T13:57:13","date_gmt":"2025-01-08T18:57:13","guid":{"rendered":"https:\/\/shop.rvcare.ca\/product\/coleman-oasis-lite-portable-canopy-10x10-feet-grey\/"},"modified":"2026-03-30T14:27:46","modified_gmt":"2026-03-30T18:27:46","slug":"coleman-oasis-lite-portable-canopy-10x10-feet-grey","status":"publish","type":"product","link":"https:\/\/shop.rvcare.ca\/fr\/produit\/coleman-oasis-lite-portable-canopy-10x10-feet-grey\/","title":{"rendered":"Abris portable Coleman Oasis Lite 10&#215;10 pieds \u2013 Gris"},"content":{"rendered":"<p>D\u00e9couvrez les abris OASIS Lite, l\u00e9gers et portables \u2013 parfaits pour se d\u00e9tendre au camping ou jouer au frisbee au parc. Le mod\u00e8le OASIS Lite 10 x 10 est dot\u00e9 de la technologie OnePeak avec un moyeu central \u00e0 poussoir unique pour un montage facile, afin que vous puissiez profiter de votre journ\u00e9e en un rien de temps. Et lorsque vient le moment de ranger, le cadre en acier l\u00e9ger et le sac de transport \u00e0 roulettes facilitent le transport de l\u2019abri vers et depuis votre voiture.<\/p>\n<p>&nbsp;<\/p>\n<p>Caract\u00e9ristiques cl\u00e9s :<\/p>\n<ul>\n<li>Moyeu central \u00e0 une seule pression : la technologie OnePeak permet un montage rapide et facile; tirez sur la sangle pour le d\u00e9montage.<\/li>\n<li>Cadre en acier l\u00e9ger : facile \u00e0 transporter vers et depuis votre voiture.<\/li>\n<li>Montage et d\u00e9montage sans pincement : les poign\u00e9es Comfort Grip sont dot\u00e9es de boutons faciles \u00e0 utiliser pour verrouiller les poteaux en place.<\/li>\n<li>Protection solaire : UPF 50+ aide \u00e0 bloquer les rayons UV nocifs; les avant-toits d\u00e9passants offrent une zone d&rsquo;ombre plus grande (100 pieds carr\u00e9s).<\/li>\n<li>Sac de transport \u00e0 roulettes : comprend des sangles pour un rangement s\u00e9curis\u00e9 et une traction facile.<\/li>\n<\/ul>\n","protected":false},"excerpt":{"rendered":"<ul>\n<li>Longueur de l&rsquo;abri (pieds) : 10 pieds.<\/li>\n<li>Largeur de l&rsquo;abri (pieds) : 10 pieds.<\/li>\n<li>Couleur de l&rsquo;abri : Gris.<\/li>\n<li>Mat\u00e9riau du cadre : Acier.<\/li>\n<li>Pliable : Oui.<\/li>\n<li>Design du logo : Sans logo.<\/li>\n<li>Comprend un sac de rangement : Oui.<\/li>\n<li>Comprend un kit de piquets : Oui.<\/li>\n<\/ul>\n","protected":false},"featured_media":118343,"comment_status":"closed","ping_status":"closed","template":"","meta":{"_glsr_average":0,"_glsr_ranking":0,"_glsr_reviews":0,"keywords_product":"","featured_product":"","product_importance":"1","wds_primary_product_brand":0,"wds_primary_product_cat":0,"wds_primary_fb_product_set":0},"product_brand":[2077],"product_cat":[1481,1313],"product_tag":[1508,1462],"class_list":{"0":"post-119673","1":"product","2":"type-product","3":"status-publish","4":"has-post-thumbnail","6":"product_brand-coleman-fr","7":"product_cat-camping-en-vr","8":"product_cat-gazebos-fr","9":"product_tag-coleman-fr","10":"product_tag-ntp-fr","12":"first","13":"instock","14":"taxable","15":"shipping-taxable","16":"purchasable","17":"product-type-simple"},"bundled_by":[],"bundle_stock_status":"instock","bundle_stock_quantity":171,"bundle_virtual":false,"bundle_layout":"","bundle_add_to_cart_form_location":"","bundle_editable_in_cart":false,"bundle_sold_individually_context":"","bundle_item_grouping":"","bundle_min_size":"","bundle_max_size":"","bundle_price":[],"bundled_items":[],"bundle_sell_ids":[],"_links":{"self":[{"href":"https:\/\/shop.rvcare.ca\/fr\/wp-json\/wp\/v2\/product\/119673","targetHints":{"allow":["GET"]}}],"collection":[{"href":"https:\/\/shop.rvcare.ca\/fr\/wp-json\/wp\/v2\/product"}],"about":[{"href":"https:\/\/shop.rvcare.ca\/fr\/wp-json\/wp\/v2\/types\/product"}],"replies":[{"embeddable":true,"href":"https:\/\/shop.rvcare.ca\/fr\/wp-json\/wp\/v2\/comments?post=119673"}],"version-history":[{"count":1,"href":"https:\/\/shop.rvcare.ca\/fr\/wp-json\/wp\/v2\/product\/119673\/revisions"}],"predecessor-version":[{"id":157576,"href":"https:\/\/shop.rvcare.ca\/fr\/wp-json\/wp\/v2\/product\/119673\/revisions\/157576"}],"wp:featuredmedia":[{"embeddable":true,"href":"https:\/\/shop.rvcare.ca\/fr\/wp-json\/wp\/v2\/media\/118343"}],"wp:attachment":[{"href":"https:\/\/shop.rvcare.ca\/fr\/wp-json\/wp\/v2\/media?parent=119673"}],"wp:term":[{"taxonomy":"product_brand","embeddable":true,"href":"https:\/\/shop.rvcare.ca\/fr\/wp-json\/wp\/v2\/product_brand?post=119673"},{"taxonomy":"product_cat","embeddable":true,"href":"https:\/\/shop.rvcare.ca\/fr\/wp-json\/wp\/v2\/product_cat?post=119673"},{"taxonomy":"product_tag","embeddable":true,"href":"https:\/\/shop.rvcare.ca\/fr\/wp-json\/wp\/v2\/product_tag?post=119673"}],"curies":[{"name":"wp","href":"https:\/\/api.w.org\/{rel}","templated":true}]}}