{"id":119675,"date":"2025-01-08T13:57:06","date_gmt":"2025-01-08T18:57:06","guid":{"rendered":"https:\/\/shop.rvcare.ca\/product\/coleman-skydome-camping-tent-2-person\/"},"modified":"2026-04-10T11:44:23","modified_gmt":"2026-04-10T15:44:23","slug":"coleman-skydome-camping-tent-2-person","status":"publish","type":"product","link":"https:\/\/shop.rvcare.ca\/fr\/produit\/coleman-skydome-camping-tent-2-person\/","title":{"rendered":"Tente de camping Coleman Skydome \u2013 2 personnes"},"content":{"rendered":"<div class=\"flex max-w-full flex-col flex-grow\">\n<div class=\"min-h-8 text-message flex w-full flex-col items-end gap-2 whitespace-normal break-words text-start [.text-message+&amp;]:mt-5\" dir=\"auto\" data-message-author-role=\"assistant\" data-message-id=\"636b75b7-3733-4743-a2a2-25f23e9d0279\" data-message-model-slug=\"gpt-4o-mini\">\n<div class=\"flex w-full flex-col gap-1 empty:hidden first:pt-[3px]\">\n<div class=\"markdown prose w-full break-words dark:prose-invert light\">\n<p data-start=\"0\" data-end=\"714\">Avec un montage rapide en moins de 5 minutes, la tente de camping Skydome vous permet de passer plus de temps \u00e0 profiter des grands espaces avec vos amis et votre famille. L&rsquo;int\u00e9rieur spacieux offre 20 % de hauteur sous plafond en plus par rapport aux tentes Coleman traditionnelles gr\u00e2ce \u00e0 ses murs presque verticaux. La conception de la porte large facilite l&rsquo;entr\u00e9e et la sortie des matelas gonflables, sacs de couchage et autres \u00e9quipements. Si de la pluie est pr\u00e9vue, le syst\u00e8me WeatherTec avec coins soud\u00e9s et coutures invers\u00e9es permet de vous garder, vous et votre \u00e9quipement, au sec. Cette tente 2 personnes, de taille compacte, est un excellent choix tant pour le camping en voiture que pour la randonn\u00e9e.<\/p>\n<p data-start=\"716\" data-end=\"750\"><strong data-start=\"716\" data-end=\"750\">Caract\u00e9ristiques principales :<\/strong><\/p>\n<ul data-start=\"752\" data-end=\"1485\" data-is-last-node=\"\">\n<li data-start=\"752\" data-end=\"828\">Syst\u00e8me d&rsquo;\u00e9clairage LED int\u00e9gr\u00e9 et dimmable pour cr\u00e9er l&rsquo;ambiance parfaite<\/li>\n<li data-start=\"829\" data-end=\"945\">Murs presque verticaux offrant 20 % de hauteur sous plafond en plus par rapport aux tentes Coleman traditionnelles<\/li>\n<li data-start=\"946\" data-end=\"1033\">Mat\u00e9riau UVguard offrant une protection UPF 50+ contre les rayons dangereux du soleil<\/li>\n<li data-start=\"1034\" data-end=\"1123\">Cadre robuste test\u00e9 pour r\u00e9sister \u00e0 des vents allant jusqu&rsquo;\u00e0 35 miles \/ 56 km par heure<\/li>\n<li data-start=\"1124\" data-end=\"1233\">Porte large facilitant l&rsquo;entr\u00e9e et la sortie des matelas gonflables, sacs de couchage et autres \u00e9quipements<\/li>\n<li data-start=\"1234\" data-end=\"1283\">Convient \u00e0 un matelas gonflable de taille queen<\/li>\n<li data-start=\"1284\" data-end=\"1366\">Poches de rangement en mesh et mezzanine pour garder les petits objets organis\u00e9s<\/li>\n<li data-start=\"1367\" data-end=\"1434\">Taille compacte id\u00e9ale pour le camping en voiture ou la randonn\u00e9e<\/li>\n<li data-start=\"1435\" data-end=\"1485\" data-is-last-node=\"\">Sac de transport inclus pour un rangement facile<\/li>\n<\/ul>\n<\/div>\n<\/div>\n<\/div>\n<\/div>\n<div class=\"mb-2 flex gap-3 empty:hidden -ml-2\"><\/div>\n","protected":false},"excerpt":{"rendered":"<ul>\n<li>Type : Sol<\/li>\n<li>Capacit\u00e9 de personnes : Peut accueillir 2 adultes<\/li>\n<li>Longueur (po) : 84 pouces<\/li>\n<li>Largeur (po) : 60 pouces<\/li>\n<li>Hauteur (po) : 48 pouces<\/li>\n<li>Type de fen\u00eatre : Fen\u00eatre en mesh<\/li>\n<li>Type de rangement : Rangement pliable en coque souple<\/li>\n<li>Inclut un auvent : Non<\/li>\n<\/ul>\n","protected":false},"featured_media":118319,"comment_status":"closed","ping_status":"closed","template":"","meta":{"_glsr_average":0,"_glsr_ranking":0,"_glsr_reviews":0,"keywords_product":"","featured_product":"","product_importance":"","wds_primary_product_brand":0,"wds_primary_product_cat":0,"wds_primary_fb_product_set":0},"product_brand":[2077],"product_cat":[1867,1481,1869,1513],"product_tag":[1508,1944,1462],"class_list":{"0":"post-119675","1":"product","2":"type-product","3":"status-publish","4":"has-post-thumbnail","6":"product_brand-coleman-fr","7":"product_cat-camping-exterieur","8":"product_cat-camping-en-vr","9":"product_cat-tentes-gazebos","10":"product_cat-tentes-et-accessoires","11":"product_tag-coleman-fr","12":"product_tag-meilleurs-vendeurs","13":"product_tag-ntp-fr","15":"first","16":"instock","17":"taxable","18":"shipping-taxable","19":"purchasable","20":"product-type-simple"},"bundled_by":[],"bundle_stock_status":"instock","bundle_stock_quantity":130,"bundle_virtual":false,"bundle_layout":"","bundle_add_to_cart_form_location":"","bundle_editable_in_cart":false,"bundle_sold_individually_context":"","bundle_item_grouping":"","bundle_min_size":"","bundle_max_size":"","bundle_price":[],"bundled_items":[],"bundle_sell_ids":[],"_links":{"self":[{"href":"https:\/\/shop.rvcare.ca\/fr\/wp-json\/wp\/v2\/product\/119675","targetHints":{"allow":["GET"]}}],"collection":[{"href":"https:\/\/shop.rvcare.ca\/fr\/wp-json\/wp\/v2\/product"}],"about":[{"href":"https:\/\/shop.rvcare.ca\/fr\/wp-json\/wp\/v2\/types\/product"}],"replies":[{"embeddable":true,"href":"https:\/\/shop.rvcare.ca\/fr\/wp-json\/wp\/v2\/comments?post=119675"}],"version-history":[{"count":1,"href":"https:\/\/shop.rvcare.ca\/fr\/wp-json\/wp\/v2\/product\/119675\/revisions"}],"predecessor-version":[{"id":157577,"href":"https:\/\/shop.rvcare.ca\/fr\/wp-json\/wp\/v2\/product\/119675\/revisions\/157577"}],"wp:featuredmedia":[{"embeddable":true,"href":"https:\/\/shop.rvcare.ca\/fr\/wp-json\/wp\/v2\/media\/118319"}],"wp:attachment":[{"href":"https:\/\/shop.rvcare.ca\/fr\/wp-json\/wp\/v2\/media?parent=119675"}],"wp:term":[{"taxonomy":"product_brand","embeddable":true,"href":"https:\/\/shop.rvcare.ca\/fr\/wp-json\/wp\/v2\/product_brand?post=119675"},{"taxonomy":"product_cat","embeddable":true,"href":"https:\/\/shop.rvcare.ca\/fr\/wp-json\/wp\/v2\/product_cat?post=119675"},{"taxonomy":"product_tag","embeddable":true,"href":"https:\/\/shop.rvcare.ca\/fr\/wp-json\/wp\/v2\/product_tag?post=119675"}],"curies":[{"name":"wp","href":"https:\/\/api.w.org\/{rel}","templated":true}]}}