{"id":119680,"date":"2025-01-08T13:56:52","date_gmt":"2025-01-08T18:56:52","guid":{"rendered":"https:\/\/shop.rvcare.ca\/product\/coleman-camp-axe-black-non-slip-rubber-grip\/"},"modified":"2026-04-10T11:44:29","modified_gmt":"2026-04-10T15:44:29","slug":"coleman-camp-axe-black-non-slip-rubber-grip","status":"publish","type":"product","link":"https:\/\/shop.rvcare.ca\/fr\/produit\/coleman-camp-axe-black-non-slip-rubber-grip\/","title":{"rendered":"Hache de camping Coleman \u2013 Poign\u00e9e en caoutchouc"},"content":{"rendered":"<p class=\"p1\">Ayez l\u2019outil qu\u2019il vous faut pour accomplir plusieurs t\u00e2ches au campement avec la hache de camping Coleman. Le tranchant de sa t\u00eate robuste en acier forg\u00e9 fend le bois sans effort pour le feu de camp ou le po\u00eale, tandis que le c\u00f4t\u00e9 plat est id\u00e9al pour enfoncer les piquets de tente dans un sol dur. Au moment de d\u00e9monter, l\u2019encoche int\u00e9gr\u00e9e dans la t\u00eate permet de retirer les piquets facilement et rapidement.<\/p>\n<p>&nbsp;<\/p>\n<p class=\"p1\"><b>Caract\u00e9ristiques principales :<\/b><\/p>\n<ul>\n<li>T\u00eate robuste en acier forg\u00e9<\/li>\n<li>Manche solide en acier<\/li>\n<li>Poign\u00e9e en caoutchouc antid\u00e9rapante<\/li>\n<li>Encoche dans la t\u00eate pour retirer les piquets de tente<\/li>\n<\/ul>\n","protected":false},"excerpt":{"rendered":"<ul>\n<li>Mat\u00e9riau du manche : Acier<\/li>\n<li>Mat\u00e9riau de la lame : Acier<\/li>\n<li>Fente en D incluse : Non<\/li>\n<li>Trousse de survie incluse : Non<\/li>\n<li>Boussole incluse : Non<\/li>\n<\/ul>\n","protected":false},"featured_media":136192,"comment_status":"closed","ping_status":"closed","template":"","meta":{"_glsr_average":0,"_glsr_ranking":0,"_glsr_reviews":0,"keywords_product":"","featured_product":"","product_importance":"1","wds_primary_product_brand":0,"wds_primary_product_cat":0,"wds_primary_fb_product_set":0},"product_brand":[2008],"product_cat":[1464,1859,1480],"product_tag":[1501,1461],"class_list":{"0":"post-119680","1":"product","2":"type-product","3":"status-publish","4":"has-post-thumbnail","6":"product_brand-coleman","7":"product_cat-firewood","8":"product_cat-camping-outdoors","9":"product_cat-outdoor-living","10":"product_tag-coleman","11":"product_tag-ntp","13":"first","14":"instock","15":"taxable","16":"shipping-taxable","17":"purchasable","18":"product-type-simple"},"bundled_by":[],"bundle_stock_status":"instock","bundle_stock_quantity":184,"bundle_virtual":false,"bundle_layout":"","bundle_add_to_cart_form_location":"","bundle_editable_in_cart":false,"bundle_sold_individually_context":"","bundle_item_grouping":"","bundle_min_size":"","bundle_max_size":"","bundle_price":[],"bundled_items":[],"bundle_sell_ids":[],"_links":{"self":[{"href":"https:\/\/shop.rvcare.ca\/fr\/wp-json\/wp\/v2\/product\/119680","targetHints":{"allow":["GET"]}}],"collection":[{"href":"https:\/\/shop.rvcare.ca\/fr\/wp-json\/wp\/v2\/product"}],"about":[{"href":"https:\/\/shop.rvcare.ca\/fr\/wp-json\/wp\/v2\/types\/product"}],"replies":[{"embeddable":true,"href":"https:\/\/shop.rvcare.ca\/fr\/wp-json\/wp\/v2\/comments?post=119680"}],"version-history":[{"count":1,"href":"https:\/\/shop.rvcare.ca\/fr\/wp-json\/wp\/v2\/product\/119680\/revisions"}],"predecessor-version":[{"id":157579,"href":"https:\/\/shop.rvcare.ca\/fr\/wp-json\/wp\/v2\/product\/119680\/revisions\/157579"}],"wp:featuredmedia":[{"embeddable":true,"href":"https:\/\/shop.rvcare.ca\/fr\/wp-json\/wp\/v2\/media\/136192"}],"wp:attachment":[{"href":"https:\/\/shop.rvcare.ca\/fr\/wp-json\/wp\/v2\/media?parent=119680"}],"wp:term":[{"taxonomy":"product_brand","embeddable":true,"href":"https:\/\/shop.rvcare.ca\/fr\/wp-json\/wp\/v2\/product_brand?post=119680"},{"taxonomy":"product_cat","embeddable":true,"href":"https:\/\/shop.rvcare.ca\/fr\/wp-json\/wp\/v2\/product_cat?post=119680"},{"taxonomy":"product_tag","embeddable":true,"href":"https:\/\/shop.rvcare.ca\/fr\/wp-json\/wp\/v2\/product_tag?post=119680"}],"curies":[{"name":"wp","href":"https:\/\/api.w.org\/{rel}","templated":true}]}}