{"id":119695,"date":"2025-01-08T13:56:28","date_gmt":"2025-01-08T18:56:28","guid":{"rendered":"https:\/\/shop.rvcare.ca\/product\/coleman-broadband-camping-chair-with-cooling-mesh-back-red\/"},"modified":"2026-04-10T11:44:15","modified_gmt":"2026-04-10T15:44:15","slug":"coleman-broadband-camping-chair-with-cooling-mesh-back-red","status":"publish","type":"product","link":"https:\/\/shop.rvcare.ca\/fr\/produit\/coleman-broadband-camping-chair-with-cooling-mesh-back-red\/","title":{"rendered":"Chaise de camping Coleman Broadband avec dos en mesh rafra\u00eechissant \u2013 Rouge"},"content":{"rendered":"<p data-start=\"0\" data-end=\"513\">Apportez le confort avec vous au camping, au barbecue ou au pique-nique avec une chaise Coleman Broadband Quad. Le dos en mesh permet \u00e0 la brise de vous rafra\u00eechir lors des journ\u00e9es chaudes, tandis que vous profitez d&rsquo;une boisson rafra\u00eechissante gr\u00e2ce au porte-gobelet en mesh pratique. Le cadre en acier robuste garantit que vous aurez toujours un excellent si\u00e8ge, saison apr\u00e8s saison. Lorsque la f\u00eate est termin\u00e9e, la chaise se plie facilement dans un sac de transport pour un transport et un rangement faciles.<\/p>\n<p data-start=\"515\" data-end=\"549\"><strong data-start=\"515\" data-end=\"549\">Caract\u00e9ristiques principales :<\/strong><\/p>\n<ul data-start=\"551\" data-end=\"775\" data-is-last-node=\"\">\n<li data-start=\"551\" data-end=\"579\">Dos en mesh rafra\u00eechissant<\/li>\n<li data-start=\"580\" data-end=\"603\">Porte-gobelet en mesh<\/li>\n<li data-start=\"604\" data-end=\"628\">Cadre en acier robuste<\/li>\n<li data-start=\"629\" data-end=\"662\">Hauteur des accoudoirs r\u00e9glable<\/li>\n<li data-start=\"663\" data-end=\"694\">Si\u00e8ge spacieux de 21,3 pouces<\/li>\n<li data-start=\"695\" data-end=\"740\">Hauteur d&rsquo;assise confortable de 18,1 pouces<\/li>\n<li data-start=\"741\" data-end=\"775\" data-is-last-node=\"\">Supporte jusqu&rsquo;\u00e0 113 kilogrammes<\/li>\n<\/ul>\n","protected":false},"excerpt":{"rendered":"<ul>\n<li>Type : Quad<\/li>\n<li>Couleur : Rouge<\/li>\n<li>Capacit\u00e9 de poids : 113 kilogrammes<\/li>\n<li>Mat\u00e9riau : Cadre en acier \/ Tissu en mesh<\/li>\n<li>Dimensions : Largeur de 21,3 pouces x Hauteur de 18,1 pouces<\/li>\n<li>Repose-t\u00eate : Sans repose-t\u00eate<\/li>\n<li>Pliable : Oui<\/li>\n<li>Avec porte-gobelet : Oui<\/li>\n<\/ul>\n","protected":false},"featured_media":118357,"comment_status":"closed","ping_status":"closed","template":"","meta":{"_glsr_average":0,"_glsr_ranking":0,"_glsr_reviews":0,"keywords_product":" Coleman camping chair, broadband chair, cooling mesh back chair, red camping chair, portable outdoor chair, foldable camping chair, breathable mesh chair, lightweight travel chair, compact folding chair, durable camp chair, beach chair, sports event chair, hiking chair, tailgating chair, ergonomic outdoor seating, comfortable camping chair","featured_product":"","product_importance":"","wds_primary_product_brand":0,"wds_primary_product_cat":0,"wds_primary_fb_product_set":0},"product_brand":[2077],"product_cat":[1867,1481,1083],"product_tag":[1508,1462],"class_list":{"0":"post-119695","1":"product","2":"type-product","3":"status-publish","4":"has-post-thumbnail","6":"product_brand-coleman-fr","7":"product_cat-camping-exterieur","8":"product_cat-camping-en-vr","9":"product_cat-meuble-camping","10":"product_tag-coleman-fr","11":"product_tag-ntp-fr","13":"first","14":"instock","15":"taxable","16":"shipping-taxable","17":"purchasable","18":"product-type-simple"},"bundled_by":[],"bundle_stock_status":"instock","bundle_stock_quantity":257,"bundle_virtual":false,"bundle_layout":"","bundle_add_to_cart_form_location":"","bundle_editable_in_cart":false,"bundle_sold_individually_context":"","bundle_item_grouping":"","bundle_min_size":"","bundle_max_size":"","bundle_price":[],"bundled_items":[],"bundle_sell_ids":[],"_links":{"self":[{"href":"https:\/\/shop.rvcare.ca\/fr\/wp-json\/wp\/v2\/product\/119695","targetHints":{"allow":["GET"]}}],"collection":[{"href":"https:\/\/shop.rvcare.ca\/fr\/wp-json\/wp\/v2\/product"}],"about":[{"href":"https:\/\/shop.rvcare.ca\/fr\/wp-json\/wp\/v2\/types\/product"}],"replies":[{"embeddable":true,"href":"https:\/\/shop.rvcare.ca\/fr\/wp-json\/wp\/v2\/comments?post=119695"}],"version-history":[{"count":1,"href":"https:\/\/shop.rvcare.ca\/fr\/wp-json\/wp\/v2\/product\/119695\/revisions"}],"predecessor-version":[{"id":157582,"href":"https:\/\/shop.rvcare.ca\/fr\/wp-json\/wp\/v2\/product\/119695\/revisions\/157582"}],"wp:featuredmedia":[{"embeddable":true,"href":"https:\/\/shop.rvcare.ca\/fr\/wp-json\/wp\/v2\/media\/118357"}],"wp:attachment":[{"href":"https:\/\/shop.rvcare.ca\/fr\/wp-json\/wp\/v2\/media?parent=119695"}],"wp:term":[{"taxonomy":"product_brand","embeddable":true,"href":"https:\/\/shop.rvcare.ca\/fr\/wp-json\/wp\/v2\/product_brand?post=119695"},{"taxonomy":"product_cat","embeddable":true,"href":"https:\/\/shop.rvcare.ca\/fr\/wp-json\/wp\/v2\/product_cat?post=119695"},{"taxonomy":"product_tag","embeddable":true,"href":"https:\/\/shop.rvcare.ca\/fr\/wp-json\/wp\/v2\/product_tag?post=119695"}],"curies":[{"name":"wp","href":"https:\/\/api.w.org\/{rel}","templated":true}]}}