{"id":121012,"date":"2025-01-21T16:15:54","date_gmt":"2025-01-21T21:15:54","guid":{"rendered":"https:\/\/shop.rvcare.ca\/product\/snappad-eq-compact-leveling-jack-foot-pads-set-of-4\/"},"modified":"2026-04-10T11:44:27","modified_gmt":"2026-04-10T15:44:27","slug":"snappad-eq-compact-leveling-jack-foot-pads-set-of-4","status":"publish","type":"product","link":"https:\/\/shop.rvcare.ca\/fr\/produit\/snappad-eq-compact-leveling-jack-foot-pads-set-of-4\/","title":{"rendered":"Coussinets de stabilisation SnapPad EQ Compact \u2013 Ensemble de 4"},"content":{"rendered":"<p>L\u2019ensemble de 4 coussinets \u00e0 v\u00e9rin SnapPad EQ Compact est la solution ultime pour stabiliser les VR munis de syst\u00e8mes de nivellement Equalizer\u00ae, Bigfoot\u00ae ou BAL\u00ae. Con\u00e7us pour s\u2019adapter aux pieds de v\u00e9rins carr\u00e9s de 7 po ou ronds de 7 \u00bc po, ces coussinets s\u2019installent en quelques secondes et restent en place en permanence. Fabriqu\u00e9s en caoutchouc recycl\u00e9 durable, les coussinets SnapPads augmentent la surface d\u2019appui de vos v\u00e9rins pour offrir une meilleure stabilit\u00e9, r\u00e9duire les vibrations et am\u00e9liorer l\u2019adh\u00e9rence sur tous les types de terrains. Gr\u00e2ce aux SnapPads, fini le transport et l\u2019installation de coussinets amovibles.<\/p>\n<p>&nbsp;<\/p>\n<p><strong>Caract\u00e9ristiques principales :<\/strong><\/p>\n<ul>\n<li>Stabilit\u00e9 : Augmente la stabilit\u00e9 gr\u00e2ce \u00e0 une empreinte plus large, \u00e0 une meilleure absorption des vibrations et \u00e0 la capacit\u00e9 de s\u2019adapter aux terrains in\u00e9gaux comme le gravier.<\/li>\n<li>Protection : Absorbent les impacts routiers et prot\u00e8gent les pieds de v\u00e9rins en m\u00e9tal contre l\u2019usure caus\u00e9e par le gravier, le b\u00e9ton, l\u2019asphalte et les \u00e9l\u00e9ments.<\/li>\n<li>Antid\u00e9rapant : Le caoutchouc robuste offre une excellente adh\u00e9rence, m\u00eame sur des surfaces glissantes comme la glace ou par grands vents.<\/li>\n<li>R\u00e9sistant : Fabriqu\u00e9s avec du caoutchouc de pneus recycl\u00e9s, une r\u00e9sine haute r\u00e9sistance et compress\u00e9s sous plus de 100 tonnes de pression, pour une durabilit\u00e9 exceptionnelle.<\/li>\n<li>\u00c9coresponsable : Fabriqu\u00e9s aux \u00c9tats-Unis \u00e0 partir de pneus am\u00e9ricains recycl\u00e9s. Bon pour la plan\u00e8te, bon pour l\u2019\u00e9conomie locale.<\/li>\n<li>Isolant \u00e9lectrique : Peut contribuer \u00e0 prot\u00e9ger votre famille et vos appareils \u00e9lectroniques en cas de surtension caus\u00e9e par un \u00e9clair indirect.<\/li>\n<li>Esth\u00e9tique : Ajoute une touche \u00e9l\u00e9gante \u00e0 votre VR. R\u00e9sistent \u00e0 des temp\u00e9ratures de 49 \u00b0C \u00e0 -40 \u00b0C.<\/li>\n<li>Permanent : S\u2019installe en quelques secondes et reste en place pour de bon. Fini de ramper sous le VR \u00e0 chaque installation.<\/li>\n<li>Construction robuste en caoutchouc recycl\u00e9 : Ajoute 1 po d\u2019\u00e9paisseur au pied de v\u00e9rin, augmente la surface d\u2019appui de 44 %, test\u00e9 pour r\u00e9sister \u00e0 50G, 3 lb par coussinet.<\/li>\n<\/ul>\n","protected":false},"excerpt":{"rendered":"<ul>\n<li>Compatibilit\u00e9 : Convient aux pieds de v\u00e9rins carr\u00e9s de 7 po et ronds de 7 \u00bc po<\/li>\n<li>Dimensions : 9 po de diam\u00e8tre<\/li>\n<li>Mat\u00e9riau : Caoutchouc recycl\u00e9<\/li>\n<li>Quantit\u00e9 : Ensemble de 4 coussinets<\/li>\n<li>\u00c9paisseur ajout\u00e9e : Ajoute 1 po \u00e0 la hauteur du pied de v\u00e9rin<\/li>\n<li>Surface accrue : Offre 44 % de surface suppl\u00e9mentaire pour une stabilit\u00e9 am\u00e9lior\u00e9e<\/li>\n<li>Poids par coussinet : 3 lb<\/li>\n<li>Origine : Fabriqu\u00e9 aux \u00c9tats-Unis<\/li>\n<\/ul>\n<p class=\"p1\">Les coussinets SnapPad EQ Compact sont une am\u00e9lioration essentielle pour votre VR, offrant durabilit\u00e9 \u00e0 long terme, stabilit\u00e9 accrue et commodit\u00e9 am\u00e9lior\u00e9e pour toutes vos aventures.<\/p>\n","protected":false},"featured_media":103309,"comment_status":"closed","ping_status":"closed","template":"","meta":{"_glsr_average":0,"_glsr_ranking":0,"_glsr_reviews":0,"keywords_product":"SnapPad EQ, Leveling Jack Foot Pads, RV leveling pads, jack foot pads, leveling pads for RVs, heavy-duty jack pads, snap-on leveling pads, compact leveling pads, RV stabilizer pads, durable jack foot pads, rubber leveling","featured_product":"","product_importance":"1","wds_primary_product_brand":0,"wds_primary_product_cat":0},"product_brand":[2120],"product_cat":[1871,1106],"product_tag":[1462,1536],"class_list":{"0":"post-121012","1":"product","2":"type-product","3":"status-publish","4":"has-post-thumbnail","6":"product_brand-snappad-fr","7":"product_cat-remorquage-nivellement","8":"product_cat-stabilisation-et-nivellement","9":"product_tag-ntp-fr","10":"product_tag-snappad-fr","12":"first","13":"instock","14":"taxable","15":"shipping-taxable","16":"purchasable","17":"product-type-simple"},"bundled_by":[],"bundle_stock_status":"instock","bundle_stock_quantity":86,"bundle_virtual":false,"bundle_layout":"","bundle_add_to_cart_form_location":"","bundle_editable_in_cart":false,"bundle_sold_individually_context":"","bundle_item_grouping":"","bundle_min_size":"","bundle_max_size":"","bundle_price":[],"bundled_items":[],"bundle_sell_ids":[],"_links":{"self":[{"href":"https:\/\/shop.rvcare.ca\/fr\/wp-json\/wp\/v2\/product\/121012","targetHints":{"allow":["GET"]}}],"collection":[{"href":"https:\/\/shop.rvcare.ca\/fr\/wp-json\/wp\/v2\/product"}],"about":[{"href":"https:\/\/shop.rvcare.ca\/fr\/wp-json\/wp\/v2\/types\/product"}],"replies":[{"embeddable":true,"href":"https:\/\/shop.rvcare.ca\/fr\/wp-json\/wp\/v2\/comments?post=121012"}],"version-history":[{"count":1,"href":"https:\/\/shop.rvcare.ca\/fr\/wp-json\/wp\/v2\/product\/121012\/revisions"}],"predecessor-version":[{"id":157587,"href":"https:\/\/shop.rvcare.ca\/fr\/wp-json\/wp\/v2\/product\/121012\/revisions\/157587"}],"wp:featuredmedia":[{"embeddable":true,"href":"https:\/\/shop.rvcare.ca\/fr\/wp-json\/wp\/v2\/media\/103309"}],"wp:attachment":[{"href":"https:\/\/shop.rvcare.ca\/fr\/wp-json\/wp\/v2\/media?parent=121012"}],"wp:term":[{"taxonomy":"product_brand","embeddable":true,"href":"https:\/\/shop.rvcare.ca\/fr\/wp-json\/wp\/v2\/product_brand?post=121012"},{"taxonomy":"product_cat","embeddable":true,"href":"https:\/\/shop.rvcare.ca\/fr\/wp-json\/wp\/v2\/product_cat?post=121012"},{"taxonomy":"product_tag","embeddable":true,"href":"https:\/\/shop.rvcare.ca\/fr\/wp-json\/wp\/v2\/product_tag?post=121012"}],"curies":[{"name":"wp","href":"https:\/\/api.w.org\/{rel}","templated":true}]}}