{"id":123262,"date":"2022-05-04T13:15:39","date_gmt":"2022-05-04T17:15:39","guid":{"rendered":"https:\/\/shop.rvcare.ca\/product\/camco-heated-water-hose-25-feet-5-8%e2%80%b3-x-25%e2%80%b2\/"},"modified":"2026-03-30T14:28:20","modified_gmt":"2026-03-30T18:28:20","slug":"tuyau-deau-chauffant-camco-25-pieds","status":"publish","type":"product","link":"https:\/\/shop.rvcare.ca\/fr\/produit\/tuyau-deau-chauffant-camco-25-pieds\/","title":{"rendered":"Tuyau d\u2019eau chauffant Camco \u2013 25 pieds (5\/8\u2033 x 25\u2032)"},"content":{"rendered":"<p data-start=\"42\" data-end=\"866\">Le tuyau d\u2019eau chauffant Camco assure un d\u00e9bit constant d\u2019eau potable s\u00e9curitaire, m\u00eame par temp\u00e9ratures sous le point de cong\u00e9lation. Ce tuyau chauffant de 25 pieds est dot\u00e9 d\u2019une source de chaleur autor\u00e9gulante, \u00e9liminant ainsi le besoin d\u2019un thermostat ou d\u2019un contr\u00f4leur de temp\u00e9rature s\u00e9par\u00e9. Sa gaine ext\u00e9rieure robuste prot\u00e8ge \u00e0 la fois le tuyau et les composants \u00e9lectriques contre les intemp\u00e9ries et les dommages potentiels. Con\u00e7u pour une utilisation avec les v\u00e9hicules r\u00e9cr\u00e9atifs (VR), le b\u00e9tail, l\u2019agriculture, les chenils et les applications r\u00e9sidentielles, il fonctionne sur 120 V CA et comprend un adaptateur femelle-m\u00e2le permettant de raccorder l\u2019alimentation en eau de chaque extr\u00e9mit\u00e9. Sans phtalates, BPA ni plomb, ce tuyau fournit de l\u2019eau potable en toute s\u00e9curit\u00e9, m\u00eame dans des conditions sous z\u00e9ro.<\/p>\n<p data-start=\"868\" data-end=\"904\"><strong data-start=\"868\" data-end=\"902\">Caract\u00e9ristiques principales :<\/strong><\/p>\n<ul data-start=\"905\" data-end=\"1658\">\n<li data-start=\"905\" data-end=\"1012\">\n<p data-start=\"907\" data-end=\"1012\"><strong data-start=\"907\" data-end=\"949\">Technologie de chauffage autor\u00e9gulante<\/strong> : Maintient l\u2019\u00e9coulement de l\u2019eau sans risque de surchauffe.<\/p>\n<\/li>\n<li data-start=\"1013\" data-end=\"1114\">\n<p data-start=\"1015\" data-end=\"1114\"><strong data-start=\"1015\" data-end=\"1042\">Aucun thermostat requis<\/strong> : Ajuste automatiquement le chauffage selon la baisse de temp\u00e9rature.<\/p>\n<\/li>\n<li data-start=\"1115\" data-end=\"1215\">\n<p data-start=\"1117\" data-end=\"1215\"><strong data-start=\"1117\" data-end=\"1144\">Eau potable s\u00e9curitaire<\/strong> : Fabriqu\u00e9 \u00e0 partir de mat\u00e9riaux exempts de phtalates, BPA et plomb.<\/p>\n<\/li>\n<li data-start=\"1216\" data-end=\"1316\">\n<p data-start=\"1218\" data-end=\"1316\"><strong data-start=\"1218\" data-end=\"1253\">Protection fiable contre le gel<\/strong> : R\u00e9siste \u00e0 des temp\u00e9ratures allant jusqu\u2019\u00e0 -20 \u00b0F (-28 \u00b0C).<\/p>\n<\/li>\n<li data-start=\"1317\" data-end=\"1423\">\n<p data-start=\"1319\" data-end=\"1423\"><strong data-start=\"1319\" data-end=\"1343\">Construction robuste<\/strong> : Gaine ext\u00e9rieure durable prot\u00e9geant le tuyau et les composants \u00e9lectriques.<\/p>\n<\/li>\n<li data-start=\"1424\" data-end=\"1533\">\n<p data-start=\"1426\" data-end=\"1533\"><strong data-start=\"1426\" data-end=\"1453\">Utilisation polyvalente<\/strong> : Id\u00e9al pour les VR, le b\u00e9tail, l\u2019agriculture, les chenils et les r\u00e9sidences.<\/p>\n<\/li>\n<li data-start=\"1534\" data-end=\"1658\">\n<p data-start=\"1536\" data-end=\"1658\"><strong data-start=\"1536\" data-end=\"1558\">Connexion flexible<\/strong> : Comprend un adaptateur femelle-m\u00e2le pour un raccordement facile dans toutes les configurations.<\/p>\n<\/li>\n<\/ul>\n","protected":false},"excerpt":{"rendered":"<ul>\n<li>\n<p data-start=\"106\" data-end=\"494\"><strong data-start=\"106\" data-end=\"120\">Longueur :<\/strong> 25 pieds<\/p>\n<\/li>\n<li>\n<p data-start=\"106\" data-end=\"494\"><strong data-start=\"132\" data-end=\"156\" data-is-only-node=\"\">Diam\u00e8tre int\u00e9rieur :<\/strong> 5\/8 po<\/p>\n<\/li>\n<li>\n<p data-start=\"106\" data-end=\"494\"><strong data-start=\"166\" data-end=\"176\">Type :<\/strong> Chauffant<\/p>\n<\/li>\n<li>\n<p data-start=\"106\" data-end=\"494\"><strong style=\"font-family: -apple-system, BlinkMacSystemFont, 'Segoe UI', Roboto, 'Helvetica Neue', Arial, 'Noto Sans', sans-serif, 'Apple Color Emoji', 'Segoe UI Emoji', 'Segoe UI Symbol', 'Noto Color Emoji';\" data-start=\"189\" data-end=\"202\">Couleur :<\/strong><span style=\"font-family: -apple-system, BlinkMacSystemFont, 'Segoe UI', Roboto, 'Helvetica Neue', Arial, 'Noto Sans', sans-serif, 'Apple Color Emoji', 'Segoe UI Emoji', 'Segoe UI Symbol', 'Noto Color Emoji';\"> Bleu<\/span><\/p>\n<\/li>\n<li>\n<p data-start=\"106\" data-end=\"494\"><strong style=\"font-family: -apple-system, BlinkMacSystemFont, 'Segoe UI', Roboto, 'Helvetica Neue', Arial, 'Noto Sans', sans-serif, 'Apple Color Emoji', 'Segoe UI Emoji', 'Segoe UI Symbol', 'Noto Color Emoji';\" data-start=\"210\" data-end=\"224\">Mat\u00e9riau :<\/strong><span style=\"font-family: -apple-system, BlinkMacSystemFont, 'Segoe UI', Roboto, 'Helvetica Neue', Arial, 'Noto Sans', sans-serif, 'Apple Color Emoji', 'Segoe UI Emoji', 'Segoe UI Symbol', 'Noto Color Emoji';\"> Plastique (polychlorure de vinyle \u2013 PVC)<\/span><\/p>\n<\/li>\n<li>\n<p data-start=\"106\" data-end=\"494\"><strong style=\"font-family: -apple-system, BlinkMacSystemFont, 'Segoe UI', Roboto, 'Helvetica Neue', Arial, 'Noto Sans', sans-serif, 'Apple Color Emoji', 'Segoe UI Emoji', 'Segoe UI Symbol', 'Noto Color Emoji';\" data-start=\"268\" data-end=\"285\">Utilisation :<\/strong><span style=\"font-family: -apple-system, BlinkMacSystemFont, 'Segoe UI', Roboto, 'Helvetica Neue', Arial, 'Noto Sans', sans-serif, 'Apple Color Emoji', 'Segoe UI Emoji', 'Segoe UI Symbol', 'Noto Color Emoji';\"> VR \/ \u00c9levage \/ Agriculture \/ Chenils et autres usages industriels, commerciaux et r\u00e9sidentiels<\/span><\/p>\n<\/li>\n<li>\n<p data-start=\"106\" data-end=\"494\"><strong style=\"font-family: -apple-system, BlinkMacSystemFont, 'Segoe UI', Roboto, 'Helvetica Neue', Arial, 'Noto Sans', sans-serif, 'Apple Color Emoji', 'Segoe UI Emoji', 'Segoe UI Symbol', 'Noto Color Emoji';\" data-start=\"383\" data-end=\"409\">Plage de temp\u00e9rature :<\/strong><span style=\"font-family: -apple-system, BlinkMacSystemFont, 'Segoe UI', Roboto, 'Helvetica Neue', Arial, 'Noto Sans', sans-serif, 'Apple Color Emoji', 'Segoe UI Emoji', 'Segoe UI Symbol', 'Noto Color Emoji';\"> R\u00e9siste jusqu\u2019\u00e0 -20 \u00b0F (-28 \u00b0C)<\/span><\/p>\n<\/li>\n<li>\n<p data-start=\"106\" data-end=\"494\"><strong style=\"font-family: -apple-system, BlinkMacSystemFont, 'Segoe UI', Roboto, 'Helvetica Neue', Arial, 'Noto Sans', sans-serif, 'Apple Color Emoji', 'Segoe UI Emoji', 'Segoe UI Symbol', 'Noto Color Emoji';\" data-start=\"444\" data-end=\"465\">Raccords inclus :<\/strong><span style=\"font-family: -apple-system, BlinkMacSystemFont, 'Segoe UI', Roboto, 'Helvetica Neue', Arial, 'Noto Sans', sans-serif, 'Apple Color Emoji', 'Segoe UI Emoji', 'Segoe UI Symbol', 'Noto Color Emoji';\"> Oui<\/span><\/p>\n<\/li>\n<li>\n<p data-start=\"106\" data-end=\"494\"><strong style=\"font-family: -apple-system, BlinkMacSystemFont, 'Segoe UI', Roboto, 'Helvetica Neue', Arial, 'Noto Sans', sans-serif, 'Apple Color Emoji', 'Segoe UI Emoji', 'Segoe UI Symbol', 'Noto Color Emoji';\" data-start=\"472\" data-end=\"486\">Quantit\u00e9 :<\/strong><span style=\"font-family: -apple-system, BlinkMacSystemFont, 'Segoe UI', Roboto, 'Helvetica Neue', Arial, 'Noto Sans', sans-serif, 'Apple Color Emoji', 'Segoe UI Emoji', 'Segoe UI Symbol', 'Noto Color Emoji';\"> Unit\u00e9<\/span><\/p>\n<p data-start=\"496\" data-end=\"666\" data-is-last-node=\"\" data-is-only-node=\"\">\n<\/li>\n<\/ul>\n","protected":false},"featured_media":123028,"comment_status":"closed","ping_status":"closed","template":"","meta":{"_glsr_average":0,"_glsr_ranking":0,"_glsr_reviews":0,"keywords_product":"heated water hose, rv heated hose, 25 ft heated hose, freeze-proof water hose, self-regulating water hose, drinking water safe hose, winter rv hose, insulated water hose, cold weather water hose, sub-zero water hose","featured_product":"","product_importance":"1","wds_primary_product_brand":0,"wds_primary_product_cat":0,"wds_primary_fb_product_set":0},"product_brand":[1915],"product_cat":[241,1380,268,1657],"product_tag":[1443,1462],"class_list":{"0":"post-123262","1":"product","2":"type-product","3":"status-publish","4":"has-post-thumbnail","6":"product_brand-camco-fr","7":"product_cat-entretien-nettoyage","8":"product_cat-hivernage","9":"product_cat-plomberie","10":"product_cat-tuyaux-deau-potable-accessoires","11":"product_tag-camco-fr","12":"product_tag-ntp-fr","14":"first","15":"instock","16":"taxable","17":"shipping-taxable","18":"purchasable","19":"product-type-simple"},"bundled_by":[],"bundle_stock_status":"instock","bundle_stock_quantity":376,"bundle_virtual":false,"bundle_layout":"","bundle_add_to_cart_form_location":"","bundle_editable_in_cart":false,"bundle_sold_individually_context":"","bundle_item_grouping":"","bundle_min_size":"","bundle_max_size":"","bundle_price":[],"bundled_items":[],"bundle_sell_ids":[],"_links":{"self":[{"href":"https:\/\/shop.rvcare.ca\/fr\/wp-json\/wp\/v2\/product\/123262","targetHints":{"allow":["GET"]}}],"collection":[{"href":"https:\/\/shop.rvcare.ca\/fr\/wp-json\/wp\/v2\/product"}],"about":[{"href":"https:\/\/shop.rvcare.ca\/fr\/wp-json\/wp\/v2\/types\/product"}],"replies":[{"embeddable":true,"href":"https:\/\/shop.rvcare.ca\/fr\/wp-json\/wp\/v2\/comments?post=123262"}],"version-history":[{"count":1,"href":"https:\/\/shop.rvcare.ca\/fr\/wp-json\/wp\/v2\/product\/123262\/revisions"}],"predecessor-version":[{"id":157602,"href":"https:\/\/shop.rvcare.ca\/fr\/wp-json\/wp\/v2\/product\/123262\/revisions\/157602"}],"wp:featuredmedia":[{"embeddable":true,"href":"https:\/\/shop.rvcare.ca\/fr\/wp-json\/wp\/v2\/media\/123028"}],"wp:attachment":[{"href":"https:\/\/shop.rvcare.ca\/fr\/wp-json\/wp\/v2\/media?parent=123262"}],"wp:term":[{"taxonomy":"product_brand","embeddable":true,"href":"https:\/\/shop.rvcare.ca\/fr\/wp-json\/wp\/v2\/product_brand?post=123262"},{"taxonomy":"product_cat","embeddable":true,"href":"https:\/\/shop.rvcare.ca\/fr\/wp-json\/wp\/v2\/product_cat?post=123262"},{"taxonomy":"product_tag","embeddable":true,"href":"https:\/\/shop.rvcare.ca\/fr\/wp-json\/wp\/v2\/product_tag?post=123262"}],"curies":[{"name":"wp","href":"https:\/\/api.w.org\/{rel}","templated":true}]}}