{"id":125978,"date":"2025-02-21T09:57:05","date_gmt":"2025-02-21T14:57:05","guid":{"rendered":"https:\/\/shop.rvcare.ca\/product\/culligan-rv-water-filter-exterior-disposable-cartridge\/"},"modified":"2026-04-04T05:31:43","modified_gmt":"2026-04-04T09:31:43","slug":"culligan-rv-water-filter-exterior-disposable-cartridge","status":"publish","type":"product","link":"https:\/\/shop.rvcare.ca\/fr\/produit\/culligan-rv-water-filter-exterior-disposable-cartridge\/","title":{"rendered":"Culligan RV Water Filter \u2013 Exterior Disposable Cartridge"},"content":{"rendered":"<p>Ensure clean, great-tasting water on the go with the Culligan RV Water Filter. This slim, in-line filter easily connects to your camper, trailer, motorhome, or boat, providing high-flow filtration before water enters your fresh water tank. Featuring a granular activated carbon filter, it effectively reduces chlorine taste and odor, sediment, and helps prevent bacterial growth while filtering up to 2,000 gallons. NSF-certified for safe and reliable water filtration.<\/p>\n<p>&nbsp;<\/p>\n<p>Key Features:<\/p>\n<ul>\n<li>Slim design for easy installation and storage<\/li>\n<li>Connects effortlessly to RVs, trailers, motorhomes, and boats<\/li>\n<li>High flow rate for quick and efficient water filling<\/li>\n<li>Granular activated carbon filter reduces chlorine, odours, and sediment<\/li>\n<li>NSF-certified for safe and reliable filtration<\/li>\n<\/ul>\n<p>Enjoy fresh, clean water wherever your adventures take you!<\/p>\n","protected":false},"excerpt":{"rendered":"<ul>\n<li>Compatibility: Standard garden hose female coupling for exterior pre-tank filtering<\/li>\n<li>Used For: Reduces chlorine Taste\/Odor\/Sediment<\/li>\n<li>Type: In-Line<\/li>\n<li>Micron Rating: 5 Microns<\/li>\n<li>Filter Media: Granular Activated Carbon<\/li>\n<li>With Flexible Hose Protector: Yes<\/li>\n<li>Quantity: Single<\/li>\n<\/ul>\n","protected":false},"featured_media":125654,"comment_status":"open","ping_status":"closed","template":"","meta":{"_glsr_average":0,"_glsr_ranking":0,"_glsr_reviews":0,"keywords_product":"culligan rv water filter, inline water filter, rv water filtration, camper water filter, motorhome water filter, boat water filter, carbon water filter, nsf certified water filter, fresh water tank filter, high flow water filter, Filtre \u00e0 eau Culligan VR, filtre \u00e0 eau en ligne, filtration d\u2019eau VR, filtre \u00e0 eau pour caravane, filtre \u00e0 eau pour motoris\u00e9, filtre \u00e0 eau pour bateau, filtre \u00e0 eau au carbone, filtre \u00e0 eau certifi\u00e9 NSF, filtre pour r\u00e9servoir d\u2019eau potable, filtre \u00e0 d\u00e9bit \u00e9lev\u00e9","featured_product":"","product_importance":"1","wds_primary_product_brand":0,"wds_primary_product_cat":0,"wds_primary_fb_product_set":0},"product_brand":[2080],"product_cat":[1659,268],"product_tag":[1603,1462],"class_list":{"0":"post-125978","1":"product","2":"type-product","3":"status-publish","4":"has-post-thumbnail","6":"product_brand-culligan-fr","7":"product_cat-filtres-a-eau","8":"product_cat-plomberie","9":"product_tag-culligan-fr","10":"product_tag-ntp-fr","12":"first","13":"instock","14":"taxable","15":"shipping-taxable","16":"purchasable","17":"product-type-simple"},"bundled_by":[],"bundle_stock_status":"instock","bundle_stock_quantity":90,"bundle_virtual":false,"bundle_layout":"","bundle_add_to_cart_form_location":"","bundle_editable_in_cart":false,"bundle_sold_individually_context":"","bundle_item_grouping":"","bundle_min_size":"","bundle_max_size":"","bundle_price":[],"bundled_items":[],"bundle_sell_ids":[],"_links":{"self":[{"href":"https:\/\/shop.rvcare.ca\/fr\/wp-json\/wp\/v2\/product\/125978","targetHints":{"allow":["GET"]}}],"collection":[{"href":"https:\/\/shop.rvcare.ca\/fr\/wp-json\/wp\/v2\/product"}],"about":[{"href":"https:\/\/shop.rvcare.ca\/fr\/wp-json\/wp\/v2\/types\/product"}],"replies":[{"embeddable":true,"href":"https:\/\/shop.rvcare.ca\/fr\/wp-json\/wp\/v2\/comments?post=125978"}],"version-history":[{"count":1,"href":"https:\/\/shop.rvcare.ca\/fr\/wp-json\/wp\/v2\/product\/125978\/revisions"}],"predecessor-version":[{"id":149970,"href":"https:\/\/shop.rvcare.ca\/fr\/wp-json\/wp\/v2\/product\/125978\/revisions\/149970"}],"wp:featuredmedia":[{"embeddable":true,"href":"https:\/\/shop.rvcare.ca\/fr\/wp-json\/wp\/v2\/media\/125654"}],"wp:attachment":[{"href":"https:\/\/shop.rvcare.ca\/fr\/wp-json\/wp\/v2\/media?parent=125978"}],"wp:term":[{"taxonomy":"product_brand","embeddable":true,"href":"https:\/\/shop.rvcare.ca\/fr\/wp-json\/wp\/v2\/product_brand?post=125978"},{"taxonomy":"product_cat","embeddable":true,"href":"https:\/\/shop.rvcare.ca\/fr\/wp-json\/wp\/v2\/product_cat?post=125978"},{"taxonomy":"product_tag","embeddable":true,"href":"https:\/\/shop.rvcare.ca\/fr\/wp-json\/wp\/v2\/product_tag?post=125978"}],"curies":[{"name":"wp","href":"https:\/\/api.w.org\/{rel}","templated":true}]}}