{"id":125995,"date":"2025-02-21T09:56:29","date_gmt":"2025-02-21T14:56:29","guid":{"rendered":"https:\/\/shop.rvcare.ca\/product\/valterra-power-cord-adapter-30a-m-50a-f\/"},"modified":"2026-04-16T05:32:13","modified_gmt":"2026-04-16T09:32:13","slug":"valterra-power-cord-adapter-30a-m-50a-f","status":"publish","type":"product","link":"https:\/\/shop.rvcare.ca\/fr\/produit\/valterra-power-cord-adapter-30a-m-50a-f\/","title":{"rendered":"Valterra Power Cord Adapter \u2013 (30A M &#8211; 50A F)"},"content":{"rendered":"<p>Easily connect your RV to a standard power source with the Valterra Power Cord Adapter. Designed for versatility, this compact adapter converts a 30-amp male connection to a 50-amp female connection, making it a convenient solution for campsites and power hookups. Built from high-quality materials, it ensures durability and reliable performance for your RV\u2019s electrical needs.<\/p>\n<p>&nbsp;<\/p>\n<p>Key Features:<\/p>\n<ul>\n<li>Reliable Power Conversion: adapter plug for use in adapting 30 Ampere power for use with 50 Ampere trailers<\/li>\n<li>Compact &amp; Portable: Easy to store and transport for on-the-go RVing<\/li>\n<li>Durable Construction: Made with high-quality materials for long-lasting use<\/li>\n<li>Simple &amp; Efficient: Non-locking connection for hassle-free setup<\/li>\n<\/ul>\n<p>An essential tool for RV owners, this adapter provides a quick and effective way to connect to power while on the road!<\/p>\n","protected":false},"excerpt":{"rendered":"<ul>\n<li>Type: RV Plug<\/li>\n<li>NEMA Standard 1: TT-30P<\/li>\n<li>NEMA Standard 2: 14-50R<\/li>\n<li>End Type 1: Straight Blade<\/li>\n<li>End Type 2: Straight Blade<\/li>\n<li>End Rating 1: 30 Amp<\/li>\n<li>End Rating 2: 50 Amp<\/li>\n<li>Length: Not Applicable<\/li>\n<li>Waterproof: No<\/li>\n<li>With Locking Ring: No<\/li>\n<li>With Lighted End: No<\/li>\n<li>With Plug Head Handle: No<\/li>\n<li>Marine: Yes<\/li>\n<\/ul>\n","protected":false},"featured_media":125598,"comment_status":"open","ping_status":"closed","template":"","meta":{"_glsr_average":0,"_glsr_ranking":0,"_glsr_reviews":0,"keywords_product":"Valterra power cord adapter, RV power adapter, 30 amp to 50 amp adapter, RV electrical adapter, RV power conversion, RV plug adapter, camping power adapter, durable RV power cord, heavy-duty power adapter, detachable RV adapter, compact RV power adapter, RV electrical connection, reliable RV power solution, motorhome power adapter, trailer power adapter, RV hookup adapter, easy-to-use RV power cord, Valterra RV electrical accessories, RV campsite power connection, Adaptateur de cordon Valterra, adaptateur d\u2019alimentation VR, adaptateur 30 A \u00e0 50 A, adaptateur \u00e9lectrique VR, conversion d\u2019alimentation VR, adaptateur de prise VR, adaptateur de camping, cordon d\u2019alimentation VR durable, adaptateur robuste, adaptateur d\u00e9tachable VR, adaptateur compact VR, connexion \u00e9lectrique VR, solution d\u2019alimentation fiable VR, adaptateur motoris\u00e9, adaptateur remorque, adaptateur de branchement VR, cordon d\u2019alimentation VR facile \u00e0 utiliser, accessoires \u00e9lectriques VR Valterra, connexion \u00e9lectrique camping VR","featured_product":"","product_importance":"1","wds_primary_product_brand":0,"wds_primary_product_cat":0,"wds_primary_fb_product_set":0},"product_brand":[2059],"product_cat":[1863,1381,1043],"product_tag":[1462,1375],"class_list":{"0":"post-125995","1":"product","2":"type-product","3":"status-publish","4":"has-post-thumbnail","6":"product_brand-valterra","7":"product_cat-cables-adapters","8":"product_cat-electrical","9":"product_cat-powercords-adapters","10":"product_tag-ntp-fr","11":"product_tag-valterra-llc-fr","13":"first","14":"instock","15":"taxable","16":"shipping-taxable","17":"purchasable","18":"product-type-simple"},"bundled_by":[],"bundle_stock_status":"instock","bundle_stock_quantity":516,"bundle_virtual":false,"bundle_layout":"","bundle_add_to_cart_form_location":"","bundle_editable_in_cart":false,"bundle_sold_individually_context":"","bundle_item_grouping":"","bundle_min_size":"","bundle_max_size":"","bundle_price":[],"bundled_items":[],"bundle_sell_ids":[],"_links":{"self":[{"href":"https:\/\/shop.rvcare.ca\/fr\/wp-json\/wp\/v2\/product\/125995","targetHints":{"allow":["GET"]}}],"collection":[{"href":"https:\/\/shop.rvcare.ca\/fr\/wp-json\/wp\/v2\/product"}],"about":[{"href":"https:\/\/shop.rvcare.ca\/fr\/wp-json\/wp\/v2\/types\/product"}],"replies":[{"embeddable":true,"href":"https:\/\/shop.rvcare.ca\/fr\/wp-json\/wp\/v2\/comments?post=125995"}],"version-history":[{"count":1,"href":"https:\/\/shop.rvcare.ca\/fr\/wp-json\/wp\/v2\/product\/125995\/revisions"}],"predecessor-version":[{"id":150816,"href":"https:\/\/shop.rvcare.ca\/fr\/wp-json\/wp\/v2\/product\/125995\/revisions\/150816"}],"wp:featuredmedia":[{"embeddable":true,"href":"https:\/\/shop.rvcare.ca\/fr\/wp-json\/wp\/v2\/media\/125598"}],"wp:attachment":[{"href":"https:\/\/shop.rvcare.ca\/fr\/wp-json\/wp\/v2\/media?parent=125995"}],"wp:term":[{"taxonomy":"product_brand","embeddable":true,"href":"https:\/\/shop.rvcare.ca\/fr\/wp-json\/wp\/v2\/product_brand?post=125995"},{"taxonomy":"product_cat","embeddable":true,"href":"https:\/\/shop.rvcare.ca\/fr\/wp-json\/wp\/v2\/product_cat?post=125995"},{"taxonomy":"product_tag","embeddable":true,"href":"https:\/\/shop.rvcare.ca\/fr\/wp-json\/wp\/v2\/product_tag?post=125995"}],"curies":[{"name":"wp","href":"https:\/\/api.w.org\/{rel}","templated":true}]}}