{"id":127110,"date":"2025-03-03T12:57:19","date_gmt":"2025-03-03T17:57:19","guid":{"rendered":"https:\/\/shop.rvcare.ca\/?post_type=product&#038;p=127110"},"modified":"2026-04-10T11:44:33","modified_gmt":"2026-04-10T15:44:33","slug":"brosse-de-lavage-star-brite-avec-manche-8-po-bleu-copy","status":"publish","type":"product","link":"https:\/\/shop.rvcare.ca\/fr\/produit\/brosse-de-lavage-star-brite-avec-manche-8-po-bleu-copy\/","title":{"rendered":"Brosse de lavage Star Brite avec manche (8 po &#8211; Bleu) Obtenez gratuitement  le liquide multi-usage  Wash &#038; Wax !"},"content":{"rendered":"<p>Cette brosse de lavage Star Brite avec manche est un outil de nettoyage polyvalent pour le pont.<\/p>\n","protected":false},"excerpt":{"rendered":"<ul>\n<li data-start=\"0\" data-end=\"51\"><strong data-start=\"2\" data-end=\"30\">Type de t\u00eate de brosse :<\/strong> Rectangulaire 8 po<\/li>\n<li data-start=\"52\" data-end=\"86\"><strong data-start=\"54\" data-end=\"78\">Mat\u00e9riau des poils :<\/strong> Fibre<\/li>\n<li data-start=\"87\" data-end=\"130\"><strong data-start=\"89\" data-end=\"113\">Longueur du manche :<\/strong> De 3 \u00e0 6 pieds<\/li>\n<li data-start=\"131\" data-end=\"169\"><strong data-start=\"133\" data-end=\"157\">Mat\u00e9riau du manche :<\/strong> Aluminium<\/li>\n<li data-start=\"170\" data-end=\"202\"><strong data-start=\"172\" data-end=\"195\">Couleur des poils :<\/strong> Bleu<\/li>\n<li data-start=\"203\" data-end=\"304\" data-is-last-node=\"\"><strong data-start=\"205\" data-end=\"227\">Caract\u00e9ristiques :<\/strong> Poign\u00e9es antid\u00e9rapantes, con\u00e7ue pour flotter en cas de chute par-dessus bord<\/li>\n<\/ul>\n","protected":false},"featured_media":127259,"comment_status":"closed","ping_status":"closed","template":"","meta":{"_glsr_average":0,"_glsr_ranking":0,"_glsr_reviews":0,"keywords_product":"","featured_product":"","product_importance":"1","wds_primary_product_brand":0,"wds_primary_product_cat":0,"wds_primary_fb_product_set":0},"product_brand":[1910],"product_cat":[241,1537],"product_tag":[1353,1678],"class_list":{"0":"post-127110","1":"product","2":"type-product","3":"status-publish","4":"has-post-thumbnail","6":"product_brand-star-brite-fr","7":"product_cat-entretien-nettoyage","8":"product_cat-outils-de-nettoyage","9":"product_tag-star-brite-fr","10":"product_tag-ts-fr","12":"first","13":"instock","14":"taxable","15":"shipping-taxable","16":"purchasable","17":"product-type-simple"},"bundled_by":[],"bundle_stock_status":"instock","bundle_stock_quantity":24,"bundle_virtual":false,"bundle_layout":"","bundle_add_to_cart_form_location":"","bundle_editable_in_cart":false,"bundle_sold_individually_context":"","bundle_item_grouping":"","bundle_min_size":"","bundle_max_size":"","bundle_price":[],"bundled_items":[],"bundle_sell_ids":[],"_links":{"self":[{"href":"https:\/\/shop.rvcare.ca\/fr\/wp-json\/wp\/v2\/product\/127110","targetHints":{"allow":["GET"]}}],"collection":[{"href":"https:\/\/shop.rvcare.ca\/fr\/wp-json\/wp\/v2\/product"}],"about":[{"href":"https:\/\/shop.rvcare.ca\/fr\/wp-json\/wp\/v2\/types\/product"}],"replies":[{"embeddable":true,"href":"https:\/\/shop.rvcare.ca\/fr\/wp-json\/wp\/v2\/comments?post=127110"}],"version-history":[{"count":1,"href":"https:\/\/shop.rvcare.ca\/fr\/wp-json\/wp\/v2\/product\/127110\/revisions"}],"predecessor-version":[{"id":157621,"href":"https:\/\/shop.rvcare.ca\/fr\/wp-json\/wp\/v2\/product\/127110\/revisions\/157621"}],"wp:featuredmedia":[{"embeddable":true,"href":"https:\/\/shop.rvcare.ca\/fr\/wp-json\/wp\/v2\/media\/127259"}],"wp:attachment":[{"href":"https:\/\/shop.rvcare.ca\/fr\/wp-json\/wp\/v2\/media?parent=127110"}],"wp:term":[{"taxonomy":"product_brand","embeddable":true,"href":"https:\/\/shop.rvcare.ca\/fr\/wp-json\/wp\/v2\/product_brand?post=127110"},{"taxonomy":"product_cat","embeddable":true,"href":"https:\/\/shop.rvcare.ca\/fr\/wp-json\/wp\/v2\/product_cat?post=127110"},{"taxonomy":"product_tag","embeddable":true,"href":"https:\/\/shop.rvcare.ca\/fr\/wp-json\/wp\/v2\/product_tag?post=127110"}],"curies":[{"name":"wp","href":"https:\/\/api.w.org\/{rel}","templated":true}]}}