{"id":127192,"date":"2025-03-04T09:17:13","date_gmt":"2025-03-04T14:17:13","guid":{"rendered":"https:\/\/shop.rvcare.ca\/?post_type=product&#038;p=127192"},"modified":"2026-04-10T11:44:32","modified_gmt":"2026-04-10T15:44:32","slug":"extincteur-dincendie-recreatif-brk-electronics","status":"publish","type":"product","link":"https:\/\/shop.rvcare.ca\/fr\/produit\/extincteur-dincendie-recreatif-brk-electronics\/","title":{"rendered":"2 Extincteurs pour loisirs BRK Electronics &#8211; (Achetez-en 1, obtenez le deuxi\u00e8me \u00e0 -50 %)"},"content":{"rendered":"<h2 class=\"elementor-heading-title elementor-size-default elementor-inline-editing pen\" contenteditable=\"true\" data-elementor-setting-key=\"title\" data-pen-placeholder=\"Type Here...\">2x Extincteur de loisirs \u2013 Achetez-en 1, obtenez le deuxi\u00e8me \u00e0 -50 %<\/h2>\n<p>Cet extincteur d&rsquo;incendie r\u00e9cr\u00e9atif BRK Electronics peut \u00eatre utilis\u00e9 dans les fourgonnettes, les caravanes et autres v\u00e9hicules r\u00e9cr\u00e9atifs (VR). Combat les incendies domestiques d&rsquo;huile, d&rsquo;essence et \u00e9lectriques.<\/p>\n","protected":false},"excerpt":{"rendered":"<ul>\n<li>Classe de feu : 5-B:C<\/li>\n<li>Agent extincteur : Bicarbonate de sodium<\/li>\n<li>Volume de la bouteille : 2 lb<\/li>\n<li>Couleur : blanche<\/li>\n<li>Mat\u00e9riau : acier<\/li>\n<li>Comprend des supports de montage<\/li>\n<li>Approuv\u00e9 par l&rsquo;USCG (United States Coast Guard)<\/li>\n<li>Soupape et d\u00e9tenteur m\u00e9talliques de qualit\u00e9 commerciale<\/li>\n<li>Support avec sangle pour un montage facile<\/li>\n<li>Manom\u00e8tre facile \u00e0 lire<\/li>\n<\/ul>\n","protected":false},"featured_media":127194,"comment_status":"closed","ping_status":"closed","template":"","meta":{"_glsr_average":0,"_glsr_ranking":0,"_glsr_reviews":0,"keywords_product":"","featured_product":"","product_importance":"1","wds_primary_product_brand":0,"wds_primary_product_cat":0,"wds_primary_fb_product_set":0},"product_brand":[2074],"product_cat":[1765,1763],"product_tag":[1442,1462,2133],"class_list":{"0":"post-127192","1":"product","2":"type-product","3":"status-publish","4":"has-post-thumbnail","6":"product_brand-brk-electron-fr","7":"product_cat-avertisseurs-et-capteurs-de-securite","8":"product_cat-securite-et-protection-pour-vr","9":"product_tag-brk-electron-fr","10":"product_tag-ntp-fr","11":"product_tag-promo-fr","13":"first","14":"instock","15":"taxable","16":"shipping-taxable","17":"purchasable","18":"product-type-simple"},"bundled_by":[],"bundle_stock_status":"instock","bundle_stock_quantity":784,"bundle_virtual":false,"bundle_layout":"","bundle_add_to_cart_form_location":"","bundle_editable_in_cart":false,"bundle_sold_individually_context":"","bundle_item_grouping":"","bundle_min_size":"","bundle_max_size":"","bundle_price":[],"bundled_items":[],"bundle_sell_ids":[],"_links":{"self":[{"href":"https:\/\/shop.rvcare.ca\/fr\/wp-json\/wp\/v2\/product\/127192","targetHints":{"allow":["GET"]}}],"collection":[{"href":"https:\/\/shop.rvcare.ca\/fr\/wp-json\/wp\/v2\/product"}],"about":[{"href":"https:\/\/shop.rvcare.ca\/fr\/wp-json\/wp\/v2\/types\/product"}],"replies":[{"embeddable":true,"href":"https:\/\/shop.rvcare.ca\/fr\/wp-json\/wp\/v2\/comments?post=127192"}],"version-history":[{"count":1,"href":"https:\/\/shop.rvcare.ca\/fr\/wp-json\/wp\/v2\/product\/127192\/revisions"}],"predecessor-version":[{"id":157622,"href":"https:\/\/shop.rvcare.ca\/fr\/wp-json\/wp\/v2\/product\/127192\/revisions\/157622"}],"wp:featuredmedia":[{"embeddable":true,"href":"https:\/\/shop.rvcare.ca\/fr\/wp-json\/wp\/v2\/media\/127194"}],"wp:attachment":[{"href":"https:\/\/shop.rvcare.ca\/fr\/wp-json\/wp\/v2\/media?parent=127192"}],"wp:term":[{"taxonomy":"product_brand","embeddable":true,"href":"https:\/\/shop.rvcare.ca\/fr\/wp-json\/wp\/v2\/product_brand?post=127192"},{"taxonomy":"product_cat","embeddable":true,"href":"https:\/\/shop.rvcare.ca\/fr\/wp-json\/wp\/v2\/product_cat?post=127192"},{"taxonomy":"product_tag","embeddable":true,"href":"https:\/\/shop.rvcare.ca\/fr\/wp-json\/wp\/v2\/product_tag?post=127192"}],"curies":[{"name":"wp","href":"https:\/\/api.w.org\/{rel}","templated":true}]}}