{"id":129074,"date":"2025-03-17T11:04:31","date_gmt":"2025-03-17T15:04:31","guid":{"rendered":"https:\/\/shop.rvcare.ca\/product\/go-power-portable-solar-kit-200-watt-11-2-amp\/"},"modified":"2026-04-10T11:44:31","modified_gmt":"2026-04-10T15:44:31","slug":"trousse-solaire-portative-go-power","status":"publish","type":"product","link":"https:\/\/shop.rvcare.ca\/fr\/produit\/trousse-solaire-portative-go-power\/","title":{"rendered":"Trousse solaire portative Go Power (200 watts \/ 11,2 amp\u00e8res)"},"content":{"rendered":"<p data-start=\"0\" data-end=\"503\">Alimentez votre VR, caravane ou bateau avec cette trousse solaire portative efficace de 200 watts. Con\u00e7ue pour la commodit\u00e9, elle s\u2019installe en quelques minutes \u2014 il suffit de la d\u00e9plier, de brancher les pinces de batterie incluses et de commencer la recharge. Le contr\u00f4leur solaire num\u00e9rique de 30 amp\u00e8res assure une performance optimale tout en prot\u00e9geant votre batterie. Lorsqu\u2019elle n\u2019est pas utilis\u00e9e, la trousse se replie dans un \u00e9tui de transport compact pour un rangement et un transport faciles.<\/p>\n<p data-start=\"505\" data-end=\"539\"><strong data-start=\"505\" data-end=\"539\">Caract\u00e9ristiques principales :<\/strong><\/p>\n<ul data-start=\"541\" data-end=\"880\">\n<li data-start=\"541\" data-end=\"647\">\n<p data-start=\"543\" data-end=\"647\">Parfaite pour les VR, les tentes-caravanes et les bateaux \u2013 Se connecte aux ports solaires de type SAE<\/p>\n<\/li>\n<li data-start=\"648\" data-end=\"716\">\n<p data-start=\"650\" data-end=\"716\">Installation rapide \u2013 Aucune installation ou fixation n\u00e9cessaire<\/p>\n<\/li>\n<li data-start=\"717\" data-end=\"790\">\n<p data-start=\"719\" data-end=\"790\">Se replie dans un \u00e9tui \u2013 L\u00e9g\u00e8re et portative pour un transport facile<\/p>\n<\/li>\n<li data-start=\"791\" data-end=\"880\">\n<p data-start=\"793\" data-end=\"880\">Fonctionnement sans entretien \u2013 Une \u00e9nergie solaire fiable, peu importe o\u00f9 vous allez<\/p>\n<\/li>\n<\/ul>\n<p data-start=\"882\" data-end=\"979\" data-is-last-node=\"\" data-is-only-node=\"\">Restez aliment\u00e9 sur la route ou sur l\u2019eau gr\u00e2ce \u00e0 cette solution solaire efficace et sans tracas!<\/p>\n","protected":false},"excerpt":{"rendered":"<ul>\n<li><strong data-start=\"0\" data-end=\"10\" data-is-only-node=\"\">Type :<\/strong> Portatif<\/li>\n<li><strong data-start=\"22\" data-end=\"46\">Puissance nominale :<\/strong> 200 watts \/ 11,2 amp\u00e8res<\/li>\n<li><strong data-start=\"74\" data-end=\"95\">Type de panneau :<\/strong> Monocristallin<\/li>\n<li><strong data-start=\"113\" data-end=\"127\">Longueur :<\/strong> 39 po<\/li>\n<li><strong data-start=\"136\" data-end=\"149\">Largeur :<\/strong> 52,8 po<\/li>\n<li><strong data-start=\"160\" data-end=\"184\">Type de contr\u00f4leur :<\/strong> Contr\u00f4leur solaire num\u00e9rique de 30 amp\u00e8res<\/li>\n<li><strong data-start=\"230\" data-end=\"251\">Type d\u2019onduleur :<\/strong> Aucun onduleur<\/li>\n<li><strong data-start=\"269\" data-end=\"304\">Avec quincaillerie de montage :<\/strong> Oui<\/li>\n<\/ul>\n","protected":false},"featured_media":128696,"comment_status":"closed","ping_status":"closed","template":"","meta":{"_glsr_average":0,"_glsr_ranking":0,"_glsr_reviews":0,"keywords_product":"go power solar kit, portable solar panel, rv solar charger, 200 watt solar system, lightweight solar kit, kit solaire Go Power, panneau solaire portable, chargeur solaire pour VR, syst\u00e8me solaire de 200 watts, kit solaire l\u00e9ger","featured_product":"","product_importance":"1","wds_primary_product_brand":0,"wds_primary_product_cat":0,"wds_primary_fb_product_set":0},"product_brand":[1918],"product_cat":[1382,1618],"product_tag":[1426,1608,1461],"class_list":{"0":"post-129074","1":"product","2":"type-product","3":"status-publish","4":"has-post-thumbnail","6":"product_brand-go-power-fr","7":"product_cat-produits-electriques","8":"product_cat-solar-panels-kits-fr","9":"product_tag-local-pick-up","10":"product_tag-go-power","11":"product_tag-ntp","13":"first","14":"instock","15":"taxable","16":"shipping-taxable","17":"purchasable","18":"product-type-simple"},"bundled_by":[],"bundle_stock_status":"instock","bundle_stock_quantity":21,"bundle_virtual":false,"bundle_layout":"","bundle_add_to_cart_form_location":"","bundle_editable_in_cart":false,"bundle_sold_individually_context":"","bundle_item_grouping":"","bundle_min_size":"","bundle_max_size":"","bundle_price":[],"bundled_items":[],"bundle_sell_ids":[],"_links":{"self":[{"href":"https:\/\/shop.rvcare.ca\/fr\/wp-json\/wp\/v2\/product\/129074","targetHints":{"allow":["GET"]}}],"collection":[{"href":"https:\/\/shop.rvcare.ca\/fr\/wp-json\/wp\/v2\/product"}],"about":[{"href":"https:\/\/shop.rvcare.ca\/fr\/wp-json\/wp\/v2\/types\/product"}],"replies":[{"embeddable":true,"href":"https:\/\/shop.rvcare.ca\/fr\/wp-json\/wp\/v2\/comments?post=129074"}],"version-history":[{"count":1,"href":"https:\/\/shop.rvcare.ca\/fr\/wp-json\/wp\/v2\/product\/129074\/revisions"}],"predecessor-version":[{"id":157623,"href":"https:\/\/shop.rvcare.ca\/fr\/wp-json\/wp\/v2\/product\/129074\/revisions\/157623"}],"wp:featuredmedia":[{"embeddable":true,"href":"https:\/\/shop.rvcare.ca\/fr\/wp-json\/wp\/v2\/media\/128696"}],"wp:attachment":[{"href":"https:\/\/shop.rvcare.ca\/fr\/wp-json\/wp\/v2\/media?parent=129074"}],"wp:term":[{"taxonomy":"product_brand","embeddable":true,"href":"https:\/\/shop.rvcare.ca\/fr\/wp-json\/wp\/v2\/product_brand?post=129074"},{"taxonomy":"product_cat","embeddable":true,"href":"https:\/\/shop.rvcare.ca\/fr\/wp-json\/wp\/v2\/product_cat?post=129074"},{"taxonomy":"product_tag","embeddable":true,"href":"https:\/\/shop.rvcare.ca\/fr\/wp-json\/wp\/v2\/product_tag?post=129074"}],"curies":[{"name":"wp","href":"https:\/\/api.w.org\/{rel}","templated":true}]}}