{"id":129075,"date":"2025-03-17T11:04:54","date_gmt":"2025-03-17T15:04:54","guid":{"rendered":"https:\/\/shop.rvcare.ca\/product\/jr-products-high-flow-water-pressure-regulator-55-psi\/"},"modified":"2026-04-10T11:44:28","modified_gmt":"2026-04-10T15:44:28","slug":"jr-products-high-flow-water-pressure-regulator-55-psi","status":"publish","type":"product","link":"https:\/\/shop.rvcare.ca\/fr\/produit\/jr-products-high-flow-water-pressure-regulator-55-psi\/","title":{"rendered":"R\u00e9gulateur de pression d&rsquo;eau \u00e0 haut d\u00e9bit JR Products \u2013 55 PSI"},"content":{"rendered":"<p data-path-to-node=\"4\">Prot\u00e9gez le syst\u00e8me d&rsquo;eau de votre VR avec le r\u00e9gulateur de pression d&rsquo;eau \u00e0 haut d\u00e9bit de JR Products. Con\u00e7u pour pr\u00e9venir les dommages aux conduites d&rsquo;eau et aux pompes, ce r\u00e9gulateur en laiton sans plomb assure une sortie constante de <b data-path-to-node=\"4\" data-index-in-node=\"238\">55 PSI<\/b>, offrant le d\u00e9bit d&rsquo;eau le plus \u00e9lev\u00e9 disponible sur le march\u00e9 sans compromettre la s\u00e9curit\u00e9. Le raccord de tuyau de <b data-path-to-node=\"4\" data-index-in-node=\"362\">3\/4 de pouce<\/b> facilite l&rsquo;installation, offrant une connexion fiable pour l&rsquo;approvisionnement en eau de votre VR.<\/p>\n<h3 data-path-to-node=\"5\">Caract\u00e9ristiques principales :<\/h3>\n<ul data-path-to-node=\"6\">\n<li>\n<p data-path-to-node=\"6,0,0\"><b data-path-to-node=\"6,0,0\" data-index-in-node=\"0\">Construction en laiton sans plomb<\/b> \u2013 Une conception s\u00e9curitaire et durable.<\/p>\n<\/li>\n<li>\n<p data-path-to-node=\"6,0,0\"><b data-path-to-node=\"6,1,0\" data-index-in-node=\"0\">Pression pr\u00e9r\u00e9gl\u00e9e \u00e0 55 PSI<\/b> \u2013 Pr\u00e9vient les dommages caus\u00e9s par une surpression.<\/p>\n<\/li>\n<li>\n<p data-path-to-node=\"6,2,0\"><b data-path-to-node=\"6,2,0\" data-index-in-node=\"0\">Conception \u00e0 haut d\u00e9bit<\/b> \u2013 Assure un d\u00e9bit d&rsquo;eau optimal.<\/p>\n<\/li>\n<li>\n<p data-path-to-node=\"6,3,0\"><b data-path-to-node=\"6,3,0\" data-index-in-node=\"0\">Raccord de tuyau standard de 3\/4 po<\/b> \u2013 Facile \u00e0 installer et \u00e0 utiliser.<\/p>\n<\/li>\n<\/ul>\n<p data-path-to-node=\"7\">Gardez la plomberie de votre VR s\u00e9curitaire et efficace gr\u00e2ce au r\u00e9gulateur de pression d&rsquo;eau fiable de JR Products !<\/p>\n","protected":false},"excerpt":{"rendered":"<ul>\n<li>Compatibilit\u00e9 : Syst\u00e8me de plomberie de VR<\/li>\n<li>Plage de pression (PSI) : 55 lb par pouce carr\u00e9<\/li>\n<li>Taille de l&rsquo;extr\u00e9mit\u00e9 1 : 3\/4 pouce<\/li>\n<li>Type de l&rsquo;extr\u00e9mit\u00e9 1 : Filetage femelle<\/li>\n<li>Taille de l&rsquo;extr\u00e9mit\u00e9 2 : 3\/4 pouce<\/li>\n<li>Type de l&rsquo;extr\u00e9mit\u00e9 2 : Filetage m\u00e2le<\/li>\n<li>Couleur : Or\/Vert<\/li>\n<li>Mat\u00e9riau : Laiton<\/li>\n<li>Avec clapet anti-retour int\u00e9gr\u00e9 : Non<\/li>\n<li>Avec manom\u00e8tre : Non<\/li>\n<li>Avec capuchon : Oui<\/li>\n<li>Quantit\u00e9 : \u00c0 l&rsquo;unit\u00e9<\/li>\n<\/ul>\n","protected":false},"featured_media":152811,"comment_status":"open","ping_status":"closed","template":"","meta":{"_glsr_average":0,"_glsr_ranking":0,"_glsr_reviews":0,"keywords_product":"jr products water pressure regulator, high-flow water regulator, 55 psi regulator, rv water system protection, lead-free brass regulator, r\u00e9gulateur de pression d'eau jr products, r\u00e9gulateur d'eau haute d\u00e9bit, r\u00e9gulateur 55 psi, protection du syst\u00e8me d'eau de VR, r\u00e9gulateur en laiton sans plomb","featured_product":"","product_importance":"1","wds_primary_product_brand":0,"wds_primary_product_cat":0,"wds_primary_fb_product_set":0},"product_brand":[1902],"product_cat":[268,1657],"product_tag":[1620,1462],"class_list":{"0":"post-129075","1":"product","2":"type-product","3":"status-publish","4":"has-post-thumbnail","6":"product_brand-jr-products-fr","7":"product_cat-plomberie","8":"product_cat-tuyaux-deau-potable-accessoires","9":"product_tag-jr-products-fr","10":"product_tag-ntp-fr","12":"first","13":"instock","14":"taxable","15":"shipping-taxable","16":"purchasable","17":"product-type-simple"},"bundled_by":[],"bundle_stock_status":"instock","bundle_stock_quantity":1,"bundle_virtual":false,"bundle_layout":"","bundle_add_to_cart_form_location":"","bundle_editable_in_cart":false,"bundle_sold_individually_context":"","bundle_item_grouping":"","bundle_min_size":"","bundle_max_size":"","bundle_price":[],"bundled_items":[],"bundle_sell_ids":[],"_links":{"self":[{"href":"https:\/\/shop.rvcare.ca\/fr\/wp-json\/wp\/v2\/product\/129075","targetHints":{"allow":["GET"]}}],"collection":[{"href":"https:\/\/shop.rvcare.ca\/fr\/wp-json\/wp\/v2\/product"}],"about":[{"href":"https:\/\/shop.rvcare.ca\/fr\/wp-json\/wp\/v2\/types\/product"}],"replies":[{"embeddable":true,"href":"https:\/\/shop.rvcare.ca\/fr\/wp-json\/wp\/v2\/comments?post=129075"}],"version-history":[{"count":4,"href":"https:\/\/shop.rvcare.ca\/fr\/wp-json\/wp\/v2\/product\/129075\/revisions"}],"predecessor-version":[{"id":152815,"href":"https:\/\/shop.rvcare.ca\/fr\/wp-json\/wp\/v2\/product\/129075\/revisions\/152815"}],"wp:featuredmedia":[{"embeddable":true,"href":"https:\/\/shop.rvcare.ca\/fr\/wp-json\/wp\/v2\/media\/152811"}],"wp:attachment":[{"href":"https:\/\/shop.rvcare.ca\/fr\/wp-json\/wp\/v2\/media?parent=129075"}],"wp:term":[{"taxonomy":"product_brand","embeddable":true,"href":"https:\/\/shop.rvcare.ca\/fr\/wp-json\/wp\/v2\/product_brand?post=129075"},{"taxonomy":"product_cat","embeddable":true,"href":"https:\/\/shop.rvcare.ca\/fr\/wp-json\/wp\/v2\/product_cat?post=129075"},{"taxonomy":"product_tag","embeddable":true,"href":"https:\/\/shop.rvcare.ca\/fr\/wp-json\/wp\/v2\/product_tag?post=129075"}],"curies":[{"name":"wp","href":"https:\/\/api.w.org\/{rel}","templated":true}]}}