{"id":129088,"date":"2022-05-02T00:06:05","date_gmt":"2022-05-02T04:06:05","guid":{"rendered":"https:\/\/shop.rvcare.ca\/product\/rv-travelers-choice-snappad-mini-5-5-inch-jack-pad\/"},"modified":"2026-03-30T14:28:39","modified_gmt":"2026-03-30T18:28:39","slug":"rv-travelers-choice-snappad-mini-5-5-inch-jack-pad","status":"publish","type":"product","link":"https:\/\/shop.rvcare.ca\/fr\/produit\/rv-travelers-choice-snappad-mini-5-5-inch-jack-pad\/","title":{"rendered":"Coussin de cric en caoutchouc SnapPad Le choix du campeur"},"content":{"rendered":"<p>Le coussin de cric en caoutchouc SnapPad Le choix du campeur de 5,5 pouces est con\u00e7u pour les caravanes et les roulottes. Fabriqu\u00e9 en caoutchouc recycl\u00e9, il am\u00e9liore la stabilit\u00e9, prot\u00e8ge le pied du v\u00e9rin et offre une adh\u00e9rence s\u00e9curis\u00e9e sur divers types de terrains. Gr\u00e2ce \u00e0 une surface accrue et \u00e0 l\u2019amortissement des vibrations, ce coussin de cric aide \u00e0 maintenir votre unit\u00e9 bien nivel\u00e9e sur le gravier, l\u2019asphalte et le b\u00e9ton. Con\u00e7u pour une performance durable, c\u2019est un accessoire essentiel pour une stabilisation fiable de votre unit\u00e9.<\/p>\n<p class=\"\" data-start=\"768\" data-end=\"804\"><strong data-start=\"768\" data-end=\"802\">Caract\u00e9ristiques principales :<\/strong><\/p>\n<ul data-start=\"806\" data-end=\"1500\" data-is-last-node=\"\" data-is-only-node=\"\">\n<li class=\"\" data-start=\"806\" data-end=\"974\">\n<p class=\"\" data-start=\"808\" data-end=\"974\">Am\u00e9liore la stabilit\u00e9 de 3 fa\u00e7ons : une plus grande surface d\u2019appui, une meilleure absorption des vibrations et une adaptation aux terrains in\u00e9gaux comme le gravier<\/p>\n<\/li>\n<li class=\"\" data-start=\"975\" data-end=\"1110\">\n<p class=\"\" data-start=\"977\" data-end=\"1110\">Prot\u00e8ge le rev\u00eatement du pied du v\u00e9rin contre les dommages caus\u00e9s par le gravier, le b\u00e9ton, l\u2019asphalte et les conditions difficiles<\/p>\n<\/li>\n<li class=\"\" data-start=\"1111\" data-end=\"1195\">\n<p class=\"\" data-start=\"1113\" data-end=\"1195\">Fabriqu\u00e9 en caoutchouc robuste pour une adh\u00e9rence optimale sur tous les terrains<\/p>\n<\/li>\n<li class=\"\" data-start=\"1196\" data-end=\"1275\">\n<p class=\"\" data-start=\"1198\" data-end=\"1275\">Augmente la surface d\u2019appui de 99 % pour une meilleure r\u00e9partition du poids<\/p>\n<\/li>\n<li class=\"\" data-start=\"1276\" data-end=\"1341\">\n<p class=\"\" data-start=\"1278\" data-end=\"1341\">Con\u00e7u \u00e0 partir de pneus recycl\u00e9s pour une solution \u00e9cologique<\/p>\n<\/li>\n<li class=\"\" data-start=\"1342\" data-end=\"1432\">\n<p class=\"\" data-start=\"1344\" data-end=\"1432\">Agit comme isolant \u00e9lectrique contre les surtensions caus\u00e9es par des \u00e9clairs indirects<\/p>\n<\/li>\n<li class=\"\" data-start=\"1433\" data-end=\"1500\">\n<p class=\"\" data-start=\"1435\" data-end=\"1500\">Test\u00e9 pour r\u00e9sister \u00e0 des temp\u00e9ratures extr\u00eames de -40 \u00b0C \u00e0 49 \u00b0C<\/p>\n<\/li>\n<\/ul>\n","protected":false},"excerpt":{"rendered":"<ul>\n<li><strong data-start=\"622\" data-end=\"641\">Compatibilit\u00e9 :<\/strong> Pied de v\u00e9rin rond de 5-1\/2 pouces<\/li>\n<li><strong data-start=\"679\" data-end=\"700\">Dimensions (po) :<\/strong> 7-1\/4 pouces<\/li>\n<li><strong data-start=\"716\" data-end=\"730\" data-is-only-node=\"\">Mat\u00e9riau :<\/strong> Caoutchouc<\/li>\n<li><strong data-start=\"744\" data-end=\"758\">Quantit\u00e9 :<\/strong> Unit\u00e9<\/li>\n<\/ul>\n","protected":false},"featured_media":149172,"comment_status":"closed","ping_status":"closed","template":"","meta":{"_glsr_average":0,"_glsr_ranking":0,"_glsr_reviews":0,"keywords_product":"rv jack pad, snappad mini, trailer jack stabilizer, camper stabilizing accessories, heavy-duty jack foot protector, coussin de cric de VR, Snappad Mini, stabilisateur de cric de remorque, accessoires de stabilisation de campeur, protecteur de pied de cric robuste","featured_product":"","product_importance":"1","wds_primary_product_brand":0,"wds_primary_product_cat":0,"wds_primary_fb_product_set":0},"product_brand":[2040],"product_cat":[1861,1060],"product_tag":[1943,1462],"class_list":{"0":"post-129088","1":"product","2":"type-product","3":"status-publish","4":"has-post-thumbnail","6":"product_brand-rv-travelers-choice","7":"product_cat-towing-leveling","8":"product_cat-leveling-stabilization","9":"product_tag-rv-travelers-choice-fr","10":"product_tag-ntp-fr","12":"first","13":"instock","14":"sale","15":"taxable","16":"shipping-taxable","17":"purchasable","18":"product-type-simple"},"bundled_by":[],"bundle_stock_status":"instock","bundle_stock_quantity":150,"bundle_virtual":false,"bundle_layout":"","bundle_add_to_cart_form_location":"","bundle_editable_in_cart":false,"bundle_sold_individually_context":"","bundle_item_grouping":"","bundle_min_size":"","bundle_max_size":"","bundle_price":[],"bundled_items":[],"bundle_sell_ids":[],"_links":{"self":[{"href":"https:\/\/shop.rvcare.ca\/fr\/wp-json\/wp\/v2\/product\/129088","targetHints":{"allow":["GET"]}}],"collection":[{"href":"https:\/\/shop.rvcare.ca\/fr\/wp-json\/wp\/v2\/product"}],"about":[{"href":"https:\/\/shop.rvcare.ca\/fr\/wp-json\/wp\/v2\/types\/product"}],"replies":[{"embeddable":true,"href":"https:\/\/shop.rvcare.ca\/fr\/wp-json\/wp\/v2\/comments?post=129088"}],"version-history":[{"count":1,"href":"https:\/\/shop.rvcare.ca\/fr\/wp-json\/wp\/v2\/product\/129088\/revisions"}],"predecessor-version":[{"id":154372,"href":"https:\/\/shop.rvcare.ca\/fr\/wp-json\/wp\/v2\/product\/129088\/revisions\/154372"}],"wp:featuredmedia":[{"embeddable":true,"href":"https:\/\/shop.rvcare.ca\/fr\/wp-json\/wp\/v2\/media\/149172"}],"wp:attachment":[{"href":"https:\/\/shop.rvcare.ca\/fr\/wp-json\/wp\/v2\/media?parent=129088"}],"wp:term":[{"taxonomy":"product_brand","embeddable":true,"href":"https:\/\/shop.rvcare.ca\/fr\/wp-json\/wp\/v2\/product_brand?post=129088"},{"taxonomy":"product_cat","embeddable":true,"href":"https:\/\/shop.rvcare.ca\/fr\/wp-json\/wp\/v2\/product_cat?post=129088"},{"taxonomy":"product_tag","embeddable":true,"href":"https:\/\/shop.rvcare.ca\/fr\/wp-json\/wp\/v2\/product_tag?post=129088"}],"curies":[{"name":"wp","href":"https:\/\/api.w.org\/{rel}","templated":true}]}}