{"id":129089,"date":"2022-05-02T00:07:07","date_gmt":"2022-05-02T04:07:07","guid":{"rendered":"https:\/\/shop.rvcare.ca\/product\/rv-travelers-choice-snappad-the-donut\/"},"modified":"2026-03-30T14:28:41","modified_gmt":"2026-03-30T18:28:41","slug":"rv-travelers-choice-snappad-the-donut","status":"publish","type":"product","link":"https:\/\/shop.rvcare.ca\/fr\/produit\/rv-travelers-choice-snappad-the-donut\/","title":{"rendered":"Quai de roue en caoutchouc SnapPad Le choix du campeur"},"content":{"rendered":"<p class=\"\" data-start=\"48\" data-end=\"633\">Le quai de roue en caoutchouc SnapPad Le choix du campeur est un coussinet de roue con\u00e7u pour maintenir solidement en place la roue du v\u00e9rin avant de votre remorque. Il emp\u00eache les d\u00e9placements, le roulement, le glissement ou l\u2019enfoncement lorsque votre remorque est stationn\u00e9e, offrant ainsi une stabilit\u00e9 accrue pour votre remorque de voyage, utilitaire ou marine. Fabriqu\u00e9 en caoutchouc recycl\u00e9 durable, il est dot\u00e9 de deux fentes d\u2019accueil pour s\u2019adapter aux roues de v\u00e9rin avant standards, augmentant la surface d\u2019appui pour une meilleure adh\u00e9rence et protection sur divers types de terrains.<\/p>\n<p class=\"\" data-start=\"635\" data-end=\"671\"><strong data-start=\"635\" data-end=\"669\">Caract\u00e9ristiques principales :<\/strong><\/p>\n<ul data-start=\"673\" data-end=\"1153\">\n<li class=\"\" data-start=\"673\" data-end=\"749\">\n<p class=\"p1\">Fait de caoutchouc recycl\u00e9 r\u00e9sistant pour garantir une performance prolong\u00e9e<\/p>\n<\/li>\n<li class=\"\" data-start=\"750\" data-end=\"816\">\n<p class=\"\" data-start=\"752\" data-end=\"816\">Convient aux roues de v\u00e9rin avant jusqu\u2019\u00e0 8 pouces de diam\u00e8tre<\/p>\n<\/li>\n<li class=\"\" data-start=\"817\" data-end=\"920\">\n<p class=\"\" data-start=\"819\" data-end=\"920\">Offre une adh\u00e9rence, une stabilit\u00e9 et une protection aux roues de v\u00e9rin avant des remorques<\/p>\n<\/li>\n<li class=\"\" data-start=\"921\" data-end=\"992\">\n<p class=\"\" data-start=\"923\" data-end=\"992\">Comporte deux fentes pour s\u2019adapter \u00e0 diff\u00e9rentes tailles de roues<\/p>\n<\/li>\n<li class=\"\" data-start=\"993\" data-end=\"1083\">\n<p class=\"\" data-start=\"995\" data-end=\"1083\">Agit comme isolant \u00e9lectrique contre les surtensions caus\u00e9es par des \u00e9clairs indirects<\/p>\n<\/li>\n<li class=\"\" data-start=\"1084\" data-end=\"1153\">\n<p class=\"\" data-start=\"1086\" data-end=\"1153\">Test\u00e9 pour r\u00e9sister aux temp\u00e9ratures extr\u00eames de -40 \u00b0C \u00e0 49 \u00b0C<\/p>\n<\/li>\n<\/ul>\n","protected":false},"excerpt":{"rendered":"<ul>\n<li><strong data-start=\"1155\" data-end=\"1174\">Compatibilit\u00e9 :<\/strong> Roues de v\u00e9rin avant jusqu\u2019\u00e0 8 pouces<\/li>\n<li><strong data-start=\"1215\" data-end=\"1236\">Dimensions (po) :<\/strong> 7-1\/2 pouces<\/li>\n<li><strong data-start=\"1252\" data-end=\"1266\" data-is-only-node=\"\">Mat\u00e9riau :<\/strong> Caoutchouc<\/li>\n<li><strong data-start=\"1280\" data-end=\"1294\">Quantit\u00e9 :<\/strong> Unit\u00e9<\/li>\n<\/ul>\n","protected":false},"featured_media":128688,"comment_status":"closed","ping_status":"closed","template":"","meta":{"_glsr_average":0,"_glsr_ranking":0,"_glsr_reviews":0,"keywords_product":"rv snappad, tongue jack wheel dock, trailer stability pads, durable wheel chocks, rubber wheel dock, snappad de VR, cric de timon, stabilisateurs de remorque, cales de roue durables, dock en caoutchouc","featured_product":"","product_importance":"1","wds_primary_product_brand":0,"wds_primary_product_cat":0,"wds_primary_fb_product_set":0},"product_brand":[2109],"product_cat":[1106],"product_tag":[1943,1462],"class_list":{"0":"post-129089","1":"product","2":"type-product","3":"status-publish","4":"has-post-thumbnail","6":"product_brand-rv-travelers-choice-fr","7":"product_cat-stabilisation-et-nivellement","8":"product_tag-rv-travelers-choice-fr","9":"product_tag-ntp-fr","11":"first","12":"instock","13":"taxable","14":"shipping-taxable","15":"purchasable","16":"product-type-simple"},"bundled_by":[],"bundle_stock_status":"instock","bundle_stock_quantity":197,"bundle_virtual":false,"bundle_layout":"","bundle_add_to_cart_form_location":"","bundle_editable_in_cart":false,"bundle_sold_individually_context":"","bundle_item_grouping":"","bundle_min_size":"","bundle_max_size":"","bundle_price":[],"bundled_items":[],"bundle_sell_ids":[],"_links":{"self":[{"href":"https:\/\/shop.rvcare.ca\/fr\/wp-json\/wp\/v2\/product\/129089","targetHints":{"allow":["GET"]}}],"collection":[{"href":"https:\/\/shop.rvcare.ca\/fr\/wp-json\/wp\/v2\/product"}],"about":[{"href":"https:\/\/shop.rvcare.ca\/fr\/wp-json\/wp\/v2\/types\/product"}],"replies":[{"embeddable":true,"href":"https:\/\/shop.rvcare.ca\/fr\/wp-json\/wp\/v2\/comments?post=129089"}],"version-history":[{"count":2,"href":"https:\/\/shop.rvcare.ca\/fr\/wp-json\/wp\/v2\/product\/129089\/revisions"}],"predecessor-version":[{"id":154378,"href":"https:\/\/shop.rvcare.ca\/fr\/wp-json\/wp\/v2\/product\/129089\/revisions\/154378"}],"wp:featuredmedia":[{"embeddable":true,"href":"https:\/\/shop.rvcare.ca\/fr\/wp-json\/wp\/v2\/media\/128688"}],"wp:attachment":[{"href":"https:\/\/shop.rvcare.ca\/fr\/wp-json\/wp\/v2\/media?parent=129089"}],"wp:term":[{"taxonomy":"product_brand","embeddable":true,"href":"https:\/\/shop.rvcare.ca\/fr\/wp-json\/wp\/v2\/product_brand?post=129089"},{"taxonomy":"product_cat","embeddable":true,"href":"https:\/\/shop.rvcare.ca\/fr\/wp-json\/wp\/v2\/product_cat?post=129089"},{"taxonomy":"product_tag","embeddable":true,"href":"https:\/\/shop.rvcare.ca\/fr\/wp-json\/wp\/v2\/product_tag?post=129089"}],"curies":[{"name":"wp","href":"https:\/\/api.w.org\/{rel}","templated":true}]}}