{"id":129090,"date":"2022-05-02T00:07:09","date_gmt":"2022-05-02T04:07:09","guid":{"rendered":"https:\/\/shop.rvcare.ca\/product\/rv-travelers-choice-snapjack-conversion-kit-set-of-4\/"},"modified":"2026-03-30T14:28:42","modified_gmt":"2026-03-30T18:28:42","slug":"rv-travelers-choice-snapjack-conversion-kit-set-of-4","status":"publish","type":"product","link":"https:\/\/shop.rvcare.ca\/fr\/produit\/rv-travelers-choice-snapjack-conversion-kit-set-of-4\/","title":{"rendered":"Pieds de V\u00e9rin pour cric \u00e0 ciseaux SnapJack\u2122 Le Choix du Campeur \u2013 Ensemble de 4"},"content":{"rendered":"<p class=\"\" data-start=\"71\" data-end=\"618\">Cet ensemble de 4 pieds de v\u00e9rin pour cric \u00e0 ciseaux SnapJack\u2122 SJ Le Choix du Campeur est la solution id\u00e9ale pour am\u00e9liorer la stabilit\u00e9 de votre VR. Ces coussinets offrent une stabilit\u00e9 accrue pour que votre VR soit bien nivel\u00e9, m\u00eame sur des surfaces in\u00e9gales comme le gravier. Ils sont fabriqu\u00e9s en caoutchouc durable et en acier avec un rev\u00eatement de poudre.<\/p>\n<p class=\"\" data-start=\"620\" data-end=\"656\"><strong data-start=\"620\" data-end=\"654\">Caract\u00e9ristiques principales :<\/strong><\/p>\n<ul data-start=\"658\" data-end=\"1342\" data-is-last-node=\"\" data-is-only-node=\"\">\n<li class=\"\" data-start=\"658\" data-end=\"806\">\n<p class=\"p1\">Am\u00e9liore la stabilit\u00e9 en offrant une base \u00e9largie, en att\u00e9nuant les vibrations et en s\u2019adaptant aux surfaces in\u00e9gales<\/p>\n<\/li>\n<li class=\"\" data-start=\"807\" data-end=\"943\">\n<p class=\"\" data-start=\"809\" data-end=\"943\">Prot\u00e8ge le rev\u00eatement des crics ciseaux contre les dommages caus\u00e9s par le gravier, le b\u00e9ton, l\u2019asphalte et les conditions environnementales<\/p>\n<\/li>\n<li class=\"\" data-start=\"944\" data-end=\"1033\">\n<p class=\"\" data-start=\"946\" data-end=\"1033\">Fabriqu\u00e9 en caoutchouc durable pour une adh\u00e9rence optimale sur tous types de terrains<\/p>\n<\/li>\n<li class=\"\" data-start=\"1034\" data-end=\"1115\">\n<p class=\"\" data-start=\"1036\" data-end=\"1115\">Agrandi la surface du cric pour une meilleure r\u00e9partition du poids<\/p>\n<\/li>\n<li class=\"\" data-start=\"1116\" data-end=\"1181\">\n<p class=\"\" data-start=\"1118\" data-end=\"1181\">Con\u00e7u \u00e0 partir de pneus recycl\u00e9s pour une solution \u00e9cologique<\/p>\n<\/li>\n<li class=\"\" data-start=\"1182\" data-end=\"1272\">\n<p class=\"\" data-start=\"1184\" data-end=\"1272\">Agit comme isolant \u00e9lectrique contre les surtensions caus\u00e9es par des \u00e9clairs indirects<\/p>\n<\/li>\n<li class=\"\" data-start=\"1273\" data-end=\"1342\">\n<p class=\"\" data-start=\"1275\" data-end=\"1342\">Test\u00e9 pour r\u00e9sister \u00e0 des temp\u00e9ratures extr\u00eames de -40 \u00b0C jusqu&rsquo;\u00e0 49 \u00b0C<\/p>\n<\/li>\n<\/ul>\n","protected":false},"excerpt":{"rendered":"<ul>\n<li><strong data-start=\"0\" data-end=\"19\" data-is-only-node=\"\">Compatibilit\u00e9 :<\/strong> Roulottes \/ Tente-roulotte \/ Mini-roulottes \/ Caravane \u00e0 sellette<\/li>\n<li><strong data-start=\"83\" data-end=\"104\">Dimensions (po) :<\/strong> 8-1\/2 po<\/li>\n<li><strong data-start=\"120\" data-end=\"134\">Mat\u00e9riau :<\/strong> Caoutchouc<\/li>\n<li><strong data-start=\"148\" data-end=\"162\">Quantit\u00e9 :<\/strong> Ensemble de 4<\/li>\n<\/ul>\n","protected":false},"featured_media":128728,"comment_status":"closed","ping_status":"closed","template":"","meta":{"_glsr_average":0,"_glsr_ranking":0,"_glsr_reviews":0,"keywords_product":"rv jack conversion kit, snapjack kit, trailer jack feet, leveling jacks, pop-up camper accessories, kit de conversion de cric de VR, kit Snapjack, pieds de cric de remorque, crics de nivellement, accessoires pour campeurs pop-up","featured_product":"","product_importance":"1","wds_primary_product_brand":0,"wds_primary_product_cat":0,"wds_primary_fb_product_set":0},"product_brand":[2109],"product_cat":[1106],"product_tag":[1943,1462],"class_list":{"0":"post-129090","1":"product","2":"type-product","3":"status-publish","4":"has-post-thumbnail","6":"product_brand-rv-travelers-choice-fr","7":"product_cat-stabilisation-et-nivellement","8":"product_tag-rv-travelers-choice-fr","9":"product_tag-ntp-fr","11":"first","12":"instock","13":"sale","14":"taxable","15":"shipping-taxable","16":"purchasable","17":"product-type-simple"},"bundled_by":[],"bundle_stock_status":"instock","bundle_stock_quantity":102,"bundle_virtual":false,"bundle_layout":"","bundle_add_to_cart_form_location":"","bundle_editable_in_cart":false,"bundle_sold_individually_context":"","bundle_item_grouping":"","bundle_min_size":"","bundle_max_size":"","bundle_price":[],"bundled_items":[],"bundle_sell_ids":[],"_links":{"self":[{"href":"https:\/\/shop.rvcare.ca\/fr\/wp-json\/wp\/v2\/product\/129090","targetHints":{"allow":["GET"]}}],"collection":[{"href":"https:\/\/shop.rvcare.ca\/fr\/wp-json\/wp\/v2\/product"}],"about":[{"href":"https:\/\/shop.rvcare.ca\/fr\/wp-json\/wp\/v2\/types\/product"}],"replies":[{"embeddable":true,"href":"https:\/\/shop.rvcare.ca\/fr\/wp-json\/wp\/v2\/comments?post=129090"}],"version-history":[{"count":1,"href":"https:\/\/shop.rvcare.ca\/fr\/wp-json\/wp\/v2\/product\/129090\/revisions"}],"predecessor-version":[{"id":154394,"href":"https:\/\/shop.rvcare.ca\/fr\/wp-json\/wp\/v2\/product\/129090\/revisions\/154394"}],"wp:featuredmedia":[{"embeddable":true,"href":"https:\/\/shop.rvcare.ca\/fr\/wp-json\/wp\/v2\/media\/128728"}],"wp:attachment":[{"href":"https:\/\/shop.rvcare.ca\/fr\/wp-json\/wp\/v2\/media?parent=129090"}],"wp:term":[{"taxonomy":"product_brand","embeddable":true,"href":"https:\/\/shop.rvcare.ca\/fr\/wp-json\/wp\/v2\/product_brand?post=129090"},{"taxonomy":"product_cat","embeddable":true,"href":"https:\/\/shop.rvcare.ca\/fr\/wp-json\/wp\/v2\/product_cat?post=129090"},{"taxonomy":"product_tag","embeddable":true,"href":"https:\/\/shop.rvcare.ca\/fr\/wp-json\/wp\/v2\/product_tag?post=129090"}],"curies":[{"name":"wp","href":"https:\/\/api.w.org\/{rel}","templated":true}]}}