{"id":129092,"date":"2025-03-17T11:05:16","date_gmt":"2025-03-17T15:05:16","guid":{"rendered":"https:\/\/shop.rvcare.ca\/product\/valterra-metal-garden-hose-y-valve-two-way-hose-splitter-metal\/"},"modified":"2026-04-10T11:44:30","modified_gmt":"2026-04-10T15:44:30","slug":"valterra-metal-garden-hose-y-valve-two-way-hose-splitter-metal","status":"publish","type":"product","link":"https:\/\/shop.rvcare.ca\/fr\/produit\/valterra-metal-garden-hose-y-valve-two-way-hose-splitter-metal\/","title":{"rendered":"Vanne d&rsquo;arr\u00eat en m\u00e9tal Valterra \u2013 S\u00e9parateur en Y"},"content":{"rendered":"<p class=\"p1\">Le s\u00e9parateur en Y en m\u00e9tal de Valterra vous permet de brancher deux boyaux d\u2019arrosage \u00e0 une seule source d\u2019eau, de fa\u00e7on simple et efficace. Con\u00e7u en m\u00e9tal robuste pour une durabilit\u00e9 accrue, il est compatible avec les raccords femelles standard. Chaque sortie est dot\u00e9e de sa propre valve d\u2019arr\u00eat, vous offrant un contr\u00f4le pr\u00e9cis du d\u00e9bit d\u2019eau. Id\u00e9al pour le jardin, le VR ou d\u2019autres usages ext\u00e9rieurs, c\u2019est un accessoire pratique et fiable pour g\u00e9rer plusieurs boyaux \u00e0 la fois.<\/p>\n<p><strong>Caract\u00e9ristiques :<\/strong><\/p>\n<ul>\n<li>\n<p class=\"p1\">Permet de raccorder deux boyaux \u00e0 une seule source d\u2019eau<\/p>\n<\/li>\n<li>\n<p class=\"p1\">Compatible avec les raccords femelles standard de boyau de jardin<\/p>\n<\/li>\n<li>\n<p class=\"p1\">Valves d\u2019arr\u00eat ind\u00e9pendantes pour un d\u00e9bit contr\u00f4l\u00e9<\/p>\n<\/li>\n<li>\n<p class=\"p1\">Construction de m\u00e9tal robuste pour une durabilit\u00e9 accrue<\/p>\n<\/li>\n<\/ul>\n","protected":false},"excerpt":{"rendered":"<ul>\n<li class=\"p1\"><span class=\"s1\"><b>Compatibilit\u00e9<\/b><\/span> : Raccord femelle standard de boyau de jardin<\/li>\n<li class=\"p1\"><span class=\"s1\"><b>Type<\/b><\/span> : Raccord double pour boyaux<\/li>\n<li class=\"p1\"><b>Dimension de l\u2019entr\u00e9e<\/b><span class=\"s2\"> : 3\/4 po<\/span><\/li>\n<li class=\"p1\"><span class=\"s1\"><b>Type d\u2019entr\u00e9e<\/b><\/span> : Filet m\u00e2le<\/li>\n<li class=\"p1\"><b>Dimension de la sortie<\/b><span class=\"s2\"> : 3\/4 po<\/span><\/li>\n<li class=\"p1\"><span class=\"s1\"><b>Type de sortie<\/b><\/span> : Filet femelle<\/li>\n<li class=\"p1\"><span class=\"s1\"><b>Mat\u00e9riau<\/b><\/span> : M\u00e9tal<\/li>\n<li class=\"p1\"><b>Valves d\u2019arr\u00eat<\/b><span class=\"s2\"> : Oui<\/span><\/li>\n<li class=\"p1\"><span class=\"s1\"><b>Quantit\u00e9<\/b><\/span> : Un<\/li>\n<li class=\"p1\"><b>Convient \u00e0 un usage marin<\/b><span class=\"s2\"> : Oui<\/span><\/li>\n<\/ul>\n","protected":false},"featured_media":125578,"comment_status":"open","ping_status":"closed","template":"","meta":{"_glsr_average":0,"_glsr_ranking":0,"_glsr_reviews":0,"keywords_product":"valterra metal garden hose y-valve, two-way hose splitter, garden hose connector, hose splitter, outdoor watering solution, valterra vanne y en m\u00e9tal pour tuyau de jardin, r\u00e9partiteur de tuyau \u00e0 deux voies, connecteur de tuyau de jardin, diviseur de tuyau, solution d'arrosage ext\u00e9rieur","featured_product":"","product_importance":"1","wds_primary_product_brand":0,"wds_primary_product_cat":0,"wds_primary_fb_product_set":0},"product_brand":[2059],"product_cat":[59,1653],"product_tag":[1462,1375],"class_list":{"0":"post-129092","1":"product","2":"type-product","3":"status-publish","4":"has-post-thumbnail","6":"product_brand-valterra","7":"product_cat-plumbing","8":"product_cat-fresh-water-hoses-accessories","9":"product_tag-ntp-fr","10":"product_tag-valterra-llc-fr","12":"first","13":"instock","14":"taxable","15":"shipping-taxable","16":"purchasable","17":"product-type-simple"},"bundled_by":[],"bundle_stock_status":"instock","bundle_stock_quantity":284,"bundle_virtual":false,"bundle_layout":"","bundle_add_to_cart_form_location":"","bundle_editable_in_cart":false,"bundle_sold_individually_context":"","bundle_item_grouping":"","bundle_min_size":"","bundle_max_size":"","bundle_price":[],"bundled_items":[],"bundle_sell_ids":[],"_links":{"self":[{"href":"https:\/\/shop.rvcare.ca\/fr\/wp-json\/wp\/v2\/product\/129092","targetHints":{"allow":["GET"]}}],"collection":[{"href":"https:\/\/shop.rvcare.ca\/fr\/wp-json\/wp\/v2\/product"}],"about":[{"href":"https:\/\/shop.rvcare.ca\/fr\/wp-json\/wp\/v2\/types\/product"}],"replies":[{"embeddable":true,"href":"https:\/\/shop.rvcare.ca\/fr\/wp-json\/wp\/v2\/comments?post=129092"}],"version-history":[{"count":2,"href":"https:\/\/shop.rvcare.ca\/fr\/wp-json\/wp\/v2\/product\/129092\/revisions"}],"predecessor-version":[{"id":157624,"href":"https:\/\/shop.rvcare.ca\/fr\/wp-json\/wp\/v2\/product\/129092\/revisions\/157624"}],"wp:featuredmedia":[{"embeddable":true,"href":"https:\/\/shop.rvcare.ca\/fr\/wp-json\/wp\/v2\/media\/125578"}],"wp:attachment":[{"href":"https:\/\/shop.rvcare.ca\/fr\/wp-json\/wp\/v2\/media?parent=129092"}],"wp:term":[{"taxonomy":"product_brand","embeddable":true,"href":"https:\/\/shop.rvcare.ca\/fr\/wp-json\/wp\/v2\/product_brand?post=129092"},{"taxonomy":"product_cat","embeddable":true,"href":"https:\/\/shop.rvcare.ca\/fr\/wp-json\/wp\/v2\/product_cat?post=129092"},{"taxonomy":"product_tag","embeddable":true,"href":"https:\/\/shop.rvcare.ca\/fr\/wp-json\/wp\/v2\/product_tag?post=129092"}],"curies":[{"name":"wp","href":"https:\/\/api.w.org\/{rel}","templated":true}]}}