{"id":129128,"date":"2025-03-17T11:06:15","date_gmt":"2025-03-17T15:06:15","guid":{"rendered":"https:\/\/shop.rvcare.ca\/product\/sea-dog-coaxial-cable-10-feet\/"},"modified":"2026-04-10T13:25:31","modified_gmt":"2026-04-10T17:25:31","slug":"sea-dog-coaxial-cable-10-feet","status":"publish","type":"product","link":"https:\/\/shop.rvcare.ca\/fr\/produit\/sea-dog-coaxial-cable-10-feet\/","title":{"rendered":"Sea Dog Coaxial Cable \u2013 10 Feet"},"content":{"rendered":"<p>Ensure reliable marine communication with the Sea Dog 10-foot RG-58U Coaxial Cable. Constructed with nickel-plated brass PL-259 fittings, this white cable is designed to withstand the harsh marine environment, perfect for boats and marine applications across Canada.<\/p>\n<p>Key Features:<\/p>\n<ul>\n<li>Nickel-plated brass construction for durability in marine environments.<\/li>\n<li>PL-259 fittings for secure connections.<\/li>\n<li>10-foot length for flexible installation.<\/li>\n<li>Complies with ABYC standards.<\/li>\n<li>Designed to withstand harsh marine environments.<\/li>\n<\/ul>\n","protected":false},"excerpt":{"rendered":"<ul>\n<li>Type: RG-58U<\/li>\n<li>Terminated: Female F Connector<\/li>\n<li>Length: 10 Feet<\/li>\n<li>Colour: White<\/li>\n<\/ul>\n","protected":false},"featured_media":125560,"comment_status":"closed","ping_status":"closed","template":"","meta":{"_glsr_average":0,"_glsr_ranking":0,"_glsr_reviews":0,"keywords_product":"sea dog coaxial cable, marine coaxial cable, rg-58u cable, 10-foot coaxial cable, marine communication cable, c\u00e2ble coaxial sea dog, c\u00e2ble coaxial marin, c\u00e2ble rg-58u, c\u00e2ble coaxial 10 pieds, c\u00e2ble de communication marin","featured_product":"","product_importance":"1","wds_primary_product_brand":0,"wds_primary_product_cat":0,"wds_primary_fb_product_set":0},"product_brand":[2110],"product_cat":[1873,1571,1382],"product_tag":[1462,1621],"class_list":{"0":"post-129128","1":"product","2":"type-product","3":"status-publish","4":"has-post-thumbnail","6":"product_brand-sea-dog-fr","7":"product_cat-cables-adaptateurs","8":"product_cat-cables-et-connecteurs","9":"product_cat-produits-electriques","10":"product_tag-ntp-fr","11":"product_tag-sea-dog-fr","13":"first","14":"instock","15":"taxable","16":"shipping-taxable","17":"purchasable","18":"product-type-simple"},"bundled_by":[],"bundle_stock_status":"instock","bundle_stock_quantity":22,"bundle_virtual":false,"bundle_layout":"","bundle_add_to_cart_form_location":"","bundle_editable_in_cart":false,"bundle_sold_individually_context":"","bundle_item_grouping":"","bundle_min_size":"","bundle_max_size":"","bundle_price":[],"bundled_items":[],"bundle_sell_ids":[],"_links":{"self":[{"href":"https:\/\/shop.rvcare.ca\/fr\/wp-json\/wp\/v2\/product\/129128","targetHints":{"allow":["GET"]}}],"collection":[{"href":"https:\/\/shop.rvcare.ca\/fr\/wp-json\/wp\/v2\/product"}],"about":[{"href":"https:\/\/shop.rvcare.ca\/fr\/wp-json\/wp\/v2\/types\/product"}],"replies":[{"embeddable":true,"href":"https:\/\/shop.rvcare.ca\/fr\/wp-json\/wp\/v2\/comments?post=129128"}],"version-history":[{"count":1,"href":"https:\/\/shop.rvcare.ca\/fr\/wp-json\/wp\/v2\/product\/129128\/revisions"}],"predecessor-version":[{"id":150790,"href":"https:\/\/shop.rvcare.ca\/fr\/wp-json\/wp\/v2\/product\/129128\/revisions\/150790"}],"wp:featuredmedia":[{"embeddable":true,"href":"https:\/\/shop.rvcare.ca\/fr\/wp-json\/wp\/v2\/media\/125560"}],"wp:attachment":[{"href":"https:\/\/shop.rvcare.ca\/fr\/wp-json\/wp\/v2\/media?parent=129128"}],"wp:term":[{"taxonomy":"product_brand","embeddable":true,"href":"https:\/\/shop.rvcare.ca\/fr\/wp-json\/wp\/v2\/product_brand?post=129128"},{"taxonomy":"product_cat","embeddable":true,"href":"https:\/\/shop.rvcare.ca\/fr\/wp-json\/wp\/v2\/product_cat?post=129128"},{"taxonomy":"product_tag","embeddable":true,"href":"https:\/\/shop.rvcare.ca\/fr\/wp-json\/wp\/v2\/product_tag?post=129128"}],"curies":[{"name":"wp","href":"https:\/\/api.w.org\/{rel}","templated":true}]}}