{"id":129129,"date":"2025-03-17T11:06:17","date_gmt":"2025-03-17T15:06:17","guid":{"rendered":"https:\/\/shop.rvcare.ca\/product\/we-boost-cellular-phone-signal-booster\/"},"modified":"2026-04-10T11:44:34","modified_gmt":"2026-04-10T15:44:34","slug":"we-boost-cellular-phone-signal-booster","status":"publish","type":"product","link":"https:\/\/shop.rvcare.ca\/fr\/produit\/we-boost-cellular-phone-signal-booster\/","title":{"rendered":"We Boost Cellular Phone Signal Booster"},"content":{"rendered":"<p>Boost your cellular signal on the road with the We Boost Cellular Phone Signal Booster, ideal for semi-trucks. Enhance 5G data, voice, text, and high-speed internet with up to 50 dB maximum gain. Designed for remote areas, this 12-volt system includes all necessary components for installation.<\/p>\n<p>Key Features:<\/p>\n<ul>\n<li>Reaches distant cell towers for improved signal.<\/li>\n<li>Supports multiple users and devices simultaneously.<\/li>\n<li>Ideal for semi-trucks and over-the-road (OTR) vehicles.<\/li>\n<li>Best booster for remote areas with weak signals.<\/li>\n<\/ul>\n","protected":false},"excerpt":{"rendered":"<ul>\n<li>Smart Technology Compatible: Not compatible with smart technology<\/li>\n<li>Compatibility: All cellular devices with all carriers<\/li>\n<li>Type: Voice\/ Text\/ 5G Data<\/li>\n<li>Maximum Gain (dB): 50 Decibel<\/li>\n<li>Frequency Range: 700 Megahertz At Band 12\/17\/13\/ 850 Megahertz At Band 5\/ 1700\/2100 Megahertz At Band 4<\/li>\n<li>Mounting Type: Pole Mount<\/li>\n<li>Power Rating: 12 Volt\/ 1.8 Amp<\/li>\n<li>Length (IN): 6 Inch<\/li>\n<li>Width (IN): 4-1\/2 Inch<\/li>\n<li>Height (IN): 1-1\/2 Inch<\/li>\n<li>With Antenna: Yes<\/li>\n<li>With Connector: No<\/li>\n<li>With Mounting Bracket: Yes<\/li>\n<\/ul>\n","protected":false},"featured_media":125572,"comment_status":"closed","ping_status":"closed","template":"","meta":{"_glsr_average":0,"_glsr_ranking":0,"_glsr_reviews":0,"keywords_product":"we boost cellular phone signal booster, cellular signal booster, truck signal booster, 5g phone booster, signal booster for remote areas, amplificateur de signal de t\u00e9l\u00e9phone portable, amplificateur de signal cellulaire, amplificateur de signal pour camion, amplificateur de t\u00e9l\u00e9phone 5g, amplificateur de signal pour zones \u00e9loign\u00e9es","featured_product":"","product_importance":"1","wds_primary_product_brand":0,"wds_primary_product_cat":0,"wds_primary_fb_product_set":0},"product_brand":[2131],"product_cat":[1873,1382,1616],"product_tag":[1462,1622],"class_list":{"0":"post-129129","1":"product","2":"type-product","3":"status-publish","4":"has-post-thumbnail","6":"product_brand-we-boost-fr","7":"product_cat-cables-adaptateurs","8":"product_cat-produits-electriques","9":"product_cat-electroniques-fr","10":"product_tag-ntp-fr","11":"product_tag-we-boost-fr","13":"first","14":"instock","15":"taxable","16":"shipping-taxable","17":"purchasable","18":"product-type-simple"},"bundled_by":[],"bundle_stock_status":"instock","bundle_stock_quantity":205,"bundle_virtual":false,"bundle_layout":"","bundle_add_to_cart_form_location":"","bundle_editable_in_cart":false,"bundle_sold_individually_context":"","bundle_item_grouping":"","bundle_min_size":"","bundle_max_size":"","bundle_price":[],"bundled_items":[],"bundle_sell_ids":[],"_links":{"self":[{"href":"https:\/\/shop.rvcare.ca\/fr\/wp-json\/wp\/v2\/product\/129129","targetHints":{"allow":["GET"]}}],"collection":[{"href":"https:\/\/shop.rvcare.ca\/fr\/wp-json\/wp\/v2\/product"}],"about":[{"href":"https:\/\/shop.rvcare.ca\/fr\/wp-json\/wp\/v2\/types\/product"}],"replies":[{"embeddable":true,"href":"https:\/\/shop.rvcare.ca\/fr\/wp-json\/wp\/v2\/comments?post=129129"}],"version-history":[{"count":1,"href":"https:\/\/shop.rvcare.ca\/fr\/wp-json\/wp\/v2\/product\/129129\/revisions"}],"predecessor-version":[{"id":150789,"href":"https:\/\/shop.rvcare.ca\/fr\/wp-json\/wp\/v2\/product\/129129\/revisions\/150789"}],"wp:featuredmedia":[{"embeddable":true,"href":"https:\/\/shop.rvcare.ca\/fr\/wp-json\/wp\/v2\/media\/125572"}],"wp:attachment":[{"href":"https:\/\/shop.rvcare.ca\/fr\/wp-json\/wp\/v2\/media?parent=129129"}],"wp:term":[{"taxonomy":"product_brand","embeddable":true,"href":"https:\/\/shop.rvcare.ca\/fr\/wp-json\/wp\/v2\/product_brand?post=129129"},{"taxonomy":"product_cat","embeddable":true,"href":"https:\/\/shop.rvcare.ca\/fr\/wp-json\/wp\/v2\/product_cat?post=129129"},{"taxonomy":"product_tag","embeddable":true,"href":"https:\/\/shop.rvcare.ca\/fr\/wp-json\/wp\/v2\/product_tag?post=129129"}],"curies":[{"name":"wp","href":"https:\/\/api.w.org\/{rel}","templated":true}]}}