{"id":130329,"date":"2025-03-24T15:29:49","date_gmt":"2025-03-24T19:29:49","guid":{"rendered":"https:\/\/shop.rvcare.ca\/product\/dometic-refrigerator-freezer-8-cubic-feet-right-hinge\/"},"modified":"2026-05-04T12:06:26","modified_gmt":"2026-05-04T16:06:26","slug":"dometic-refrigerator-freezer-8-cubic-feet-right-hinge","status":"publish","type":"product","link":"https:\/\/shop.rvcare.ca\/fr\/produit\/dometic-refrigerator-freezer-8-cubic-feet-right-hinge\/","title":{"rendered":"Dometic Refrigerator\/Freezer \u2013 8 Cubic Feet (Right Hinge)"},"content":{"rendered":"<p>This Dometic Dual Compartment Refrigerator and freezer features a new user-friendly control panel with integrated LED-display and electronic operation control system, which employs visual alarm signals. It also has exchangeable door panels, ergonomic door shelves with spill protection and modular shelving. Fingertip door opening and a patented detachable freezer boost convenience and storage flexibility. With 8 Cu. Ft. Storage capacity, it makes your RV feel like home!<\/p>\n<p><span style=\"color: #ff0000\"><strong>Warning: All propane products must be installed by a certified and licensed technician.<\/strong><\/span><\/p>\n","protected":false},"excerpt":{"rendered":"<ul>\n<li>Dual compartment , 2 door refrigerator with freezer<\/li>\n<li>Capacity:\u00a08 Cubic Feet<\/li>\n<li>Voltage Rating:\u00a012 Volt<\/li>\n<li>Height:\u00a053-1\/2 in, Width:\u00a023-1\/2 in, Depth:\u00a027-1\/2 in<\/li>\n<li>Temperature control with\u00a0LED panel (electronic thermostat)<\/li>\n<li>Colour:\u00a0Black with\u00a0Stainless Steel doors<\/li>\n<li>Installation Type:\u00a0Portable<\/li>\n<\/ul>\n","protected":false},"featured_media":66396,"comment_status":"closed","ping_status":"closed","template":"","meta":{"_glsr_average":0,"_glsr_ranking":0,"_glsr_reviews":0,"keywords_product":"dometic refrigerator, rv refrigerator, freezer, 8 cubic feet fridge, dual compartment refrigerator, r\u00e9frig\u00e9rateur Dometic, r\u00e9frig\u00e9rateur de VR, cong\u00e9lateur, r\u00e9frig\u00e9rateur de 8 pieds cubes, r\u00e9frig\u00e9rateur \u00e0 double compartiment","featured_product":"","product_importance":"1","wds_primary_product_brand":0,"wds_primary_product_cat":0},"product_brand":[1912],"product_cat":[1307,1868,1639],"product_tag":[1427,1310,1462],"class_list":{"0":"post-130329","1":"product","2":"type-product","3":"status-publish","4":"has-post-thumbnail","6":"product_brand-dometic-fr","7":"product_cat-appareils-electromenagers","8":"product_cat-interieur-rv","9":"product_cat-refrigerators-fr","10":"product_tag-ramassage-en-magasin","11":"product_tag-dometic-fr","12":"product_tag-ntp-fr","14":"first","15":"instock","16":"taxable","17":"shipping-taxable","18":"purchasable","19":"product-type-simple"},"bundled_by":[],"bundle_stock_status":"instock","bundle_stock_quantity":2,"bundle_virtual":false,"bundle_layout":"","bundle_add_to_cart_form_location":"","bundle_editable_in_cart":false,"bundle_sold_individually_context":"","bundle_item_grouping":"","bundle_min_size":"","bundle_max_size":"","bundle_price":[],"bundled_items":[],"bundle_sell_ids":[],"_links":{"self":[{"href":"https:\/\/shop.rvcare.ca\/fr\/wp-json\/wp\/v2\/product\/130329","targetHints":{"allow":["GET"]}}],"collection":[{"href":"https:\/\/shop.rvcare.ca\/fr\/wp-json\/wp\/v2\/product"}],"about":[{"href":"https:\/\/shop.rvcare.ca\/fr\/wp-json\/wp\/v2\/types\/product"}],"replies":[{"embeddable":true,"href":"https:\/\/shop.rvcare.ca\/fr\/wp-json\/wp\/v2\/comments?post=130329"}],"version-history":[{"count":1,"href":"https:\/\/shop.rvcare.ca\/fr\/wp-json\/wp\/v2\/product\/130329\/revisions"}],"predecessor-version":[{"id":151829,"href":"https:\/\/shop.rvcare.ca\/fr\/wp-json\/wp\/v2\/product\/130329\/revisions\/151829"}],"wp:featuredmedia":[{"embeddable":true,"href":"https:\/\/shop.rvcare.ca\/fr\/wp-json\/wp\/v2\/media\/66396"}],"wp:attachment":[{"href":"https:\/\/shop.rvcare.ca\/fr\/wp-json\/wp\/v2\/media?parent=130329"}],"wp:term":[{"taxonomy":"product_brand","embeddable":true,"href":"https:\/\/shop.rvcare.ca\/fr\/wp-json\/wp\/v2\/product_brand?post=130329"},{"taxonomy":"product_cat","embeddable":true,"href":"https:\/\/shop.rvcare.ca\/fr\/wp-json\/wp\/v2\/product_cat?post=130329"},{"taxonomy":"product_tag","embeddable":true,"href":"https:\/\/shop.rvcare.ca\/fr\/wp-json\/wp\/v2\/product_tag?post=130329"}],"curies":[{"name":"wp","href":"https:\/\/api.w.org\/{rel}","templated":true}]}}