{"id":130332,"date":"2025-03-24T15:29:47","date_gmt":"2025-03-24T19:29:47","guid":{"rendered":"https:\/\/shop.rvcare.ca\/product\/splendide-rv-stackable-dryer\/"},"modified":"2026-04-19T04:30:30","modified_gmt":"2026-04-19T08:30:30","slug":"splendide-rv-stackable-dryer","status":"publish","type":"product","link":"https:\/\/shop.rvcare.ca\/fr\/produit\/splendide-rv-stackable-dryer\/","title":{"rendered":"Splendide RV Stackable Dryer"},"content":{"rendered":"<p>This Splendide RV stackable dryer is a front loading vented dryer perfectly made for those who need to dry bigger loads. It includes the same great dry performance as the popular combo models by Splendide, but with the added capacity (13 lbs).<\/p>\n","protected":false},"excerpt":{"rendered":"<ul>\n<li>Front loading vented dryer<\/li>\n<li>Width:\u00a023-1\/2 in, Height:\u00a032-3\/4 in, Depth:\u00a022-3\/4 in<\/li>\n<li>Maximum Capacity:\u00a013 pounds<\/li>\n<li>Has 1 timed dry and 2 auto dry cycle<\/li>\n<li>Voltage Rating:\u00a0120 Volt<\/li>\n<li>Ampere Rating:\u00a012 Amp<\/li>\n<li>Colour:\u00a0White<\/li>\n<li>With adjustable dry timer<\/li>\n<li>Developed to provide steady performance and reliability<\/li>\n<li>Quieter with roller design drum support<\/li>\n<\/ul>\n","protected":false},"featured_media":130300,"comment_status":"closed","ping_status":"closed","template":"","meta":{"_glsr_average":0,"_glsr_ranking":0,"_glsr_reviews":0,"keywords_product":"splendide dryer, rv dryer, stackable dryer, front loading dryer, vented dryer, portable dryer, rv appliances, rv laundry solutions, larger capacity dryer, drying clothes in rv, s\u00e8che-linge Splendide, s\u00e8che-linge r\u00e9cr\u00e9atif, s\u00e8che-linge empilable, s\u00e8che-linge \u00e0 chargement frontal, s\u00e8che-linge avec ventilation, s\u00e8che-linge portable, appareils \u00e9lectrom\u00e9nagers r\u00e9cr\u00e9atifs, solutions de lessive r\u00e9cr\u00e9ative, s\u00e8che-linge de plus grande capacit\u00e9, s\u00e9cher des v\u00eatements dans un VR","featured_product":"","product_importance":"1","wds_primary_product_brand":0,"wds_primary_product_cat":0,"wds_primary_fb_product_set":0},"product_brand":[2115],"product_cat":[1307,1868,1646],"product_tag":[1427,1642],"class_list":{"0":"post-130332","1":"product","2":"type-product","3":"status-publish","4":"has-post-thumbnail","6":"product_brand-splendidentp-fr","7":"product_cat-appareils-electromenagers","8":"product_cat-interieur-rv","9":"product_cat-laveuses-secheuses","10":"product_tag-ramassage-en-magasin","11":"product_tag-splendidentp-fr","13":"first","14":"instock","15":"taxable","16":"shipping-taxable","17":"purchasable","18":"product-type-simple"},"bundled_by":[],"bundle_stock_status":"instock","bundle_stock_quantity":701,"bundle_virtual":false,"bundle_layout":"","bundle_add_to_cart_form_location":"","bundle_editable_in_cart":false,"bundle_sold_individually_context":"","bundle_item_grouping":"","bundle_min_size":"","bundle_max_size":"","bundle_price":[],"bundled_items":[],"bundle_sell_ids":[],"_links":{"self":[{"href":"https:\/\/shop.rvcare.ca\/fr\/wp-json\/wp\/v2\/product\/130332","targetHints":{"allow":["GET"]}}],"collection":[{"href":"https:\/\/shop.rvcare.ca\/fr\/wp-json\/wp\/v2\/product"}],"about":[{"href":"https:\/\/shop.rvcare.ca\/fr\/wp-json\/wp\/v2\/types\/product"}],"replies":[{"embeddable":true,"href":"https:\/\/shop.rvcare.ca\/fr\/wp-json\/wp\/v2\/comments?post=130332"}],"version-history":[{"count":1,"href":"https:\/\/shop.rvcare.ca\/fr\/wp-json\/wp\/v2\/product\/130332\/revisions"}],"predecessor-version":[{"id":149828,"href":"https:\/\/shop.rvcare.ca\/fr\/wp-json\/wp\/v2\/product\/130332\/revisions\/149828"}],"wp:featuredmedia":[{"embeddable":true,"href":"https:\/\/shop.rvcare.ca\/fr\/wp-json\/wp\/v2\/media\/130300"}],"wp:attachment":[{"href":"https:\/\/shop.rvcare.ca\/fr\/wp-json\/wp\/v2\/media?parent=130332"}],"wp:term":[{"taxonomy":"product_brand","embeddable":true,"href":"https:\/\/shop.rvcare.ca\/fr\/wp-json\/wp\/v2\/product_brand?post=130332"},{"taxonomy":"product_cat","embeddable":true,"href":"https:\/\/shop.rvcare.ca\/fr\/wp-json\/wp\/v2\/product_cat?post=130332"},{"taxonomy":"product_tag","embeddable":true,"href":"https:\/\/shop.rvcare.ca\/fr\/wp-json\/wp\/v2\/product_tag?post=130332"}],"curies":[{"name":"wp","href":"https:\/\/api.w.org\/{rel}","templated":true}]}}