{"id":130335,"date":"2025-03-24T15:23:22","date_gmt":"2025-03-24T19:23:22","guid":{"rendered":"https:\/\/shop.rvcare.ca\/product\/furrion-arctic-refrigerator-freezer-10-cubic-feet-right-hinge\/"},"modified":"2026-04-21T04:30:37","modified_gmt":"2026-04-21T08:30:37","slug":"furrion-arctic-refrigerator-freezer-10-cubic-feet-right-hinge","status":"publish","type":"product","link":"https:\/\/shop.rvcare.ca\/fr\/produit\/furrion-arctic-refrigerator-freezer-10-cubic-feet-right-hinge\/","title":{"rendered":"Furrion Arctic Refrigerator\/Freezer \u2013 10 Cubic Feet (Right Hinge)"},"content":{"rendered":"<p>This Furrion Arctic dual compartment refrigerator and freezer provides superior cooling performance at low energy consumption and is designed to easily fit into RVs, while still providing 10 Cu. Ft. Of storage. By delivering a powerful deep freeze in a large storage space, you can confidently store cold foods like ice cream without worrying about them melting.<\/p>\n<p><span style=\"color: #ff0000;\"><strong>Warning: All propane products must be installed by a certified and licensed technician.<\/strong><\/span><\/p>\n","protected":false},"excerpt":{"rendered":"<ul>\n<li>Dual compartment, 2 door refrigerator with freezer<\/li>\n<li>Capacity:\u00a010 Cubic Feet<\/li>\n<li>Voltage Rating:\u00a012 Volt<\/li>\n<li>Height:\u00a060-1\/4 in, Width:\u00a024-1\/4 in, Depth:\u00a025-3\/4 in<\/li>\n<li>Ampere:\u00a011 Amp<\/li>\n<li>Dial temperature control<\/li>\n<li>Colour: Black<\/li>\n<li>Installation Type:\u00a0Permanent<\/li>\n<li>Its compressor technology avoids the inherent safety risks associated with absorption gas refrigeration, including fire hazards, gas leaks and explosions<\/li>\n<li>Limited 1 Year Warranty<\/li>\n<\/ul>\n","protected":false},"featured_media":66596,"comment_status":"closed","ping_status":"closed","template":"","meta":{"_glsr_average":0,"_glsr_ranking":0,"_glsr_reviews":0,"keywords_product":"furrion refrigerator, rv refrigerator, rv freezer, arctic freezer, dual compartment fridge, 10 cu ft fridge, energy efficient refrigerator, rv appliance, cold food storage, freezer for rv, r\u00e9frig\u00e9rateur Furrion, r\u00e9frig\u00e9rateur de VR, cong\u00e9lateur de VR, cong\u00e9lateur arctique, r\u00e9frig\u00e9rateur \u00e0 deux compartiments, r\u00e9frig\u00e9rateur 10 pi\u00b3, r\u00e9frig\u00e9rateur \u00e9conerg\u00e9tique, appareil de VR, stockage d'aliments froids, cong\u00e9lateur pour VR","featured_product":"","product_importance":"1","wds_primary_product_brand":0,"wds_primary_product_cat":0,"wds_primary_fb_product_set":0},"product_brand":[2016],"product_cat":[1307,1868,1639],"product_tag":[1427,1651,1462],"class_list":{"0":"post-130335","1":"product","2":"type-product","3":"status-publish","4":"has-post-thumbnail","6":"product_brand-furrion","7":"product_cat-appareils-electromenagers","8":"product_cat-interieur-rv","9":"product_cat-refrigerators-fr","10":"product_tag-ramassage-en-magasin","11":"product_tag-furrion-fr","12":"product_tag-ntp-fr","14":"first","15":"instock","16":"taxable","17":"shipping-taxable","18":"purchasable","19":"product-type-simple"},"bundled_by":[],"bundle_stock_status":"instock","bundle_stock_quantity":43,"bundle_virtual":false,"bundle_layout":"","bundle_add_to_cart_form_location":"","bundle_editable_in_cart":false,"bundle_sold_individually_context":"","bundle_item_grouping":"","bundle_min_size":"","bundle_max_size":"","bundle_price":[],"bundled_items":[],"bundle_sell_ids":[],"_links":{"self":[{"href":"https:\/\/shop.rvcare.ca\/fr\/wp-json\/wp\/v2\/product\/130335","targetHints":{"allow":["GET"]}}],"collection":[{"href":"https:\/\/shop.rvcare.ca\/fr\/wp-json\/wp\/v2\/product"}],"about":[{"href":"https:\/\/shop.rvcare.ca\/fr\/wp-json\/wp\/v2\/types\/product"}],"replies":[{"embeddable":true,"href":"https:\/\/shop.rvcare.ca\/fr\/wp-json\/wp\/v2\/comments?post=130335"}],"version-history":[{"count":1,"href":"https:\/\/shop.rvcare.ca\/fr\/wp-json\/wp\/v2\/product\/130335\/revisions"}],"predecessor-version":[{"id":152241,"href":"https:\/\/shop.rvcare.ca\/fr\/wp-json\/wp\/v2\/product\/130335\/revisions\/152241"}],"wp:featuredmedia":[{"embeddable":true,"href":"https:\/\/shop.rvcare.ca\/fr\/wp-json\/wp\/v2\/media\/66596"}],"wp:attachment":[{"href":"https:\/\/shop.rvcare.ca\/fr\/wp-json\/wp\/v2\/media?parent=130335"}],"wp:term":[{"taxonomy":"product_brand","embeddable":true,"href":"https:\/\/shop.rvcare.ca\/fr\/wp-json\/wp\/v2\/product_brand?post=130335"},{"taxonomy":"product_cat","embeddable":true,"href":"https:\/\/shop.rvcare.ca\/fr\/wp-json\/wp\/v2\/product_cat?post=130335"},{"taxonomy":"product_tag","embeddable":true,"href":"https:\/\/shop.rvcare.ca\/fr\/wp-json\/wp\/v2\/product_tag?post=130335"}],"curies":[{"name":"wp","href":"https:\/\/api.w.org\/{rel}","templated":true}]}}