{"id":130340,"date":"2025-03-24T15:29:46","date_gmt":"2025-03-24T19:29:46","guid":{"rendered":"https:\/\/shop.rvcare.ca\/product\/pinnacle-stackable-standard-dryer-13lb-white-silver\/"},"modified":"2026-04-24T06:30:32","modified_gmt":"2026-04-24T10:30:32","slug":"pinnacle-stackable-standard-dryer-13lb-white-silver","status":"publish","type":"product","link":"https:\/\/shop.rvcare.ca\/fr\/produit\/pinnacle-stackable-standard-dryer-13lb-white-silver\/","title":{"rendered":"Pinnacle Stackable Standard Dryer \u2013 13lb (White\/Silver)"},"content":{"rendered":"<p>Pinnacle&rsquo;s 110V stackable laundry solution for RVs features a short or standard dryer option stacked above the efficient Super Washer. The total height of the short dryer and washer is under 60&Prime; which is great for 5th wheels.<\/p>\n","protected":false},"excerpt":{"rendered":"<ul>\n<li>Drying System Type:\u00a0Vented Drying<\/li>\n<li>Width:\u00a023.6 in, Height:\u00a032.3 in, Depth:\u00a022.3 in<\/li>\n<li>Maximum Capacity:\u00a013 pounds<\/li>\n<li>Voltage Rating:\u00a0110 Volt<\/li>\n<li>Ampere Rating:\u00a015 Amp<\/li>\n<li>Colour:\u00a0Silver\/White with Stainless Steel drum<\/li>\n<li>Features both auto dry and timed dry<\/li>\n<li>Wrinkle guard<\/li>\n<li>Overheating protection<\/li>\n<li>Equipped with a high speed turbo fan, a pause feature and a child lock function<\/li>\n<li>180 degree door opening<\/li>\n<li>Has triple dryer filter as well as adjustable levelling legs<\/li>\n<\/ul>\n","protected":false},"featured_media":67486,"comment_status":"closed","ping_status":"closed","template":"","meta":{"_glsr_average":0,"_glsr_ranking":0,"_glsr_reviews":0,"keywords_product":"pinnacle stackable dryer, 13lb dryer, rv laundry solution, stackable washer dryer, compact dryer, rv stackable dryer, 110v dryer, short dryer for rv, 5th wheel appliances, laundry appliances for rv, s\u00e8che-linge empilable Pinnacle, s\u00e9cheuse 13 lb, solution de lessive pour VR, laveuse s\u00e9cheuse empilable, s\u00e9cheuse compacte, s\u00e8che-linge empilable pour VR, s\u00e9cheuse 110 V, s\u00e9cheuse courte pour VR, appareils pour 5\u00e8me roue, appareils de lessive pour VR","featured_product":"","product_importance":"1","wds_primary_product_brand":0,"wds_primary_product_cat":0,"wds_primary_fb_product_set":0},"product_brand":[2101],"product_cat":[1307,1868,1646],"product_tag":[1427,1462,1807],"class_list":{"0":"post-130340","1":"product","2":"type-product","3":"status-publish","4":"has-post-thumbnail","6":"product_brand-pinnacle-fr","7":"product_cat-appareils-electromenagers","8":"product_cat-interieur-rv","9":"product_cat-laveuses-secheuses","10":"product_tag-ramassage-en-magasin","11":"product_tag-ntp-fr","12":"product_tag-pinnacle-fr","14":"first","15":"instock","16":"taxable","17":"shipping-taxable","18":"purchasable","19":"product-type-simple"},"bundled_by":[],"bundle_stock_status":"instock","bundle_stock_quantity":12,"bundle_virtual":false,"bundle_layout":"","bundle_add_to_cart_form_location":"","bundle_editable_in_cart":false,"bundle_sold_individually_context":"","bundle_item_grouping":"","bundle_min_size":"","bundle_max_size":"","bundle_price":[],"bundled_items":[],"bundle_sell_ids":[],"_links":{"self":[{"href":"https:\/\/shop.rvcare.ca\/fr\/wp-json\/wp\/v2\/product\/130340","targetHints":{"allow":["GET"]}}],"collection":[{"href":"https:\/\/shop.rvcare.ca\/fr\/wp-json\/wp\/v2\/product"}],"about":[{"href":"https:\/\/shop.rvcare.ca\/fr\/wp-json\/wp\/v2\/types\/product"}],"replies":[{"embeddable":true,"href":"https:\/\/shop.rvcare.ca\/fr\/wp-json\/wp\/v2\/comments?post=130340"}],"version-history":[{"count":1,"href":"https:\/\/shop.rvcare.ca\/fr\/wp-json\/wp\/v2\/product\/130340\/revisions"}],"predecessor-version":[{"id":150786,"href":"https:\/\/shop.rvcare.ca\/fr\/wp-json\/wp\/v2\/product\/130340\/revisions\/150786"}],"wp:featuredmedia":[{"embeddable":true,"href":"https:\/\/shop.rvcare.ca\/fr\/wp-json\/wp\/v2\/media\/67486"}],"wp:attachment":[{"href":"https:\/\/shop.rvcare.ca\/fr\/wp-json\/wp\/v2\/media?parent=130340"}],"wp:term":[{"taxonomy":"product_brand","embeddable":true,"href":"https:\/\/shop.rvcare.ca\/fr\/wp-json\/wp\/v2\/product_brand?post=130340"},{"taxonomy":"product_cat","embeddable":true,"href":"https:\/\/shop.rvcare.ca\/fr\/wp-json\/wp\/v2\/product_cat?post=130340"},{"taxonomy":"product_tag","embeddable":true,"href":"https:\/\/shop.rvcare.ca\/fr\/wp-json\/wp\/v2\/product_tag?post=130340"}],"curies":[{"name":"wp","href":"https:\/\/api.w.org\/{rel}","templated":true}]}}