{"id":131269,"date":"2025-04-01T08:55:43","date_gmt":"2025-04-01T12:55:43","guid":{"rendered":"https:\/\/shop.rvcare.ca\/product\/furrion-water-heater-access-door-18-1-8-x-18-1-8-white\/"},"modified":"2026-04-10T11:44:25","modified_gmt":"2026-04-10T15:44:25","slug":"furrion-water-heater-access-door-18-1-8-x-18-1-8-white","status":"publish","type":"product","link":"https:\/\/shop.rvcare.ca\/fr\/produit\/furrion-water-heater-access-door-18-1-8-x-18-1-8-white\/","title":{"rendered":"Porte d&rsquo;acc\u00e8s pour chauffe-eau Furrion &#8211; 46 x 46 cm (Blanc)"},"content":{"rendered":"<p>Con\u00e7u sp\u00e9cialement pour les applications de remplacement et comme porte de remplacement pour les mod\u00e8les de chauffe-eaux Suburban (TM), Atwood (TM) de 4\/6 et 10 gallons. Il est facile et pratique de passer d&rsquo;un chauffe-eau traditionnel \u00e0 capacit\u00e9 limit\u00e9e \u00e0 un syst\u00e8me de chauffe-eau sans r\u00e9servoir Furrion.<\/p>\n<p><span style=\"color: #ff0000\"><strong>Avertissement : Tous les produits fonctionnant au propane doivent \u00eatre install\u00e9s par un technicien certifi\u00e9 et agr\u00e9\u00e9.<\/strong><\/span><\/p>\n","protected":false},"excerpt":{"rendered":"<ul>\n<li>Compatibilit\u00e9 : Portes de chauffe-eau Suburban ou Atwood de 10 gallons<\/li>\n<li>Couleur : Blanc<\/li>\n<li>Mat\u00e9riau : Acier<\/li>\n<li>Type de montage : \u00c0 vis<\/li>\n<li>Longueur : 46 cm, Largeur : 46 cm<\/li>\n<li>Design durable<\/li>\n<li>Vibrationsmart &trade;<\/li>\n<li>Climatesmart &trade;<\/li>\n<li>Con\u00e7u pour les applications de retrofit<\/li>\n<\/ul>\n","protected":false},"featured_media":66608,"comment_status":"closed","ping_status":"closed","template":"","meta":{"_glsr_average":0,"_glsr_ranking":0,"_glsr_reviews":0,"keywords_product":"furrion water heater access door, water heater door replacement, rv water heater door, tankless water heating door, suburban atwood water heater parts, porte d'acc\u00e8s de chauffe-eau Furrion, remplacement de porte de chauffe-eau, porte de chauffe-eau de VR, porte de chauffe-eau sans r\u00e9servoir, pi\u00e8ces de chauffe-eau Suburban Atwood","featured_product":"","product_importance":"1","wds_primary_product_brand":0,"wds_primary_product_cat":0,"wds_primary_fb_product_set":0},"product_brand":[2084],"product_cat":[1648,268],"product_tag":[1651,1462],"class_list":{"0":"post-131269","1":"product","2":"type-product","3":"status-publish","4":"has-post-thumbnail","6":"product_brand-furrion-fr","7":"product_cat-chauffe-eau","8":"product_cat-plomberie","9":"product_tag-furrion-fr","10":"product_tag-ntp-fr","12":"first","13":"instock","14":"taxable","15":"shipping-taxable","16":"purchasable","17":"product-type-simple"},"bundled_by":[],"bundle_stock_status":"instock","bundle_stock_quantity":76,"bundle_virtual":false,"bundle_layout":"","bundle_add_to_cart_form_location":"","bundle_editable_in_cart":false,"bundle_sold_individually_context":"","bundle_item_grouping":"","bundle_min_size":"","bundle_max_size":"","bundle_price":[],"bundled_items":[],"bundle_sell_ids":[],"_links":{"self":[{"href":"https:\/\/shop.rvcare.ca\/fr\/wp-json\/wp\/v2\/product\/131269","targetHints":{"allow":["GET"]}}],"collection":[{"href":"https:\/\/shop.rvcare.ca\/fr\/wp-json\/wp\/v2\/product"}],"about":[{"href":"https:\/\/shop.rvcare.ca\/fr\/wp-json\/wp\/v2\/types\/product"}],"replies":[{"embeddable":true,"href":"https:\/\/shop.rvcare.ca\/fr\/wp-json\/wp\/v2\/comments?post=131269"}],"version-history":[{"count":4,"href":"https:\/\/shop.rvcare.ca\/fr\/wp-json\/wp\/v2\/product\/131269\/revisions"}],"predecessor-version":[{"id":157636,"href":"https:\/\/shop.rvcare.ca\/fr\/wp-json\/wp\/v2\/product\/131269\/revisions\/157636"}],"wp:featuredmedia":[{"embeddable":true,"href":"https:\/\/shop.rvcare.ca\/fr\/wp-json\/wp\/v2\/media\/66608"}],"wp:attachment":[{"href":"https:\/\/shop.rvcare.ca\/fr\/wp-json\/wp\/v2\/media?parent=131269"}],"wp:term":[{"taxonomy":"product_brand","embeddable":true,"href":"https:\/\/shop.rvcare.ca\/fr\/wp-json\/wp\/v2\/product_brand?post=131269"},{"taxonomy":"product_cat","embeddable":true,"href":"https:\/\/shop.rvcare.ca\/fr\/wp-json\/wp\/v2\/product_cat?post=131269"},{"taxonomy":"product_tag","embeddable":true,"href":"https:\/\/shop.rvcare.ca\/fr\/wp-json\/wp\/v2\/product_tag?post=131269"}],"curies":[{"name":"wp","href":"https:\/\/api.w.org\/{rel}","templated":true}]}}