{"id":131271,"date":"2025-04-01T08:55:41","date_gmt":"2025-04-01T12:55:41","guid":{"rendered":"https:\/\/shop.rvcare.ca\/product\/suburban-water-heater-direct-spark-ignition-with-electric-element-12-gallon-de-model\/"},"modified":"2026-04-10T11:44:27","modified_gmt":"2026-04-10T15:44:27","slug":"suburban-water-heater-direct-spark-ignition-with-electric-element-12-gallon-de-model","status":"publish","type":"product","link":"https:\/\/shop.rvcare.ca\/fr\/produit\/suburban-water-heater-direct-spark-ignition-with-electric-element-12-gallon-de-model\/","title":{"rendered":"Chauffe-eau Suburban &#8211; Allumage par \u00e9tincelle directe &#8211; Mod\u00e8le DE avec \u00e9l\u00e9ment \u00e9lectrique (45,4 L)"},"content":{"rendered":"<p>Ce r\u00e9servoir en acier rev\u00eatu de porcelaine de Suburban est un chauffe-eau \u00e0 allumage par \u00e9tincelle directe (avec \u00e9l\u00e9ment \u00e9lectrique). Il est comparable aux chauffe-eau r\u00e9sidentiels, mais dans un format plus compact. Il est \u00e9quip\u00e9 d&rsquo;un bo\u00eetier m\u00e9tallique monobloc embouti qui prot\u00e8ge les commandes des intemp\u00e9ries et d&rsquo;une veste en copolym\u00e8re ajust\u00e9e pour la r\u00e9tention de la chaleur, enveloppant le r\u00e9servoir. Il peut contenir jusqu&rsquo;\u00e0 45,4 litres et fonctionne avec<\/p>\n","protected":false},"excerpt":{"rendered":"<ul>\n<li>Type : \u00c9lectrique \/ Gaz LP<\/li>\n<li>Mod\u00e8le : SW12DE<\/li>\n<li>Capacit\u00e9 : 12 Gallons<\/li>\n<li>Type d&rsquo;allumage : Allumage par \u00e9tincelle directe<\/li>\n<li>Puissance : 1440 Watt<\/li>\n<li>Niveau de BTU : 12000 BTU<\/li>\n<li>Largeur : 41,1 cm, Hauteur : 41,1 cm, Profondeur : 56,5 cm<\/li>\n<li>R\u00e9servoir en acier rev\u00eatu de porcelaine durable construit comme les chauffe-eaux r\u00e9sidentiels \u00e0 longue dur\u00e9e de vie<\/li>\n<li>Test\u00e9 sous pression deux fois pendant le processus de fabrication pour garantir son int\u00e9grit\u00e9<\/li>\n<li>Comprend un interrupteur mont\u00e9 \u00e0 l&rsquo;int\u00e9rieur qui contr\u00f4le l&rsquo;allumage et le fonctionnement du chauffe-eau<\/li>\n<\/ul>\n","protected":false},"featured_media":67552,"comment_status":"open","ping_status":"closed","template":"","meta":{"_glsr_average":0,"_glsr_ranking":0,"_glsr_reviews":0,"keywords_product":"suburban water heater, direct spark ignition, electric water heater, 12 gallon water heater, rv water heater, porcelain water tank, corrosion resistant water heater, small water heater, water heating tank, chauffe-eau Suburban, allumage par \u00e9tincelle direct, chauffe-eau \u00e9lectrique, chauffe-eau de 12 gallons, chauffe-eau RV, r\u00e9servoir d'eau en porcelaine, chauffe-eau r\u00e9sistant \u00e0 la corrosion, petit chauffe-eau, r\u00e9servoir de chauffage d'eau","featured_product":"","product_importance":"","wds_primary_product_brand":0,"wds_primary_product_cat":0,"wds_primary_fb_product_set":0},"product_brand":[2118],"product_cat":[1648,268],"product_tag":[1462,1652],"class_list":{"0":"post-131271","1":"product","2":"type-product","3":"status-publish","4":"has-post-thumbnail","6":"product_brand-suburban-fr","7":"product_cat-chauffe-eau","8":"product_cat-plomberie","9":"product_tag-ntp-fr","10":"product_tag-suburban-fr","12":"first","13":"instock","14":"taxable","15":"shipping-taxable","16":"purchasable","17":"product-type-simple"},"bundled_by":[],"bundle_stock_status":"instock","bundle_stock_quantity":88,"bundle_virtual":false,"bundle_layout":"","bundle_add_to_cart_form_location":"","bundle_editable_in_cart":false,"bundle_sold_individually_context":"","bundle_item_grouping":"","bundle_min_size":"","bundle_max_size":"","bundle_price":[],"bundled_items":[],"bundle_sell_ids":[],"_links":{"self":[{"href":"https:\/\/shop.rvcare.ca\/fr\/wp-json\/wp\/v2\/product\/131271","targetHints":{"allow":["GET"]}}],"collection":[{"href":"https:\/\/shop.rvcare.ca\/fr\/wp-json\/wp\/v2\/product"}],"about":[{"href":"https:\/\/shop.rvcare.ca\/fr\/wp-json\/wp\/v2\/types\/product"}],"replies":[{"embeddable":true,"href":"https:\/\/shop.rvcare.ca\/fr\/wp-json\/wp\/v2\/comments?post=131271"}],"version-history":[{"count":4,"href":"https:\/\/shop.rvcare.ca\/fr\/wp-json\/wp\/v2\/product\/131271\/revisions"}],"predecessor-version":[{"id":157638,"href":"https:\/\/shop.rvcare.ca\/fr\/wp-json\/wp\/v2\/product\/131271\/revisions\/157638"}],"wp:featuredmedia":[{"embeddable":true,"href":"https:\/\/shop.rvcare.ca\/fr\/wp-json\/wp\/v2\/media\/67552"}],"wp:attachment":[{"href":"https:\/\/shop.rvcare.ca\/fr\/wp-json\/wp\/v2\/media?parent=131271"}],"wp:term":[{"taxonomy":"product_brand","embeddable":true,"href":"https:\/\/shop.rvcare.ca\/fr\/wp-json\/wp\/v2\/product_brand?post=131271"},{"taxonomy":"product_cat","embeddable":true,"href":"https:\/\/shop.rvcare.ca\/fr\/wp-json\/wp\/v2\/product_cat?post=131271"},{"taxonomy":"product_tag","embeddable":true,"href":"https:\/\/shop.rvcare.ca\/fr\/wp-json\/wp\/v2\/product_tag?post=131271"}],"curies":[{"name":"wp","href":"https:\/\/api.w.org\/{rel}","templated":true}]}}