{"id":131279,"date":"2025-04-01T08:55:35","date_gmt":"2025-04-01T12:55:35","guid":{"rendered":"https:\/\/shop.rvcare.ca\/product\/suburban-water-heater-direct-spark-ignition-with-electric-element-6-gallon-de-model\/"},"modified":"2026-04-11T05:31:31","modified_gmt":"2026-04-11T09:31:31","slug":"suburban-water-heater-direct-spark-ignition-with-electric-element-6-gallon-de-model","status":"publish","type":"product","link":"https:\/\/shop.rvcare.ca\/fr\/produit\/suburban-water-heater-direct-spark-ignition-with-electric-element-6-gallon-de-model\/","title":{"rendered":"Suburban Water Heater &#8211; Direct Spark Ignition with Electric Element (6 gallon DE Model)"},"content":{"rendered":"<p>This Suburban porcelain-lined steel tank is a direct spark ignition (with electric element) water heating tank. It is comparable to residential water heater tanks, just a smaller size. It is equipped with a one-piece, die-formed metal housing that protects the controls from weather and has a fitted copolymer heat retention jacket that encloses the tank. It can hold up to 6 gallons and operates with an ON\/OFF switch, for your convenience. It features a replaceable anode rod that protects against tank corrosion and it even doubles as a drain.<\/p>\n<p><span style=\"color: #ff0000;\"><strong>Warning: All propane products must be installed by a certified and licensed technician.<\/strong><\/span><\/p>\n","protected":false},"excerpt":{"rendered":"<ul>\n<li>Type:\u00a0Electric\/ LP Gas<\/li>\n<li>Model:\u00a0SW6DE<\/li>\n<li>Capacity:\u00a06 Gallon<\/li>\n<li>Ignition Type:\u00a0Direct Spark Ignition<\/li>\n<li>Wattage Rating:\u00a01440 Watt<\/li>\n<li>BTU Level:\u00a012000 BTU<\/li>\n<li>Width:\u00a012-11\/16 in, Height:\u00a012-11\/16 in, Depth:\u00a019-3\/16 in<\/li>\n<li>Durable porcelain lined steel tank is built just like longer lasting residential tank water heaters<\/li>\n<li>Pressure tested twice during the manufacturing process to ensure its integrity<\/li>\n<li>Features an indoor mounted switch which controls the water heater ignition and operation<\/li>\n<\/ul>\n","protected":false},"featured_media":156603,"comment_status":"open","ping_status":"closed","template":"","meta":{"_glsr_average":0,"_glsr_ranking":0,"_glsr_reviews":0,"keywords_product":"suburban water heater, 6 gallon water heater, direct spark ignition water heater, electric element water heater, rv water heater, chauffe-eau Suburban, chauffe-eau 6 gallons, chauffe-eau \u00e0 allumage par \u00e9tincelle, chauffe-eau \u00e9lectrique, chauffe-eau pour VR","featured_product":"false","product_importance":"","wds_primary_product_brand":0,"wds_primary_product_cat":0,"wds_primary_fb_product_set":0},"product_brand":[2118],"product_cat":[1648,268],"product_tag":[1462,1652],"class_list":{"0":"post-131279","1":"product","2":"type-product","3":"status-publish","4":"has-post-thumbnail","6":"product_brand-suburban-fr","7":"product_cat-chauffe-eau","8":"product_cat-plomberie","9":"product_tag-ntp-fr","10":"product_tag-suburban-fr","12":"first","13":"instock","14":"taxable","15":"shipping-taxable","16":"purchasable","17":"product-type-simple"},"bundled_by":[],"bundle_stock_status":"instock","bundle_stock_quantity":466,"bundle_virtual":false,"bundle_layout":"","bundle_add_to_cart_form_location":"","bundle_editable_in_cart":false,"bundle_sold_individually_context":"","bundle_item_grouping":"","bundle_min_size":"","bundle_max_size":"","bundle_price":[],"bundled_items":[],"bundle_sell_ids":[],"_links":{"self":[{"href":"https:\/\/shop.rvcare.ca\/fr\/wp-json\/wp\/v2\/product\/131279","targetHints":{"allow":["GET"]}}],"collection":[{"href":"https:\/\/shop.rvcare.ca\/fr\/wp-json\/wp\/v2\/product"}],"about":[{"href":"https:\/\/shop.rvcare.ca\/fr\/wp-json\/wp\/v2\/types\/product"}],"replies":[{"embeddable":true,"href":"https:\/\/shop.rvcare.ca\/fr\/wp-json\/wp\/v2\/comments?post=131279"}],"version-history":[{"count":2,"href":"https:\/\/shop.rvcare.ca\/fr\/wp-json\/wp\/v2\/product\/131279\/revisions"}],"predecessor-version":[{"id":156604,"href":"https:\/\/shop.rvcare.ca\/fr\/wp-json\/wp\/v2\/product\/131279\/revisions\/156604"}],"wp:featuredmedia":[{"embeddable":true,"href":"https:\/\/shop.rvcare.ca\/fr\/wp-json\/wp\/v2\/media\/156603"}],"wp:attachment":[{"href":"https:\/\/shop.rvcare.ca\/fr\/wp-json\/wp\/v2\/media?parent=131279"}],"wp:term":[{"taxonomy":"product_brand","embeddable":true,"href":"https:\/\/shop.rvcare.ca\/fr\/wp-json\/wp\/v2\/product_brand?post=131279"},{"taxonomy":"product_cat","embeddable":true,"href":"https:\/\/shop.rvcare.ca\/fr\/wp-json\/wp\/v2\/product_cat?post=131279"},{"taxonomy":"product_tag","embeddable":true,"href":"https:\/\/shop.rvcare.ca\/fr\/wp-json\/wp\/v2\/product_tag?post=131279"}],"curies":[{"name":"wp","href":"https:\/\/api.w.org\/{rel}","templated":true}]}}