{"id":131281,"date":"2025-04-01T08:55:34","date_gmt":"2025-04-01T12:55:34","guid":{"rendered":"https:\/\/shop.rvcare.ca\/product\/suburban-water-heater-direct-spark-ignition-6-gallon-d-model\/"},"modified":"2026-04-10T11:44:32","modified_gmt":"2026-04-10T15:44:32","slug":"suburban-water-heater-direct-spark-ignition-6-gallon-d-model","status":"publish","type":"product","link":"https:\/\/shop.rvcare.ca\/fr\/produit\/suburban-water-heater-direct-spark-ignition-6-gallon-d-model\/","title":{"rendered":"Suburban Water Heater &#8211; Direct Spark Ignition (6 gallon D Model)"},"content":{"rendered":"<p>This Suburban porcelain-lined steel tank is a direct spark ignition water heating tank. It is comparable to residential water heater tanks, just a smaller size. It is equipped with a one-piece, die-formed metal housing that protects the controls from weather and has a fitted copolymer heat retention jacket that encloses the tank. It can hold up to 6 gallons and operates with an ON\/OFF switch, for your convenience. It features a replaceable anode rod that protects against tank corrosion and it even doubles as a drain.<\/p>\n<p><span style=\"color: #ff0000\"><strong>Warning: All propane products must be installed by a certified and licensed technician.<\/strong><\/span><\/p>\n","protected":false},"excerpt":{"rendered":"<ul>\n<li>Type:&nbsp;LP Gas<\/li>\n<li>Model:&nbsp;SW6D<\/li>\n<li>Capacity:&nbsp;6 Gallon<\/li>\n<li>Ignition Type:&nbsp;Direct Spark Ignition<\/li>\n<li>BTU Level:&nbsp;12000 BTU<\/li>\n<li>Width:&nbsp;12-11\/16 in, Height:&nbsp;12-11\/16 in, Depth:&nbsp;19-3\/16 in<\/li>\n<li>Durable porcelain lined steel tank is built just like longer lasting residential tank water heaters<\/li>\n<li>Replaceable anode rod protects against tank corrosion and doubles as a drain<\/li>\n<li>Suburban exclusive flue tube slows combustion process to transfer more heat to water in tank<\/li>\n<li>Repositionable module board provides installation flexibility<\/li>\n<\/ul>\n","protected":false},"featured_media":67550,"comment_status":"open","ping_status":"closed","template":"","meta":{"_glsr_average":0,"_glsr_ranking":0,"_glsr_reviews":0,"keywords_product":"suburban water heater, direct spark ignition, 6 gallon water heater, rv water heater, portable water heater, tankless water heater, water heating tank, chauffe-eau suburban, allumage par \u00e9tincelle directe, chauffe-eau de 6 gallons, chauffe-eau de VR, chauffe-eau portable, chauffe-eau sans r\u00e9servoir, r\u00e9servoir de stockage pour chauffe-eau","featured_product":"","product_importance":"","wds_primary_product_brand":0,"wds_primary_product_cat":0,"wds_primary_fb_product_set":0},"product_brand":[2118],"product_cat":[1648,268],"product_tag":[1462,1652],"class_list":{"0":"post-131281","1":"product","2":"type-product","3":"status-publish","4":"has-post-thumbnail","6":"product_brand-suburban-fr","7":"product_cat-chauffe-eau","8":"product_cat-plomberie","9":"product_tag-ntp-fr","10":"product_tag-suburban-fr","12":"first","13":"instock","14":"taxable","15":"shipping-taxable","16":"purchasable","17":"product-type-simple"},"bundled_by":[],"bundle_stock_status":"instock","bundle_stock_quantity":447,"bundle_virtual":false,"bundle_layout":"","bundle_add_to_cart_form_location":"","bundle_editable_in_cart":false,"bundle_sold_individually_context":"","bundle_item_grouping":"","bundle_min_size":"","bundle_max_size":"","bundle_price":[],"bundled_items":[],"bundle_sell_ids":[],"_links":{"self":[{"href":"https:\/\/shop.rvcare.ca\/fr\/wp-json\/wp\/v2\/product\/131281","targetHints":{"allow":["GET"]}}],"collection":[{"href":"https:\/\/shop.rvcare.ca\/fr\/wp-json\/wp\/v2\/product"}],"about":[{"href":"https:\/\/shop.rvcare.ca\/fr\/wp-json\/wp\/v2\/types\/product"}],"replies":[{"embeddable":true,"href":"https:\/\/shop.rvcare.ca\/fr\/wp-json\/wp\/v2\/comments?post=131281"}],"version-history":[{"count":5,"href":"https:\/\/shop.rvcare.ca\/fr\/wp-json\/wp\/v2\/product\/131281\/revisions"}],"predecessor-version":[{"id":158507,"href":"https:\/\/shop.rvcare.ca\/fr\/wp-json\/wp\/v2\/product\/131281\/revisions\/158507"}],"wp:featuredmedia":[{"embeddable":true,"href":"https:\/\/shop.rvcare.ca\/fr\/wp-json\/wp\/v2\/media\/67550"}],"wp:attachment":[{"href":"https:\/\/shop.rvcare.ca\/fr\/wp-json\/wp\/v2\/media?parent=131281"}],"wp:term":[{"taxonomy":"product_brand","embeddable":true,"href":"https:\/\/shop.rvcare.ca\/fr\/wp-json\/wp\/v2\/product_brand?post=131281"},{"taxonomy":"product_cat","embeddable":true,"href":"https:\/\/shop.rvcare.ca\/fr\/wp-json\/wp\/v2\/product_cat?post=131281"},{"taxonomy":"product_tag","embeddable":true,"href":"https:\/\/shop.rvcare.ca\/fr\/wp-json\/wp\/v2\/product_tag?post=131281"}],"curies":[{"name":"wp","href":"https:\/\/api.w.org\/{rel}","templated":true}]}}