{"id":131282,"date":"2025-04-01T08:55:47","date_gmt":"2025-04-01T12:55:47","guid":{"rendered":"https:\/\/shop.rvcare.ca\/product\/furrion-water-heater-access-door-16-1-8-x-16-1-8-black\/"},"modified":"2026-04-10T11:44:22","modified_gmt":"2026-04-10T15:44:22","slug":"furrion-water-heater-access-door-16-1-8-x-16-1-8-black","status":"publish","type":"product","link":"https:\/\/shop.rvcare.ca\/fr\/produit\/furrion-water-heater-access-door-16-1-8-x-16-1-8-black\/","title":{"rendered":"Porte d&rsquo;acc\u00e8s pour chauffe-eau Furrion &#8211; 41 x 41 cm (Noir)"},"content":{"rendered":"<p>Furrion vous connecte \u00e0 un avenir o\u00f9 durabilit\u00e9 et luxe moderne prosp\u00e8rent en synergie. Nous r\u00e9unissons les derni\u00e8res innovations en ing\u00e9nierie et en design et les pla\u00e7ons dans le contexte de notre mani\u00e8re d&rsquo;exp\u00e9rimenter le monde qui nous entoure. Nous visons \u00e0 aller plus loin, mais cela ne signifie rien si nos innovations ne servent pas le monde que nous aspirons \u00e0 explorer. C&rsquo;est pourquoi Furrion est d\u00e9di\u00e9 \u00e0 la compensation carbone et \u00e0 d&rsquo;autres initiatives environnementales pour minimiser notre impact.<\/p>\n<p><span style=\"color: #ff0000;\"><strong>Avertissement : Tous les produits fonctionnant au propane doivent \u00eatre install\u00e9s par un technicien certifi\u00e9 et agr\u00e9\u00e9.<\/strong><\/span><\/p>\n","protected":false},"excerpt":{"rendered":"<ul>\n<li>Compatibilit\u00e9 : Remplacement des portes de chauffe-eau Suburban de 4\/6 gallons<\/li>\n<li>Couleur : Noir<\/li>\n<li>Mat\u00e9riau : Acier<\/li>\n<li>Type de montage : \u00c0 vis<\/li>\n<li>Longueur : 41 cm, Largeur : 41 cm<\/li>\n<li>Produit des sons de haute qualit\u00e9<\/li>\n<li>Haut-parleur de qualit\u00e9 marine avec c\u00f4ne \u00e9tanche dans un nouveau style de grille noire<\/li>\n<li>\u00c9quip\u00e9 de lumi\u00e8res LED lorsqu&rsquo;il joue de la musique dans l&rsquo;obscurit\u00e9<\/li>\n<li>Facile \u00e0 installer<\/li>\n<\/ul>\n","protected":false},"featured_media":66598,"comment_status":"closed","ping_status":"closed","template":"","meta":{"_glsr_average":0,"_glsr_ranking":0,"_glsr_reviews":0,"keywords_product":"furrion water heater access door, rv water heater door, access panel for water heater, 16 x 16 water heater door, black water heater access door, porte d'acc\u00e8s de chauffe-eau Furrion, porte de chauffe-eau de VR, panneau d'acc\u00e8s pour chauffe-eau, porte de chauffe-eau 16 x 16, porte d'acc\u00e8s de chauffe-eau des eaux us\u00e9es","featured_product":"","product_importance":"1","wds_primary_product_brand":0,"wds_primary_product_cat":0,"wds_primary_fb_product_set":0},"product_brand":[2084],"product_cat":[1648,268],"product_tag":[1651,1462],"class_list":{"0":"post-131282","1":"product","2":"type-product","3":"status-publish","4":"has-post-thumbnail","6":"product_brand-furrion-fr","7":"product_cat-chauffe-eau","8":"product_cat-plomberie","9":"product_tag-furrion-fr","10":"product_tag-ntp-fr","12":"first","13":"instock","14":"taxable","15":"shipping-taxable","16":"purchasable","17":"product-type-simple"},"bundled_by":[],"bundle_stock_status":"instock","bundle_stock_quantity":156,"bundle_virtual":false,"bundle_layout":"","bundle_add_to_cart_form_location":"","bundle_editable_in_cart":false,"bundle_sold_individually_context":"","bundle_item_grouping":"","bundle_min_size":"","bundle_max_size":"","bundle_price":[],"bundled_items":[],"bundle_sell_ids":[],"_links":{"self":[{"href":"https:\/\/shop.rvcare.ca\/fr\/wp-json\/wp\/v2\/product\/131282","targetHints":{"allow":["GET"]}}],"collection":[{"href":"https:\/\/shop.rvcare.ca\/fr\/wp-json\/wp\/v2\/product"}],"about":[{"href":"https:\/\/shop.rvcare.ca\/fr\/wp-json\/wp\/v2\/types\/product"}],"replies":[{"embeddable":true,"href":"https:\/\/shop.rvcare.ca\/fr\/wp-json\/wp\/v2\/comments?post=131282"}],"version-history":[{"count":1,"href":"https:\/\/shop.rvcare.ca\/fr\/wp-json\/wp\/v2\/product\/131282\/revisions"}],"predecessor-version":[{"id":157644,"href":"https:\/\/shop.rvcare.ca\/fr\/wp-json\/wp\/v2\/product\/131282\/revisions\/157644"}],"wp:featuredmedia":[{"embeddable":true,"href":"https:\/\/shop.rvcare.ca\/fr\/wp-json\/wp\/v2\/media\/66598"}],"wp:attachment":[{"href":"https:\/\/shop.rvcare.ca\/fr\/wp-json\/wp\/v2\/media?parent=131282"}],"wp:term":[{"taxonomy":"product_brand","embeddable":true,"href":"https:\/\/shop.rvcare.ca\/fr\/wp-json\/wp\/v2\/product_brand?post=131282"},{"taxonomy":"product_cat","embeddable":true,"href":"https:\/\/shop.rvcare.ca\/fr\/wp-json\/wp\/v2\/product_cat?post=131282"},{"taxonomy":"product_tag","embeddable":true,"href":"https:\/\/shop.rvcare.ca\/fr\/wp-json\/wp\/v2\/product_tag?post=131282"}],"curies":[{"name":"wp","href":"https:\/\/api.w.org\/{rel}","templated":true}]}}