{"id":135232,"date":"2025-05-20T08:59:47","date_gmt":"2025-05-20T12:59:47","guid":{"rendered":"https:\/\/shop.rvcare.ca\/product\/go-power-solar-power-portable-kit-200-watt-11-2-amp\/"},"modified":"2026-04-10T11:44:11","modified_gmt":"2026-04-10T15:44:11","slug":"go-power-solar-power-portable-kit-200-watt-11-2-amp","status":"publish","type":"product","link":"https:\/\/shop.rvcare.ca\/fr\/produit\/go-power-solar-power-portable-kit-200-watt-11-2-amp\/","title":{"rendered":"Kit solaire portable Go Power \u2013 90 Watt \/ 4,6 Amp"},"content":{"rendered":"<p>Restez autonome plus longtemps gr\u00e2ce \u00e0 ce kit solaire portable haute efficacit\u00e9 de 90 watts, id\u00e9al pour les VR, les campeurs, les remorques pop-up et les bateaux. Con\u00e7u pour r\u00e9pondre aux exigences de l&rsquo;utilisation en plein air, ce kit solaire robuste et durable vous permet de vous garer \u00e0 l&rsquo;ombre pendant que votre panneau capte le soleil. Avec un montage rapide et aucune installation requise, il n&rsquo;a jamais \u00e9t\u00e9 aussi simple de garder vos batteries charg\u00e9es en d\u00e9placement. D\u00e9pliez simplement le panneau, connectez les pinces de batterie et commencez \u00e0 g\u00e9n\u00e9rer de l&rsquo;\u00e9nergie propre et renouvelable. Le kit se plie en un \u00e9l\u00e9gant \u00e9tui de transport pour un transport et un rangement pratiques\u2014parfait pour une aventure du week-end ou un voyage prolong\u00e9.<\/p>\n<p>Caract\u00e9ristiques :<\/p>\n<ul>\n<li>Con\u00e7u pour une utilisation avec des campeurs, VR, remorques pop-up et v\u00e9hicules marins \u2013 Compatible avec les ports solaires de type SAE<\/li>\n<li>Installation rapide et facile \u2013 D\u00e9pliez et connectez les pinces de batterie en quelques minutes<\/li>\n<li>L\u00e9ger et portable \u2013 Se plie dans un \u00e9tui de transport pratique pour le stockage ou le transport<\/li>\n<li>Sans entretien \u2013 Aucune installation ou montage requis<\/li>\n<li>Construction durable \u2013 Con\u00e7u pour r\u00e9sister aux conditions ext\u00e9rieures difficiles<\/li>\n<\/ul>\n<p>Alimentez votre prochaine aventure avec de l&rsquo;\u00e9nergie solaire propre et fiable\u2014o\u00f9 que vous soyez. Commandez votre kit solaire portable aujourd&rsquo;hui et portez la libert\u00e9 de la route ou de l&rsquo;eau \u00e0 un niveau sup\u00e9rieur!<\/p>\n","protected":false},"excerpt":{"rendered":"<ul>\n<li>Type : Kit solaire portable  <\/li>\n<li>Puissance : 90 Watts \/ 4.6 Amp  <\/li>\n<li>\u00c9lasticit\u00e9 du Panneau : Panneau solaire pliable  <\/li>\n<li>Longueur (PO) : 39-13\/16 Pouces  <\/li>\n<li>Largeur (PO) : 21-3\/4 Pouces  <\/li>\n<li>Type de Contr\u00f4leur : Contr\u00f4leur de charge PWM num\u00e9rique 10 Amp  <\/li>\n<li>Type d&rsquo;Inverseur : Sans inverseur  <\/li>\n<li>Avec Mat\u00e9riel de Montage : Oui<\/li>\n<\/ul>\n","protected":false},"featured_media":135075,"comment_status":"open","ping_status":"closed","template":"","meta":{"_glsr_average":0,"_glsr_ranking":0,"_glsr_reviews":0,"keywords_product":"solar power kit, portable solar panel, 200 watt solar charger, rv solar energy, off-grid solar solutions,kit solaire portable, panneau solaire 200 watts, \u00e9nergie renouvelable, chargement batterie, accessoires camping, ensemble panneau solaire","featured_product":"","product_importance":"1","wds_primary_product_brand":0,"wds_primary_product_cat":0,"wds_primary_fb_product_set":0},"product_brand":[1886],"product_cat":[1382,1618],"product_tag":[1619,1462],"class_list":{"0":"post-135232","1":"product","2":"type-product","3":"status-publish","4":"has-post-thumbnail","6":"product_brand-go-power","7":"product_cat-produits-electriques","8":"product_cat-solar-panels-kits-fr","9":"product_tag-go-power-fr","10":"product_tag-ntp-fr","12":"first","13":"instock","14":"taxable","15":"shipping-taxable","16":"purchasable","17":"product-type-simple"},"bundled_by":[],"bundle_stock_status":"instock","bundle_stock_quantity":18,"bundle_virtual":false,"bundle_layout":"","bundle_add_to_cart_form_location":"","bundle_editable_in_cart":false,"bundle_sold_individually_context":"","bundle_item_grouping":"","bundle_min_size":"","bundle_max_size":"","bundle_price":[],"bundled_items":[],"bundle_sell_ids":[],"_links":{"self":[{"href":"https:\/\/shop.rvcare.ca\/fr\/wp-json\/wp\/v2\/product\/135232","targetHints":{"allow":["GET"]}}],"collection":[{"href":"https:\/\/shop.rvcare.ca\/fr\/wp-json\/wp\/v2\/product"}],"about":[{"href":"https:\/\/shop.rvcare.ca\/fr\/wp-json\/wp\/v2\/types\/product"}],"replies":[{"embeddable":true,"href":"https:\/\/shop.rvcare.ca\/fr\/wp-json\/wp\/v2\/comments?post=135232"}],"version-history":[{"count":3,"href":"https:\/\/shop.rvcare.ca\/fr\/wp-json\/wp\/v2\/product\/135232\/revisions"}],"predecessor-version":[{"id":157646,"href":"https:\/\/shop.rvcare.ca\/fr\/wp-json\/wp\/v2\/product\/135232\/revisions\/157646"}],"wp:featuredmedia":[{"embeddable":true,"href":"https:\/\/shop.rvcare.ca\/fr\/wp-json\/wp\/v2\/media\/135075"}],"wp:attachment":[{"href":"https:\/\/shop.rvcare.ca\/fr\/wp-json\/wp\/v2\/media?parent=135232"}],"wp:term":[{"taxonomy":"product_brand","embeddable":true,"href":"https:\/\/shop.rvcare.ca\/fr\/wp-json\/wp\/v2\/product_brand?post=135232"},{"taxonomy":"product_cat","embeddable":true,"href":"https:\/\/shop.rvcare.ca\/fr\/wp-json\/wp\/v2\/product_cat?post=135232"},{"taxonomy":"product_tag","embeddable":true,"href":"https:\/\/shop.rvcare.ca\/fr\/wp-json\/wp\/v2\/product_tag?post=135232"}],"curies":[{"name":"wp","href":"https:\/\/api.w.org\/{rel}","templated":true}]}}