{"id":135233,"date":"2025-05-20T08:59:51","date_gmt":"2025-05-20T12:59:51","guid":{"rendered":"https:\/\/shop.rvcare.ca\/product\/camco-reverse-dual-flush-pro-valve-for-rv-sewer-septic-systems\/"},"modified":"2026-04-10T11:44:11","modified_gmt":"2026-04-10T15:44:11","slug":"camco-reverse-dual-flush-pro-valve-for-rv-sewer-septic-systems","status":"publish","type":"product","link":"https:\/\/shop.rvcare.ca\/fr\/produit\/camco-reverse-dual-flush-pro-valve-for-rv-sewer-septic-systems\/","title":{"rendered":"Soupape de vidange r\u00e9versible Dual Flush Pro\u2122 pour syst\u00e8mes d&rsquo;\u00e9gouts et de fosses septiques de VR Camco"},"content":{"rendered":"<p>\u00c9vacuez facilement les r\u00e9servoirs d&rsquo;eaux noires et grises de votre VR avec la soupape de vidange r\u00e9versible Dual Flush Pro. Con\u00e7ue pour se connecter directement \u00e0 votre sortie d&rsquo;\u00e9gout, cet outil essentiel aide \u00e0 nettoyer l&rsquo;ensemble de votre syst\u00e8me septique en repoussant l&rsquo;eau dans vos conduits, afin de d\u00e9loger les obstructions pour un lavage complet. Elle est fournie avec un adaptateur en polycarbonate transparent et r\u00e9sistant aux chocs pour une visibilit\u00e9 facile lorsque le lavage est termin\u00e9. La valve anti-siphon emp\u00eache la contamination de l&rsquo;eau, offrant une tranquillit\u00e9 d&rsquo;esprit lors de chaque nettoyage. Id\u00e9ale pour les propri\u00e9taires de VR d\u00e9sireux de maintenir un syst\u00e8me d&rsquo;\u00e9gouts propre et sans odeur.<\/p>\n<p>Caract\u00e9ristiques cl\u00e9s :<\/p>\n<ul>\n<li>Capacit\u00e9 d\u2019inverser la soupape \u2013 Force l&rsquo;eau dans vos conduits d&rsquo;\u00e9gout pour d\u00e9loger les obstructions tenaces<\/li>\n<li>Nettoyage complet du syst\u00e8me \u2013 Remplit et \u00e9vacue les r\u00e9servoirs d&rsquo;eaux noires et grises, puis inverse pour nettoyer le tuyau d&rsquo;\u00e9gout<\/li>\n<li>Adaptateur en polycarbonate transparent \u2013 Facile \u00e0 voir lorsque le lavage est termin\u00e9<\/li>\n<li>Conception r\u00e9sistante aux chocs \u2013 Construction durable r\u00e9sistant \u00e0 une utilisation r\u00e9p\u00e9t\u00e9e<\/li>\n<li>Valve anti-siphon \u2013 Emp\u00eache la contamination en arr\u00eatant le reflux vers l&rsquo;approvisionnement en eau douce<\/li>\n<\/ul>\n<p>Maintenez le syst\u00e8me septique de votre VR en bon \u00e9tat de fonctionnement et sans odeur\u2014rendez les nettoyages rapides et hygi\u00e9niques avec la Soupape de vidange r\u00e9versible Dual Flush Pro!<\/p>\n","protected":false},"excerpt":{"rendered":"<ul>\n<li>Utilis\u00e9 pour : Remplir\/ Rincer et \u00e9liminer les r\u00e9sidus des r\u00e9servoirs \u00e0 eau noire ou grise<\/li>\n<li>Avec assemblage de valve : Oui<\/li>\n<li>Avec raccord : Oui<\/li>\n<\/ul>\n","protected":false},"featured_media":135049,"comment_status":"open","ping_status":"closed","template":"","meta":{"_glsr_average":0,"_glsr_ranking":0,"_glsr_reviews":0,"keywords_product":"camco reverse flush valve, Dual Flush Pro, rv sewer flush valve, septic system cleaner, rv waste management, black grey water flush,valve de r\u00e9tro-lavage, valve pour syst\u00e8mes d'\u00e9gouts, nettoyage r\u00e9servoirs \u00e0 eaux noires, nettoyage syst\u00e8me septique, adaptateur polycarbonate transparent, valve anti-siphon, accessoires pour VR, entretien syst\u00e8me d'\u00e9gouts, d\u00e9loger obstructions \u00e9gout, \u00e9vacuation eaux grises et noires, soupape de vidange r\u00e9versible","featured_product":"","product_importance":"560","wds_primary_product_brand":0,"wds_primary_product_cat":0,"wds_primary_fb_product_set":0},"product_brand":[1848],"product_cat":[62,1866,1566],"product_tag":[1443,1462],"class_list":{"0":"post-135233","1":"product","2":"type-product","3":"status-publish","4":"has-post-thumbnail","6":"product_brand-camco","7":"product_cat-sanitation-tank-treatment","8":"product_cat-holding-tanks-treatments","9":"product_cat-waste-holding-tanks-accessories","10":"product_tag-camco-fr","11":"product_tag-ntp-fr","13":"first","14":"instock","15":"taxable","16":"shipping-taxable","17":"purchasable","18":"product-type-simple"},"bundled_by":[],"bundle_stock_status":"instock","bundle_stock_quantity":53,"bundle_virtual":false,"bundle_layout":"","bundle_add_to_cart_form_location":"","bundle_editable_in_cart":false,"bundle_sold_individually_context":"","bundle_item_grouping":"","bundle_min_size":"","bundle_max_size":"","bundle_price":[],"bundled_items":[],"bundle_sell_ids":[],"_links":{"self":[{"href":"https:\/\/shop.rvcare.ca\/fr\/wp-json\/wp\/v2\/product\/135233","targetHints":{"allow":["GET"]}}],"collection":[{"href":"https:\/\/shop.rvcare.ca\/fr\/wp-json\/wp\/v2\/product"}],"about":[{"href":"https:\/\/shop.rvcare.ca\/fr\/wp-json\/wp\/v2\/types\/product"}],"replies":[{"embeddable":true,"href":"https:\/\/shop.rvcare.ca\/fr\/wp-json\/wp\/v2\/comments?post=135233"}],"version-history":[{"count":3,"href":"https:\/\/shop.rvcare.ca\/fr\/wp-json\/wp\/v2\/product\/135233\/revisions"}],"predecessor-version":[{"id":157647,"href":"https:\/\/shop.rvcare.ca\/fr\/wp-json\/wp\/v2\/product\/135233\/revisions\/157647"}],"wp:featuredmedia":[{"embeddable":true,"href":"https:\/\/shop.rvcare.ca\/fr\/wp-json\/wp\/v2\/media\/135049"}],"wp:attachment":[{"href":"https:\/\/shop.rvcare.ca\/fr\/wp-json\/wp\/v2\/media?parent=135233"}],"wp:term":[{"taxonomy":"product_brand","embeddable":true,"href":"https:\/\/shop.rvcare.ca\/fr\/wp-json\/wp\/v2\/product_brand?post=135233"},{"taxonomy":"product_cat","embeddable":true,"href":"https:\/\/shop.rvcare.ca\/fr\/wp-json\/wp\/v2\/product_cat?post=135233"},{"taxonomy":"product_tag","embeddable":true,"href":"https:\/\/shop.rvcare.ca\/fr\/wp-json\/wp\/v2\/product_tag?post=135233"}],"curies":[{"name":"wp","href":"https:\/\/api.w.org\/{rel}","templated":true}]}}