{"id":135236,"date":"2025-05-20T08:59:33","date_gmt":"2025-05-20T12:59:33","guid":{"rendered":"https:\/\/shop.rvcare.ca\/product\/performance-tool-black-nitrile-disposable-gloves-powder-latex-free-large-100-pack\/"},"modified":"2026-04-10T11:44:15","modified_gmt":"2026-04-10T15:44:15","slug":"performance-tool-black-nitrile-disposable-gloves-powder-latex-free-large-100-pack","status":"publish","type":"product","link":"https:\/\/shop.rvcare.ca\/fr\/produit\/performance-tool-black-nitrile-disposable-gloves-powder-latex-free-large-100-pack\/","title":{"rendered":"Gants jetables noirs en nitrile  Performance Tool (sans poudre\/latex) \u2013 Large (paquet de 100)"},"content":{"rendered":"<p>Prot\u00e9gez vos mains avec ces gants de travail en nitrile durables et sans poudre, parfaits pour l&rsquo;entretien de votre VR, les r\u00e9parations automobiles, le nettoyage, la peinture, le traitement des aliments et plus encore. Con\u00e7us pour le confort et la s\u00e9curit\u00e9, ces gants jetables offrent un ajustement confortable et pr\u00e8s de la peau, avec des bouts de doigts textur\u00e9s pour une meilleure prise. R\u00e9sistants aux huiles, \u00e0 la salet\u00e9, aux produits chimiques et aux solvants, ils offrent une barri\u00e8re fiable pour garder vos mains propres et en s\u00e9curit\u00e9 pendant les t\u00e2ches l\u00e9g\u00e8res \u00e0 moyennes. Sans latex et s\u00fbrs pour les aliments, ces gants sont id\u00e9aux pour un usage professionnel et quotidien.<\/p>\n<p>Caract\u00e9ristiques cl\u00e9s :<\/p>\n<ul>\n<li>Cr\u00e9e une barri\u00e8re de protection fiable contre la salet\u00e9, la graisse, l&rsquo;huile, les produits chimiques et les solvants<\/li>\n<li>Bouts de doigts textur\u00e9s pour am\u00e9liorer la prise lors de t\u00e2ches n\u00e9cessitant de la pr\u00e9cision<\/li>\n<li>Ajustement flexible et confortable pour un port prolong\u00e9 sans fatigue des mains<\/li>\n<li>Sans latex et sans poudre \u2013 adapt\u00e9s aux peaux sensibles et \u00e0 la manipulation des aliments<\/li>\n<li>Id\u00e9aux pour le traitement des aliments, le nettoyage, l&rsquo;entretien, la peinture et d\u2019autres travaux l\u00e9gers en atelier<\/li>\n<\/ul>\n<p>Que vous travailliez sur votre VR, que vous nettoyez ou que vous pr\u00e9pariez des aliments, ces gants en nitrile polyvalents vous offrent la protection durable et confortable dont vous avez besoin. Faites le plein d\u00e8s maintenant et soyez pr\u00eat pour toutes les t\u00e2ches !<\/p>\n","protected":false},"excerpt":{"rendered":"<ul>\n<li>Size: Grand<\/li>\n<li>Design: Uni<\/li>\n<li>Color: Noir<\/li>\n<li>Material: Nitrile<\/li>\n<li>Quantity: Paquet de 100<\/li>\n<li>Layers: 1 Couche<\/li>\n<li>Safety Rating: Non-SFI<\/li>\n<\/ul>\n","protected":false},"featured_media":135181,"comment_status":"open","ping_status":"closed","template":"","meta":{"_glsr_average":0,"_glsr_ranking":0,"_glsr_reviews":0,"keywords_product":"nitrile gloves, disposable gloves, powder-free gloves, work gloves, food handling gloves, maintenance gloves, automotive gloves, janitorial gloves, painting gloves, latex-free gloves, protective gloves, textured grip gloves, RV maintenance gloves, chemical-resistant gloves,gants nitrile, gants jetables, gants pour atelier, gants manipulation aliments, gants de travail, gants sans poudre, gants r\u00e9sistants, gants confortables, protection mains, gants alimentaires","featured_product":"","product_importance":"1","wds_primary_product_brand":0,"wds_primary_product_cat":0,"wds_primary_fb_product_set":0},"product_brand":[2032],"product_cat":[62,60,1517,1866,1566],"product_tag":[1462,1623],"class_list":{"0":"post-135236","1":"product","2":"type-product","3":"status-publish","4":"has-post-thumbnail","6":"product_brand-perform-tool","7":"product_cat-sanitation-tank-treatment","8":"product_cat-maintenance-cleaning-supplies","9":"product_cat-cleaning-tools","10":"product_cat-holding-tanks-treatments","11":"product_cat-waste-holding-tanks-accessories","12":"product_tag-ntp-fr","13":"product_tag-perform-tool-fr","15":"first","16":"instock","17":"taxable","18":"shipping-taxable","19":"purchasable","20":"product-type-simple"},"bundled_by":[],"bundle_stock_status":"instock","bundle_stock_quantity":103,"bundle_virtual":false,"bundle_layout":"","bundle_add_to_cart_form_location":"","bundle_editable_in_cart":false,"bundle_sold_individually_context":"","bundle_item_grouping":"","bundle_min_size":"","bundle_max_size":"","bundle_price":[],"bundled_items":[],"bundle_sell_ids":[],"_links":{"self":[{"href":"https:\/\/shop.rvcare.ca\/fr\/wp-json\/wp\/v2\/product\/135236","targetHints":{"allow":["GET"]}}],"collection":[{"href":"https:\/\/shop.rvcare.ca\/fr\/wp-json\/wp\/v2\/product"}],"about":[{"href":"https:\/\/shop.rvcare.ca\/fr\/wp-json\/wp\/v2\/types\/product"}],"replies":[{"embeddable":true,"href":"https:\/\/shop.rvcare.ca\/fr\/wp-json\/wp\/v2\/comments?post=135236"}],"version-history":[{"count":3,"href":"https:\/\/shop.rvcare.ca\/fr\/wp-json\/wp\/v2\/product\/135236\/revisions"}],"predecessor-version":[{"id":157650,"href":"https:\/\/shop.rvcare.ca\/fr\/wp-json\/wp\/v2\/product\/135236\/revisions\/157650"}],"wp:featuredmedia":[{"embeddable":true,"href":"https:\/\/shop.rvcare.ca\/fr\/wp-json\/wp\/v2\/media\/135181"}],"wp:attachment":[{"href":"https:\/\/shop.rvcare.ca\/fr\/wp-json\/wp\/v2\/media?parent=135236"}],"wp:term":[{"taxonomy":"product_brand","embeddable":true,"href":"https:\/\/shop.rvcare.ca\/fr\/wp-json\/wp\/v2\/product_brand?post=135236"},{"taxonomy":"product_cat","embeddable":true,"href":"https:\/\/shop.rvcare.ca\/fr\/wp-json\/wp\/v2\/product_cat?post=135236"},{"taxonomy":"product_tag","embeddable":true,"href":"https:\/\/shop.rvcare.ca\/fr\/wp-json\/wp\/v2\/product_tag?post=135236"}],"curies":[{"name":"wp","href":"https:\/\/api.w.org\/{rel}","templated":true}]}}