{"id":135815,"date":"2024-08-13T16:51:45","date_gmt":"2024-08-13T20:51:45","guid":{"rendered":"https:\/\/shop.rvcare.ca\/?post_type=product&#038;p=135815"},"modified":"2026-04-10T11:44:13","modified_gmt":"2026-04-10T15:44:13","slug":"tapis-de-patio-multifonction-faulkner-noir-gris-16-pi-x-8-pi","status":"publish","type":"product","link":"https:\/\/shop.rvcare.ca\/fr\/produit\/tapis-de-patio-multifonction-faulkner-noir-gris-16-pi-x-8-pi\/","title":{"rendered":"Tapis de patio multifonction Faulkner \u2013 Noir\/Gris (16 pi x 8 pi)"},"content":{"rendered":"<p class=\"p1\"><b>Apportez style et confort \u00e0 vos espaces ext\u00e9rieurs gr\u00e2ce au tapis de patio multifonction Faulkner \u2013 l\u2019accessoire id\u00e9al pour les passionn\u00e9s de VR et les amateurs de plein air.<\/b><\/p>\n<p class=\"p1\">Con\u00e7u pour embellir votre patio, terrasse ou terrain de camping, ce tapis polyvalent s\u2019installe facilement et demande peu d\u2019entretien, ce qui le rend indispensable \u00e0 vos aventures de plein air. Offert en plusieurs motifs et diff\u00e9rents formats, il s\u2019adapte parfaitement \u00e0 vos besoins.<\/p>\n<p data-sourcepos=\"11:1-11:34\"><strong>Caract\u00e9ristiques principales :<\/strong><\/p>\n<ul data-sourcepos=\"12:1-20:0\">\n<li data-sourcepos=\"12:1-12:42\"><strong>Couleur :<\/strong> Noir\/Gris avec motif<\/li>\n<li data-sourcepos=\"13:1-13:60\"><strong>Dimensions :<\/strong> 16 pieds de longueur x 8 pieds de largeur<\/li>\n<li data-sourcepos=\"14:1-14:84\"><strong>Mat\u00e9riau :<\/strong> Fabriqu\u00e9 \u00e0 100 % en polypropyl\u00e8ne pour la durabilit\u00e9 et le confort.<\/li>\n<li data-sourcepos=\"15:1-15:104\"><strong>Conception r\u00e9versible :<\/strong> Pr\u00e9sente des motifs r\u00e9versibles diff\u00e9rents sur les c\u00f4t\u00e9s avant et arri\u00e8re.<\/li>\n<li data-sourcepos=\"16:1-16:105\"><strong>Boucles d&rsquo;arrimage :<\/strong> \u00c9quip\u00e9 de boucles d&rsquo;arrimage aux quatre coins pour une installation s\u00e9curis\u00e9e.<\/li>\n<li data-sourcepos=\"17:1-17:92\"><strong>R\u00e9sistant aux intemp\u00e9ries :<\/strong> Stabilis\u00e9 contre les rayons UV, r\u00e9sistant \u00e0 la moisissure.<\/li>\n<li data-sourcepos=\"18:1-18:99\"><strong>Portable :<\/strong> Vient avec un sac de transport pratique pour un rangement et un transport faciles.<\/li>\n<li data-sourcepos=\"19:1-20:0\"><strong>Utilisation polyvalente :<\/strong> Id\u00e9al pour les patios, les terrasses, les VR, les roulottes, les campeurs, le camping, et plus encore, ce qui en fait un ajout polyvalent \u00e0 votre \u00e9quipement de plein air.<\/li>\n<\/ul>\n","protected":false},"excerpt":{"rendered":"<ul>\n<li>Longueur : 16 pieds<\/li>\n<li>Largeur : 8 pieds<\/li>\n<li>Couleur : Noir\/Gris<\/li>\n<li>Mat\u00e9riau : Polypropyl\u00e8ne<\/li>\n<li>R\u00e9versible : Oui<\/li>\n<li>Avec \u0153illets : Non<\/li>\n<\/ul>\n","protected":false},"featured_media":103333,"comment_status":"closed","ping_status":"closed","template":"","meta":{"_glsr_average":0,"_glsr_ranking":0,"_glsr_reviews":0,"keywords_product":"","featured_product":"","product_importance":"1","wds_primary_product_brand":0,"wds_primary_product_cat":0,"wds_primary_fb_product_set":0},"product_brand":[1949],"product_cat":[1867,1481,1087],"product_tag":[1210,1944,1462],"class_list":{"0":"post-135815","1":"product","2":"type-product","3":"status-publish","4":"has-post-thumbnail","6":"product_brand-faulkner-fr","7":"product_cat-camping-exterieur","8":"product_cat-camping-en-vr","9":"product_cat-tapis-exterieur","10":"product_tag-faulkner-fr","11":"product_tag-meilleurs-vendeurs","12":"product_tag-ntp-fr","14":"first","15":"instock","16":"taxable","17":"shipping-taxable","18":"purchasable","19":"product-type-simple"},"bundled_by":[],"bundle_stock_status":"instock","bundle_stock_quantity":10,"bundle_virtual":false,"bundle_layout":"","bundle_add_to_cart_form_location":"","bundle_editable_in_cart":false,"bundle_sold_individually_context":"","bundle_item_grouping":"","bundle_min_size":"","bundle_max_size":"","bundle_price":[],"bundled_items":[],"bundle_sell_ids":[],"_links":{"self":[{"href":"https:\/\/shop.rvcare.ca\/fr\/wp-json\/wp\/v2\/product\/135815","targetHints":{"allow":["GET"]}}],"collection":[{"href":"https:\/\/shop.rvcare.ca\/fr\/wp-json\/wp\/v2\/product"}],"about":[{"href":"https:\/\/shop.rvcare.ca\/fr\/wp-json\/wp\/v2\/types\/product"}],"replies":[{"embeddable":true,"href":"https:\/\/shop.rvcare.ca\/fr\/wp-json\/wp\/v2\/comments?post=135815"}],"version-history":[{"count":1,"href":"https:\/\/shop.rvcare.ca\/fr\/wp-json\/wp\/v2\/product\/135815\/revisions"}],"predecessor-version":[{"id":157655,"href":"https:\/\/shop.rvcare.ca\/fr\/wp-json\/wp\/v2\/product\/135815\/revisions\/157655"}],"wp:featuredmedia":[{"embeddable":true,"href":"https:\/\/shop.rvcare.ca\/fr\/wp-json\/wp\/v2\/media\/103333"}],"wp:attachment":[{"href":"https:\/\/shop.rvcare.ca\/fr\/wp-json\/wp\/v2\/media?parent=135815"}],"wp:term":[{"taxonomy":"product_brand","embeddable":true,"href":"https:\/\/shop.rvcare.ca\/fr\/wp-json\/wp\/v2\/product_brand?post=135815"},{"taxonomy":"product_cat","embeddable":true,"href":"https:\/\/shop.rvcare.ca\/fr\/wp-json\/wp\/v2\/product_cat?post=135815"},{"taxonomy":"product_tag","embeddable":true,"href":"https:\/\/shop.rvcare.ca\/fr\/wp-json\/wp\/v2\/product_tag?post=135815"}],"curies":[{"name":"wp","href":"https:\/\/api.w.org\/{rel}","templated":true}]}}