{"id":138852,"date":"2025-06-27T08:22:08","date_gmt":"2025-06-27T12:22:08","guid":{"rendered":"https:\/\/shop.rvcare.ca\/product\/coghlans-citronella-candle-3-5-oz-100-g\/"},"modified":"2026-04-10T11:43:46","modified_gmt":"2026-04-10T15:43:46","slug":"coghlans-citronella-candle-3-5-oz-100-g","status":"publish","type":"product","link":"https:\/\/shop.rvcare.ca\/fr\/produit\/coghlans-citronella-candle-3-5-oz-100-g\/","title":{"rendered":"Bougie \u00e0 la citronnelle Coghlan\u2019s \u2013 100\u202fg (3,5\u202foz)"},"content":{"rendered":"<p>Bougie \u00e0 la citronnelle Coghlan&rsquo;s (100 g \/ 3,5 oz)<\/p>\n<p>Profitez de vos aventures en plein air sans \u00eatre d\u00e9rang\u00e9 par les insectes gr\u00e2ce \u00e0 la Bougie \u00e0 la citronnelle Coghlan&rsquo;s (100 g \/ 3,5 oz). Pr\u00e9sent\u00e9e dans un contenant en m\u00e9tal robuste avec couvercle, cette bougie compacte est id\u00e9ale pour les terrains de camping, les patios et les rassemblements ext\u00e9rieurs. Impr\u00e9gn\u00e9e d\u2019huile naturelle de citronnelle, elle cr\u00e9e une barri\u00e8re protectrice qui aide \u00e0 \u00e9loigner les moustiques et autres insectes volants, vous permettant ainsi de passer du bon temps \u00e0 l\u2019ext\u00e9rieur en tout confort.Sa conception \u00e0 une seule m\u00e8che dans un contenant de type bac assure une combustion propre et constante pouvant durer jusqu\u2019\u00e0 18 heures. R\u00e9sistante \u00e0 la chaleur et r\u00e9utilisable, la bo\u00eete m\u00e9tallique permet un transport facile et un rangement s\u00e9curitaire. Sa couleur jaune vif ajoute une touche de luminosit\u00e9 et de gaiet\u00e9 \u00e0 votre espace ext\u00e9rieur tout en offrant des performances fiables, peu importe l\u2019environnement.<\/p>\n<p>Caract\u00e9ristiques principales :<\/p>\n<ul>\n<li>Protection longue dur\u00e9e \u2013 Offre une combustion de 16 \u00e0 18 heures pour des soir\u00e9es prolong\u00e9es \u00e0 l\u2019ext\u00e9rieur<\/li>\n<li>R\u00e9pulsif naturel contre les insectes \u2013 Formul\u00e9e avec de l\u2019huile de citronnelle pour aider \u00e0 \u00e9loigner moustiques et autres insectes<\/li>\n<li>Format pratique pour les d\u00e9placements \u2013 Bo\u00eete en m\u00e9tal avec couvercle pour un rangement s\u00e9curitaire et une r\u00e9utilisation facile<\/li>\n<li>Compacte et l\u00e9g\u00e8re \u2013 Id\u00e9ale pour les sorties en camping, les voyages en VR, les patios et arri\u00e8re-cours<\/li>\n<li>Couleur jaune brillante \u2013 Ajoute une touche de couleur tout en am\u00e9liorant la visibilit\u00e9 sur le terrain<\/li>\n<li>Combustion propre et stable \u2013 M\u00e8che unique con\u00e7ue pour une performance uniforme et fiable<\/li>\n<\/ul>\n<p>Apportez une touche de confort \u00e0 vos soir\u00e9es de camping sans les d\u00e9sagr\u00e9ments des insectes\u2014ajoutez cette bougie \u00e0 la citronnelle \u00e0 vos essentiels de plein air d\u00e8s aujourd\u2019hui!<\/p>\n","protected":false},"excerpt":{"rendered":"<ul>\n<li>Type : Tonneau  <\/li>\n<li>Style de parfum : Citronnelle  <\/li>\n<li>Couleur : Jaune  <\/li>\n<li>Mat\u00e9riau : Hydrocarbure p\u00e9trolier  <\/li>\n<li>Avec m\u00e8ches : Oui  <\/li>\n<li>Avec bo\u00eete portable : Oui  <\/li>\n<li>Avec support : Non<\/li>\n<\/ul>\n","protected":false},"featured_media":138405,"comment_status":"open","ping_status":"closed","template":"","meta":{"_glsr_average":0,"_glsr_ranking":0,"_glsr_reviews":0,"keywords_product":"citronella candle, outdoor candle, insect repellent candle, bug deterrent, camping candle, bougie \u00e0 la citronnelle, bougie anti-insectes, bougie de camping, bougie ext\u00e9rieure, bougie parfum\u00e9e","featured_product":"","product_importance":"1","wds_primary_product_brand":0,"wds_primary_product_cat":0,"wds_primary_fb_product_set":0},"product_brand":[2007],"product_cat":[1859,1480],"product_tag":[1604,1462],"class_list":{"0":"post-138852","1":"product","2":"type-product","3":"status-publish","4":"has-post-thumbnail","6":"product_brand-coghlans","7":"product_cat-camping-outdoors","8":"product_cat-outdoor-living","9":"product_tag-coghlans-fr","10":"product_tag-ntp-fr","12":"first","13":"instock","14":"taxable","15":"shipping-taxable","16":"purchasable","17":"product-type-simple"},"bundled_by":[],"bundle_stock_status":"instock","bundle_stock_quantity":65,"bundle_virtual":false,"bundle_layout":"","bundle_add_to_cart_form_location":"","bundle_editable_in_cart":false,"bundle_sold_individually_context":"","bundle_item_grouping":"","bundle_min_size":"","bundle_max_size":"","bundle_price":[],"bundled_items":[],"bundle_sell_ids":[],"_links":{"self":[{"href":"https:\/\/shop.rvcare.ca\/fr\/wp-json\/wp\/v2\/product\/138852","targetHints":{"allow":["GET"]}}],"collection":[{"href":"https:\/\/shop.rvcare.ca\/fr\/wp-json\/wp\/v2\/product"}],"about":[{"href":"https:\/\/shop.rvcare.ca\/fr\/wp-json\/wp\/v2\/types\/product"}],"replies":[{"embeddable":true,"href":"https:\/\/shop.rvcare.ca\/fr\/wp-json\/wp\/v2\/comments?post=138852"}],"version-history":[{"count":4,"href":"https:\/\/shop.rvcare.ca\/fr\/wp-json\/wp\/v2\/product\/138852\/revisions"}],"predecessor-version":[{"id":157679,"href":"https:\/\/shop.rvcare.ca\/fr\/wp-json\/wp\/v2\/product\/138852\/revisions\/157679"}],"wp:featuredmedia":[{"embeddable":true,"href":"https:\/\/shop.rvcare.ca\/fr\/wp-json\/wp\/v2\/media\/138405"}],"wp:attachment":[{"href":"https:\/\/shop.rvcare.ca\/fr\/wp-json\/wp\/v2\/media?parent=138852"}],"wp:term":[{"taxonomy":"product_brand","embeddable":true,"href":"https:\/\/shop.rvcare.ca\/fr\/wp-json\/wp\/v2\/product_brand?post=138852"},{"taxonomy":"product_cat","embeddable":true,"href":"https:\/\/shop.rvcare.ca\/fr\/wp-json\/wp\/v2\/product_cat?post=138852"},{"taxonomy":"product_tag","embeddable":true,"href":"https:\/\/shop.rvcare.ca\/fr\/wp-json\/wp\/v2\/product_tag?post=138852"}],"curies":[{"name":"wp","href":"https:\/\/api.w.org\/{rel}","templated":true}]}}