{"id":138860,"date":"2025-06-27T08:21:53","date_gmt":"2025-06-27T12:21:53","guid":{"rendered":"https:\/\/shop.rvcare.ca\/product\/ap-products-dura-seal-instant-leak-sealer-spray\/"},"modified":"2026-04-10T11:43:53","modified_gmt":"2026-04-10T15:43:53","slug":"ap-products-dura-seal-instant-leak-sealer-spray","status":"publish","type":"product","link":"https:\/\/shop.rvcare.ca\/fr\/produit\/ap-products-dura-seal-instant-leak-sealer-spray\/","title":{"rendered":"Scellant instantan\u00e9 en a\u00e9rosol Dura Seal \u2013 AP Products"},"content":{"rendered":"<p>Scellant instantan\u00e9 pour fuites Dura Seal\/AP Products (454 g \/ 16 oz)<\/p>\n<p>Prot\u00e9gez votre VR, votre remorque ou votre bateau contre les fuites inattendues avec le Scellant instantan\u00e9 pour fuites Dura Seal\/AP Products. Con\u00e7u pour des r\u00e9parations rapides et durables, ce scellant \u00e9lastom\u00e8re en a\u00e9rosol forme un joint flexible et imperm\u00e9able d\u00e8s l\u2019application. Id\u00e9al pour les r\u00e9parations d&rsquo;urgence et l&rsquo;entretien pr\u00e9ventif, ce produit professionnel adh\u00e8re \u00e0 une grande vari\u00e9t\u00e9 de surfaces et r\u00e9siste \u00e0 des temp\u00e9ratures extr\u00eames allant de -34 \u00b0C \u00e0 93 \u00b0C (-30 \u00b0F \u00e0 200 \u00b0F). Peu importe que vous ayez \u00e0 colmater une fissure, un trou minuscule ou une jonction, ce scellant polyvalent cr\u00e9e un lien \u00e9tanche qui ne craquera ni ne s\u2019\u00e9caillera avec le temps.Parfait pour les toits de VR, \u00e9vents, joints, r\u00e9servoirs et installations de plomberie, ce rev\u00eatement en a\u00e9rosol de qualit\u00e9 professionnelle est un indispensable dans la trousse d\u2019outils de tout propri\u00e9taire de VR.<\/p>\n<p>Caract\u00e9ristiques principales :<\/p>\n<ul>\n<li>Formule \u00e0 s\u00e9chage rapide \u2013 S\u00e8che rapidement pour cr\u00e9er un joint \u00e9lastom\u00e8re durable<\/li>\n<li>R\u00e9sistance aux temp\u00e9ratures extr\u00eames \u2013 Fonctionne dans des conditions allant de -34 \u00b0C \u00e0 93 \u00b0C<\/li>\n<li>Application en a\u00e9rosol pratique \u2013 Facile \u00e0 utiliser, aucun outil requis et sans d\u00e9g\u00e2t<\/li>\n<li>Forte adh\u00e9rence multi-surfaces \u2013 Adh\u00e8re \u00e0 la plupart des mat\u00e9riaux comme le m\u00e9tal, le plastique, le bois, le caoutchouc, etc.<\/li>\n<li>Protection imperm\u00e9able \u2013 Id\u00e9al pour colmater les fuites, fissures et microporosit\u00e9s sur les VR, bateaux ou installations hors r\u00e9seau<\/li>\n<li>Pr\u00e9vention des dommages futurs \u2013 Cr\u00e9e une barri\u00e8re longue dur\u00e9e contre l\u2019humidit\u00e9 et les intemp\u00e9ries<\/li>\n<\/ul>\n<p>Laissez les fuites dans le pass\u00e9 \u2014 gardez le Scellant instantan\u00e9 pour fuites Dura Seal \u00e0 port\u00e9e de main pour des r\u00e9parations rapides et fiables qui vous permettent de reprendre la route en toute confiance!<\/p>\n","protected":false},"excerpt":{"rendered":"<ul>\n<li>Utilis\u00e9 pour : Application rapide, durcissement rapide d&rsquo;\u00e9lasticom\u00e8re pulv\u00e9ris\u00e9  <\/li>\n<li>Temperature Range (Deg F): -30 \u00e0 200 degr\u00e9s Fahrenheit  <\/li>\n<li>Colour: Transparent  <\/li>\n<li>Unit Size: 16 onces  <\/li>\n<li>Unit Type: A\u00e9rosol  <\/li>\n<li>Unit Quantity: Unitaire<\/li>\n<\/ul>\n","protected":false},"featured_media":138395,"comment_status":"open","ping_status":"closed","template":"","meta":{"_glsr_average":0,"_glsr_ranking":0,"_glsr_reviews":0,"keywords_product":"leak sealer, instant sealer, rv leak solution, waterproof sealant, dura seal, scellant pour fuites, scellant instantan\u00e9, solution anti-fuite, scellant \u00e9tanche, scellant Dura Seal","featured_product":"","product_importance":"1","wds_primary_product_brand":0,"wds_primary_product_cat":0,"wds_primary_fb_product_set":0},"product_brand":[1954],"product_cat":[241,1468],"product_tag":[1439,1462],"class_list":{"0":"post-138860","1":"product","2":"type-product","3":"status-publish","4":"has-post-thumbnail","6":"product_brand-ap-products-fr","7":"product_cat-entretien-nettoyage","8":"product_cat-reparation-de-vr","9":"product_tag-ap-products-fr","10":"product_tag-ntp-fr","12":"first","13":"instock","14":"taxable","15":"shipping-taxable","16":"purchasable","17":"product-type-simple"},"bundled_by":[],"bundle_stock_status":"instock","bundle_stock_quantity":9,"bundle_virtual":false,"bundle_layout":"","bundle_add_to_cart_form_location":"","bundle_editable_in_cart":false,"bundle_sold_individually_context":"","bundle_item_grouping":"","bundle_min_size":"","bundle_max_size":"","bundle_price":[],"bundled_items":[],"bundle_sell_ids":[],"_links":{"self":[{"href":"https:\/\/shop.rvcare.ca\/fr\/wp-json\/wp\/v2\/product\/138860","targetHints":{"allow":["GET"]}}],"collection":[{"href":"https:\/\/shop.rvcare.ca\/fr\/wp-json\/wp\/v2\/product"}],"about":[{"href":"https:\/\/shop.rvcare.ca\/fr\/wp-json\/wp\/v2\/types\/product"}],"replies":[{"embeddable":true,"href":"https:\/\/shop.rvcare.ca\/fr\/wp-json\/wp\/v2\/comments?post=138860"}],"version-history":[{"count":4,"href":"https:\/\/shop.rvcare.ca\/fr\/wp-json\/wp\/v2\/product\/138860\/revisions"}],"predecessor-version":[{"id":157687,"href":"https:\/\/shop.rvcare.ca\/fr\/wp-json\/wp\/v2\/product\/138860\/revisions\/157687"}],"wp:featuredmedia":[{"embeddable":true,"href":"https:\/\/shop.rvcare.ca\/fr\/wp-json\/wp\/v2\/media\/138395"}],"wp:attachment":[{"href":"https:\/\/shop.rvcare.ca\/fr\/wp-json\/wp\/v2\/media?parent=138860"}],"wp:term":[{"taxonomy":"product_brand","embeddable":true,"href":"https:\/\/shop.rvcare.ca\/fr\/wp-json\/wp\/v2\/product_brand?post=138860"},{"taxonomy":"product_cat","embeddable":true,"href":"https:\/\/shop.rvcare.ca\/fr\/wp-json\/wp\/v2\/product_cat?post=138860"},{"taxonomy":"product_tag","embeddable":true,"href":"https:\/\/shop.rvcare.ca\/fr\/wp-json\/wp\/v2\/product_tag?post=138860"}],"curies":[{"name":"wp","href":"https:\/\/api.w.org\/{rel}","templated":true}]}}