{"id":138869,"date":"2025-06-27T08:21:38","date_gmt":"2025-06-27T12:21:38","guid":{"rendered":"https:\/\/shop.rvcare.ca\/product\/maxxair-maxxfan-deluxe-10-speed-rv-roof-vent-fan-with-remote\/"},"modified":"2026-04-10T11:44:00","modified_gmt":"2026-04-10T15:44:00","slug":"maxxair-maxxfan-deluxe-10-speed-rv-roof-vent-fan-with-remote","status":"publish","type":"product","link":"https:\/\/shop.rvcare.ca\/fr\/produit\/maxxair-maxxfan-deluxe-10-speed-rv-roof-vent-fan-with-remote\/","title":{"rendered":"Ventilateur de toit VR Maxxair MaxxFan Deluxe 10 vitesses"},"content":{"rendered":"<p>Ventilateur Maxxair\/MaxxFan Deluxe \u00e0 10 vitesses avec entr\u00e9e et sortie d&rsquo;air \u2013 Couvercle blanc (ouverture\/fermeture motoris\u00e9e)<\/p>\n<p>Optimisez la circulation d\u2019air et le confort de votre VR avec le Ventilateur Maxxair\/MaxxFan Deluxe \u00e0 10 vitesses avec entr\u00e9e et sortie d&rsquo;air \u2013 Couvercle blanc (ouverture\/fermeture motoris\u00e9e). Con\u00e7u pour une performance par tous les temps, ce syst\u00e8me de ventilation de toit tout-en-un propose des fonctions d\u2019entr\u00e9e et de sortie d\u2019air, un contr\u00f4le thermostatique int\u00e9gr\u00e9, ainsi qu\u2019un ventilateur puissant \u00e0 10 vitesses pour maintenir une temp\u00e9rature int\u00e9rieure agr\u00e9able en tout temps.Gr\u00e2ce \u00e0 son couvercle blanc motoris\u00e9 et \u00e0 sa t\u00e9l\u00e9commande multifonction, vous pouvez facilement ajuster la vitesse du ventilateur, l\u2019ouverture du couvercle, la temp\u00e9rature ambiante et la direction de l\u2019air \u2013 le tout sans quitter votre si\u00e8ge. De plus, son capot anti-pluie int\u00e9gr\u00e9 vous assure une ventilation continue, peu importe les conditions m\u00e9t\u00e9o.Parfait pour les caravanes, les motoris\u00e9s et les roulottes, ce ventilateur con\u00e7u pour les VR au Canada constitue une am\u00e9lioration essentielle pour bonifier la gestion de l\u2019air et le confort \u00e0 l\u2019int\u00e9rieur de votre v\u00e9hicule r\u00e9cr\u00e9atif.<\/p>\n<p>Caract\u00e9ristiques principales :<\/p>\n<ul>\n<li>Ventilation \u00e0 double fonction \u2013 Prend en charge l\u2019entr\u00e9e et la sortie d\u2019air pour une circulation optimale<\/li>\n<li>Couvercle blanc motoris\u00e9 \u2013 S\u2019ouvre et se ferme automatiquement pour une commodit\u00e9 accrue<\/li>\n<li>Ventilateur \u00e0 10 vitesses \u2013 R\u00e9glages personnalisables selon vos besoins de confort et circulation d\u2019air<\/li>\n<li>T\u00e9l\u00e9commande incluse \u2013 Contr\u00f4lez le ventilateur, le couvercle, le thermostat et la direction de l\u2019air \u00e0 distance<\/li>\n<li>Capot anti-pluie int\u00e9gr\u00e9 \u2013 Vous permet de ventiler m\u00eame sous la pluie sans craindre les infiltrations d\u2019eau<\/li>\n<li>Contr\u00f4le thermostatique \u2013 Maintient automatiquement la temp\u00e9rature d\u00e9sir\u00e9e \u00e0 l\u2019int\u00e9rieur du VR<\/li>\n<li>Fonctionnement silencieux \u2013 Con\u00e7u pour une performance discr\u00e8te et peu bruyante<\/li>\n<li>Conception adapt\u00e9e au march\u00e9 canadien \u2013 Facile \u00e0 installer et \u00e0 utiliser, pens\u00e9 pour les VR au Canada<\/li>\n<\/ul>\n<p>Profitez d\u2019une ventilation mains libres et sans souci, peu importe le temps qu\u2019il fait\u2014am\u00e9liorez le confort de votre VR d\u00e8s aujourd\u2019hui avec le MaxxFan Deluxe!<\/p>\n","protected":false},"excerpt":{"rendered":"<ul>\n<li>Type : Ouverture motoris\u00e9e  <\/li>\n<li>Taille : 14 x 14 pouces  <\/li>\n<li>Couleur du couvercle : Blanc  <\/li>\n<li>Couleur du cadre : Blanc  <\/li>\n<li>Mat\u00e9riau : Plastique ABS (Acrylonitrile Butadi\u00e8ne Styr\u00e8ne)  <\/li>\n<li>Avec ventilateur : Oui  <\/li>\n<li>Flux d&rsquo;air r\u00e9versible : Oui  <\/li>\n<li>Capteur de pluie avec fermeture automatique : Non  <\/li>\n<li>Type de lumi\u00e8re : Sans lumi\u00e8re  <\/li>\n<li>Avec quincaillerie de montage : Oui  <\/li>\n<li>Avec \u00e9cran : Oui  <\/li>\n<li>Avec couvercle : Oui  <\/li>\n<li>Quantit\u00e9 : Simple<\/li>\n<\/ul>\n","protected":false},"featured_media":138351,"comment_status":"open","ping_status":"closed","template":"","meta":{"_glsr_average":0,"_glsr_ranking":0,"_glsr_reviews":0,"keywords_product":"maxxair fan, maxxfan deluxe, 10-speed fan, rv ventilation fan, exhaust fan, ventilateur maxxair, ventilateur maxxfan deluxe, ventilateur \u00e0 10 vitesses, ventilation rv, ventilateur d'extraction","featured_product":"","product_importance":"1","wds_primary_product_brand":0,"wds_primary_product_cat":0,"wds_primary_fb_product_set":0},"product_brand":[1930],"product_cat":[1050,1754],"product_tag":[1768,1461],"class_list":{"0":"post-138869","1":"product","2":"type-product","3":"status-publish","4":"has-post-thumbnail","6":"product_brand-maxxair-vent","7":"product_cat-vents","8":"product_cat-fans-exhaust-vents","9":"product_tag-maxxair-vent","10":"product_tag-ntp","12":"first","13":"instock","14":"taxable","15":"shipping-taxable","16":"purchasable","17":"product-type-simple"},"bundled_by":[],"bundle_stock_status":"instock","bundle_stock_quantity":473,"bundle_virtual":false,"bundle_layout":"","bundle_add_to_cart_form_location":"","bundle_editable_in_cart":false,"bundle_sold_individually_context":"","bundle_item_grouping":"","bundle_min_size":"","bundle_max_size":"","bundle_price":[],"bundled_items":[],"bundle_sell_ids":[],"_links":{"self":[{"href":"https:\/\/shop.rvcare.ca\/fr\/wp-json\/wp\/v2\/product\/138869","targetHints":{"allow":["GET"]}}],"collection":[{"href":"https:\/\/shop.rvcare.ca\/fr\/wp-json\/wp\/v2\/product"}],"about":[{"href":"https:\/\/shop.rvcare.ca\/fr\/wp-json\/wp\/v2\/types\/product"}],"replies":[{"embeddable":true,"href":"https:\/\/shop.rvcare.ca\/fr\/wp-json\/wp\/v2\/comments?post=138869"}],"version-history":[{"count":4,"href":"https:\/\/shop.rvcare.ca\/fr\/wp-json\/wp\/v2\/product\/138869\/revisions"}],"predecessor-version":[{"id":157696,"href":"https:\/\/shop.rvcare.ca\/fr\/wp-json\/wp\/v2\/product\/138869\/revisions\/157696"}],"wp:featuredmedia":[{"embeddable":true,"href":"https:\/\/shop.rvcare.ca\/fr\/wp-json\/wp\/v2\/media\/138351"}],"wp:attachment":[{"href":"https:\/\/shop.rvcare.ca\/fr\/wp-json\/wp\/v2\/media?parent=138869"}],"wp:term":[{"taxonomy":"product_brand","embeddable":true,"href":"https:\/\/shop.rvcare.ca\/fr\/wp-json\/wp\/v2\/product_brand?post=138869"},{"taxonomy":"product_cat","embeddable":true,"href":"https:\/\/shop.rvcare.ca\/fr\/wp-json\/wp\/v2\/product_cat?post=138869"},{"taxonomy":"product_tag","embeddable":true,"href":"https:\/\/shop.rvcare.ca\/fr\/wp-json\/wp\/v2\/product_tag?post=138869"}],"curies":[{"name":"wp","href":"https:\/\/api.w.org\/{rel}","templated":true}]}}