{"id":139874,"date":"2025-07-09T14:36:46","date_gmt":"2025-07-09T18:36:46","guid":{"rendered":"https:\/\/shop.rvcare.ca\/product\/go-power-solar-elite-charging-system-400-w-solar-2000-w-inverter\/"},"modified":"2026-04-10T11:43:21","modified_gmt":"2026-04-10T15:43:21","slug":"go-power-solar-elite-charging-system-400-w-solar-2000-w-inverter","status":"publish","type":"product","link":"https:\/\/shop.rvcare.ca\/fr\/produit\/go-power-solar-elite-charging-system-400-w-solar-2000-w-inverter\/","title":{"rendered":"Go Power! Syst\u00e8me de Charge Solaire Elite (400W Solaire \/ 2000W Onduleur)"},"content":{"rendered":"<p>Alimentez votre VR en toute confiance avec le syst\u00e8me de charge solaire Go Power! Elite. Con\u00e7u pour les campeurs \u00e0 temps plein et les campeurs en milieu sauvage, ce kit solaire complet offre une puissance fiable hors r\u00e9seau avec deux panneaux solaires haute efficacit\u00e9 de 160 watts (320 watts au total) et un puissant onduleur \u00e0 onde sinuso\u00efdale pure de 2000 watts. Le syst\u00e8me g\u00e9n\u00e8re jusqu&rsquo;\u00e0 18+ amp\u00e8res par heure, maintenant vos batteries charg\u00e9es et vos appareils \u00e9lectrom\u00e9nagers en fonctionnement sans avoir besoin d&rsquo;un g\u00e9n\u00e9rateur bruyant.<\/p>\n<p>Id\u00e9al pour des aventures de camping prolong\u00e9es ou de boondocking, le syst\u00e8me Solar Elite fournit une puissance CA propre directement \u00e0 votre panneau de disjoncteurs et offre de la place pour une expansion future\u2014supportant jusqu&rsquo;\u00e0 480 watts de solaire au total. Que vous voyagiez d&rsquo;un oc\u00e9an \u00e0 l&rsquo;autre ou passiez des week-ends hors r\u00e9seau, ce package solaire propose facilit\u00e9 d&rsquo;utilisation, excellente efficacit\u00e9 \u00e9nerg\u00e9tique et libert\u00e9 de camper n&rsquo;importe o\u00f9.<\/p>\n<p>Caract\u00e9ristiques cl\u00e9s :<\/p>\n<ul>\n<li>Fournit 320 watts de puissance de charge solaire avec deux modules solaires haute efficacit\u00e9<\/li>\n<li>G\u00e9n\u00e8re jusqu&rsquo;\u00e0 18+ amp\u00e8res par heure pour maintenir la charge de votre batterie de VR<\/li>\n<li>Onduleur \u00e0 onde sinuso\u00efdale pure de 2000 watts qui fournit une puissance CA propre et fiable \u00e0 votre panneau de disjoncteurs<\/li>\n<li>Con\u00e7u pour les campeurs \u00e0 temps plein et parfait pour le camping sans g\u00e9n\u00e9rateur<\/li>\n<li>Syst\u00e8me extensible supportant jusqu&rsquo;\u00e0 480 watts de solaire total pour les besoins futurs<\/li>\n<li>Con\u00e7u pour des performances \u00e9lev\u00e9es, une excellente efficacit\u00e9 \u00e9nerg\u00e9tique et une utilisation simple<\/li>\n<\/ul>\n<p>Prenez le contr\u00f4le de vos aventures hors r\u00e9seau\u2014mettez \u00e0 niveau vers le syst\u00e8me de charge solaire Go Power! Elite pour une puissance propre et fiable o\u00f9 que la route vous m\u00e8ne !<\/p>\n","protected":false},"excerpt":{"rendered":"<ul>\n<li>Type : Kit solaire fixe en monocristallin<\/li>\n<li>Puissance : 400 Watt \/ 19,2 Amp<\/li>\n<li>\u00c9lasticit\u00e9 du panneau : Panneau solaire rigide<\/li>\n<li>Longueur (EN) : 59-1\/8 pouces<\/li>\n<li>Largeur (EN) : 26-5\/16 pouces<\/li>\n<li>Type de contr\u00f4leur : Contr\u00f4leur de charge num\u00e9rique PWM 30 Amp<\/li>\n<li>Type d&rsquo;onduleur : Onduleur \u00e0 onde sinuso\u00efdale pure 2000 Watts<\/li>\n<li>\u00c9paisseur (EN) : 1-9\/16 pouce<\/li>\n<li>Type de montage du panneau : Montage par vis<\/li>\n<li>Avec c\u00e2bles : Oui<\/li>\n<li>Avec connecteurs de c\u00e2bles : Non<\/li>\n<li>Avec mat\u00e9riel de montage : Oui<\/li>\n<li>Avec \u00e9tui de transport : Non<\/li>\n<\/ul>\n","protected":false},"featured_media":135081,"comment_status":"open","ping_status":"closed","template":"","meta":{"_glsr_average":0,"_glsr_ranking":0,"_glsr_reviews":0,"keywords_product":"go power solar elite, solar charging system, rv solar kit, off-grid power, 2000 watt inverter, solar panel system, dry camping power, renewable energy for rv, extendable solar system, camping power solutions,go power solar system, solar charger, RV solar kit, 400 watt solar panel, 2000 watt inverter, renewable energy system, off-grid power solution, camping solar setup, pure sine wave inverter, solar power for campers","featured_product":"","product_importance":"1","wds_primary_product_brand":0,"wds_primary_product_cat":0,"wds_primary_fb_product_set":0},"product_brand":[1886],"product_cat":[1381,1607],"product_tag":[1426,1608,1461],"class_list":{"0":"post-139874","1":"product","2":"type-product","3":"status-publish","4":"has-post-thumbnail","6":"product_brand-go-power","7":"product_cat-electrical","8":"product_cat-solar-panels-kits","9":"product_tag-local-pick-up","10":"product_tag-go-power","11":"product_tag-ntp","13":"first","14":"instock","15":"taxable","16":"shipping-taxable","17":"purchasable","18":"product-type-simple"},"bundled_by":[],"bundle_stock_status":"instock","bundle_stock_quantity":8,"bundle_virtual":false,"bundle_layout":"","bundle_add_to_cart_form_location":"","bundle_editable_in_cart":false,"bundle_sold_individually_context":"","bundle_item_grouping":"","bundle_min_size":"","bundle_max_size":"","bundle_price":[],"bundled_items":[],"bundle_sell_ids":[],"_links":{"self":[{"href":"https:\/\/shop.rvcare.ca\/fr\/wp-json\/wp\/v2\/product\/139874","targetHints":{"allow":["GET"]}}],"collection":[{"href":"https:\/\/shop.rvcare.ca\/fr\/wp-json\/wp\/v2\/product"}],"about":[{"href":"https:\/\/shop.rvcare.ca\/fr\/wp-json\/wp\/v2\/types\/product"}],"replies":[{"embeddable":true,"href":"https:\/\/shop.rvcare.ca\/fr\/wp-json\/wp\/v2\/comments?post=139874"}],"version-history":[{"count":3,"href":"https:\/\/shop.rvcare.ca\/fr\/wp-json\/wp\/v2\/product\/139874\/revisions"}],"predecessor-version":[{"id":157706,"href":"https:\/\/shop.rvcare.ca\/fr\/wp-json\/wp\/v2\/product\/139874\/revisions\/157706"}],"wp:featuredmedia":[{"embeddable":true,"href":"https:\/\/shop.rvcare.ca\/fr\/wp-json\/wp\/v2\/media\/135081"}],"wp:attachment":[{"href":"https:\/\/shop.rvcare.ca\/fr\/wp-json\/wp\/v2\/media?parent=139874"}],"wp:term":[{"taxonomy":"product_brand","embeddable":true,"href":"https:\/\/shop.rvcare.ca\/fr\/wp-json\/wp\/v2\/product_brand?post=139874"},{"taxonomy":"product_cat","embeddable":true,"href":"https:\/\/shop.rvcare.ca\/fr\/wp-json\/wp\/v2\/product_cat?post=139874"},{"taxonomy":"product_tag","embeddable":true,"href":"https:\/\/shop.rvcare.ca\/fr\/wp-json\/wp\/v2\/product_tag?post=139874"}],"curies":[{"name":"wp","href":"https:\/\/api.w.org\/{rel}","templated":true}]}}