{"id":142362,"date":"2025-08-13T08:46:18","date_gmt":"2025-08-13T12:46:18","guid":{"rendered":"https:\/\/shop.rvcare.ca\/product\/revive-rv-ceiling-overlay-pebbled-white-vinyl-100-ft\/"},"modified":"2026-04-22T09:22:34","modified_gmt":"2026-04-22T13:22:34","slug":"revive-rv-ceiling-overlay-pebbled-white-vinyl-100-ft","status":"publish","type":"product","link":"https:\/\/shop.rvcare.ca\/fr\/produit\/revive-rv-ceiling-overlay-pebbled-white-vinyl-100-ft\/","title":{"rendered":"Revive RV Ceiling Overlay &#8211; Pebbled White Vinyl (100 Ft)"},"content":{"rendered":"<p>Revive\u2122 Ceiling Overlay &#8211; Pebbled White Design &#8211; 100 Foot Roll &#8211; Vinyl<\/p>\n<p>Transform the interior of your RV with the Revive\u2122 Ceiling Overlay in a stunning Pebbled White design. Over time, walls and wooden surfaces can experience significant wear and tear, which affects both the aesthetics and comfort of your RV. The Revive Wallboard, Ceiling, and Cabinet Kits offer an effortless solution for revitalizing your space without the hassle of tearing down and replacing or dealing with the mess of a painting project. This innovative vinyl overlay provides a stylish and durable finish, allowing you to breathe new life into your RV&rsquo;s interior with unmatched ease.<\/p>\n<p>Key Features:<\/p>\n<ul>\n<li>Durable Vinyl Construction \u2013 Built to withstand the rigors of travel and daily use<\/li>\n<li>On-Trend Design \u2013 Fall in love with your RV again with a fresh and modern look<\/li>\n<li>Saves Time and Money \u2013 Eliminate the time and costs associated with rip-and-replace jobs<\/li>\n<li>Ideal Alternative \u2013 Revive Kits offer a quick and effective alternative to painting wallboards or wooden surfaces in your RV<\/li>\n<\/ul>\n<p>Ready to elevate your RV experience? Upgrade your interior with the Revive\u2122 Ceiling Overlay and enjoy a beautifully refreshed space on your next adventure!<\/p>\n","protected":false},"excerpt":{"rendered":"<ul>\n<li>Type: Ceiling Overlay<\/li>\n<li>Design: Pebbled White Design<\/li>\n<li>Size: 100 Feet Roll<\/li>\n<li>Material: Vinyl<\/li>\n<li>Universality: Semi-Universal<\/li>\n<\/ul>\n","protected":false},"featured_media":142439,"comment_status":"open","ping_status":"closed","template":"","meta":{"_glsr_average":0,"_glsr_ranking":0,"_glsr_reviews":0,"keywords_product":"revive ceiling overlay, pebbled white design, rv interior makeover, vinyl ceiling roll, wallboard replacement, rev\u00eatement de plafond revive, design blanc granul\u00e9, r\u00e9novation int\u00e9rieure vr, rouleau de vinyle, r\u00e9novation des murs","featured_product":"","product_importance":"1","wds_primary_product_brand":0,"wds_primary_product_cat":0},"product_brand":[1903],"product_cat":[241,1468],"product_tag":[1830,1462],"class_list":{"0":"post-142362","1":"product","2":"type-product","3":"status-publish","4":"has-post-thumbnail","6":"product_brand-genesis-prod-fr","7":"product_cat-entretien-nettoyage","8":"product_cat-reparation-de-vr","9":"product_tag-genesis-prod-fr","10":"product_tag-ntp-fr","12":"first","13":"instock","14":"taxable","15":"shipping-taxable","16":"purchasable","17":"product-type-simple"},"bundled_by":[],"bundle_stock_status":"instock","bundle_stock_quantity":12,"bundle_virtual":false,"bundle_layout":"","bundle_add_to_cart_form_location":"","bundle_editable_in_cart":false,"bundle_sold_individually_context":"","bundle_item_grouping":"","bundle_min_size":"","bundle_max_size":"","bundle_price":[],"bundled_items":[],"bundle_sell_ids":[],"_links":{"self":[{"href":"https:\/\/shop.rvcare.ca\/fr\/wp-json\/wp\/v2\/product\/142362","targetHints":{"allow":["GET"]}}],"collection":[{"href":"https:\/\/shop.rvcare.ca\/fr\/wp-json\/wp\/v2\/product"}],"about":[{"href":"https:\/\/shop.rvcare.ca\/fr\/wp-json\/wp\/v2\/types\/product"}],"replies":[{"embeddable":true,"href":"https:\/\/shop.rvcare.ca\/fr\/wp-json\/wp\/v2\/comments?post=142362"}],"version-history":[{"count":5,"href":"https:\/\/shop.rvcare.ca\/fr\/wp-json\/wp\/v2\/product\/142362\/revisions"}],"predecessor-version":[{"id":157924,"href":"https:\/\/shop.rvcare.ca\/fr\/wp-json\/wp\/v2\/product\/142362\/revisions\/157924"}],"wp:featuredmedia":[{"embeddable":true,"href":"https:\/\/shop.rvcare.ca\/fr\/wp-json\/wp\/v2\/media\/142439"}],"wp:attachment":[{"href":"https:\/\/shop.rvcare.ca\/fr\/wp-json\/wp\/v2\/media?parent=142362"}],"wp:term":[{"taxonomy":"product_brand","embeddable":true,"href":"https:\/\/shop.rvcare.ca\/fr\/wp-json\/wp\/v2\/product_brand?post=142362"},{"taxonomy":"product_cat","embeddable":true,"href":"https:\/\/shop.rvcare.ca\/fr\/wp-json\/wp\/v2\/product_cat?post=142362"},{"taxonomy":"product_tag","embeddable":true,"href":"https:\/\/shop.rvcare.ca\/fr\/wp-json\/wp\/v2\/product_tag?post=142362"}],"curies":[{"name":"wp","href":"https:\/\/api.w.org\/{rel}","templated":true}]}}