{"id":142363,"date":"2025-08-13T08:46:16","date_gmt":"2025-08-13T12:46:16","guid":{"rendered":"https:\/\/shop.rvcare.ca\/product\/star-brite-premium-rv-wash-and-wax-with-uv-protection-16-oz\/"},"modified":"2026-04-10T11:43:08","modified_gmt":"2026-04-10T15:43:08","slug":"star-brite-premium-rv-wash-and-wax-with-uv-protection-16-oz","status":"publish","type":"product","link":"https:\/\/shop.rvcare.ca\/fr\/produit\/star-brite-premium-rv-wash-and-wax-with-uv-protection-16-oz\/","title":{"rendered":"Lave-cire Premium pour VR avec protection UV 16 oz &#8211; STAR BRITE"},"content":{"rendered":"<p>STAR BRITE Nettoyage et Cirage Premium pour VR (Bouteille de 16 Onces)<br \/>Gardez votre VR comme neuf avec le Nettoyage et Cirage Premium STAR BRITE, un nettoyant sp\u00e9cialement formul\u00e9 pour un \u00e9clat et une protection ultimes. Ce produit innovant combine nettoyage et cirage en une seule \u00e9tape, vous faisant gagner du temps et de l&rsquo;argent. \u00c9liminez facilement la salet\u00e9, la graisse, les r\u00e9sidus d&rsquo;insectes, la poussi\u00e8re et la boue de toutes les surfaces ext\u00e9rieures de votre VR tout en am\u00e9liorant son \u00e9clat. Enrichi en inhibiteurs UV, il prot\u00e8ge votre v\u00e9hicule du vieillissement caus\u00e9 par le soleil. Contrairement aux d\u00e9tergents traditionnels qui peuvent enlever les rev\u00eatements de protection, le Nettoyage et Cirage Premium STAR BRITE est puissant contre la salet\u00e9 mais doux pour les surfaces, pr\u00e9servant la vie de votre brillant ou cire et assurant que votre VR reste en parfait \u00e9tat.<\/p>\n<p>Caract\u00e9ristiques cl\u00e9s :<\/p>\n<ul>\n<li>Nettoie et am\u00e9liore l&rsquo;\u00e9clat en une seule \u00e9tape<\/li>\n<li>Formule concentr\u00e9e, efficace contre la salet\u00e9 tout en \u00e9tant \u00e9conomique ; quelques bouchons suffisent pour nettoyer un VR de taille normale<\/li>\n<li>Formul\u00e9 sp\u00e9cifiquement pour \u00e9liminer la salet\u00e9, les d\u00e9bris d&rsquo;insectes, la poussi\u00e8re, la boue, et plus<\/li>\n<li>Polym\u00e8res PTEF\u00ae am\u00e9liorent l&rsquo;\u00e9clat et offrent une protection UV pour \u00e9viter le vieillissement<\/li>\n<li>S\u00fbr pour toutes les surfaces ext\u00e9rieures des VR<\/li>\n<li>Formule concentr\u00e9e, biod\u00e9gradable<\/li>\n<\/ul>\n<p>Ne laissez pas la salet\u00e9 ternir la finition de votre VR. D\u00e9couvrez la facilit\u00e9 de nettoyage et de protection de votre investissement avec le Nettoyage et Cirage Premium STAR BRITE\u2014commandez le v\u00f4tre aujourd&rsquo;hui et gardez votre VR brillant \u00e0 chaque aventure !<\/p>\n","protected":false},"excerpt":{"rendered":"<ul>\n<li>Here\u2019s the translation in French Canadian:<\/li>\n<li><\/li>\n<li>Type : Liquide<\/li>\n<li>Taille de l\u2019unit\u00e9 : 16 onces<\/li>\n<li>Type d\u2019unit\u00e9 : Bouteille<\/li>\n<li>Quantit\u00e9 d\u2019unit\u00e9 : Unique<\/li>\n<li>Taille de bouteille de recharge : Pas de bouteille de recharge<\/li>\n<li>Avec cire : Oui<\/li>\n<li>Avec applicateur : Non<\/li>\n<li>Langue de l\u2019emballage : Anglais<\/li>\n<\/ul>\n","protected":false},"featured_media":142421,"comment_status":"open","ping_status":"closed","template":"","meta":{"_glsr_average":0,"_glsr_ranking":0,"_glsr_reviews":0,"keywords_product":"rv wash and wax, star brite cleaner, rv cleaning products, exterior cleaner for rv, wax for rv, nettoyage et cirage vr, produit de nettoyage pour vr, cire pour vr, entretien ext\u00e9rieur vr, nettoyant pour surfaces externes","featured_product":"","product_importance":"1","wds_primary_product_brand":0,"wds_primary_product_cat":0,"wds_primary_fb_product_set":0},"product_brand":[1826],"product_cat":[60,1547],"product_tag":[1462,1353],"class_list":{"0":"post-142363","1":"product","2":"type-product","3":"status-publish","4":"has-post-thumbnail","6":"product_brand-star-brite","7":"product_cat-maintenance-cleaning-supplies","8":"product_cat-exterior-cleaners","9":"product_tag-ntp-fr","10":"product_tag-star-brite-fr","12":"first","13":"instock","14":"taxable","15":"shipping-taxable","16":"purchasable","17":"product-type-simple"},"bundled_by":[],"bundle_stock_status":"instock","bundle_stock_quantity":165,"bundle_virtual":false,"bundle_layout":"","bundle_add_to_cart_form_location":"","bundle_editable_in_cart":false,"bundle_sold_individually_context":"","bundle_item_grouping":"","bundle_min_size":"","bundle_max_size":"","bundle_price":[],"bundled_items":[],"bundle_sell_ids":[],"_links":{"self":[{"href":"https:\/\/shop.rvcare.ca\/fr\/wp-json\/wp\/v2\/product\/142363","targetHints":{"allow":["GET"]}}],"collection":[{"href":"https:\/\/shop.rvcare.ca\/fr\/wp-json\/wp\/v2\/product"}],"about":[{"href":"https:\/\/shop.rvcare.ca\/fr\/wp-json\/wp\/v2\/types\/product"}],"replies":[{"embeddable":true,"href":"https:\/\/shop.rvcare.ca\/fr\/wp-json\/wp\/v2\/comments?post=142363"}],"version-history":[{"count":3,"href":"https:\/\/shop.rvcare.ca\/fr\/wp-json\/wp\/v2\/product\/142363\/revisions"}],"predecessor-version":[{"id":157712,"href":"https:\/\/shop.rvcare.ca\/fr\/wp-json\/wp\/v2\/product\/142363\/revisions\/157712"}],"wp:featuredmedia":[{"embeddable":true,"href":"https:\/\/shop.rvcare.ca\/fr\/wp-json\/wp\/v2\/media\/142421"}],"wp:attachment":[{"href":"https:\/\/shop.rvcare.ca\/fr\/wp-json\/wp\/v2\/media?parent=142363"}],"wp:term":[{"taxonomy":"product_brand","embeddable":true,"href":"https:\/\/shop.rvcare.ca\/fr\/wp-json\/wp\/v2\/product_brand?post=142363"},{"taxonomy":"product_cat","embeddable":true,"href":"https:\/\/shop.rvcare.ca\/fr\/wp-json\/wp\/v2\/product_cat?post=142363"},{"taxonomy":"product_tag","embeddable":true,"href":"https:\/\/shop.rvcare.ca\/fr\/wp-json\/wp\/v2\/product_tag?post=142363"}],"curies":[{"name":"wp","href":"https:\/\/api.w.org\/{rel}","templated":true}]}}