{"id":142365,"date":"2025-08-13T08:32:16","date_gmt":"2025-08-13T12:32:16","guid":{"rendered":"https:\/\/shop.rvcare.ca\/product\/trimax-universal-coupler-lock-hardened-steel-ballistic-nylon\/"},"modified":"2026-04-10T11:43:10","modified_gmt":"2026-04-10T15:43:10","slug":"trimax-universal-coupler-lock-hardened-steel-ballistic-nylon","status":"publish","type":"product","link":"https:\/\/shop.rvcare.ca\/fr\/produit\/trimax-universal-coupler-lock-hardened-steel-ballistic-nylon\/","title":{"rendered":"Verrou de coupleur universel &#8211; Acier tremp\u00e9 et nylon balistique"},"content":{"rendered":"<p>TRIMAX Verrou de Coupler de Remorque ; Type \u00e0 boule d&rsquo;attelage et collier ; Convient \u00e0 tous les couplers ; Acier durci solide<\/p>\n<p>Assurez la s\u00e9curit\u00e9 de votre remorque, RV ou bateau avec le verrou de coupler TRIMAX, con\u00e7u pour offrir une s\u00e9curit\u00e9 in\u00e9gal\u00e9e pour tous les types de couplers. Reconnu pour produire les serrures les plus robustes au monde, TRIMAX combine ing\u00e9nierie innovante et mat\u00e9riaux de haute qualit\u00e9. Ce verrou de coupler prot\u00e8ge efficacement vos biens pr\u00e9cieux contre le vol tout en ayant \u00e9t\u00e9 rigoureusement test\u00e9 pour sa durabilit\u00e9 et sa r\u00e9sistance. Le design unique \u00e0 double fonction pr\u00e9sente une construction en acier durci solide de 360 degr\u00e9s, en faisant un gardien fiable contre les tentatives d&rsquo;effraction. Avec son bo\u00eetier en nylon de qualit\u00e9 balistique attrayant, ce verrou r\u00e9siste aux intemp\u00e9ries et absorbe les coups de marteau, garantissant des performances durables dans diverses conditions. Comptez sur TRIMAX pour une s\u00e9curit\u00e9 maximale dans les applications maritimes, de remorque, de traction, de RV, de camions de performance, de sports motoris\u00e9s, et de bicyclettes. Test\u00e9 pour r\u00e9sister aux d\u00e9fis les plus difficiles, ce verrou est un outil essentiel pour vos besoins de s\u00e9curit\u00e9.<\/p>\n<p>Caract\u00e9ristiques cl\u00e9s :<\/p>\n<ul>\n<li>Construction en acier durci solide universelle de 360 degr\u00e9s<\/li>\n<li>Verrou de coupler \u00e0 double fonction avec un couvercle de trou de serrure qui se d\u00e9place pour bloquer la salet\u00e9<\/li>\n<li>Bo\u00eetier en nylon de qualit\u00e9 balistique attrayant qui absorbe les coups de marteau et prot\u00e8ge contre les intemp\u00e9ries<\/li>\n<li>Cl\u00e9 de type A avec un design de s\u00e9curit\u00e9 haute de 7 broches \u00e0 ressort qui r\u00e9siste aux tentatives de per\u00e7age<\/li>\n<li>Cl\u00e9 robuste et durable qui ne se plie pas et ne se casse pas<\/li>\n<li>Installation facile pour un usage rapide<\/li>\n<\/ul>\n<p>Ne faites pas de compromis sur la s\u00e9curit\u00e9\u2014\u00e9quipez votre remorque ou RV avec le verrou de coupler TRIMAX aujourd&rsquo;hui et profitez de la tranquillit\u00e9 d&rsquo;esprit qu&rsquo;offre une protection de haut niveau !<\/p>\n","protected":false},"excerpt":{"rendered":"<ul>\n<li>Here\u2019s the concise French Canadian translation:<\/li>\n<li><\/li>\n<li>Compatibilit\u00e9 : Coupleurs de 1-7\/8 po \/ 2 po \/ 2-5\/16 po  <\/li>\n<li>Style : Boule et pince  <\/li>\n<li>Taille de la goupille (po) : 5\/8 po  <\/li>\n<li>Universalit\u00e9 : Enti\u00e8rement universel  <\/li>\n<li>Couleur : Noir \/ Argent  <\/li>\n<li>Mat\u00e9riau : Acier  <\/li>\n<li>Quantit\u00e9 : Unitaire<\/li>\n<\/ul>\n","protected":false},"featured_media":142261,"comment_status":"open","ping_status":"closed","template":"","meta":{"_glsr_average":0,"_glsr_ranking":0,"_glsr_reviews":0,"keywords_product":"trailer coupler lock, RV security lock, coupler lock, hardened steel lock, theft protection, verrou de coupler de remorque, serrure de s\u00e9curit\u00e9 RV, verrou durci, protection contre le vol, serrure de remorque","featured_product":"","product_importance":"","wds_primary_product_brand":0,"wds_primary_product_cat":0,"wds_primary_fb_product_set":0},"product_brand":[1824],"product_cat":[1755,1756],"product_tag":[1461,1815],"class_list":{"0":"post-142365","1":"product","2":"type-product","3":"status-publish","4":"has-post-thumbnail","6":"product_brand-trimax","7":"product_cat-rv-safety-security","8":"product_cat-locks-accessories","9":"product_tag-ntp","10":"product_tag-trimax","12":"first","13":"instock","14":"taxable","15":"shipping-taxable","16":"purchasable","17":"product-type-simple"},"bundled_by":[],"bundle_stock_status":"instock","bundle_stock_quantity":681,"bundle_virtual":false,"bundle_layout":"","bundle_add_to_cart_form_location":"","bundle_editable_in_cart":false,"bundle_sold_individually_context":"","bundle_item_grouping":"","bundle_min_size":"","bundle_max_size":"","bundle_price":[],"bundled_items":[],"bundle_sell_ids":[],"_links":{"self":[{"href":"https:\/\/shop.rvcare.ca\/fr\/wp-json\/wp\/v2\/product\/142365","targetHints":{"allow":["GET"]}}],"collection":[{"href":"https:\/\/shop.rvcare.ca\/fr\/wp-json\/wp\/v2\/product"}],"about":[{"href":"https:\/\/shop.rvcare.ca\/fr\/wp-json\/wp\/v2\/types\/product"}],"replies":[{"embeddable":true,"href":"https:\/\/shop.rvcare.ca\/fr\/wp-json\/wp\/v2\/comments?post=142365"}],"version-history":[{"count":4,"href":"https:\/\/shop.rvcare.ca\/fr\/wp-json\/wp\/v2\/product\/142365\/revisions"}],"predecessor-version":[{"id":157714,"href":"https:\/\/shop.rvcare.ca\/fr\/wp-json\/wp\/v2\/product\/142365\/revisions\/157714"}],"wp:featuredmedia":[{"embeddable":true,"href":"https:\/\/shop.rvcare.ca\/fr\/wp-json\/wp\/v2\/media\/142261"}],"wp:attachment":[{"href":"https:\/\/shop.rvcare.ca\/fr\/wp-json\/wp\/v2\/media?parent=142365"}],"wp:term":[{"taxonomy":"product_brand","embeddable":true,"href":"https:\/\/shop.rvcare.ca\/fr\/wp-json\/wp\/v2\/product_brand?post=142365"},{"taxonomy":"product_cat","embeddable":true,"href":"https:\/\/shop.rvcare.ca\/fr\/wp-json\/wp\/v2\/product_cat?post=142365"},{"taxonomy":"product_tag","embeddable":true,"href":"https:\/\/shop.rvcare.ca\/fr\/wp-json\/wp\/v2\/product_tag?post=142365"}],"curies":[{"name":"wp","href":"https:\/\/api.w.org\/{rel}","templated":true}]}}