{"id":142367,"date":"2025-08-13T08:32:13","date_gmt":"2025-08-13T12:32:13","guid":{"rendered":"https:\/\/shop.rvcare.ca\/product\/milenco-universal-clip-on-towing-mirror-vibration-free-single\/"},"modified":"2026-04-10T11:43:12","modified_gmt":"2026-04-10T15:43:12","slug":"milenco-universal-clip-on-towing-mirror-vibration-free-single","status":"publish","type":"product","link":"https:\/\/shop.rvcare.ca\/fr\/produit\/milenco-universal-clip-on-towing-mirror-vibration-free-single\/","title":{"rendered":"Miroir de remorquage universel \u00e0 pince &#8211; Anti-vibration (Individuel)"},"content":{"rendered":"<p>Miroir de Remorque Ext\u00e9rieur &#8211; Clip-On<\/p>\n<p>Am\u00e9liorez votre exp\u00e9rience de remorquage avec le Miroir de Remorque Ext\u00e9rieur MILENCO &#8211; Clip-On, con\u00e7u pour une visibilit\u00e9 et une stabilit\u00e9 optimales. En tant que leader mondial des miroirs de remorque de haute qualit\u00e9, MILENCO a con\u00e7u ce mod\u00e8le clip-on pour assurer un ajustement parfait et une s\u00e9curit\u00e9 maximale en conduite. Construit avec une technologie avanc\u00e9e, notre miroir de remorque minimise les vibrations et les secousses, vous permettant de garder un \u0153il stable sur votre remorque ou votre v\u00e9hicule tract\u00e9, que vous soyez en voyage long ou court. Les fixations \u00e0 pince universelles rendent l&rsquo;installation facile, tandis que la t\u00eate et le bras enti\u00e8rement r\u00e9glables s&rsquo;adaptent facilement \u00e0 tous les conducteurs pour un confort et une commodit\u00e9 personnalis\u00e9s.<\/p>\n<p>Caract\u00e9ristiques cl\u00e9s :<\/p>\n<ul>\n<li>Con\u00e7u pour emp\u00eacher les vibrations ou le mouvement de secousse pendant l&rsquo;utilisation<\/li>\n<li>Design a\u00e9rodynamique d\u00e9velopp\u00e9 en soufflerie pour plus de stabilit\u00e9<\/li>\n<li>Gardez facilement un \u0153il sur votre remorque ou v\u00e9hicule tract\u00e9<\/li>\n<li>Fixations \u00e0 pince universelles garantissant un ajustement parfait<\/li>\n<li>T\u00eate et bras enti\u00e8rement r\u00e9glables pour s\u2019adapter \u00e0 tous les conducteurs<\/li>\n<\/ul>\n<p>\u00c9levez votre exp\u00e9rience de remorquage avec le Miroir de Remorque Ext\u00e9rieur MILENCO. Achetez maintenant et profitez de voyages plus s\u00fbrs et plus confiants !<\/p>\n","protected":false},"excerpt":{"rendered":"<ul>\n<li>Style : Ajout au miroir original<\/li>\n<li>Type de r\u00e9glage : Manuel<\/li>\n<li>Forme : Ovale<\/li>\n<li>Diam\u00e8tre (PO) : Non applicable<\/li>\n<li>Couleur\/ Fini : Noir<\/li>\n<li>Indicateur de clignotant : Non<\/li>\n<li>Chauffant : Non<\/li>\n<li>Largeur \u00e9tendue : Non extensible<\/li>\n<li>Pliable : Non<\/li>\n<li>Avec lumi\u00e8re de signalisation int\u00e9gr\u00e9e : Non<\/li>\n<li>Quantit\u00e9 : Ensemble de 2<\/li>\n<\/ul>\n","protected":false},"featured_media":142091,"comment_status":"open","ping_status":"closed","template":"","meta":{"_glsr_average":0,"_glsr_ranking":0,"_glsr_reviews":0,"keywords_product":"exterior towing mirror, clip-on towing mirror, universal towing mirror, towing accessories, trailer visibility, miroir de remorque ext\u00e9rieur, miroir clip-on, miroir de remorquage, accessoires de remorque, visibilit\u00e9 de remorque","featured_product":"","product_importance":"1","wds_primary_product_brand":0,"wds_primary_product_cat":0,"wds_primary_fb_product_set":0},"product_brand":[1906],"product_cat":[1872,1876,1871,1763],"product_tag":[1833,1462],"class_list":{"0":"post-142367","1":"product","2":"type-product","3":"status-publish","4":"has-post-thumbnail","6":"product_brand-milenco-fr","7":"product_cat-accessoires-attelage-remorquage","8":"product_cat-cameras-fr","9":"product_cat-remorquage-nivellement","10":"product_cat-securite-et-protection-pour-vr","11":"product_tag-milenco-fr","12":"product_tag-ntp-fr","14":"first","15":"instock","16":"taxable","17":"shipping-taxable","18":"purchasable","19":"product-type-simple"},"bundled_by":[],"bundle_stock_status":"instock","bundle_stock_quantity":88,"bundle_virtual":false,"bundle_layout":"","bundle_add_to_cart_form_location":"","bundle_editable_in_cart":false,"bundle_sold_individually_context":"","bundle_item_grouping":"","bundle_min_size":"","bundle_max_size":"","bundle_price":[],"bundled_items":[],"bundle_sell_ids":[],"_links":{"self":[{"href":"https:\/\/shop.rvcare.ca\/fr\/wp-json\/wp\/v2\/product\/142367","targetHints":{"allow":["GET"]}}],"collection":[{"href":"https:\/\/shop.rvcare.ca\/fr\/wp-json\/wp\/v2\/product"}],"about":[{"href":"https:\/\/shop.rvcare.ca\/fr\/wp-json\/wp\/v2\/types\/product"}],"replies":[{"embeddable":true,"href":"https:\/\/shop.rvcare.ca\/fr\/wp-json\/wp\/v2\/comments?post=142367"}],"version-history":[{"count":3,"href":"https:\/\/shop.rvcare.ca\/fr\/wp-json\/wp\/v2\/product\/142367\/revisions"}],"predecessor-version":[{"id":157716,"href":"https:\/\/shop.rvcare.ca\/fr\/wp-json\/wp\/v2\/product\/142367\/revisions\/157716"}],"wp:featuredmedia":[{"embeddable":true,"href":"https:\/\/shop.rvcare.ca\/fr\/wp-json\/wp\/v2\/media\/142091"}],"wp:attachment":[{"href":"https:\/\/shop.rvcare.ca\/fr\/wp-json\/wp\/v2\/media?parent=142367"}],"wp:term":[{"taxonomy":"product_brand","embeddable":true,"href":"https:\/\/shop.rvcare.ca\/fr\/wp-json\/wp\/v2\/product_brand?post=142367"},{"taxonomy":"product_cat","embeddable":true,"href":"https:\/\/shop.rvcare.ca\/fr\/wp-json\/wp\/v2\/product_cat?post=142367"},{"taxonomy":"product_tag","embeddable":true,"href":"https:\/\/shop.rvcare.ca\/fr\/wp-json\/wp\/v2\/product_tag?post=142367"}],"curies":[{"name":"wp","href":"https:\/\/api.w.org\/{rel}","templated":true}]}}