{"id":142373,"date":"2025-08-13T08:32:05","date_gmt":"2025-08-13T12:32:05","guid":{"rendered":"https:\/\/shop.rvcare.ca\/product\/adco-double-axle-vinyl-tire-cover-polar-white\/"},"modified":"2026-04-10T11:43:15","modified_gmt":"2026-04-10T15:43:15","slug":"adco-double-axle-vinyl-tire-cover-polar-white","status":"publish","type":"product","link":"https:\/\/shop.rvcare.ca\/fr\/produit\/adco-double-axle-vinyl-tire-cover-polar-white\/","title":{"rendered":"Housse de pneu en vinyle pour essieu double Blanc Polaire &#8211; ADCO"},"content":{"rendered":"<p>ADCO Housse de Double Pneus en Vinyle &#8211; Blanc Polaire<\/p>\n<p>Prot\u00e9gez les pneus de votre v\u00e9hicule ou de votre VR avec la housse de double pneus en vinyle ADCO en blanc polaire. Lors de stationnements prolong\u00e9s, il est crucial de prot\u00e9ger vos pneus des rayons UV nocifs et d&rsquo;autres \u00e9l\u00e9ments environnementaux. Des pneus non prot\u00e9g\u00e9s peuvent subir des dommages au fil du temps, mais nos protecteurs de pneus faciles \u00e0 utiliser offrent une solution rapide. Les ADCO Double Axle Ultra Tyre Gards sont con\u00e7us pour prot\u00e9ger vos pneus et jantes de l&rsquo;eau, de la salet\u00e9 et des UV. Fabriqu\u00e9es en vinyle robuste et r\u00e9sistant \u00e0 l&rsquo;eau \u00e0 l&rsquo;ext\u00e9rieur, chaque housse dispose d&rsquo;une luxueuse doublure en flanelle douce qui prend soin de vos jantes. L&rsquo;installation est un jeu d&rsquo;enfant gr\u00e2ce au cordon \u00e0 bou\u00e9e qui maintient les housses bien en place autour de vos roues tout en \u00e9vitant le soul\u00e8vement par le vent. Avec la capacit\u00e9 de prot\u00e9ger plusieurs pneus simultan\u00e9ment, ces housses \u00e0 double essieu sont indispensables pour le stationnement \u00e0 long terme et la sant\u00e9 des pneus.<\/p>\n<p>Caract\u00e9ristiques cl\u00e9s :<\/p>\n<ul>\n<li>Vinyle durable renforc\u00e9 avec flanelle<\/li>\n<li>Repousse les liquides au contact pour garder vos pneus secs<\/li>\n<li>Prot\u00e8ge les pneus de votre v\u00e9hicule contre les crevaisons et les dommages environnementaux<\/li>\n<li>\u00c9limine le craqu\u00e8lement pr\u00e9matur\u00e9 des flancs caus\u00e9 par les rayons UV nuisibles<\/li>\n<li>\u0152illets renforc\u00e9s pour une durabilit\u00e9 accrue<\/li>\n<li>Couture \u00e0 double aiguille et coutures superpos\u00e9es pour une utilisation prolong\u00e9e<\/li>\n<li>Syst\u00e8me de verrouillage \u00e0 bou\u00e9e pour un ajustement personnalis\u00e9 et emp\u00eache la perte par le vent<\/li>\n<\/ul>\n<p>Ne laissez pas vos pneus sans protection\u2014investissez dans la housse de double pneus ADCO aujourd&rsquo;hui et assurez leur long\u00e9vit\u00e9 contre les \u00e9l\u00e9ments!<\/p>\n","protected":false},"excerpt":{"rendered":"<ul>\n<li>Style de couverture : Couverture double pour pneus<\/li>\n<li>Taille des pneus (PO) : 30 \u00e0 32 pouces<\/li>\n<li>Type de montage : \u00c0 enfiler<\/li>\n<li>Couleur : Blanc polaire<\/li>\n<li>Mat\u00e9riau : Vinyle<\/li>\n<li>Quantit\u00e9 : Simple<\/li>\n<li>Marin : Oui<\/li>\n<\/ul>\n","protected":false},"featured_media":142263,"comment_status":"open","ping_status":"closed","template":"","meta":{"_glsr_average":0,"_glsr_ranking":0,"_glsr_reviews":0,"keywords_product":"adco tire cover, rv tire protection, double tire cover, heavy-duty tire covers, uv tire shield, housse de pneus adco, protection des pneus vr, housse de pneus double, couverture de pneus robuste, protection uv pneus","featured_product":"","product_importance":"1","wds_primary_product_brand":0,"wds_primary_product_cat":0,"wds_primary_fb_product_set":0},"product_brand":[1820],"product_cat":[60,1321,1549],"product_tag":[1835,1462],"class_list":{"0":"post-142373","1":"product","2":"type-product","3":"status-publish","4":"has-post-thumbnail","6":"product_brand-adco","7":"product_cat-maintenance-cleaning-supplies","8":"product_cat-winterization","9":"product_cat-protectants-cares","10":"product_tag-adco-fr","11":"product_tag-ntp-fr","13":"first","14":"instock","15":"taxable","16":"shipping-taxable","17":"purchasable","18":"product-type-simple"},"bundled_by":[],"bundle_stock_status":"instock","bundle_stock_quantity":134,"bundle_virtual":false,"bundle_layout":"","bundle_add_to_cart_form_location":"","bundle_editable_in_cart":false,"bundle_sold_individually_context":"","bundle_item_grouping":"","bundle_min_size":"","bundle_max_size":"","bundle_price":[],"bundled_items":[],"bundle_sell_ids":[],"_links":{"self":[{"href":"https:\/\/shop.rvcare.ca\/fr\/wp-json\/wp\/v2\/product\/142373","targetHints":{"allow":["GET"]}}],"collection":[{"href":"https:\/\/shop.rvcare.ca\/fr\/wp-json\/wp\/v2\/product"}],"about":[{"href":"https:\/\/shop.rvcare.ca\/fr\/wp-json\/wp\/v2\/types\/product"}],"replies":[{"embeddable":true,"href":"https:\/\/shop.rvcare.ca\/fr\/wp-json\/wp\/v2\/comments?post=142373"}],"version-history":[{"count":4,"href":"https:\/\/shop.rvcare.ca\/fr\/wp-json\/wp\/v2\/product\/142373\/revisions"}],"predecessor-version":[{"id":157719,"href":"https:\/\/shop.rvcare.ca\/fr\/wp-json\/wp\/v2\/product\/142373\/revisions\/157719"}],"wp:featuredmedia":[{"embeddable":true,"href":"https:\/\/shop.rvcare.ca\/fr\/wp-json\/wp\/v2\/media\/142263"}],"wp:attachment":[{"href":"https:\/\/shop.rvcare.ca\/fr\/wp-json\/wp\/v2\/media?parent=142373"}],"wp:term":[{"taxonomy":"product_brand","embeddable":true,"href":"https:\/\/shop.rvcare.ca\/fr\/wp-json\/wp\/v2\/product_brand?post=142373"},{"taxonomy":"product_cat","embeddable":true,"href":"https:\/\/shop.rvcare.ca\/fr\/wp-json\/wp\/v2\/product_cat?post=142373"},{"taxonomy":"product_tag","embeddable":true,"href":"https:\/\/shop.rvcare.ca\/fr\/wp-json\/wp\/v2\/product_tag?post=142373"}],"curies":[{"name":"wp","href":"https:\/\/api.w.org\/{rel}","templated":true}]}}