{"id":142374,"date":"2025-08-13T08:32:04","date_gmt":"2025-08-13T12:32:04","guid":{"rendered":"https:\/\/shop.rvcare.ca\/product\/genesis-products-rv-wall-overlay-kit-sketch-linen\/"},"modified":"2026-05-06T05:04:57","modified_gmt":"2026-05-06T09:04:57","slug":"genesis-products-rv-wall-overlay-kit-sketch-linen","status":"publish","type":"product","link":"https:\/\/shop.rvcare.ca\/fr\/produit\/genesis-products-rv-wall-overlay-kit-sketch-linen\/","title":{"rendered":"Genesis Products RV Wall Overlay Kit &#8211; Sketch Linen"},"content":{"rendered":"<p>RV Interior Remodel Revive Wall Overlay Kit &#8211; Sketch Linen Design<\/p>\n<p>Transform the heart of your RV with the RV Interior Remodel Revive Wall Overlay Kit in the stylish Sketch Linen design. Over time, walls and wood surfaces can show significant signs of wear and tear, heavily influencing the overall aesthetic of your RV&rsquo;s interior. Our Revive Wallboard, Ceiling, and Cabinet Kits offer a simple and effective solution to revitalize your living space without the headache of ripping out existing surfaces or dealing with messy paint jobs. Easy to apply and designed to impress, this kit allows you to breathe new life into your RV and fall in love with your travel home all over again.<\/p>\n<p>Key Features:<\/p>\n<ul>\n<li>Durable Vinyl Construction \u2013 Designed to withstand the rigors of RV life<\/li>\n<li>On-Trend Design \u2013 Refresh your space with the chic Sketch Linen look<\/li>\n<li>Saves Time and Money \u2013 Avoid the hassle and expense of traditional tear-out replacements<\/li>\n<li>Ideal Alternative \u2013 Revive Kits are a great choice for upgrading wallboards or wood surfaces without the mess of painting<\/li>\n<\/ul>\n<p>Don&rsquo;t wait to enhance your RV\u2019s interior aesthetics with this innovative and stylish solution. Order your RV Interior Remodel Revive Wall Overlay Kit today and experience the joy of a beautifully refreshed space!<\/p>\n","protected":false},"excerpt":{"rendered":"<ul>\n<li>Type: Wall Overlay\n<\/li>\n<li>Design: Sketch Linen Design\n<\/li>\n<li>Size: 50 Feet Roll\n<\/li>\n<li>Material: Vinyl\n<\/li>\n<li>Universality: Semi-Universal\n<\/li>\n<li>Includes: With Microfiber Cloth And Putty Knife<\/li>\n<\/ul>\n","protected":false},"featured_media":142131,"comment_status":"open","ping_status":"closed","template":"","meta":{"_glsr_average":0,"_glsr_ranking":0,"_glsr_reviews":0,"keywords_product":"rv wall overlay kit, interior remodel kit, sketch linen design, rv makeover, wallboard renovation, kit de rev\u00eatement de mur, r\u00e9novation int\u00e9rieure vr, design sketch linen, kit de r\u00e9novation, modernisation murale","featured_product":"","product_importance":"","wds_primary_product_brand":0,"wds_primary_product_cat":0},"product_brand":[1903],"product_cat":[241,1468],"product_tag":[1830,1462],"class_list":{"0":"post-142374","1":"product","2":"type-product","3":"status-publish","4":"has-post-thumbnail","6":"product_brand-genesis-prod-fr","7":"product_cat-entretien-nettoyage","8":"product_cat-reparation-de-vr","9":"product_tag-genesis-prod-fr","10":"product_tag-ntp-fr","12":"first","13":"instock","14":"taxable","15":"shipping-taxable","16":"purchasable","17":"product-type-simple"},"bundled_by":[],"bundle_stock_status":"instock","bundle_stock_quantity":34,"bundle_virtual":false,"bundle_layout":"","bundle_add_to_cart_form_location":"","bundle_editable_in_cart":false,"bundle_sold_individually_context":"","bundle_item_grouping":"","bundle_min_size":"","bundle_max_size":"","bundle_price":[],"bundled_items":[],"bundle_sell_ids":[],"_links":{"self":[{"href":"https:\/\/shop.rvcare.ca\/fr\/wp-json\/wp\/v2\/product\/142374","targetHints":{"allow":["GET"]}}],"collection":[{"href":"https:\/\/shop.rvcare.ca\/fr\/wp-json\/wp\/v2\/product"}],"about":[{"href":"https:\/\/shop.rvcare.ca\/fr\/wp-json\/wp\/v2\/types\/product"}],"replies":[{"embeddable":true,"href":"https:\/\/shop.rvcare.ca\/fr\/wp-json\/wp\/v2\/comments?post=142374"}],"version-history":[{"count":5,"href":"https:\/\/shop.rvcare.ca\/fr\/wp-json\/wp\/v2\/product\/142374\/revisions"}],"predecessor-version":[{"id":159403,"href":"https:\/\/shop.rvcare.ca\/fr\/wp-json\/wp\/v2\/product\/142374\/revisions\/159403"}],"wp:featuredmedia":[{"embeddable":true,"href":"https:\/\/shop.rvcare.ca\/fr\/wp-json\/wp\/v2\/media\/142131"}],"wp:attachment":[{"href":"https:\/\/shop.rvcare.ca\/fr\/wp-json\/wp\/v2\/media?parent=142374"}],"wp:term":[{"taxonomy":"product_brand","embeddable":true,"href":"https:\/\/shop.rvcare.ca\/fr\/wp-json\/wp\/v2\/product_brand?post=142374"},{"taxonomy":"product_cat","embeddable":true,"href":"https:\/\/shop.rvcare.ca\/fr\/wp-json\/wp\/v2\/product_cat?post=142374"},{"taxonomy":"product_tag","embeddable":true,"href":"https:\/\/shop.rvcare.ca\/fr\/wp-json\/wp\/v2\/product_tag?post=142374"}],"curies":[{"name":"wp","href":"https:\/\/api.w.org\/{rel}","templated":true}]}}