{"id":142378,"date":"2025-08-13T08:32:01","date_gmt":"2025-08-13T12:32:01","guid":{"rendered":"https:\/\/shop.rvcare.ca\/product\/genesis-revive-rv-wall-overlay-kit-crisp-linen\/"},"modified":"2026-04-10T11:43:17","modified_gmt":"2026-04-10T15:43:17","slug":"genesis-revive-rv-wall-overlay-kit-crisp-linen","status":"publish","type":"product","link":"https:\/\/shop.rvcare.ca\/fr\/produit\/genesis-revive-rv-wall-overlay-kit-crisp-linen\/","title":{"rendered":"Kit de rev\u00eatement mural pour VR Design Lin Frais &#8211; Genesis Revive"},"content":{"rendered":"<p>Kits de Rev\u00eatement Mural Revive pour R\u00e9novation Int\u00e9rieure de VR &#8211; Design Lin Frais<br \/>Transformez l&rsquo;int\u00e9rieur de votre VR sans effort gr\u00e2ce au Kit de Rev\u00eatement Mural Revive, arborant un \u00e9l\u00e9gant design Lin Frais. Avec le temps, les murs et surfaces en bois subissent une usure importante, devenant ternes et peu inspirants. Cette solution innovante de GENESIS PROD vous permet de renouveler votre d\u00e9coration int\u00e9rieure sans les inconv\u00e9nients des r\u00e9novations traditionnelles. Les Kits Revive pour murs, plafonds et armoires offrent une mani\u00e8re simple et \u00e9conomique pour les passionn\u00e9s de VR de revitaliser leur espace de vie, \u00e9liminant ainsi le besoin de travaux de peinture d\u00e9sordonn\u00e9s ou de projets stressants de remplacement.<\/p>\n<p>Am\u00e9liorez rapidement et efficacement l&rsquo;ambiance de votre VR tout en profitant d&rsquo;un look moderne et styl\u00e9 qui refl\u00e8te vos go\u00fbts uniques. Avec ce kit, vous tomberez de nouveau amoureux de votre VR, cr\u00e9ant une atmosph\u00e8re chaleureuse et accueillante que vous et vos invit\u00e9s adorerez.<\/p>\n<p>Caract\u00e9ristiques cl\u00e9s :<\/p>\n<ul>\n<li>Construction en vinyle durable \u2013 Con\u00e7u pour r\u00e9sister aux rigueurs de la vie en VR.<\/li>\n<li>Design tendance \u2013 Retombez facilement amoureux de votre VR.<\/li>\n<li>\u00c9conomise temps et argent \u2013 \u00c9vitez les co\u00fbts et le temps des travaux de remplacement.<\/li>\n<li>Les Kits Revive sont une alternative id\u00e9ale \u00e0 la peinture des panneaux muraux ou des surfaces en bois de l&rsquo;unit\u00e9.<\/li>\n<\/ul>\n<p>Ne retardez pas la transformation de l&rsquo;int\u00e9rieur de votre VR\u2014revitalisez votre espace aujourd&rsquo;hui avec le Kit de Rev\u00eatement Mural Revive et d\u00e9couvrez la joie d&rsquo;un environnement rafra\u00eechi sur la route !<\/p>\n","protected":false},"excerpt":{"rendered":"<ul>\n<li>Type : Rev\u00eatement mural<\/li>\n<li>Design : Design lin frais<\/li>\n<li>Taille : Rouleau de 50 pieds<\/li>\n<li>Mat\u00e9riau : Vinyle<\/li>\n<li>Universalit\u00e9 : Semi-universel<\/li>\n<li>Inclus : Avec chiffon en microfibre et couteau \u00e0 mastic<\/li>\n<\/ul>\n","protected":false},"featured_media":142425,"comment_status":"open","ping_status":"closed","template":"","meta":{"_glsr_average":0,"_glsr_ranking":0,"_glsr_reviews":0,"keywords_product":"rv interior remodel, wall overlay kit, crisp linen design, rv wall renovation, rv decor refresh, r\u00e9novation int\u00e9rieure vr, kit de rev\u00eatement mural, design lin frais, r\u00e9novation de vr, d\u00e9coration pour vr","featured_product":"","product_importance":"1","wds_primary_product_brand":0,"wds_primary_product_cat":0},"product_brand":[1903],"product_cat":[241,1468],"product_tag":[1830,1462],"class_list":{"0":"post-142378","1":"product","2":"type-product","3":"status-publish","4":"has-post-thumbnail","6":"product_brand-genesis-prod-fr","7":"product_cat-entretien-nettoyage","8":"product_cat-reparation-de-vr","9":"product_tag-genesis-prod-fr","10":"product_tag-ntp-fr","12":"first","13":"instock","14":"taxable","15":"shipping-taxable","16":"purchasable","17":"product-type-simple"},"bundled_by":[],"bundle_stock_status":"instock","bundle_stock_quantity":15,"bundle_virtual":false,"bundle_layout":"","bundle_add_to_cart_form_location":"","bundle_editable_in_cart":false,"bundle_sold_individually_context":"","bundle_item_grouping":"","bundle_min_size":"","bundle_max_size":"","bundle_price":[],"bundled_items":[],"bundle_sell_ids":[],"_links":{"self":[{"href":"https:\/\/shop.rvcare.ca\/fr\/wp-json\/wp\/v2\/product\/142378","targetHints":{"allow":["GET"]}}],"collection":[{"href":"https:\/\/shop.rvcare.ca\/fr\/wp-json\/wp\/v2\/product"}],"about":[{"href":"https:\/\/shop.rvcare.ca\/fr\/wp-json\/wp\/v2\/types\/product"}],"replies":[{"embeddable":true,"href":"https:\/\/shop.rvcare.ca\/fr\/wp-json\/wp\/v2\/comments?post=142378"}],"version-history":[{"count":3,"href":"https:\/\/shop.rvcare.ca\/fr\/wp-json\/wp\/v2\/product\/142378\/revisions"}],"predecessor-version":[{"id":157721,"href":"https:\/\/shop.rvcare.ca\/fr\/wp-json\/wp\/v2\/product\/142378\/revisions\/157721"}],"wp:featuredmedia":[{"embeddable":true,"href":"https:\/\/shop.rvcare.ca\/fr\/wp-json\/wp\/v2\/media\/142425"}],"wp:attachment":[{"href":"https:\/\/shop.rvcare.ca\/fr\/wp-json\/wp\/v2\/media?parent=142378"}],"wp:term":[{"taxonomy":"product_brand","embeddable":true,"href":"https:\/\/shop.rvcare.ca\/fr\/wp-json\/wp\/v2\/product_brand?post=142378"},{"taxonomy":"product_cat","embeddable":true,"href":"https:\/\/shop.rvcare.ca\/fr\/wp-json\/wp\/v2\/product_cat?post=142378"},{"taxonomy":"product_tag","embeddable":true,"href":"https:\/\/shop.rvcare.ca\/fr\/wp-json\/wp\/v2\/product_tag?post=142378"}],"curies":[{"name":"wp","href":"https:\/\/api.w.org\/{rel}","templated":true}]}}